{"id":11108,"date":"2024-11-30T04:25:56","date_gmt":"2024-11-30T03:25:56","guid":{"rendered":"https:\/\/www.myaromaking.ch\/?page_id=11108"},"modified":"2024-11-30T04:25:58","modified_gmt":"2024-11-30T03:25:58","slug":"versand-retoure","status":"publish","type":"page","link":"https:\/\/www.myaromaking.ch\/de\/versand-retoure\/","title":{"rendered":"Versand &amp; Retoure"},"content":{"rendered":"\n<h2 class=\"wp-block-heading\">Versandinformationen<\/h2>\n\n\n\n<p>Soweit an Lager werden die Produkte innerhalb von einem Arbeitstag (bei Bestellung bis sp\u00e4testens 17:00) an die vom Kunden angegebene Adresse geliefert. Die Lieferung erfolgt ausschliesslich innerhalb der Schweiz oder Liechtenstein und wird durch die Post CH AG ausgef\u00fchrt.<\/p>\n\n\n\n<h2 class=\"wp-block-heading\">R\u00fcckgabebedingungen<\/h2>\n\n\n\n<p>Der Kunde hat im Online-Handel normalerweise das Recht, innerhalb einer Frist von 14 Werktagen den Vertragsabschluss ohne Angabe von Gr\u00fcnden zu widerrufen und die Ware zur\u00fcckzusenden. Dieses Widerrufsrecht gilt aber nicht bei Vapes, da diese Produkte als verg\u00e4ngliche Ware mit limitierter Haltbarkeit gelten.<\/p>\n\n\n\n<p>Solltest Du mit einem Produkt nicht zufrieden sein oder etwas stimmt mit der Qualit\u00e4t nicht, kannst Du via E-Mail an <a href=\"mailto:info@next-switzerland.ch\" target=\"_blank\" rel=\"noreferrer noopener nofollow\">info@next-switzerland.ch<\/a> Kontakt mit uns aufnehmen. Dein Fall wird von unserem Kundendienst individuell bearbeitet und es wird nach einer L\u00f6sung gesucht, welche f\u00fcr beide Parteien stimmt.<\/p>\n\n\n\n<h2 class=\"wp-block-heading\">Stornierung von Bestellungen<\/h2>\n\n\n\n<p>Leider kannst Du aus systemtechnischen Gr\u00fcnden Deine Bestellung nicht selbstst\u00e4ndig \u00e4ndern oder stornieren. Sollte Dir ein Fehler bei der Bestellung passiert sein, kontaktiere schnellst m\u00f6glich unseren Kundendienst via E-Mail an <a href=\"mailto:info@next-switzerland.ch\" target=\"_blank\" rel=\"noreferrer noopener nofollow\">info@next-switzerland.ch<\/a>. Die Bestellung kann nur ge\u00e4ndert oder storniert werden, so lange diese von unserem Lager noch nicht bearbeitet wurde.<\/p>\n","protected":false},"excerpt":{"rendered":"<p>Versandinformationen Soweit an Lager werden die Produkte innerhalb von einem Arbeitstag (bei Bestellung bis sp\u00e4testens 17:00) an die vom Kunden angegebene Adresse geliefert. Die Lieferung erfolgt ausschliesslich innerhalb der Schweiz oder Liechtenstein und wird durch die Post CH AG ausgef\u00fchrt. R\u00fcckgabebedingungen Der Kunde hat im Online-Handel normalerweise das Recht, innerhalb einer Frist von 14 Werktagen [&hellip;]<\/p>\n","protected":false},"author":2,"featured_media":0,"parent":0,"menu_order":0,"comment_status":"closed","ping_status":"closed","template":"","meta":{"_acf_changed":false,"footnotes":""},"class_list":["post-11108","page","type-page","status-publish","hentry"],"acf":[],"yoast_head":"<!-- This site is optimized with the Yoast SEO plugin v26.4 - https:\/\/yoast.com\/wordpress\/plugins\/seo\/ -->\n<title>Versand &amp; Retoure - Aroma King<\/title>\n<meta name=\"robots\" content=\"index, follow, max-snippet:-1, max-image-preview:large, max-video-preview:-1\" \/>\n<link rel=\"canonical\" href=\"https:\/\/www.myaromaking.ch\/de\/versand-retoure\/\" \/>\n<meta property=\"og:locale\" content=\"de_DE\" \/>\n<meta property=\"og:type\" content=\"article\" \/>\n<meta property=\"og:title\" content=\"Versand &amp; Retoure - Aroma King\" \/>\n<meta property=\"og:description\" content=\"Versandinformationen Soweit an Lager werden die Produkte innerhalb von einem Arbeitstag (bei Bestellung bis sp\u00e4testens 17:00) an die vom Kunden angegebene Adresse geliefert. Die Lieferung erfolgt ausschliesslich innerhalb der Schweiz oder Liechtenstein und wird durch die Post CH AG ausgef\u00fchrt. R\u00fcckgabebedingungen Der Kunde hat im Online-Handel normalerweise das Recht, innerhalb einer Frist von 14 Werktagen [&hellip;]\" \/>\n<meta property=\"og:url\" content=\"https:\/\/www.myaromaking.ch\/de\/versand-retoure\/\" \/>\n<meta property=\"og:site_name\" content=\"Aroma King\" \/>\n<meta property=\"article:modified_time\" content=\"2024-11-30T03:25:58+00:00\" \/>\n<meta name=\"twitter:card\" content=\"summary_large_image\" \/>\n<script type=\"application\/ld+json\" class=\"yoast-schema-graph\">{\"@context\":\"https:\/\/schema.org\",\"@graph\":[{\"@type\":\"WebPage\",\"@id\":\"https:\/\/www.myaromaking.ch\/de\/versand-retoure\/\",\"url\":\"https:\/\/www.myaromaking.ch\/de\/versand-retoure\/\",\"name\":\"Versand &amp; Retoure - Aroma King\",\"isPartOf\":{\"@id\":\"https:\/\/www.myaromaking.ch\/de\/#website\"},\"datePublished\":\"2024-11-30T03:25:56+00:00\",\"dateModified\":\"2024-11-30T03:25:58+00:00\",\"inLanguage\":\"de\",\"potentialAction\":[{\"@type\":\"ReadAction\",\"target\":[\"https:\/\/www.myaromaking.ch\/de\/versand-retoure\/\"]}]},{\"@type\":\"WebSite\",\"@id\":\"https:\/\/www.myaromaking.ch\/de\/#website\",\"url\":\"https:\/\/www.myaromaking.ch\/de\/\",\"name\":\"Aroma King\",\"description\":\"Die nachhaltige Alternative zu Wegwerf-Pods\",\"publisher\":{\"@id\":\"https:\/\/www.myaromaking.ch\/de\/#organization\"},\"potentialAction\":[{\"@type\":\"SearchAction\",\"target\":{\"@type\":\"EntryPoint\",\"urlTemplate\":\"https:\/\/www.myaromaking.ch\/de\/?s={search_term_string}\"},\"query-input\":{\"@type\":\"PropertyValueSpecification\",\"valueRequired\":true,\"valueName\":\"search_term_string\"}}],\"inLanguage\":\"de\"},{\"@type\":\"Organization\",\"@id\":\"https:\/\/www.myaromaking.ch\/de\/#organization\",\"name\":\"Aroma King\",\"url\":\"https:\/\/www.myaromaking.ch\/de\/\",\"logo\":{\"@type\":\"ImageObject\",\"inLanguage\":\"de\",\"@id\":\"https:\/\/www.myaromaking.ch\/de\/#\/schema\/logo\/image\/\",\"url\":\"https:\/\/www.myaromaking.ch\/wp-content\/uploads\/\/aromaking-logo-symbol.svg\",\"contentUrl\":\"https:\/\/www.myaromaking.ch\/wp-content\/uploads\/\/aromaking-logo-symbol.svg\",\"width\":126,\"height\":220,\"caption\":\"Aroma King\"},\"image\":{\"@id\":\"https:\/\/www.myaromaking.ch\/de\/#\/schema\/logo\/image\/\"}}]}<\/script>\n<!-- \/ Yoast SEO plugin. -->","yoast_head_json":{"title":"Versand &amp; Retoure - Aroma King","robots":{"index":"index","follow":"follow","max-snippet":"max-snippet:-1","max-image-preview":"max-image-preview:large","max-video-preview":"max-video-preview:-1"},"canonical":"https:\/\/www.myaromaking.ch\/de\/versand-retoure\/","og_locale":"de_DE","og_type":"article","og_title":"Versand &amp; Retoure - Aroma King","og_description":"Versandinformationen Soweit an Lager werden die Produkte innerhalb von einem Arbeitstag (bei Bestellung bis sp\u00e4testens 17:00) an die vom Kunden angegebene Adresse geliefert. Die Lieferung erfolgt ausschliesslich innerhalb der Schweiz oder Liechtenstein und wird durch die Post CH AG ausgef\u00fchrt. R\u00fcckgabebedingungen Der Kunde hat im Online-Handel normalerweise das Recht, innerhalb einer Frist von 14 Werktagen [&hellip;]","og_url":"https:\/\/www.myaromaking.ch\/de\/versand-retoure\/","og_site_name":"Aroma King","article_modified_time":"2024-11-30T03:25:58+00:00","twitter_card":"summary_large_image","schema":{"@context":"https:\/\/schema.org","@graph":[{"@type":"WebPage","@id":"https:\/\/www.myaromaking.ch\/de\/versand-retoure\/","url":"https:\/\/www.myaromaking.ch\/de\/versand-retoure\/","name":"Versand &amp; Retoure - Aroma King","isPartOf":{"@id":"https:\/\/www.myaromaking.ch\/de\/#website"},"datePublished":"2024-11-30T03:25:56+00:00","dateModified":"2024-11-30T03:25:58+00:00","inLanguage":"de","potentialAction":[{"@type":"ReadAction","target":["https:\/\/www.myaromaking.ch\/de\/versand-retoure\/"]}]},{"@type":"WebSite","@id":"https:\/\/www.myaromaking.ch\/de\/#website","url":"https:\/\/www.myaromaking.ch\/de\/","name":"Aroma King","description":"Die nachhaltige Alternative zu Wegwerf-Pods","publisher":{"@id":"https:\/\/www.myaromaking.ch\/de\/#organization"},"potentialAction":[{"@type":"SearchAction","target":{"@type":"EntryPoint","urlTemplate":"https:\/\/www.myaromaking.ch\/de\/?s={search_term_string}"},"query-input":{"@type":"PropertyValueSpecification","valueRequired":true,"valueName":"search_term_string"}}],"inLanguage":"de"},{"@type":"Organization","@id":"https:\/\/www.myaromaking.ch\/de\/#organization","name":"Aroma King","url":"https:\/\/www.myaromaking.ch\/de\/","logo":{"@type":"ImageObject","inLanguage":"de","@id":"https:\/\/www.myaromaking.ch\/de\/#\/schema\/logo\/image\/","url":"https:\/\/www.myaromaking.ch\/wp-content\/uploads\/\/aromaking-logo-symbol.svg","contentUrl":"https:\/\/www.myaromaking.ch\/wp-content\/uploads\/\/aromaking-logo-symbol.svg","width":126,"height":220,"caption":"Aroma King"},"image":{"@id":"https:\/\/www.myaromaking.ch\/de\/#\/schema\/logo\/image\/"}}]}},"_links":{"self":[{"href":"https:\/\/www.myaromaking.ch\/de\/wp-json\/wp\/v2\/pages\/11108","targetHints":{"allow":["GET"]}}],"collection":[{"href":"https:\/\/www.myaromaking.ch\/de\/wp-json\/wp\/v2\/pages"}],"about":[{"href":"https:\/\/www.myaromaking.ch\/de\/wp-json\/wp\/v2\/types\/page"}],"author":[{"embeddable":true,"href":"https:\/\/www.myaromaking.ch\/de\/wp-json\/wp\/v2\/users\/2"}],"replies":[{"embeddable":true,"href":"https:\/\/www.myaromaking.ch\/de\/wp-json\/wp\/v2\/comments?post=11108"}],"version-history":[{"count":0,"href":"https:\/\/www.myaromaking.ch\/de\/wp-json\/wp\/v2\/pages\/11108\/revisions"}],"wp:attachment":[{"href":"https:\/\/www.myaromaking.ch\/de\/wp-json\/wp\/v2\/media?parent=11108"}],"curies":[{"name":"wp","href":"https:\/\/api.w.org\/{rel}","templated":true}]}}