{"id":793,"date":"2024-01-26T19:22:03","date_gmt":"2024-01-26T18:22:03","guid":{"rendered":"https:\/\/www.myaromaking.ch\/?page_id=793"},"modified":"2024-01-26T19:38:28","modified_gmt":"2024-01-26T18:38:28","slug":"impressum","status":"publish","type":"page","link":"https:\/\/www.myaromaking.ch\/de\/impressum\/","title":{"rendered":"Impressum"},"content":{"rendered":"\n<p>Next Tr\u00f6ber AG<br>St. Jakobs-Strasse 191, 4052 Basel<\/p>\n\n\n\n<p>Vertreten durch den Gesch\u00e4ftsf\u00fchrer Patrick&nbsp;Fiechter<\/p>\n\n\n\n<p>Telefon: +41 61 272 40 30<br>Email: <a href=\"mailto:info@next-switzerland.ch\" target=\"_blank\" rel=\"noreferrer noopener nofollow\">info@next-switzerland.ch<\/a><\/p>\n\n\n\n<p>eingetragen beim Amtsgericht Basel, Registernummer: CH-280.4.016.770-7<\/p>\n\n\n\n<p>Umsatzsteuer-Identifikationsnummer (UID): CHE-143.707.172<\/p>\n","protected":false},"excerpt":{"rendered":"<p>Next Tr\u00f6ber AGSt. Jakobs-Strasse 191, 4052 Basel Vertreten durch den Gesch\u00e4ftsf\u00fchrer Patrick&nbsp;Fiechter Telefon: +41 61 272 40 30Email: info@next-switzerland.ch eingetragen beim Amtsgericht Basel, Registernummer: CH-280.4.016.770-7 Umsatzsteuer-Identifikationsnummer (UID): CHE-143.707.172<\/p>\n","protected":false},"author":2,"featured_media":0,"parent":0,"menu_order":0,"comment_status":"closed","ping_status":"closed","template":"","meta":{"_acf_changed":false,"footnotes":""},"class_list":["post-793","page","type-page","status-publish","hentry"],"acf":[],"yoast_head":"<!-- This site is optimized with the Yoast SEO plugin v26.4 - https:\/\/yoast.com\/wordpress\/plugins\/seo\/ -->\n<title>Impressum - Aroma King<\/title>\n<meta name=\"robots\" content=\"index, follow, max-snippet:-1, max-image-preview:large, max-video-preview:-1\" \/>\n<link rel=\"canonical\" href=\"https:\/\/www.myaromaking.ch\/de\/impressum\/\" \/>\n<meta property=\"og:locale\" content=\"de_DE\" \/>\n<meta property=\"og:type\" content=\"article\" \/>\n<meta property=\"og:title\" content=\"Impressum - Aroma King\" \/>\n<meta property=\"og:description\" content=\"Next Tr\u00f6ber AGSt. Jakobs-Strasse 191, 4052 Basel Vertreten durch den Gesch\u00e4ftsf\u00fchrer Patrick&nbsp;Fiechter Telefon: +41 61 272 40 30Email: info@next-switzerland.ch eingetragen beim Amtsgericht Basel, Registernummer: CH-280.4.016.770-7 Umsatzsteuer-Identifikationsnummer (UID): CHE-143.707.172\" \/>\n<meta property=\"og:url\" content=\"https:\/\/www.myaromaking.ch\/de\/impressum\/\" \/>\n<meta property=\"og:site_name\" content=\"Aroma King\" \/>\n<meta property=\"article:modified_time\" content=\"2024-01-26T18:38:28+00:00\" \/>\n<meta name=\"twitter:card\" content=\"summary_large_image\" \/>\n<script type=\"application\/ld+json\" class=\"yoast-schema-graph\">{\"@context\":\"https:\/\/schema.org\",\"@graph\":[{\"@type\":\"WebPage\",\"@id\":\"https:\/\/www.myaromaking.ch\/de\/impressum\/\",\"url\":\"https:\/\/www.myaromaking.ch\/de\/impressum\/\",\"name\":\"Impressum - Aroma King\",\"isPartOf\":{\"@id\":\"https:\/\/www.myaromaking.ch\/de\/#website\"},\"datePublished\":\"2024-01-26T18:22:03+00:00\",\"dateModified\":\"2024-01-26T18:38:28+00:00\",\"inLanguage\":\"de\",\"potentialAction\":[{\"@type\":\"ReadAction\",\"target\":[\"https:\/\/www.myaromaking.ch\/de\/impressum\/\"]}]},{\"@type\":\"WebSite\",\"@id\":\"https:\/\/www.myaromaking.ch\/de\/#website\",\"url\":\"https:\/\/www.myaromaking.ch\/de\/\",\"name\":\"Aroma King\",\"description\":\"Die nachhaltige Alternative zu Wegwerf-Pods\",\"publisher\":{\"@id\":\"https:\/\/www.myaromaking.ch\/de\/#organization\"},\"potentialAction\":[{\"@type\":\"SearchAction\",\"target\":{\"@type\":\"EntryPoint\",\"urlTemplate\":\"https:\/\/www.myaromaking.ch\/de\/?s={search_term_string}\"},\"query-input\":{\"@type\":\"PropertyValueSpecification\",\"valueRequired\":true,\"valueName\":\"search_term_string\"}}],\"inLanguage\":\"de\"},{\"@type\":\"Organization\",\"@id\":\"https:\/\/www.myaromaking.ch\/de\/#organization\",\"name\":\"Aroma King\",\"url\":\"https:\/\/www.myaromaking.ch\/de\/\",\"logo\":{\"@type\":\"ImageObject\",\"inLanguage\":\"de\",\"@id\":\"https:\/\/www.myaromaking.ch\/de\/#\/schema\/logo\/image\/\",\"url\":\"https:\/\/www.myaromaking.ch\/wp-content\/uploads\/\/aromaking-logo-symbol.svg\",\"contentUrl\":\"https:\/\/www.myaromaking.ch\/wp-content\/uploads\/\/aromaking-logo-symbol.svg\",\"width\":126,\"height\":220,\"caption\":\"Aroma King\"},\"image\":{\"@id\":\"https:\/\/www.myaromaking.ch\/de\/#\/schema\/logo\/image\/\"}}]}<\/script>\n<!-- \/ Yoast SEO plugin. -->","yoast_head_json":{"title":"Impressum - Aroma King","robots":{"index":"index","follow":"follow","max-snippet":"max-snippet:-1","max-image-preview":"max-image-preview:large","max-video-preview":"max-video-preview:-1"},"canonical":"https:\/\/www.myaromaking.ch\/de\/impressum\/","og_locale":"de_DE","og_type":"article","og_title":"Impressum - Aroma King","og_description":"Next Tr\u00f6ber AGSt. Jakobs-Strasse 191, 4052 Basel Vertreten durch den Gesch\u00e4ftsf\u00fchrer Patrick&nbsp;Fiechter Telefon: +41 61 272 40 30Email: info@next-switzerland.ch eingetragen beim Amtsgericht Basel, Registernummer: CH-280.4.016.770-7 Umsatzsteuer-Identifikationsnummer (UID): CHE-143.707.172","og_url":"https:\/\/www.myaromaking.ch\/de\/impressum\/","og_site_name":"Aroma King","article_modified_time":"2024-01-26T18:38:28+00:00","twitter_card":"summary_large_image","schema":{"@context":"https:\/\/schema.org","@graph":[{"@type":"WebPage","@id":"https:\/\/www.myaromaking.ch\/de\/impressum\/","url":"https:\/\/www.myaromaking.ch\/de\/impressum\/","name":"Impressum - Aroma King","isPartOf":{"@id":"https:\/\/www.myaromaking.ch\/de\/#website"},"datePublished":"2024-01-26T18:22:03+00:00","dateModified":"2024-01-26T18:38:28+00:00","inLanguage":"de","potentialAction":[{"@type":"ReadAction","target":["https:\/\/www.myaromaking.ch\/de\/impressum\/"]}]},{"@type":"WebSite","@id":"https:\/\/www.myaromaking.ch\/de\/#website","url":"https:\/\/www.myaromaking.ch\/de\/","name":"Aroma King","description":"Die nachhaltige Alternative zu Wegwerf-Pods","publisher":{"@id":"https:\/\/www.myaromaking.ch\/de\/#organization"},"potentialAction":[{"@type":"SearchAction","target":{"@type":"EntryPoint","urlTemplate":"https:\/\/www.myaromaking.ch\/de\/?s={search_term_string}"},"query-input":{"@type":"PropertyValueSpecification","valueRequired":true,"valueName":"search_term_string"}}],"inLanguage":"de"},{"@type":"Organization","@id":"https:\/\/www.myaromaking.ch\/de\/#organization","name":"Aroma King","url":"https:\/\/www.myaromaking.ch\/de\/","logo":{"@type":"ImageObject","inLanguage":"de","@id":"https:\/\/www.myaromaking.ch\/de\/#\/schema\/logo\/image\/","url":"https:\/\/www.myaromaking.ch\/wp-content\/uploads\/\/aromaking-logo-symbol.svg","contentUrl":"https:\/\/www.myaromaking.ch\/wp-content\/uploads\/\/aromaking-logo-symbol.svg","width":126,"height":220,"caption":"Aroma King"},"image":{"@id":"https:\/\/www.myaromaking.ch\/de\/#\/schema\/logo\/image\/"}}]}},"_links":{"self":[{"href":"https:\/\/www.myaromaking.ch\/de\/wp-json\/wp\/v2\/pages\/793","targetHints":{"allow":["GET"]}}],"collection":[{"href":"https:\/\/www.myaromaking.ch\/de\/wp-json\/wp\/v2\/pages"}],"about":[{"href":"https:\/\/www.myaromaking.ch\/de\/wp-json\/wp\/v2\/types\/page"}],"author":[{"embeddable":true,"href":"https:\/\/www.myaromaking.ch\/de\/wp-json\/wp\/v2\/users\/2"}],"replies":[{"embeddable":true,"href":"https:\/\/www.myaromaking.ch\/de\/wp-json\/wp\/v2\/comments?post=793"}],"version-history":[{"count":0,"href":"https:\/\/www.myaromaking.ch\/de\/wp-json\/wp\/v2\/pages\/793\/revisions"}],"wp:attachment":[{"href":"https:\/\/www.myaromaking.ch\/de\/wp-json\/wp\/v2\/media?parent=793"}],"curies":[{"name":"wp","href":"https:\/\/api.w.org\/{rel}","templated":true}]}}