{"id":8729,"date":"2024-08-02T15:29:12","date_gmt":"2024-08-02T14:29:12","guid":{"rendered":"https:\/\/www.myaromaking.ch\/?page_id=8729"},"modified":"2024-11-29T20:51:46","modified_gmt":"2024-11-29T19:51:46","slug":"allgemeine-geschaeftsbedingungen","status":"publish","type":"page","link":"https:\/\/www.myaromaking.ch\/de\/allgemeine-geschaeftsbedingungen\/","title":{"rendered":"Allgemeine Gesch\u00e4fts\u00adbedingungen (AGB)"},"content":{"rendered":"\n<h3 class=\"wp-block-heading warning\">Alterslimit 18+<\/h3>\n\n\n\n<p class=\"warning\"><strong>Personen unter 18 Jahren ist es nicht gestattet, Bestellungen auf der Website aufzugeben. Next Tr\u00f6ber AG beh\u00e4lt sich das Recht vor, die Ausf\u00fchrung einer Bestellung zu verweigern, wenn Unregelm\u00e4ssigkeiten oder ein Missbrauch unserer Bestellfunktion vermutet wird.<\/strong><\/p>\n\n\n\n<h3 class=\"wp-block-heading\">1. Vertragsgegenstand<\/h3>\n\n\n\n<p>Next Tr\u00f6ber AG als Betreiberin der Webseite www.myaromaking.ch verkauft ausschliesslich an Privatkunden mit Wohnsitz in der Schweiz und Liechtenstein (nachfolgend \u201eKunde\u201c genannt) die im Online Shop verf\u00fcgbaren Produkte zu den nachstehend aufgef\u00fchrten Liefer- und Verkaufsbedingungen (AGB).<\/p>\n\n\n\n<h3 class=\"wp-block-heading\">2. Vertragsabschluss<\/h3>\n\n\n\n<p>Der Vertrag zwischen dem Kunden und der Next Tr\u00f6ber AG kommt erst durch einen Auftrag des Kunden und Auftragsannahme der Next Tr\u00f6ber AG zustande. Der Auftrag des Kunden erfolgt mit der Bestellung im Online Shop. Die Next Tr\u00f6ber AG nimmt den Auftrag an, indem sie dem Kunden eine Auftragsbest\u00e4tigung per E-Mail \u00fcbermittelt oder die bestellte Ware liefert.<\/p>\n\n\n\n<h3 class=\"wp-block-heading\">3. Produktangebot<\/h3>\n\n\n\n<p>S\u00e4mtliche Angaben zu den Waren, die der Kunde im Rahmen des Bestellvorganges erh\u00e4lt, sind unverbindlich. Insbesondere sind \u00c4nderungen, sowie Irrtum bei Beschreibung, Abbildung und Preisangabe vorbehalten.<\/p>\n\n\n\n<h3 class=\"wp-block-heading\">4. Zahlungsbedingungen<\/h3>\n\n\n\n<p>Soweit nicht anders vermerkt verstehen sich s\u00e4mtliche Preise in Schweizer Franken (CHF) inkl. der Schweizer Mehrwertsteuer von 8.1% und den beim Import entrichteten Zollgeb\u00fchren\/Tabaksteuern. Das heisst, dass f\u00fcr den Kunden keine weiteren Geb\u00fchren anfallen. Die Next Tr\u00f6ber AG beh\u00e4lt sich das Recht vor, auch bestehende Kunden nur mittels Vorkasse, TWINT oder Kreditkarte zu beliefern. Die Next Tr\u00f6ber AG ist berechtigt, die Preise und Lieferkosten jederzeit zu \u00e4ndern, sowie bei Schreib-, Druck- oder Berechnungsfehlern vom Vertrag zur\u00fcckzutreten.<\/p>\n\n\n\n<h3 class=\"wp-block-heading\">5. Lieferbedingungen<\/h3>\n\n\n\n<p>Soweit an Lager werden die Produkte innerhalb von einem Arbeitstag (bei Bestellung bis sp\u00e4testens 17:00) an die vom Kunden angegebene Adresse geliefert. Die Lieferung der Ware erfolgt (ab Laderampe) auf Gefahr des Kunden, und zwar auch dann, wenn Teillieferungen erfolgen. Die Schadensregulierung erfolgt bei \u00e4usserlich sichtbarer Besch\u00e4digung der bestellten Ware nur gegen eine Bescheinigung des jeweiligen Frachtf\u00fchrers. Die angegebene Lieferzeit kann von der tats\u00e4chlichen Dauer abweichen, insbesondere bei \u00dcberlastungen des Schweizer Post-Netzwerkes.<\/p>\n\n\n\n<h3 class=\"wp-block-heading\">6. Eigentumsvorbehalt<\/h3>\n\n\n\n<p>Die gelieferten Waren bleiben bis zur vollst\u00e4ndigen Bezahlung Eigentum der Next Tr\u00f6ber AG. Diese ist berechtigt, einen entsprechenden Eintrag im Eigentumsvorbehaltsregister vorzunehmen. Falls der Kunde mit der Bezahlung des Kaufpreises in Verzug ger\u00e4t, ist Next Tr\u00f6ber AG dazu berechtigt, vom Vertrag zur\u00fcckzutreten (R\u00fccktrittserkl\u00e4rung) und die Ware in ihren Besitz zur\u00fcck zu nehmen.<\/p>\n\n\n\n<h3 class=\"wp-block-heading\">7. R\u00fcckgaberecht<\/h3>\n\n\n\n<p>Der Kunde hat im Online-Handel normalerweise das Recht, innerhalb einer Frist von 14 Werktagen den Vertragsabschluss ohne Angabe von Gr\u00fcnden zu widerrufen und die Ware zur\u00fcckzusenden. Dieses Widerrufsrecht gilt aber nicht bei Vapes, da diese Produkte als verg\u00e4ngliche Ware mit limitierter Haltbarkeit gelten.<\/p>\n\n\n\n<h3 class=\"wp-block-heading\">8. Geistiges Eigentum<\/h3>\n\n\n\n<p>Die Next Tr\u00f6ber AG beh\u00e4lt sich f\u00fcr jedes Design, jeden Text, jede Grafik auf ihrer Webseite alle Rechte vor. Das Kopieren oder jegliche andere Reproduktion der gesamten Webseite bzw. von Teilen dieser Webseite wird nur zu dem Zweck gestattet, eine Bestellung bei der Next Tr\u00f6ber AG aufzugeben. Die Marke Aroma King, sowie Grafiken und Produkte auf dieser Webseite sind eingetragene Warenzeichen. Alle anderen auf dieser Webseite zitierten Warenzeichen, Produktnamen oder Firmennamen bzw. -logos sind das Alleineigentum der jeweiligen Berechtigten.<\/p>\n\n\n\n<h3 class=\"wp-block-heading\">9. Datenschutz<\/h3>\n\n\n\n<p>Die Next Tr\u00f6ber AG versichert, bei der Erhebung, Verarbeitung und Nutzung personenbezogener Daten die Bestimmungen des Schweizerischen Datenschutzgesetzes und der einschl\u00e4gigen Rechtsnormen zu beachten. Die anl\u00e4sslich der Bestellabwicklung und\/oder Kundenkonto Er\u00f6ffnung anfallenden Kundendaten werden lediglich f\u00fcr interne Zwecke genutzt. Eine Weitergabe an Dritte und\/oder Partnerunternehmen erfolgt nur soweit zur ordnungsgem\u00e4ssen Leistungserbringung (Bestellabwicklung) unbedingt erforderlich. Der Kunde erkl\u00e4rt sich mit dieser Nutzung seiner Daten einverstanden. Auf Anfrage hat er jederzeit das Recht, die \u00fcber ihn gespeicherten Daten einzusehen.<\/p>\n\n\n\n<p>Die vorliegenden AGB und die Vertr\u00e4ge, die aufgrund dieser AGB geschlossen werden, unterliegen schweizerischem Recht unter Ausschluss des UN-Kaufrechts (CISG). Gerichtsstand ist Basel.<\/p>\n\n\n\n<h3 class=\"wp-block-heading\">10. Schlussbestimmungen<\/h3>\n\n\n\n<p>Beim Verkauf der im Online Shop der Next Tr\u00f6ber AG spezifizierten Waren gelten ausschliesslich die AGB in ihrer zum Zeitpunkt des jeweiligen Vertragsabschlusses g\u00fcltigen Fassung. Diese Gesch\u00e4ftsbedingungen gelten insbesondere auch, wenn sie von denjenigen des Kunden differieren sollten. Die Next Tr\u00f6ber AG beh\u00e4lt sich jederzeitige \u00c4nderungen dieser Allgemeinen Gesch\u00e4ftsbedingungen vor.<\/p>\n\n\n\n<h2 class=\"wp-block-heading\">Haftungsausschluss<\/h2>\n\n\n\n<h3 class=\"wp-block-heading\">1. Inhalt des Onlineangebotes<\/h3>\n\n\n\n<p>Der Autor \u00fcbernimmt keinerlei Gew\u00e4hr f\u00fcr die Aktualit\u00e4t, Korrektheit, Vollst\u00e4ndigkeit oder Qualit\u00e4t der bereitgestellten Informationen. Haftungsanspr\u00fcche gegen den Autor, welche sich auf Sch\u00e4den materieller oder ideeller Art beziehen, die durch die Nutzung oder Nichtnutzung der dargebotenen Informationen bzw. durch die Nutzung fehlerhafter und unvollst\u00e4ndiger Informationen verursacht wurden, sind grunds\u00e4tzlich ausgeschlossen, sofern seitens des Autors kein nachweislich vors\u00e4tzliches oder grob fahrl\u00e4ssiges Verschulden vorliegt. Alle Angebote sind freibleibend und unverbindlich. Der Autor beh\u00e4lt es sich ausdr\u00fccklich vor, Teile der Seiten oder das gesamte Angebot ohne gesonderte Ank\u00fcndigung zu ver\u00e4ndern, zu erg\u00e4nzen, zu l\u00f6schen oder die Ver\u00f6ffentlichung zeitweise oder endg\u00fcltig einzustellen.<\/p>\n\n\n\n<h3 class=\"wp-block-heading\">2. Verweise und Links<\/h3>\n\n\n\n<p>Bei direkten oder indirekten Verweisen auf fremde Webseiten (&#8222;Hyperlinks&#8220;), die au\u00dferhalb des Verantwortungsbereiches des Autors liegen, w\u00fcrde eine Haftungsverpflichtung ausschlie\u00dflich in dem Fall in Kraft treten, in dem der Autor von den Inhalten Kenntnis hat und es ihm technisch m\u00f6glich und zumutbar w\u00e4re, die Nutzung im Falle rechtswidriger Inhalte zu verhindern. Der Autor erkl\u00e4rt hiermit ausdr\u00fccklich, dass zum Zeitpunkt der Linksetzung keine illegalen Inhalte auf den zu verlinkenden Seiten erkennbar waren. Auf die aktuelle und zuk\u00fcnftige Gestaltung, die Inhalte oder die Urheberschaft der verlinkten\/verkn\u00fcpften Seiten hat der Autor keinerlei Einfluss. Deshalb distanziert er sich hiermit ausdr\u00fccklich von allen Inhalten aller verlinkten\/verkn\u00fcpften Seiten, die nach der Linksetzung ver\u00e4ndert wurden. Diese Feststellung gilt f\u00fcr alle innerhalb des eigenen Internetangebotes gesetzten Links und Verweise sowie f\u00fcr Fremdeintr\u00e4ge in vom Autor eingerichteten G\u00e4steb\u00fcchern, Diskussionsforen, Linkverzeichnissen, Mailinglisten und in allen anderen Formen von Datenbanken, auf deren Inhalt externe Schreibzugriffe m\u00f6glich sind. F\u00fcr illegale, fehlerhafte oder unvollst\u00e4ndige Inhalte und insbesondere f\u00fcr Sch\u00e4den, die aus der Nutzung oder Nichtnutzung solcherart dargebotener Informationen entstehen, haftet allein der Anbieter der Seite, auf welche verwiesen wurde, nicht derjenige, der \u00fcber Links auf die jeweilige Ver\u00f6ffentlichung lediglich verweist.<\/p>\n\n\n\n<h3 class=\"wp-block-heading\">3. Urheber- und Kennzeichenrecht<\/h3>\n\n\n\n<p>Der Autor ist bestrebt, in allen Publikationen die Urheberrechte der verwendeten Bilder, Grafiken, Tondokumente, Videosequenzen und Texte zu beachten, von ihm selbst erstellte Bilder, Grafiken, Tondokumente, Videosequenzen und Texte zu nutzen oder auf lizenzfreie Grafiken, Tondokumente, Videosequenzen und Texte zur\u00fcckzugreifen. Alle innerhalb des Internetangebotes genannten und ggf. durch Dritte gesch\u00fctzten Marken- und Warenzeichen unterliegen uneingeschr\u00e4nkt den Bestimmungen des jeweils g\u00fcltigen Kennzeichenrechts und den Besitzrechten der jeweiligen eingetragenen Eigent\u00fcmer. Allein aufgrund der blossen Nennung ist nicht der Schluss zu ziehen, dass Markenzeichen nicht durch Rechte Dritter gesch\u00fctzt sind! Das Copyright f\u00fcr ver\u00f6ffentlichte, vom Autor selbst erstellte Objekte bleibt allein beim Autor der Seiten. Eine Vervielf\u00e4ltigung oder Verwendung solcher Grafiken, Tondokumente, Videosequenzen und Texte in anderen elektronischen oder gedruckten Publikationen ist ohne ausdr\u00fcckliche Zustimmung des Autors nicht gestattet.<\/p>\n\n\n\n<h3 class=\"wp-block-heading\">4. Missbrauch der gesetzlichen Richtlinien zum Verkauf von Tabakwaren<\/h3>\n\n\n\n<p>Personen unter 18 Jahren ist es nicht gestattet, Bestellungen auf der Website aufzugeben. Mit der Bestellung best\u00e4tigt der Kunde&nbsp;mindestens 18 Jahre alt zu sein und keine Tabakwaren weiterzuverkaufen.&nbsp;Next Tr\u00f6ber AG beh\u00e4lt sich das Recht vor, die Ausf\u00fchrung einer Bestellung zu verweigern, wenn Unregelm\u00e4ssigkeiten oder ein Missbrauch unserer Bestellfunktion vermutet wird und haftet nicht f\u00fcr den Missbrauch dieser Bestimmungen.<\/p>\n\n\n\n<h3 class=\"wp-block-heading\">5. Rechtswirksamkeit dieses Haftungsausschlusses<\/h3>\n\n\n\n<p>Dieser Haftungsausschluss ist als Teil des Internetangebotes zu betrachten, von dem aus auf diese Seite verwiesen wurde. Sofern Teile oder einzelne Formulierungen dieses Textes der geltenden Rechtslage nicht, nicht mehr oder nicht vollst\u00e4ndig entsprechen sollten, bleiben die \u00fcbrigen Teile des Dokumentes in ihrem Inhalt und ihrer G\u00fcltigkeit davon unber\u00fchrt.<\/p>\n\n\n","protected":false},"excerpt":{"rendered":"<p>Alterslimit 18+ Personen unter 18 Jahren ist es nicht gestattet, Bestellungen auf der Website aufzugeben. Next Tr\u00f6ber AG beh\u00e4lt sich das Recht vor, die Ausf\u00fchrung einer Bestellung zu verweigern, wenn Unregelm\u00e4ssigkeiten oder ein Missbrauch unserer Bestellfunktion vermutet wird. 1. Vertragsgegenstand Next Tr\u00f6ber AG als Betreiberin der Webseite www.myaromaking.ch verkauft ausschliesslich an Privatkunden mit Wohnsitz in [&hellip;]<\/p>\n","protected":false},"author":2,"featured_media":0,"parent":0,"menu_order":0,"comment_status":"closed","ping_status":"closed","template":"","meta":{"_acf_changed":false,"footnotes":"[]"},"class_list":["post-8729","page","type-page","status-publish","hentry"],"acf":[],"yoast_head":"<!-- This site is optimized with the Yoast SEO plugin v26.4 - https:\/\/yoast.com\/wordpress\/plugins\/seo\/ -->\n<title>Allgemeine Gesch\u00e4fts\u00adbedingungen (AGB) - Aroma King<\/title>\n<meta name=\"robots\" content=\"index, follow, max-snippet:-1, max-image-preview:large, max-video-preview:-1\" \/>\n<link rel=\"canonical\" href=\"https:\/\/www.myaromaking.ch\/de\/allgemeine-geschaeftsbedingungen\/\" \/>\n<meta property=\"og:locale\" content=\"de_DE\" \/>\n<meta property=\"og:type\" content=\"article\" \/>\n<meta property=\"og:title\" content=\"Allgemeine Gesch\u00e4fts\u00adbedingungen (AGB) - Aroma King\" \/>\n<meta property=\"og:description\" content=\"Alterslimit 18+ Personen unter 18 Jahren ist es nicht gestattet, Bestellungen auf der Website aufzugeben. Next Tr\u00f6ber AG beh\u00e4lt sich das Recht vor, die Ausf\u00fchrung einer Bestellung zu verweigern, wenn Unregelm\u00e4ssigkeiten oder ein Missbrauch unserer Bestellfunktion vermutet wird. 1. Vertragsgegenstand Next Tr\u00f6ber AG als Betreiberin der Webseite www.myaromaking.ch verkauft ausschliesslich an Privatkunden mit Wohnsitz in [&hellip;]\" \/>\n<meta property=\"og:url\" content=\"https:\/\/www.myaromaking.ch\/de\/allgemeine-geschaeftsbedingungen\/\" \/>\n<meta property=\"og:site_name\" content=\"Aroma King\" \/>\n<meta property=\"article:modified_time\" content=\"2024-11-29T19:51:46+00:00\" \/>\n<meta name=\"twitter:card\" content=\"summary_large_image\" \/>\n<script type=\"application\/ld+json\" class=\"yoast-schema-graph\">{\"@context\":\"https:\/\/schema.org\",\"@graph\":[{\"@type\":\"WebPage\",\"@id\":\"https:\/\/www.myaromaking.ch\/de\/allgemeine-geschaeftsbedingungen\/\",\"url\":\"https:\/\/www.myaromaking.ch\/de\/allgemeine-geschaeftsbedingungen\/\",\"name\":\"Allgemeine Gesch\u00e4fts\u00adbedingungen (AGB) - Aroma King\",\"isPartOf\":{\"@id\":\"https:\/\/www.myaromaking.ch\/de\/#website\"},\"datePublished\":\"2024-08-02T14:29:12+00:00\",\"dateModified\":\"2024-11-29T19:51:46+00:00\",\"inLanguage\":\"de\",\"potentialAction\":[{\"@type\":\"ReadAction\",\"target\":[\"https:\/\/www.myaromaking.ch\/de\/allgemeine-geschaeftsbedingungen\/\"]}]},{\"@type\":\"WebSite\",\"@id\":\"https:\/\/www.myaromaking.ch\/de\/#website\",\"url\":\"https:\/\/www.myaromaking.ch\/de\/\",\"name\":\"Aroma King\",\"description\":\"Die nachhaltige Alternative zu Wegwerf-Pods\",\"publisher\":{\"@id\":\"https:\/\/www.myaromaking.ch\/de\/#organization\"},\"potentialAction\":[{\"@type\":\"SearchAction\",\"target\":{\"@type\":\"EntryPoint\",\"urlTemplate\":\"https:\/\/www.myaromaking.ch\/de\/?s={search_term_string}\"},\"query-input\":{\"@type\":\"PropertyValueSpecification\",\"valueRequired\":true,\"valueName\":\"search_term_string\"}}],\"inLanguage\":\"de\"},{\"@type\":\"Organization\",\"@id\":\"https:\/\/www.myaromaking.ch\/de\/#organization\",\"name\":\"Aroma King\",\"url\":\"https:\/\/www.myaromaking.ch\/de\/\",\"logo\":{\"@type\":\"ImageObject\",\"inLanguage\":\"de\",\"@id\":\"https:\/\/www.myaromaking.ch\/de\/#\/schema\/logo\/image\/\",\"url\":\"https:\/\/www.myaromaking.ch\/wp-content\/uploads\/\/aromaking-logo-symbol.svg\",\"contentUrl\":\"https:\/\/www.myaromaking.ch\/wp-content\/uploads\/\/aromaking-logo-symbol.svg\",\"width\":126,\"height\":220,\"caption\":\"Aroma King\"},\"image\":{\"@id\":\"https:\/\/www.myaromaking.ch\/de\/#\/schema\/logo\/image\/\"}}]}<\/script>\n<!-- \/ Yoast SEO plugin. -->","yoast_head_json":{"title":"Allgemeine Gesch\u00e4fts\u00adbedingungen (AGB) - Aroma King","robots":{"index":"index","follow":"follow","max-snippet":"max-snippet:-1","max-image-preview":"max-image-preview:large","max-video-preview":"max-video-preview:-1"},"canonical":"https:\/\/www.myaromaking.ch\/de\/allgemeine-geschaeftsbedingungen\/","og_locale":"de_DE","og_type":"article","og_title":"Allgemeine Gesch\u00e4fts\u00adbedingungen (AGB) - Aroma King","og_description":"Alterslimit 18+ Personen unter 18 Jahren ist es nicht gestattet, Bestellungen auf der Website aufzugeben. Next Tr\u00f6ber AG beh\u00e4lt sich das Recht vor, die Ausf\u00fchrung einer Bestellung zu verweigern, wenn Unregelm\u00e4ssigkeiten oder ein Missbrauch unserer Bestellfunktion vermutet wird. 1. Vertragsgegenstand Next Tr\u00f6ber AG als Betreiberin der Webseite www.myaromaking.ch verkauft ausschliesslich an Privatkunden mit Wohnsitz in [&hellip;]","og_url":"https:\/\/www.myaromaking.ch\/de\/allgemeine-geschaeftsbedingungen\/","og_site_name":"Aroma King","article_modified_time":"2024-11-29T19:51:46+00:00","twitter_card":"summary_large_image","schema":{"@context":"https:\/\/schema.org","@graph":[{"@type":"WebPage","@id":"https:\/\/www.myaromaking.ch\/de\/allgemeine-geschaeftsbedingungen\/","url":"https:\/\/www.myaromaking.ch\/de\/allgemeine-geschaeftsbedingungen\/","name":"Allgemeine Gesch\u00e4fts\u00adbedingungen (AGB) - Aroma King","isPartOf":{"@id":"https:\/\/www.myaromaking.ch\/de\/#website"},"datePublished":"2024-08-02T14:29:12+00:00","dateModified":"2024-11-29T19:51:46+00:00","inLanguage":"de","potentialAction":[{"@type":"ReadAction","target":["https:\/\/www.myaromaking.ch\/de\/allgemeine-geschaeftsbedingungen\/"]}]},{"@type":"WebSite","@id":"https:\/\/www.myaromaking.ch\/de\/#website","url":"https:\/\/www.myaromaking.ch\/de\/","name":"Aroma King","description":"Die nachhaltige Alternative zu Wegwerf-Pods","publisher":{"@id":"https:\/\/www.myaromaking.ch\/de\/#organization"},"potentialAction":[{"@type":"SearchAction","target":{"@type":"EntryPoint","urlTemplate":"https:\/\/www.myaromaking.ch\/de\/?s={search_term_string}"},"query-input":{"@type":"PropertyValueSpecification","valueRequired":true,"valueName":"search_term_string"}}],"inLanguage":"de"},{"@type":"Organization","@id":"https:\/\/www.myaromaking.ch\/de\/#organization","name":"Aroma King","url":"https:\/\/www.myaromaking.ch\/de\/","logo":{"@type":"ImageObject","inLanguage":"de","@id":"https:\/\/www.myaromaking.ch\/de\/#\/schema\/logo\/image\/","url":"https:\/\/www.myaromaking.ch\/wp-content\/uploads\/\/aromaking-logo-symbol.svg","contentUrl":"https:\/\/www.myaromaking.ch\/wp-content\/uploads\/\/aromaking-logo-symbol.svg","width":126,"height":220,"caption":"Aroma King"},"image":{"@id":"https:\/\/www.myaromaking.ch\/de\/#\/schema\/logo\/image\/"}}]}},"_links":{"self":[{"href":"https:\/\/www.myaromaking.ch\/de\/wp-json\/wp\/v2\/pages\/8729","targetHints":{"allow":["GET"]}}],"collection":[{"href":"https:\/\/www.myaromaking.ch\/de\/wp-json\/wp\/v2\/pages"}],"about":[{"href":"https:\/\/www.myaromaking.ch\/de\/wp-json\/wp\/v2\/types\/page"}],"author":[{"embeddable":true,"href":"https:\/\/www.myaromaking.ch\/de\/wp-json\/wp\/v2\/users\/2"}],"replies":[{"embeddable":true,"href":"https:\/\/www.myaromaking.ch\/de\/wp-json\/wp\/v2\/comments?post=8729"}],"version-history":[{"count":0,"href":"https:\/\/www.myaromaking.ch\/de\/wp-json\/wp\/v2\/pages\/8729\/revisions"}],"wp:attachment":[{"href":"https:\/\/www.myaromaking.ch\/de\/wp-json\/wp\/v2\/media?parent=8729"}],"curies":[{"name":"wp","href":"https:\/\/api.w.org\/{rel}","templated":true}]}}