{"id":180024,"date":"2025-01-25T03:40:59","date_gmt":"2025-01-25T02:40:59","guid":{"rendered":"https:\/\/www.myaromaking.ch\/?post_type=product&#038;p=180024"},"modified":"2026-04-04T23:36:39","modified_gmt":"2026-04-04T22:36:39","slug":"aroma-king-smart-starter-pack-battery-3-pods-20mg","status":"publish","type":"product","link":"https:\/\/www.myaromaking.ch\/de\/shop\/produkt\/aroma-king-smart-starter-pack-battery-3-pods-20mg\/","title":{"rendered":"Aroma King SMART Starter Pack Battery + 3 Pods 20mg"},"content":{"rendered":"<h4><strong>(Jetzt in den Warenkorb legen und 1.- statt 15.- bezahlen)<\/strong><\/h4>\n<p>Das Aroma King SMART Starter Pack bietet Dir einen nachhaltigen und umweltfreundlichen Einstieg in die Welt des Dampfens. Dieses elegante Starterpaket enth\u00e4lt alles, was Du f\u00fcr ein erstklassiges Dampferlebnis ben\u00f6tigst. Das Aroma King SMART Starter Pack ist die ideale Wahl f\u00fcr umweltbewusste Dampfer, die auf Vielfalt und Nachhaltigkeit setzen. Starte Dein Dampfvergn\u00fcgen mit Stil und R\u00fccksicht auf die Umwelt.<\/p>\n","protected":false},"excerpt":{"rendered":"<p>Das Aroma King SMART Starter Pack bietet Dir einen nachhaltigen und umweltfreundlichen Einstieg in die Welt des Dampfens. Dieses elegante Starterpaket enth\u00e4lt alles, was Du f\u00fcr ein erstklassiges Dampferlebnis ben\u00f6tigst. Das Aroma King SMART Starter Pack ist die ideale Wahl f\u00fcr umweltbewusste Dampfer, die auf Vielfalt und Nachhaltigkeit setzen. Starte Dein Dampfvergn\u00fcgen mit Stil und R\u00fccksicht auf die Umwelt.<\/p>\n","protected":false},"featured_media":7816,"comment_status":"open","ping_status":"closed","template":"","meta":{"_acf_changed":false},"product_brand":[],"product_cat":[91],"product_tag":[],"class_list":{"0":"post-180024","1":"product","2":"type-product","3":"status-publish","4":"has-post-thumbnail","6":"product_cat-smart-pods","8":"first","9":"instock","10":"taxable","11":"shipping-taxable","12":"purchasable","13":"product-type-simple"},"acf":[],"yoast_head":"<!-- This site is optimized with the Yoast SEO plugin v26.4 - https:\/\/yoast.com\/wordpress\/plugins\/seo\/ -->\n<title>Aroma King SMART Starter Pack Battery + 3 Pods 20mg - Aroma King<\/title>\n<meta name=\"robots\" content=\"index, follow, max-snippet:-1, max-image-preview:large, max-video-preview:-1\" \/>\n<link rel=\"canonical\" href=\"https:\/\/www.myaromaking.ch\/de\/shop\/produkt\/aroma-king-smart-starter-pack-battery-3-pods-20mg\/\" \/>\n<meta property=\"og:locale\" content=\"de_DE\" \/>\n<meta property=\"og:type\" content=\"article\" \/>\n<meta property=\"og:title\" content=\"Aroma King SMART Starter Pack Battery + 3 Pods 20mg - Aroma King\" \/>\n<meta property=\"og:description\" content=\"Das Aroma King SMART Starter Pack bietet Dir einen nachhaltigen und umweltfreundlichen Einstieg in die Welt des Dampfens. Dieses elegante Starterpaket enth\u00e4lt alles, was Du f\u00fcr ein erstklassiges Dampferlebnis ben\u00f6tigst. Das Aroma King SMART Starter Pack ist die ideale Wahl f\u00fcr umweltbewusste Dampfer, die auf Vielfalt und Nachhaltigkeit setzen. Starte Dein Dampfvergn\u00fcgen mit Stil und R\u00fccksicht auf die Umwelt.\" \/>\n<meta property=\"og:url\" content=\"https:\/\/www.myaromaking.ch\/de\/shop\/produkt\/aroma-king-smart-starter-pack-battery-3-pods-20mg\/\" \/>\n<meta property=\"og:site_name\" content=\"Aroma King\" \/>\n<meta property=\"article:modified_time\" content=\"2026-04-04T22:36:39+00:00\" \/>\n<meta property=\"og:image\" content=\"https:\/\/www.myaromaking.ch\/wp-content\/uploads\/ak-products_smart-duo-pod_starter-pack.webp\" \/>\n\t<meta property=\"og:image:width\" content=\"660\" \/>\n\t<meta property=\"og:image:height\" content=\"660\" \/>\n\t<meta property=\"og:image:type\" content=\"image\/webp\" \/>\n<meta name=\"twitter:card\" content=\"summary_large_image\" \/>\n<script type=\"application\/ld+json\" class=\"yoast-schema-graph\">{\"@context\":\"https:\/\/schema.org\",\"@graph\":[{\"@type\":\"WebPage\",\"@id\":\"https:\/\/www.myaromaking.ch\/de\/shop\/produkt\/aroma-king-smart-starter-pack-battery-3-pods-20mg\/\",\"url\":\"https:\/\/www.myaromaking.ch\/de\/shop\/produkt\/aroma-king-smart-starter-pack-battery-3-pods-20mg\/\",\"name\":\"Aroma King SMART Starter Pack Battery + 3 Pods 20mg - Aroma King\",\"isPartOf\":{\"@id\":\"https:\/\/www.myaromaking.ch\/de\/#website\"},\"primaryImageOfPage\":{\"@id\":\"https:\/\/www.myaromaking.ch\/de\/shop\/produkt\/aroma-king-smart-starter-pack-battery-3-pods-20mg\/#primaryimage\"},\"image\":{\"@id\":\"https:\/\/www.myaromaking.ch\/de\/shop\/produkt\/aroma-king-smart-starter-pack-battery-3-pods-20mg\/#primaryimage\"},\"thumbnailUrl\":\"https:\/\/www.myaromaking.ch\/wp-content\/uploads\/ak-products_smart-duo-pod_starter-pack.webp\",\"datePublished\":\"2025-01-25T02:40:59+00:00\",\"dateModified\":\"2026-04-04T22:36:39+00:00\",\"breadcrumb\":{\"@id\":\"https:\/\/www.myaromaking.ch\/de\/shop\/produkt\/aroma-king-smart-starter-pack-battery-3-pods-20mg\/#breadcrumb\"},\"inLanguage\":\"de\",\"potentialAction\":[{\"@type\":\"ReadAction\",\"target\":[\"https:\/\/www.myaromaking.ch\/de\/shop\/produkt\/aroma-king-smart-starter-pack-battery-3-pods-20mg\/\"]}]},{\"@type\":\"ImageObject\",\"inLanguage\":\"de\",\"@id\":\"https:\/\/www.myaromaking.ch\/de\/shop\/produkt\/aroma-king-smart-starter-pack-battery-3-pods-20mg\/#primaryimage\",\"url\":\"https:\/\/www.myaromaking.ch\/wp-content\/uploads\/ak-products_smart-duo-pod_starter-pack.webp\",\"contentUrl\":\"https:\/\/www.myaromaking.ch\/wp-content\/uploads\/ak-products_smart-duo-pod_starter-pack.webp\",\"width\":660,\"height\":660},{\"@type\":\"BreadcrumbList\",\"@id\":\"https:\/\/www.myaromaking.ch\/de\/shop\/produkt\/aroma-king-smart-starter-pack-battery-3-pods-20mg\/#breadcrumb\",\"itemListElement\":[{\"@type\":\"ListItem\",\"position\":1,\"name\":\"Shop\",\"item\":\"https:\/\/www.myaromaking.ch\/de\/shop\/\"},{\"@type\":\"ListItem\",\"position\":2,\"name\":\"Smart &amp; Pods\",\"item\":\"https:\/\/www.myaromaking.ch\/de\/shop\/kategorie\/smart-pods\/\"},{\"@type\":\"ListItem\",\"position\":3,\"name\":\"Aroma King SMART Starter Pack Battery + 3 Pods 20mg\"}]},{\"@type\":\"WebSite\",\"@id\":\"https:\/\/www.myaromaking.ch\/de\/#website\",\"url\":\"https:\/\/www.myaromaking.ch\/de\/\",\"name\":\"Aroma King\",\"description\":\"Die nachhaltige Alternative zu Wegwerf-Pods\",\"publisher\":{\"@id\":\"https:\/\/www.myaromaking.ch\/de\/#organization\"},\"potentialAction\":[{\"@type\":\"SearchAction\",\"target\":{\"@type\":\"EntryPoint\",\"urlTemplate\":\"https:\/\/www.myaromaking.ch\/de\/?s={search_term_string}\"},\"query-input\":{\"@type\":\"PropertyValueSpecification\",\"valueRequired\":true,\"valueName\":\"search_term_string\"}}],\"inLanguage\":\"de\"},{\"@type\":\"Organization\",\"@id\":\"https:\/\/www.myaromaking.ch\/de\/#organization\",\"name\":\"Aroma King\",\"url\":\"https:\/\/www.myaromaking.ch\/de\/\",\"logo\":{\"@type\":\"ImageObject\",\"inLanguage\":\"de\",\"@id\":\"https:\/\/www.myaromaking.ch\/de\/#\/schema\/logo\/image\/\",\"url\":\"https:\/\/www.myaromaking.ch\/wp-content\/uploads\/\/aromaking-logo-symbol.svg\",\"contentUrl\":\"https:\/\/www.myaromaking.ch\/wp-content\/uploads\/\/aromaking-logo-symbol.svg\",\"width\":126,\"height\":220,\"caption\":\"Aroma King\"},\"image\":{\"@id\":\"https:\/\/www.myaromaking.ch\/de\/#\/schema\/logo\/image\/\"}}]}<\/script>\n<!-- \/ Yoast SEO plugin. -->","yoast_head_json":{"title":"Aroma King SMART Starter Pack Battery + 3 Pods 20mg - Aroma King","robots":{"index":"index","follow":"follow","max-snippet":"max-snippet:-1","max-image-preview":"max-image-preview:large","max-video-preview":"max-video-preview:-1"},"canonical":"https:\/\/www.myaromaking.ch\/de\/shop\/produkt\/aroma-king-smart-starter-pack-battery-3-pods-20mg\/","og_locale":"de_DE","og_type":"article","og_title":"Aroma King SMART Starter Pack Battery + 3 Pods 20mg - Aroma King","og_description":"Das Aroma King SMART Starter Pack bietet Dir einen nachhaltigen und umweltfreundlichen Einstieg in die Welt des Dampfens. Dieses elegante Starterpaket enth\u00e4lt alles, was Du f\u00fcr ein erstklassiges Dampferlebnis ben\u00f6tigst. Das Aroma King SMART Starter Pack ist die ideale Wahl f\u00fcr umweltbewusste Dampfer, die auf Vielfalt und Nachhaltigkeit setzen. Starte Dein Dampfvergn\u00fcgen mit Stil und R\u00fccksicht auf die Umwelt.","og_url":"https:\/\/www.myaromaking.ch\/de\/shop\/produkt\/aroma-king-smart-starter-pack-battery-3-pods-20mg\/","og_site_name":"Aroma King","article_modified_time":"2026-04-04T22:36:39+00:00","og_image":[{"width":660,"height":660,"url":"https:\/\/www.myaromaking.ch\/wp-content\/uploads\/ak-products_smart-duo-pod_starter-pack.webp","type":"image\/webp"}],"twitter_card":"summary_large_image","schema":{"@context":"https:\/\/schema.org","@graph":[{"@type":"WebPage","@id":"https:\/\/www.myaromaking.ch\/de\/shop\/produkt\/aroma-king-smart-starter-pack-battery-3-pods-20mg\/","url":"https:\/\/www.myaromaking.ch\/de\/shop\/produkt\/aroma-king-smart-starter-pack-battery-3-pods-20mg\/","name":"Aroma King SMART Starter Pack Battery + 3 Pods 20mg - Aroma King","isPartOf":{"@id":"https:\/\/www.myaromaking.ch\/de\/#website"},"primaryImageOfPage":{"@id":"https:\/\/www.myaromaking.ch\/de\/shop\/produkt\/aroma-king-smart-starter-pack-battery-3-pods-20mg\/#primaryimage"},"image":{"@id":"https:\/\/www.myaromaking.ch\/de\/shop\/produkt\/aroma-king-smart-starter-pack-battery-3-pods-20mg\/#primaryimage"},"thumbnailUrl":"https:\/\/www.myaromaking.ch\/wp-content\/uploads\/ak-products_smart-duo-pod_starter-pack.webp","datePublished":"2025-01-25T02:40:59+00:00","dateModified":"2026-04-04T22:36:39+00:00","breadcrumb":{"@id":"https:\/\/www.myaromaking.ch\/de\/shop\/produkt\/aroma-king-smart-starter-pack-battery-3-pods-20mg\/#breadcrumb"},"inLanguage":"de","potentialAction":[{"@type":"ReadAction","target":["https:\/\/www.myaromaking.ch\/de\/shop\/produkt\/aroma-king-smart-starter-pack-battery-3-pods-20mg\/"]}]},{"@type":"ImageObject","inLanguage":"de","@id":"https:\/\/www.myaromaking.ch\/de\/shop\/produkt\/aroma-king-smart-starter-pack-battery-3-pods-20mg\/#primaryimage","url":"https:\/\/www.myaromaking.ch\/wp-content\/uploads\/ak-products_smart-duo-pod_starter-pack.webp","contentUrl":"https:\/\/www.myaromaking.ch\/wp-content\/uploads\/ak-products_smart-duo-pod_starter-pack.webp","width":660,"height":660},{"@type":"BreadcrumbList","@id":"https:\/\/www.myaromaking.ch\/de\/shop\/produkt\/aroma-king-smart-starter-pack-battery-3-pods-20mg\/#breadcrumb","itemListElement":[{"@type":"ListItem","position":1,"name":"Shop","item":"https:\/\/www.myaromaking.ch\/de\/shop\/"},{"@type":"ListItem","position":2,"name":"Smart &amp; Pods","item":"https:\/\/www.myaromaking.ch\/de\/shop\/kategorie\/smart-pods\/"},{"@type":"ListItem","position":3,"name":"Aroma King SMART Starter Pack Battery + 3 Pods 20mg"}]},{"@type":"WebSite","@id":"https:\/\/www.myaromaking.ch\/de\/#website","url":"https:\/\/www.myaromaking.ch\/de\/","name":"Aroma King","description":"Die nachhaltige Alternative zu Wegwerf-Pods","publisher":{"@id":"https:\/\/www.myaromaking.ch\/de\/#organization"},"potentialAction":[{"@type":"SearchAction","target":{"@type":"EntryPoint","urlTemplate":"https:\/\/www.myaromaking.ch\/de\/?s={search_term_string}"},"query-input":{"@type":"PropertyValueSpecification","valueRequired":true,"valueName":"search_term_string"}}],"inLanguage":"de"},{"@type":"Organization","@id":"https:\/\/www.myaromaking.ch\/de\/#organization","name":"Aroma King","url":"https:\/\/www.myaromaking.ch\/de\/","logo":{"@type":"ImageObject","inLanguage":"de","@id":"https:\/\/www.myaromaking.ch\/de\/#\/schema\/logo\/image\/","url":"https:\/\/www.myaromaking.ch\/wp-content\/uploads\/\/aromaking-logo-symbol.svg","contentUrl":"https:\/\/www.myaromaking.ch\/wp-content\/uploads\/\/aromaking-logo-symbol.svg","width":126,"height":220,"caption":"Aroma King"},"image":{"@id":"https:\/\/www.myaromaking.ch\/de\/#\/schema\/logo\/image\/"}}]}},"_links":{"self":[{"href":"https:\/\/www.myaromaking.ch\/de\/wp-json\/wp\/v2\/product\/180024","targetHints":{"allow":["GET"]}}],"collection":[{"href":"https:\/\/www.myaromaking.ch\/de\/wp-json\/wp\/v2\/product"}],"about":[{"href":"https:\/\/www.myaromaking.ch\/de\/wp-json\/wp\/v2\/types\/product"}],"replies":[{"embeddable":true,"href":"https:\/\/www.myaromaking.ch\/de\/wp-json\/wp\/v2\/comments?post=180024"}],"wp:featuredmedia":[{"embeddable":true,"href":"https:\/\/www.myaromaking.ch\/de\/wp-json\/wp\/v2\/media\/7816"}],"wp:attachment":[{"href":"https:\/\/www.myaromaking.ch\/de\/wp-json\/wp\/v2\/media?parent=180024"}],"wp:term":[{"taxonomy":"product_brand","embeddable":true,"href":"https:\/\/www.myaromaking.ch\/de\/wp-json\/wp\/v2\/product_brand?post=180024"},{"taxonomy":"product_cat","embeddable":true,"href":"https:\/\/www.myaromaking.ch\/de\/wp-json\/wp\/v2\/product_cat?post=180024"},{"taxonomy":"product_tag","embeddable":true,"href":"https:\/\/www.myaromaking.ch\/de\/wp-json\/wp\/v2\/product_tag?post=180024"}],"curies":[{"name":"wp","href":"https:\/\/api.w.org\/{rel}","templated":true}]}}