{"id":180026,"date":"2025-01-25T03:41:01","date_gmt":"2025-01-25T02:41:01","guid":{"rendered":"https:\/\/www.myaromaking.ch\/?post_type=product&#038;p=180026"},"modified":"2026-03-16T08:00:44","modified_gmt":"2026-03-16T07:00:44","slug":"aroma-king-smart-2-pods-kiwi-strawberry-20mg","status":"publish","type":"product","link":"https:\/\/www.myaromaking.ch\/de\/shop\/produkt\/aroma-king-smart-2-pods-kiwi-strawberry-20mg\/","title":{"rendered":"Aroma King SMART 2 Pods Kiwi Strawberry 20mg"},"content":{"rendered":"<p>Entdecke den erfrischenden Geschmack von Aroma King Smart Kiwi Strawberry Diese Liquid Pods sind perfekt f\u00fcr Dein Vaping-Erlebnis. Mit dem s\u00fcssen und saftigen Aroma von reifer Kiwi Strawberry, kombiniert mit einer k\u00fchlen Note, sorgt dieses Liquid f\u00fcr einen einzigartigen und erfrischenden Genuss. Die Aroma King Smart Kiwi Strawberry Liquid Pods sind einfach zu verwenden und passen perfekt in Dein Vape-Ger\u00e4t. Dank der hochwertigen Inhaltsstoffe geniesst Du eine gleichm\u00e4ssige und intensive Geschmacksentfaltung bei jedem Zug. Egal, ob Du ein erfahrener Vaper oder ein Neuling bist, diese Liquid Pods bieten Dir ein unvergleichliches Dampferlebnis. G\u00f6nn Dir die exotische Frische von Kiwi Strawberry und lass Dich von der k\u00fchlenden Brise verzaubern! Perfekt f\u00fcr ein intensives Vaping-Erlebnis!<\/p>\n","protected":false},"excerpt":{"rendered":"<p>Entdecke den erfrischenden Geschmack von Aroma King Smart Kiwi Strawberry Diese Liquid Pods sind perfekt f\u00fcr Dein Vaping-Erlebnis. Mit dem s\u00fcssen und saftigen Aroma von reifer Kiwi Strawberry, kombiniert mit einer k\u00fchlen Note, sorgt dieses Liquid f\u00fcr einen einzigartigen und erfrischenden Genuss. Die Aroma King Smart Kiwi Strawberry Liquid Pods sind einfach zu verwenden und passen perfekt in Dein Vape-Ger\u00e4t. Dank der hochwertigen Inhaltsstoffe geniesst Du eine gleichm\u00e4ssige und intensive Geschmacksentfaltung bei jedem Zug. Egal, ob Du ein erfahrener Vaper oder ein Neuling bist, diese Liquid Pods bieten Dir ein unvergleichliches Dampferlebnis. G\u00f6nn Dir die exotische Frische von Kiwi Strawberry und lass Dich von der k\u00fchlenden Brise verzaubern! Perfekt f\u00fcr ein intensives Vaping-Erlebnis!<\/p>\n","protected":false},"featured_media":7798,"comment_status":"open","ping_status":"closed","template":"","meta":{"_acf_changed":false},"product_brand":[],"product_cat":[91],"product_tag":[],"class_list":{"0":"post-180026","1":"product","2":"type-product","3":"status-publish","4":"has-post-thumbnail","6":"product_cat-smart-pods","8":"first","9":"instock","10":"taxable","11":"shipping-taxable","12":"purchasable","13":"product-type-simple"},"acf":[],"yoast_head":"<!-- This site is optimized with the Yoast SEO plugin v26.4 - https:\/\/yoast.com\/wordpress\/plugins\/seo\/ -->\n<title>Aroma King SMART 2 Pods Kiwi Strawberry 20mg - Aroma King<\/title>\n<meta name=\"robots\" content=\"index, follow, max-snippet:-1, max-image-preview:large, max-video-preview:-1\" \/>\n<link rel=\"canonical\" href=\"https:\/\/www.myaromaking.ch\/de\/shop\/produkt\/aroma-king-smart-2-pods-kiwi-strawberry-20mg\/\" \/>\n<meta property=\"og:locale\" content=\"de_DE\" \/>\n<meta property=\"og:type\" content=\"article\" \/>\n<meta property=\"og:title\" content=\"Aroma King SMART 2 Pods Kiwi Strawberry 20mg - Aroma King\" \/>\n<meta property=\"og:description\" content=\"Entdecke den erfrischenden Geschmack von Aroma King Smart Kiwi Strawberry Diese Liquid Pods sind perfekt f\u00fcr Dein Vaping-Erlebnis. Mit dem s\u00fcssen und saftigen Aroma von reifer Kiwi Strawberry, kombiniert mit einer k\u00fchlen Note, sorgt dieses Liquid f\u00fcr einen einzigartigen und erfrischenden Genuss. Die Aroma King Smart Kiwi Strawberry Liquid Pods sind einfach zu verwenden und passen perfekt in Dein Vape-Ger\u00e4t. Dank der hochwertigen Inhaltsstoffe geniesst Du eine gleichm\u00e4ssige und intensive Geschmacksentfaltung bei jedem Zug. Egal, ob Du ein erfahrener Vaper oder ein Neuling bist, diese Liquid Pods bieten Dir ein unvergleichliches Dampferlebnis. G\u00f6nn Dir die exotische Frische von Kiwi Strawberry und lass Dich von der k\u00fchlenden Brise verzaubern! Perfekt f\u00fcr ein intensives Vaping-Erlebnis!\" \/>\n<meta property=\"og:url\" content=\"https:\/\/www.myaromaking.ch\/de\/shop\/produkt\/aroma-king-smart-2-pods-kiwi-strawberry-20mg\/\" \/>\n<meta property=\"og:site_name\" content=\"Aroma King\" \/>\n<meta property=\"article:modified_time\" content=\"2026-03-16T07:00:44+00:00\" \/>\n<meta property=\"og:image\" content=\"https:\/\/www.myaromaking.ch\/wp-content\/uploads\/ak-products_smart-duo-pod_kiwi-strawberry.webp\" \/>\n\t<meta property=\"og:image:width\" content=\"660\" \/>\n\t<meta property=\"og:image:height\" content=\"660\" \/>\n\t<meta property=\"og:image:type\" content=\"image\/webp\" \/>\n<meta name=\"twitter:card\" content=\"summary_large_image\" \/>\n<script type=\"application\/ld+json\" class=\"yoast-schema-graph\">{\"@context\":\"https:\/\/schema.org\",\"@graph\":[{\"@type\":\"WebPage\",\"@id\":\"https:\/\/www.myaromaking.ch\/de\/shop\/produkt\/aroma-king-smart-2-pods-kiwi-strawberry-20mg\/\",\"url\":\"https:\/\/www.myaromaking.ch\/de\/shop\/produkt\/aroma-king-smart-2-pods-kiwi-strawberry-20mg\/\",\"name\":\"Aroma King SMART 2 Pods Kiwi Strawberry 20mg - Aroma King\",\"isPartOf\":{\"@id\":\"https:\/\/www.myaromaking.ch\/de\/#website\"},\"primaryImageOfPage\":{\"@id\":\"https:\/\/www.myaromaking.ch\/de\/shop\/produkt\/aroma-king-smart-2-pods-kiwi-strawberry-20mg\/#primaryimage\"},\"image\":{\"@id\":\"https:\/\/www.myaromaking.ch\/de\/shop\/produkt\/aroma-king-smart-2-pods-kiwi-strawberry-20mg\/#primaryimage\"},\"thumbnailUrl\":\"https:\/\/www.myaromaking.ch\/wp-content\/uploads\/ak-products_smart-duo-pod_kiwi-strawberry.webp\",\"datePublished\":\"2025-01-25T02:41:01+00:00\",\"dateModified\":\"2026-03-16T07:00:44+00:00\",\"breadcrumb\":{\"@id\":\"https:\/\/www.myaromaking.ch\/de\/shop\/produkt\/aroma-king-smart-2-pods-kiwi-strawberry-20mg\/#breadcrumb\"},\"inLanguage\":\"de\",\"potentialAction\":[{\"@type\":\"ReadAction\",\"target\":[\"https:\/\/www.myaromaking.ch\/de\/shop\/produkt\/aroma-king-smart-2-pods-kiwi-strawberry-20mg\/\"]}]},{\"@type\":\"ImageObject\",\"inLanguage\":\"de\",\"@id\":\"https:\/\/www.myaromaking.ch\/de\/shop\/produkt\/aroma-king-smart-2-pods-kiwi-strawberry-20mg\/#primaryimage\",\"url\":\"https:\/\/www.myaromaking.ch\/wp-content\/uploads\/ak-products_smart-duo-pod_kiwi-strawberry.webp\",\"contentUrl\":\"https:\/\/www.myaromaking.ch\/wp-content\/uploads\/ak-products_smart-duo-pod_kiwi-strawberry.webp\",\"width\":660,\"height\":660},{\"@type\":\"BreadcrumbList\",\"@id\":\"https:\/\/www.myaromaking.ch\/de\/shop\/produkt\/aroma-king-smart-2-pods-kiwi-strawberry-20mg\/#breadcrumb\",\"itemListElement\":[{\"@type\":\"ListItem\",\"position\":1,\"name\":\"Shop\",\"item\":\"https:\/\/www.myaromaking.ch\/de\/shop\/\"},{\"@type\":\"ListItem\",\"position\":2,\"name\":\"Smart &amp; Pods\",\"item\":\"https:\/\/www.myaromaking.ch\/de\/shop\/kategorie\/smart-pods\/\"},{\"@type\":\"ListItem\",\"position\":3,\"name\":\"Aroma King SMART 2 Pods Kiwi Strawberry 20mg\"}]},{\"@type\":\"WebSite\",\"@id\":\"https:\/\/www.myaromaking.ch\/de\/#website\",\"url\":\"https:\/\/www.myaromaking.ch\/de\/\",\"name\":\"Aroma King\",\"description\":\"Die nachhaltige Alternative zu Wegwerf-Pods\",\"publisher\":{\"@id\":\"https:\/\/www.myaromaking.ch\/de\/#organization\"},\"potentialAction\":[{\"@type\":\"SearchAction\",\"target\":{\"@type\":\"EntryPoint\",\"urlTemplate\":\"https:\/\/www.myaromaking.ch\/de\/?s={search_term_string}\"},\"query-input\":{\"@type\":\"PropertyValueSpecification\",\"valueRequired\":true,\"valueName\":\"search_term_string\"}}],\"inLanguage\":\"de\"},{\"@type\":\"Organization\",\"@id\":\"https:\/\/www.myaromaking.ch\/de\/#organization\",\"name\":\"Aroma King\",\"url\":\"https:\/\/www.myaromaking.ch\/de\/\",\"logo\":{\"@type\":\"ImageObject\",\"inLanguage\":\"de\",\"@id\":\"https:\/\/www.myaromaking.ch\/de\/#\/schema\/logo\/image\/\",\"url\":\"https:\/\/www.myaromaking.ch\/wp-content\/uploads\/\/aromaking-logo-symbol.svg\",\"contentUrl\":\"https:\/\/www.myaromaking.ch\/wp-content\/uploads\/\/aromaking-logo-symbol.svg\",\"width\":126,\"height\":220,\"caption\":\"Aroma King\"},\"image\":{\"@id\":\"https:\/\/www.myaromaking.ch\/de\/#\/schema\/logo\/image\/\"}}]}<\/script>\n<!-- \/ Yoast SEO plugin. -->","yoast_head_json":{"title":"Aroma King SMART 2 Pods Kiwi Strawberry 20mg - Aroma King","robots":{"index":"index","follow":"follow","max-snippet":"max-snippet:-1","max-image-preview":"max-image-preview:large","max-video-preview":"max-video-preview:-1"},"canonical":"https:\/\/www.myaromaking.ch\/de\/shop\/produkt\/aroma-king-smart-2-pods-kiwi-strawberry-20mg\/","og_locale":"de_DE","og_type":"article","og_title":"Aroma King SMART 2 Pods Kiwi Strawberry 20mg - Aroma King","og_description":"Entdecke den erfrischenden Geschmack von Aroma King Smart Kiwi Strawberry Diese Liquid Pods sind perfekt f\u00fcr Dein Vaping-Erlebnis. Mit dem s\u00fcssen und saftigen Aroma von reifer Kiwi Strawberry, kombiniert mit einer k\u00fchlen Note, sorgt dieses Liquid f\u00fcr einen einzigartigen und erfrischenden Genuss. Die Aroma King Smart Kiwi Strawberry Liquid Pods sind einfach zu verwenden und passen perfekt in Dein Vape-Ger\u00e4t. Dank der hochwertigen Inhaltsstoffe geniesst Du eine gleichm\u00e4ssige und intensive Geschmacksentfaltung bei jedem Zug. Egal, ob Du ein erfahrener Vaper oder ein Neuling bist, diese Liquid Pods bieten Dir ein unvergleichliches Dampferlebnis. G\u00f6nn Dir die exotische Frische von Kiwi Strawberry und lass Dich von der k\u00fchlenden Brise verzaubern! Perfekt f\u00fcr ein intensives Vaping-Erlebnis!","og_url":"https:\/\/www.myaromaking.ch\/de\/shop\/produkt\/aroma-king-smart-2-pods-kiwi-strawberry-20mg\/","og_site_name":"Aroma King","article_modified_time":"2026-03-16T07:00:44+00:00","og_image":[{"width":660,"height":660,"url":"https:\/\/www.myaromaking.ch\/wp-content\/uploads\/ak-products_smart-duo-pod_kiwi-strawberry.webp","type":"image\/webp"}],"twitter_card":"summary_large_image","schema":{"@context":"https:\/\/schema.org","@graph":[{"@type":"WebPage","@id":"https:\/\/www.myaromaking.ch\/de\/shop\/produkt\/aroma-king-smart-2-pods-kiwi-strawberry-20mg\/","url":"https:\/\/www.myaromaking.ch\/de\/shop\/produkt\/aroma-king-smart-2-pods-kiwi-strawberry-20mg\/","name":"Aroma King SMART 2 Pods Kiwi Strawberry 20mg - Aroma King","isPartOf":{"@id":"https:\/\/www.myaromaking.ch\/de\/#website"},"primaryImageOfPage":{"@id":"https:\/\/www.myaromaking.ch\/de\/shop\/produkt\/aroma-king-smart-2-pods-kiwi-strawberry-20mg\/#primaryimage"},"image":{"@id":"https:\/\/www.myaromaking.ch\/de\/shop\/produkt\/aroma-king-smart-2-pods-kiwi-strawberry-20mg\/#primaryimage"},"thumbnailUrl":"https:\/\/www.myaromaking.ch\/wp-content\/uploads\/ak-products_smart-duo-pod_kiwi-strawberry.webp","datePublished":"2025-01-25T02:41:01+00:00","dateModified":"2026-03-16T07:00:44+00:00","breadcrumb":{"@id":"https:\/\/www.myaromaking.ch\/de\/shop\/produkt\/aroma-king-smart-2-pods-kiwi-strawberry-20mg\/#breadcrumb"},"inLanguage":"de","potentialAction":[{"@type":"ReadAction","target":["https:\/\/www.myaromaking.ch\/de\/shop\/produkt\/aroma-king-smart-2-pods-kiwi-strawberry-20mg\/"]}]},{"@type":"ImageObject","inLanguage":"de","@id":"https:\/\/www.myaromaking.ch\/de\/shop\/produkt\/aroma-king-smart-2-pods-kiwi-strawberry-20mg\/#primaryimage","url":"https:\/\/www.myaromaking.ch\/wp-content\/uploads\/ak-products_smart-duo-pod_kiwi-strawberry.webp","contentUrl":"https:\/\/www.myaromaking.ch\/wp-content\/uploads\/ak-products_smart-duo-pod_kiwi-strawberry.webp","width":660,"height":660},{"@type":"BreadcrumbList","@id":"https:\/\/www.myaromaking.ch\/de\/shop\/produkt\/aroma-king-smart-2-pods-kiwi-strawberry-20mg\/#breadcrumb","itemListElement":[{"@type":"ListItem","position":1,"name":"Shop","item":"https:\/\/www.myaromaking.ch\/de\/shop\/"},{"@type":"ListItem","position":2,"name":"Smart &amp; Pods","item":"https:\/\/www.myaromaking.ch\/de\/shop\/kategorie\/smart-pods\/"},{"@type":"ListItem","position":3,"name":"Aroma King SMART 2 Pods Kiwi Strawberry 20mg"}]},{"@type":"WebSite","@id":"https:\/\/www.myaromaking.ch\/de\/#website","url":"https:\/\/www.myaromaking.ch\/de\/","name":"Aroma King","description":"Die nachhaltige Alternative zu Wegwerf-Pods","publisher":{"@id":"https:\/\/www.myaromaking.ch\/de\/#organization"},"potentialAction":[{"@type":"SearchAction","target":{"@type":"EntryPoint","urlTemplate":"https:\/\/www.myaromaking.ch\/de\/?s={search_term_string}"},"query-input":{"@type":"PropertyValueSpecification","valueRequired":true,"valueName":"search_term_string"}}],"inLanguage":"de"},{"@type":"Organization","@id":"https:\/\/www.myaromaking.ch\/de\/#organization","name":"Aroma King","url":"https:\/\/www.myaromaking.ch\/de\/","logo":{"@type":"ImageObject","inLanguage":"de","@id":"https:\/\/www.myaromaking.ch\/de\/#\/schema\/logo\/image\/","url":"https:\/\/www.myaromaking.ch\/wp-content\/uploads\/\/aromaking-logo-symbol.svg","contentUrl":"https:\/\/www.myaromaking.ch\/wp-content\/uploads\/\/aromaking-logo-symbol.svg","width":126,"height":220,"caption":"Aroma King"},"image":{"@id":"https:\/\/www.myaromaking.ch\/de\/#\/schema\/logo\/image\/"}}]}},"_links":{"self":[{"href":"https:\/\/www.myaromaking.ch\/de\/wp-json\/wp\/v2\/product\/180026","targetHints":{"allow":["GET"]}}],"collection":[{"href":"https:\/\/www.myaromaking.ch\/de\/wp-json\/wp\/v2\/product"}],"about":[{"href":"https:\/\/www.myaromaking.ch\/de\/wp-json\/wp\/v2\/types\/product"}],"replies":[{"embeddable":true,"href":"https:\/\/www.myaromaking.ch\/de\/wp-json\/wp\/v2\/comments?post=180026"}],"wp:featuredmedia":[{"embeddable":true,"href":"https:\/\/www.myaromaking.ch\/de\/wp-json\/wp\/v2\/media\/7798"}],"wp:attachment":[{"href":"https:\/\/www.myaromaking.ch\/de\/wp-json\/wp\/v2\/media?parent=180026"}],"wp:term":[{"taxonomy":"product_brand","embeddable":true,"href":"https:\/\/www.myaromaking.ch\/de\/wp-json\/wp\/v2\/product_brand?post=180026"},{"taxonomy":"product_cat","embeddable":true,"href":"https:\/\/www.myaromaking.ch\/de\/wp-json\/wp\/v2\/product_cat?post=180026"},{"taxonomy":"product_tag","embeddable":true,"href":"https:\/\/www.myaromaking.ch\/de\/wp-json\/wp\/v2\/product_tag?post=180026"}],"curies":[{"name":"wp","href":"https:\/\/api.w.org\/{rel}","templated":true}]}}