{"id":180063,"date":"2025-01-25T03:41:39","date_gmt":"2025-01-25T02:41:39","guid":{"rendered":"https:\/\/www.myaromaking.ch\/?post_type=product&#038;p=180063"},"modified":"2025-02-12T15:45:16","modified_gmt":"2025-02-12T14:45:16","slug":"aroma-king-e-shisha-energy-drink-0mg","status":"publish","type":"product","link":"https:\/\/www.myaromaking.ch\/de\/shop\/produkt\/aroma-king-e-shisha-energy-drink-0mg\/","title":{"rendered":"Aroma King E-Shisha Energy Drink 0mg"},"content":{"rendered":"<p>Aroma King pr\u00e4sentiert einen Einweg-Vape-Pen, der direkt aus der Verpackung heraus verwendet werden kann und eine hohe Leistung von bis zu 700 Z\u00fcgen bietet, ohne dass jemals nachgef\u00fcllt, aufgeladen oder Spulen gewechselt werden m\u00fcssen. Es gibt keinen Knopf, einfach den Filter aufsetzen, inhalieren und eine der 23 Aromen geniessen.<\/p>\n","protected":false},"excerpt":{"rendered":"<p>Aroma King pr\u00e4sentiert einen Einweg-Vape-Pen, der direkt aus der Verpackung heraus verwendet werden kann und eine hohe Leistung von bis zu 700 Z\u00fcgen bietet, ohne dass jemals nachgef\u00fcllt, aufgeladen oder Spulen gewechselt werden m\u00fcssen. Es gibt keinen Knopf, einfach den Filter aufsetzen, inhalieren und eine der 23 Aromen geniessen.<\/p>\n","protected":false},"featured_media":180180,"comment_status":"open","ping_status":"closed","template":"","meta":{"_acf_changed":false},"product_brand":[],"product_cat":[92],"product_tag":[],"class_list":{"0":"post-180063","1":"product","2":"type-product","3":"status-publish","4":"has-post-thumbnail","6":"product_cat-0mg-nic","8":"first","9":"instock","10":"taxable","11":"shipping-taxable","12":"purchasable","13":"product-type-simple"},"acf":[],"yoast_head":"<!-- This site is optimized with the Yoast SEO plugin v26.4 - https:\/\/yoast.com\/wordpress\/plugins\/seo\/ -->\n<title>Aroma King E-Shisha Energy Drink 0mg - Aroma King<\/title>\n<meta name=\"robots\" content=\"index, follow, max-snippet:-1, max-image-preview:large, max-video-preview:-1\" \/>\n<link rel=\"canonical\" href=\"https:\/\/www.myaromaking.ch\/de\/shop\/produkt\/aroma-king-e-shisha-energy-drink-0mg\/\" \/>\n<meta property=\"og:locale\" content=\"de_DE\" \/>\n<meta property=\"og:type\" content=\"article\" \/>\n<meta property=\"og:title\" content=\"Aroma King E-Shisha Energy Drink 0mg - Aroma King\" \/>\n<meta property=\"og:description\" content=\"Aroma King pr\u00e4sentiert einen Einweg-Vape-Pen, der direkt aus der Verpackung heraus verwendet werden kann und eine hohe Leistung von bis zu 700 Z\u00fcgen bietet, ohne dass jemals nachgef\u00fcllt, aufgeladen oder Spulen gewechselt werden m\u00fcssen. Es gibt keinen Knopf, einfach den Filter aufsetzen, inhalieren und eine der 23 Aromen geniessen.\" \/>\n<meta property=\"og:url\" content=\"https:\/\/www.myaromaking.ch\/de\/shop\/produkt\/aroma-king-e-shisha-energy-drink-0mg\/\" \/>\n<meta property=\"og:site_name\" content=\"Aroma King\" \/>\n<meta property=\"article:modified_time\" content=\"2025-02-12T14:45:16+00:00\" \/>\n<meta property=\"og:image\" content=\"https:\/\/www.myaromaking.ch\/wp-content\/uploads\/ak-products_0mg_energy-drink.webp\" \/>\n\t<meta property=\"og:image:width\" content=\"556\" \/>\n\t<meta property=\"og:image:height\" content=\"556\" \/>\n\t<meta property=\"og:image:type\" content=\"image\/webp\" \/>\n<meta name=\"twitter:card\" content=\"summary_large_image\" \/>\n<script type=\"application\/ld+json\" class=\"yoast-schema-graph\">{\"@context\":\"https:\/\/schema.org\",\"@graph\":[{\"@type\":\"WebPage\",\"@id\":\"https:\/\/www.myaromaking.ch\/de\/shop\/produkt\/aroma-king-e-shisha-energy-drink-0mg\/\",\"url\":\"https:\/\/www.myaromaking.ch\/de\/shop\/produkt\/aroma-king-e-shisha-energy-drink-0mg\/\",\"name\":\"Aroma King E-Shisha Energy Drink 0mg - Aroma King\",\"isPartOf\":{\"@id\":\"https:\/\/www.myaromaking.ch\/de\/#website\"},\"primaryImageOfPage\":{\"@id\":\"https:\/\/www.myaromaking.ch\/de\/shop\/produkt\/aroma-king-e-shisha-energy-drink-0mg\/#primaryimage\"},\"image\":{\"@id\":\"https:\/\/www.myaromaking.ch\/de\/shop\/produkt\/aroma-king-e-shisha-energy-drink-0mg\/#primaryimage\"},\"thumbnailUrl\":\"https:\/\/www.myaromaking.ch\/wp-content\/uploads\/ak-products_0mg_energy-drink.webp\",\"datePublished\":\"2025-01-25T02:41:39+00:00\",\"dateModified\":\"2025-02-12T14:45:16+00:00\",\"breadcrumb\":{\"@id\":\"https:\/\/www.myaromaking.ch\/de\/shop\/produkt\/aroma-king-e-shisha-energy-drink-0mg\/#breadcrumb\"},\"inLanguage\":\"de\",\"potentialAction\":[{\"@type\":\"ReadAction\",\"target\":[\"https:\/\/www.myaromaking.ch\/de\/shop\/produkt\/aroma-king-e-shisha-energy-drink-0mg\/\"]}]},{\"@type\":\"ImageObject\",\"inLanguage\":\"de\",\"@id\":\"https:\/\/www.myaromaking.ch\/de\/shop\/produkt\/aroma-king-e-shisha-energy-drink-0mg\/#primaryimage\",\"url\":\"https:\/\/www.myaromaking.ch\/wp-content\/uploads\/ak-products_0mg_energy-drink.webp\",\"contentUrl\":\"https:\/\/www.myaromaking.ch\/wp-content\/uploads\/ak-products_0mg_energy-drink.webp\",\"width\":556,\"height\":556},{\"@type\":\"BreadcrumbList\",\"@id\":\"https:\/\/www.myaromaking.ch\/de\/shop\/produkt\/aroma-king-e-shisha-energy-drink-0mg\/#breadcrumb\",\"itemListElement\":[{\"@type\":\"ListItem\",\"position\":1,\"name\":\"Shop\",\"item\":\"https:\/\/www.myaromaking.ch\/de\/shop\/\"},{\"@type\":\"ListItem\",\"position\":2,\"name\":\"0mg Nic.\",\"item\":\"https:\/\/www.myaromaking.ch\/de\/shop\/kategorie\/0mg-nic\/\"},{\"@type\":\"ListItem\",\"position\":3,\"name\":\"Aroma King E-Shisha Energy Drink 0mg\"}]},{\"@type\":\"WebSite\",\"@id\":\"https:\/\/www.myaromaking.ch\/de\/#website\",\"url\":\"https:\/\/www.myaromaking.ch\/de\/\",\"name\":\"Aroma King\",\"description\":\"Die nachhaltige Alternative zu Wegwerf-Pods\",\"publisher\":{\"@id\":\"https:\/\/www.myaromaking.ch\/de\/#organization\"},\"potentialAction\":[{\"@type\":\"SearchAction\",\"target\":{\"@type\":\"EntryPoint\",\"urlTemplate\":\"https:\/\/www.myaromaking.ch\/de\/?s={search_term_string}\"},\"query-input\":{\"@type\":\"PropertyValueSpecification\",\"valueRequired\":true,\"valueName\":\"search_term_string\"}}],\"inLanguage\":\"de\"},{\"@type\":\"Organization\",\"@id\":\"https:\/\/www.myaromaking.ch\/de\/#organization\",\"name\":\"Aroma King\",\"url\":\"https:\/\/www.myaromaking.ch\/de\/\",\"logo\":{\"@type\":\"ImageObject\",\"inLanguage\":\"de\",\"@id\":\"https:\/\/www.myaromaking.ch\/de\/#\/schema\/logo\/image\/\",\"url\":\"https:\/\/www.myaromaking.ch\/wp-content\/uploads\/\/aromaking-logo-symbol.svg\",\"contentUrl\":\"https:\/\/www.myaromaking.ch\/wp-content\/uploads\/\/aromaking-logo-symbol.svg\",\"width\":126,\"height\":220,\"caption\":\"Aroma King\"},\"image\":{\"@id\":\"https:\/\/www.myaromaking.ch\/de\/#\/schema\/logo\/image\/\"}}]}<\/script>\n<!-- \/ Yoast SEO plugin. -->","yoast_head_json":{"title":"Aroma King E-Shisha Energy Drink 0mg - Aroma King","robots":{"index":"index","follow":"follow","max-snippet":"max-snippet:-1","max-image-preview":"max-image-preview:large","max-video-preview":"max-video-preview:-1"},"canonical":"https:\/\/www.myaromaking.ch\/de\/shop\/produkt\/aroma-king-e-shisha-energy-drink-0mg\/","og_locale":"de_DE","og_type":"article","og_title":"Aroma King E-Shisha Energy Drink 0mg - Aroma King","og_description":"Aroma King pr\u00e4sentiert einen Einweg-Vape-Pen, der direkt aus der Verpackung heraus verwendet werden kann und eine hohe Leistung von bis zu 700 Z\u00fcgen bietet, ohne dass jemals nachgef\u00fcllt, aufgeladen oder Spulen gewechselt werden m\u00fcssen. Es gibt keinen Knopf, einfach den Filter aufsetzen, inhalieren und eine der 23 Aromen geniessen.","og_url":"https:\/\/www.myaromaking.ch\/de\/shop\/produkt\/aroma-king-e-shisha-energy-drink-0mg\/","og_site_name":"Aroma King","article_modified_time":"2025-02-12T14:45:16+00:00","og_image":[{"width":556,"height":556,"url":"https:\/\/www.myaromaking.ch\/wp-content\/uploads\/ak-products_0mg_energy-drink.webp","type":"image\/webp"}],"twitter_card":"summary_large_image","schema":{"@context":"https:\/\/schema.org","@graph":[{"@type":"WebPage","@id":"https:\/\/www.myaromaking.ch\/de\/shop\/produkt\/aroma-king-e-shisha-energy-drink-0mg\/","url":"https:\/\/www.myaromaking.ch\/de\/shop\/produkt\/aroma-king-e-shisha-energy-drink-0mg\/","name":"Aroma King E-Shisha Energy Drink 0mg - Aroma King","isPartOf":{"@id":"https:\/\/www.myaromaking.ch\/de\/#website"},"primaryImageOfPage":{"@id":"https:\/\/www.myaromaking.ch\/de\/shop\/produkt\/aroma-king-e-shisha-energy-drink-0mg\/#primaryimage"},"image":{"@id":"https:\/\/www.myaromaking.ch\/de\/shop\/produkt\/aroma-king-e-shisha-energy-drink-0mg\/#primaryimage"},"thumbnailUrl":"https:\/\/www.myaromaking.ch\/wp-content\/uploads\/ak-products_0mg_energy-drink.webp","datePublished":"2025-01-25T02:41:39+00:00","dateModified":"2025-02-12T14:45:16+00:00","breadcrumb":{"@id":"https:\/\/www.myaromaking.ch\/de\/shop\/produkt\/aroma-king-e-shisha-energy-drink-0mg\/#breadcrumb"},"inLanguage":"de","potentialAction":[{"@type":"ReadAction","target":["https:\/\/www.myaromaking.ch\/de\/shop\/produkt\/aroma-king-e-shisha-energy-drink-0mg\/"]}]},{"@type":"ImageObject","inLanguage":"de","@id":"https:\/\/www.myaromaking.ch\/de\/shop\/produkt\/aroma-king-e-shisha-energy-drink-0mg\/#primaryimage","url":"https:\/\/www.myaromaking.ch\/wp-content\/uploads\/ak-products_0mg_energy-drink.webp","contentUrl":"https:\/\/www.myaromaking.ch\/wp-content\/uploads\/ak-products_0mg_energy-drink.webp","width":556,"height":556},{"@type":"BreadcrumbList","@id":"https:\/\/www.myaromaking.ch\/de\/shop\/produkt\/aroma-king-e-shisha-energy-drink-0mg\/#breadcrumb","itemListElement":[{"@type":"ListItem","position":1,"name":"Shop","item":"https:\/\/www.myaromaking.ch\/de\/shop\/"},{"@type":"ListItem","position":2,"name":"0mg Nic.","item":"https:\/\/www.myaromaking.ch\/de\/shop\/kategorie\/0mg-nic\/"},{"@type":"ListItem","position":3,"name":"Aroma King E-Shisha Energy Drink 0mg"}]},{"@type":"WebSite","@id":"https:\/\/www.myaromaking.ch\/de\/#website","url":"https:\/\/www.myaromaking.ch\/de\/","name":"Aroma King","description":"Die nachhaltige Alternative zu Wegwerf-Pods","publisher":{"@id":"https:\/\/www.myaromaking.ch\/de\/#organization"},"potentialAction":[{"@type":"SearchAction","target":{"@type":"EntryPoint","urlTemplate":"https:\/\/www.myaromaking.ch\/de\/?s={search_term_string}"},"query-input":{"@type":"PropertyValueSpecification","valueRequired":true,"valueName":"search_term_string"}}],"inLanguage":"de"},{"@type":"Organization","@id":"https:\/\/www.myaromaking.ch\/de\/#organization","name":"Aroma King","url":"https:\/\/www.myaromaking.ch\/de\/","logo":{"@type":"ImageObject","inLanguage":"de","@id":"https:\/\/www.myaromaking.ch\/de\/#\/schema\/logo\/image\/","url":"https:\/\/www.myaromaking.ch\/wp-content\/uploads\/\/aromaking-logo-symbol.svg","contentUrl":"https:\/\/www.myaromaking.ch\/wp-content\/uploads\/\/aromaking-logo-symbol.svg","width":126,"height":220,"caption":"Aroma King"},"image":{"@id":"https:\/\/www.myaromaking.ch\/de\/#\/schema\/logo\/image\/"}}]}},"_links":{"self":[{"href":"https:\/\/www.myaromaking.ch\/de\/wp-json\/wp\/v2\/product\/180063","targetHints":{"allow":["GET"]}}],"collection":[{"href":"https:\/\/www.myaromaking.ch\/de\/wp-json\/wp\/v2\/product"}],"about":[{"href":"https:\/\/www.myaromaking.ch\/de\/wp-json\/wp\/v2\/types\/product"}],"replies":[{"embeddable":true,"href":"https:\/\/www.myaromaking.ch\/de\/wp-json\/wp\/v2\/comments?post=180063"}],"wp:featuredmedia":[{"embeddable":true,"href":"https:\/\/www.myaromaking.ch\/de\/wp-json\/wp\/v2\/media\/180180"}],"wp:attachment":[{"href":"https:\/\/www.myaromaking.ch\/de\/wp-json\/wp\/v2\/media?parent=180063"}],"wp:term":[{"taxonomy":"product_brand","embeddable":true,"href":"https:\/\/www.myaromaking.ch\/de\/wp-json\/wp\/v2\/product_brand?post=180063"},{"taxonomy":"product_cat","embeddable":true,"href":"https:\/\/www.myaromaking.ch\/de\/wp-json\/wp\/v2\/product_cat?post=180063"},{"taxonomy":"product_tag","embeddable":true,"href":"https:\/\/www.myaromaking.ch\/de\/wp-json\/wp\/v2\/product_tag?post=180063"}],"curies":[{"name":"wp","href":"https:\/\/api.w.org\/{rel}","templated":true}]}}