{"id":180825,"date":"2024-01-26T19:22:03","date_gmt":"2024-01-26T18:22:03","guid":{"rendered":"https:\/\/www.myaromaking.ch\/?page_id=180825"},"modified":"2025-04-28T18:25:50","modified_gmt":"2025-04-28T17:25:50","slug":"mentions-legales","status":"publish","type":"page","link":"https:\/\/www.myaromaking.ch\/fr\/mentions-legales\/","title":{"rendered":"Mentions l\u00e9gales"},"content":{"rendered":"\n<p>Next Tr\u00f6ber AG<br\/>St. Jakobs-Strasse 191, 4052 B\u00e2le<\/p>\n\n<p>Repr\u00e9sent\u00e9 par le directeur g\u00e9n\u00e9ral Patrick Fiechter<\/p>\n\n<p>Telefon: +41 61 272 40 30<br\/>Email: <a href=\"mailto:info@next-switzerland.ch\" target=\"_blank\" rel=\"noreferrer noopener nofollow\">info@next-switzerland.ch<\/a><\/p>\n\n<p>enregistr\u00e9 au tribunal d&rsquo;instance de B\u00e2le, num\u00e9ro de registre : CH-280.4.016.770-7<\/p>\n\n<p>Num\u00e9ro d&rsquo;identification de la taxe sur le chiffre d&rsquo;affaires (UID) : CHE-143.707.172<\/p>\n","protected":false},"excerpt":{"rendered":"<p>Next Tr\u00f6ber AGSt. Jakobs-Strasse 191, 4052 B\u00e2le Repr\u00e9sent\u00e9 par le directeur g\u00e9n\u00e9ral Patrick Fiechter Telefon: +41 61 272 40 30Email: info@next-switzerland.ch enregistr\u00e9 au tribunal d&rsquo;instance de B\u00e2le, num\u00e9ro de registre : CH-280.4.016.770-7 Num\u00e9ro d&rsquo;identification de la taxe sur le chiffre d&rsquo;affaires (UID) : CHE-143.707.172<\/p>\n","protected":false},"author":2,"featured_media":0,"parent":0,"menu_order":0,"comment_status":"closed","ping_status":"closed","template":"","meta":{"_acf_changed":false,"footnotes":""},"class_list":["post-180825","page","type-page","status-publish","hentry"],"acf":[],"yoast_head":"<!-- This site is optimized with the Yoast SEO plugin v26.4 - https:\/\/yoast.com\/wordpress\/plugins\/seo\/ -->\n<title>Mentions l\u00e9gales - Aroma King<\/title>\n<meta name=\"robots\" content=\"index, follow, max-snippet:-1, max-image-preview:large, max-video-preview:-1\" \/>\n<link rel=\"canonical\" href=\"https:\/\/www.myaromaking.ch\/fr\/mentions-legales\/\" \/>\n<meta property=\"og:locale\" content=\"fr_FR\" \/>\n<meta property=\"og:type\" content=\"article\" \/>\n<meta property=\"og:title\" content=\"Mentions l\u00e9gales - Aroma King\" \/>\n<meta property=\"og:description\" content=\"Next Tr\u00f6ber AGSt. Jakobs-Strasse 191, 4052 B\u00e2le Repr\u00e9sent\u00e9 par le directeur g\u00e9n\u00e9ral Patrick Fiechter Telefon: +41 61 272 40 30Email: info@next-switzerland.ch enregistr\u00e9 au tribunal d&rsquo;instance de B\u00e2le, num\u00e9ro de registre : CH-280.4.016.770-7 Num\u00e9ro d&rsquo;identification de la taxe sur le chiffre d&rsquo;affaires (UID) : CHE-143.707.172\" \/>\n<meta property=\"og:url\" content=\"https:\/\/www.myaromaking.ch\/fr\/mentions-legales\/\" \/>\n<meta property=\"og:site_name\" content=\"Aroma King\" \/>\n<meta property=\"article:modified_time\" content=\"2025-04-28T17:25:50+00:00\" \/>\n<meta name=\"twitter:card\" content=\"summary_large_image\" \/>\n<script type=\"application\/ld+json\" class=\"yoast-schema-graph\">{\"@context\":\"https:\/\/schema.org\",\"@graph\":[{\"@type\":\"WebPage\",\"@id\":\"https:\/\/www.myaromaking.ch\/fr\/mentions-legales\/\",\"url\":\"https:\/\/www.myaromaking.ch\/fr\/mentions-legales\/\",\"name\":\"Mentions l\u00e9gales - Aroma King\",\"isPartOf\":{\"@id\":\"https:\/\/www.myaromaking.ch\/fr\/#website\"},\"datePublished\":\"2024-01-26T18:22:03+00:00\",\"dateModified\":\"2025-04-28T17:25:50+00:00\",\"inLanguage\":\"fr-FR\",\"potentialAction\":[{\"@type\":\"ReadAction\",\"target\":[\"https:\/\/www.myaromaking.ch\/fr\/mentions-legales\/\"]}]},{\"@type\":\"WebSite\",\"@id\":\"https:\/\/www.myaromaking.ch\/fr\/#website\",\"url\":\"https:\/\/www.myaromaking.ch\/fr\/\",\"name\":\"Aroma King\",\"description\":\"Die nachhaltige Alternative zu Wegwerf-Pods\",\"publisher\":{\"@id\":\"https:\/\/www.myaromaking.ch\/fr\/#organization\"},\"potentialAction\":[{\"@type\":\"SearchAction\",\"target\":{\"@type\":\"EntryPoint\",\"urlTemplate\":\"https:\/\/www.myaromaking.ch\/fr\/?s={search_term_string}\"},\"query-input\":{\"@type\":\"PropertyValueSpecification\",\"valueRequired\":true,\"valueName\":\"search_term_string\"}}],\"inLanguage\":\"fr-FR\"},{\"@type\":\"Organization\",\"@id\":\"https:\/\/www.myaromaking.ch\/fr\/#organization\",\"name\":\"Aroma King\",\"url\":\"https:\/\/www.myaromaking.ch\/fr\/\",\"logo\":{\"@type\":\"ImageObject\",\"inLanguage\":\"fr-FR\",\"@id\":\"https:\/\/www.myaromaking.ch\/fr\/#\/schema\/logo\/image\/\",\"url\":\"https:\/\/www.myaromaking.ch\/wp-content\/uploads\/\/aromaking-logo-symbol.svg\",\"contentUrl\":\"https:\/\/www.myaromaking.ch\/wp-content\/uploads\/\/aromaking-logo-symbol.svg\",\"width\":126,\"height\":220,\"caption\":\"Aroma King\"},\"image\":{\"@id\":\"https:\/\/www.myaromaking.ch\/fr\/#\/schema\/logo\/image\/\"}}]}<\/script>\n<!-- \/ Yoast SEO plugin. -->","yoast_head_json":{"title":"Mentions l\u00e9gales - Aroma King","robots":{"index":"index","follow":"follow","max-snippet":"max-snippet:-1","max-image-preview":"max-image-preview:large","max-video-preview":"max-video-preview:-1"},"canonical":"https:\/\/www.myaromaking.ch\/fr\/mentions-legales\/","og_locale":"fr_FR","og_type":"article","og_title":"Mentions l\u00e9gales - Aroma King","og_description":"Next Tr\u00f6ber AGSt. Jakobs-Strasse 191, 4052 B\u00e2le Repr\u00e9sent\u00e9 par le directeur g\u00e9n\u00e9ral Patrick Fiechter Telefon: +41 61 272 40 30Email: info@next-switzerland.ch enregistr\u00e9 au tribunal d&rsquo;instance de B\u00e2le, num\u00e9ro de registre : CH-280.4.016.770-7 Num\u00e9ro d&rsquo;identification de la taxe sur le chiffre d&rsquo;affaires (UID) : CHE-143.707.172","og_url":"https:\/\/www.myaromaking.ch\/fr\/mentions-legales\/","og_site_name":"Aroma King","article_modified_time":"2025-04-28T17:25:50+00:00","twitter_card":"summary_large_image","schema":{"@context":"https:\/\/schema.org","@graph":[{"@type":"WebPage","@id":"https:\/\/www.myaromaking.ch\/fr\/mentions-legales\/","url":"https:\/\/www.myaromaking.ch\/fr\/mentions-legales\/","name":"Mentions l\u00e9gales - Aroma King","isPartOf":{"@id":"https:\/\/www.myaromaking.ch\/fr\/#website"},"datePublished":"2024-01-26T18:22:03+00:00","dateModified":"2025-04-28T17:25:50+00:00","inLanguage":"fr-FR","potentialAction":[{"@type":"ReadAction","target":["https:\/\/www.myaromaking.ch\/fr\/mentions-legales\/"]}]},{"@type":"WebSite","@id":"https:\/\/www.myaromaking.ch\/fr\/#website","url":"https:\/\/www.myaromaking.ch\/fr\/","name":"Aroma King","description":"Die nachhaltige Alternative zu Wegwerf-Pods","publisher":{"@id":"https:\/\/www.myaromaking.ch\/fr\/#organization"},"potentialAction":[{"@type":"SearchAction","target":{"@type":"EntryPoint","urlTemplate":"https:\/\/www.myaromaking.ch\/fr\/?s={search_term_string}"},"query-input":{"@type":"PropertyValueSpecification","valueRequired":true,"valueName":"search_term_string"}}],"inLanguage":"fr-FR"},{"@type":"Organization","@id":"https:\/\/www.myaromaking.ch\/fr\/#organization","name":"Aroma King","url":"https:\/\/www.myaromaking.ch\/fr\/","logo":{"@type":"ImageObject","inLanguage":"fr-FR","@id":"https:\/\/www.myaromaking.ch\/fr\/#\/schema\/logo\/image\/","url":"https:\/\/www.myaromaking.ch\/wp-content\/uploads\/\/aromaking-logo-symbol.svg","contentUrl":"https:\/\/www.myaromaking.ch\/wp-content\/uploads\/\/aromaking-logo-symbol.svg","width":126,"height":220,"caption":"Aroma King"},"image":{"@id":"https:\/\/www.myaromaking.ch\/fr\/#\/schema\/logo\/image\/"}}]}},"_links":{"self":[{"href":"https:\/\/www.myaromaking.ch\/fr\/wp-json\/wp\/v2\/pages\/180825","targetHints":{"allow":["GET"]}}],"collection":[{"href":"https:\/\/www.myaromaking.ch\/fr\/wp-json\/wp\/v2\/pages"}],"about":[{"href":"https:\/\/www.myaromaking.ch\/fr\/wp-json\/wp\/v2\/types\/page"}],"author":[{"embeddable":true,"href":"https:\/\/www.myaromaking.ch\/fr\/wp-json\/wp\/v2\/users\/2"}],"replies":[{"embeddable":true,"href":"https:\/\/www.myaromaking.ch\/fr\/wp-json\/wp\/v2\/comments?post=180825"}],"version-history":[{"count":0,"href":"https:\/\/www.myaromaking.ch\/fr\/wp-json\/wp\/v2\/pages\/180825\/revisions"}],"wp:attachment":[{"href":"https:\/\/www.myaromaking.ch\/fr\/wp-json\/wp\/v2\/media?parent=180825"}],"curies":[{"name":"wp","href":"https:\/\/api.w.org\/{rel}","templated":true}]}}