{"id":180853,"date":"2024-08-02T15:29:12","date_gmt":"2024-08-02T14:29:12","guid":{"rendered":"https:\/\/www.myaromaking.ch\/?page_id=180853"},"modified":"2025-04-28T19:54:27","modified_gmt":"2025-04-28T18:54:27","slug":"conditions-generales-de-vente","status":"publish","type":"page","link":"https:\/\/www.myaromaking.ch\/fr\/conditions-generales-de-vente\/","title":{"rendered":"Conditions g\u00e9n\u00e9rales de vente (CGV)"},"content":{"rendered":"\n<h3 class=\"wp-block-heading warning\">Limite d&rsquo;\u00e2ge 18+<\/h3>\n\n<p class=\"warning\"><strong>Les personnes de moins de 18 ans ne sont pas autoris\u00e9es \u00e0 passer des commandes sur le site. Next Tr\u00f6ber AG se r\u00e9serve le droit de refuser d&rsquo;ex\u00e9cuter une commande si des irr\u00e9gularit\u00e9s ou un abus de notre fonction de commande sont suspect\u00e9s.<\/strong><\/p>\n\n<h3 class=\"wp-block-heading\">1. Objet du contrat<\/h3>\n\n<p>Next Tr\u00f6ber AG, en tant qu&rsquo;exploitant du site www.myaromaking.ch, vend exclusivement \u00e0 des clients priv\u00e9s domicili\u00e9s en Suisse et au Liechtenstein (ci-apr\u00e8s d\u00e9nomm\u00e9s \u00abclient\u00bb) les produits disponibles dans la boutique en ligne, aux conditions de livraison et de vente (CGV) mentionn\u00e9es ci-apr\u00e8s.<\/p>\n\n<h3 class=\"wp-block-heading\">2. Conclusion du contrat<\/h3>\n\n<p>Le contrat entre le client et Next Tr\u00f6ber AG n&rsquo;est conclu que par une commande du client et l&rsquo;acceptation de la commande par Next Tr\u00f6ber AG. La commande du client a lieu lors de la commande dans la boutique en ligne. Next Tr\u00f6ber AG accepte la commande en envoyant au client une confirmation de commande par e-mail ou en livrant la marchandise command\u00e9e.<\/p>\n\n<h3 class=\"wp-block-heading\">3. Offre de produits<\/h3>\n\n<p>Toutes les informations sur les produits que le client re\u00e7oit dans le cadre du processus de commande sont sans engagement. En particulier, les modifications et les erreurs de description, d&rsquo;illustration et de prix sont r\u00e9serv\u00e9es.<\/p>\n\n<h3 class=\"wp-block-heading\">4. Conditions de paiement<\/h3>\n\n<p>Sauf indication contraire, tous les prix s&rsquo;entendent en francs suisses (CHF), y compris la TVA suisse de 8.1% uet les droits de douane\/taxes sur le tabac pay\u00e9s \u00e0 l&rsquo;importation. Cela signifie qu&rsquo;il n&rsquo;y a pas de frais suppl\u00e9mentaires pour le client. Next Tr\u00f6ber AG se r\u00e9serve le droit de ne livrer les clients, m\u00eame existants, que par paiement anticip\u00e9, TWINT ou carte de cr\u00e9dit. Next Tr\u00f6ber AG est en droit de modifier \u00e0 tout moment les prix et les frais de livraison, ainsi que de r\u00e9silier le contrat en cas d&rsquo;erreur d&rsquo;\u00e9criture, d&rsquo;impression ou de calcul.<\/p>\n\n<h3 class=\"wp-block-heading\">5. Conditions de livraison<\/h3>\n\n<p>Si les produits sont en stock, ils seront livr\u00e9s \u00e0 l&rsquo;adresse indiqu\u00e9e par le client dans un d\u00e9lai d&rsquo;un jour ouvrable (au plus tard \u00e0 17h00 pour les commandes). La livraison de la marchandise se fait (\u00e0 partir du quai de chargement) aux risques du client, et ce m\u00eame si des livraisons partielles sont effectu\u00e9es. En cas de dommages visibles \u00e0 l&rsquo;ext\u00e9rieur de la marchandise command\u00e9e, le r\u00e8glement des dommages ne se fait que sur pr\u00e9sentation d&rsquo;une attestation du transporteur concern\u00e9. Le d\u00e9lai de livraison indiqu\u00e9 peut diff\u00e9rer de la dur\u00e9e r\u00e9elle, notamment en cas de surcharge du r\u00e9seau postal suisse.<\/p>\n\n<h3 class=\"wp-block-heading\">6. R\u00e9serve de propri\u00e9t\u00e9<\/h3>\n\n<p>Les marchandises livr\u00e9es restent la propri\u00e9t\u00e9 de Next Tr\u00f6ber AG jusqu&rsquo;\u00e0 leur paiement int\u00e9gral. Celle-ci est en droit de proc\u00e9der \u00e0 une inscription correspondante dans le registre des pactes de r\u00e9serve de propri\u00e9t\u00e9. Si le client est en retard dans le paiement du prix d&rsquo;achat, Next Tr\u00f6ber AG est en droit de r\u00e9silier le contrat (d\u00e9claration de r\u00e9siliation) et de reprendre la marchandise en sa possession.<\/p>\n\n<h3 class=\"wp-block-heading\">7. Droit de retour<\/h3>\n\n<p>Dans le commerce en ligne, le client a normalement le droit d&rsquo;annuler la conclusion du contrat sans donner de raison dans un d\u00e9lai de 14 jours ouvrables et de renvoyer le produit. Mais ce droit de r\u00e9tractation ne s&rsquo;applique pas \u00e0 la vape, car ces produits sont consid\u00e9r\u00e9s comme des marchandises \u00e9ph\u00e9m\u00e8res avec une dur\u00e9e de conservation limit\u00e9e.<\/p>\n\n<h3 class=\"wp-block-heading\">8. Propri\u00e9t\u00e9 intellectuelle<\/h3>\n\n<p>Next Tr\u00f6ber AG se r\u00e9serve tous les droits sur chaque design, texte et graphique de son site web. La copie ou toute autre forme de reproduction de tout ou partie de ce site n&rsquo;est autoris\u00e9e que dans le but de passer une commande aupr\u00e8s de Next Tr\u00f6ber AG. La marque Aroma King, ainsi que les graphiques et les produits de ce site sont des marques d\u00e9pos\u00e9es. Toutes les autres marques, noms de produits ou noms ou logos d&rsquo;entreprises cit\u00e9s sur ce site sont la propri\u00e9t\u00e9 exclusive de leurs d\u00e9tenteurs respectifs.<\/p>\n\n<h3 class=\"wp-block-heading\">9. Protection des donn\u00e9es<\/h3>\n\n<p>Next Tr\u00f6ber AG assure que lors de la collecte, du traitement et de l&rsquo;utilisation des donn\u00e9es personnelles, elle respecte les dispositions de la loi suisse sur la protection des donn\u00e9es et les normes juridiques correspondantes. Les donn\u00e9es des clients obtenues lors du traitement des commandes et\/ou de l&rsquo;ouverture d&rsquo;un compte client ne sont utilis\u00e9es qu&rsquo;\u00e0 des fins internes. Une transmission \u00e0 des tiers et\/ou \u00e0 des entreprises partenaires n&rsquo;a lieu que dans la mesure o\u00f9 elle est absolument n\u00e9cessaire \u00e0 la fourniture correcte du service (traitement de la commande). Le client accepte cette utilisation de ses donn\u00e9es. Sur demande, il a le droit de consulter \u00e0 tout moment les donn\u00e9es enregistr\u00e9es \u00e0 son sujet.<\/p>\n\n<p>Les pr\u00e9sentes CGV et les contrats conclus sur la base de ces CGV sont soumis au droit suisse, \u00e0 l&rsquo;exclusion de la Convention des Nations Unies sur les contrats de vente internationale de marchandises (CVIM). Le lieu de juridiction est B\u00e2le.<\/p>\n\n<h3 class=\"wp-block-heading\">10. Dispositions finales<\/h3>\n\n<p>Lors de la vente des marchandises sp\u00e9cifi\u00e9es dans la boutique en ligne de Next Tr\u00f6ber AG, les CGV s&rsquo;appliquent exclusivement dans leur version en vigueur au moment de la conclusion du contrat correspondant. Ces conditions g\u00e9n\u00e9rales de vente s&rsquo;appliquent en particulier m\u00eame si elles diff\u00e8rent de celles du client. Next Tr\u00f6ber AG se r\u00e9serve le droit de modifier \u00e0 tout moment ces conditions g\u00e9n\u00e9rales de vente.<\/p>\n\n<h2 class=\"wp-block-heading\">Clause de non-responsabilit\u00e9<\/h2>\n\n<h3 class=\"wp-block-heading\">1. Contenu de l&rsquo;offre en ligne<\/h3>\n\n<p>L&rsquo;auteur ne garantit pas l&rsquo;actualit\u00e9, l&rsquo;exactitude, l&rsquo;exhaustivit\u00e9 ou la qualit\u00e9 des informations fournies. La responsabilit\u00e9 de l&rsquo;auteur ne peut \u00eatre engag\u00e9e pour des dommages mat\u00e9riels ou immat\u00e9riels caus\u00e9s par l&rsquo;utilisation ou la non-utilisation des informations propos\u00e9es ou par l&rsquo;utilisation d&rsquo;informations erron\u00e9es ou incompl\u00e8tes, \u00e0 moins qu&rsquo;il ne soit prouv\u00e9 que l&rsquo;auteur a commis une faute intentionnelle ou une n\u00e9gligence grave. Toutes les offres sont sans engagement et non contractuelles. L&rsquo;auteur se r\u00e9serve express\u00e9ment le droit de modifier, de compl\u00e9ter ou de supprimer des parties de pages ou l&rsquo;ensemble de l&rsquo;offre sans avis pr\u00e9alable, ou d&rsquo;en suspendre temporairement ou d\u00e9finitivement la publication.<\/p>\n\n<h3 class=\"wp-block-heading\">2. R\u00e9f\u00e9rences et liens<\/h3>\n\n<p>En cas de renvois directs ou indirects \u00e0 des sites Internet externes (\u00ab\u00a0hyperliens\u00a0\u00bb) qui ne rel\u00e8vent pas de la responsabilit\u00e9 de l&rsquo;auteur, une obligation de responsabilit\u00e9 entrerait uniquement en vigueur si l&rsquo;auteur avait connaissance des contenus et qu&rsquo;il lui serait techniquement possible et raisonnable d&#8217;emp\u00eacher l&rsquo;utilisation en cas de contenus ill\u00e9gaux. L&rsquo;auteur d\u00e9clare express\u00e9ment qu&rsquo;au moment de l&rsquo;\u00e9tablissement des liens, aucun contenu ill\u00e9gal n&rsquo;\u00e9tait identifiable sur les pages \u00e0 relier. L&rsquo;auteur n&rsquo;a aucune influence sur la conception actuelle et future, les contenus ou la paternit\u00e9 des pages li\u00e9es\/associ\u00e9es. C&rsquo;est pourquoi il se distancie express\u00e9ment de tous les contenus de toutes les pages li\u00e9es\/associ\u00e9es qui ont \u00e9t\u00e9 modifi\u00e9es apr\u00e8s la cr\u00e9ation du lien. Cette constatation s&rsquo;applique \u00e0 tous les liens et r\u00e9f\u00e9rences plac\u00e9s dans l&rsquo;offre Internet de l&rsquo;auteur ainsi qu&rsquo;aux inscriptions de tiers dans les livres d&rsquo;or, forums de discussion, r\u00e9pertoires de liens, listes de diffusion et toutes autres formes de bases de donn\u00e9es cr\u00e9\u00e9es par l&rsquo;auteur et dont le contenu est accessible en \u00e9criture de l&rsquo;ext\u00e9rieur. Seul le fournisseur de la page \u00e0 laquelle il est fait r\u00e9f\u00e9rence est responsable des contenus ill\u00e9gaux, erron\u00e9s ou incomplets et en particulier des dommages r\u00e9sultant de l&rsquo;utilisation ou de la non-utilisation des informations ainsi pr\u00e9sent\u00e9es, et non celui qui ne fait que renvoyer \u00e0 la publication concern\u00e9e par le biais de liens.<\/p>\n\n<h3 class=\"wp-block-heading\">3. Droit d&rsquo;auteur et droit des marques<\/h3>\n\n<p>L&rsquo;auteur s&rsquo;efforce de respecter les droits d&rsquo;auteur des images, graphiques, documents sonores, s\u00e9quences vid\u00e9o et textes utilis\u00e9s dans toutes les publications, d&rsquo;utiliser des images, graphiques, documents sonores, s\u00e9quences vid\u00e9o et textes qu&rsquo;il a lui-m\u00eame cr\u00e9\u00e9s ou d&rsquo;avoir recours \u00e0 des graphiques, documents sonores, s\u00e9quences vid\u00e9o et textes libres de droits. Toutes les marques et marques d\u00e9pos\u00e9es mentionn\u00e9es dans l&rsquo;offre Internet et \u00e9ventuellement prot\u00e9g\u00e9es par des tiers sont soumises sans restriction aux dispositions du droit des marques en vigueur et aux droits de propri\u00e9t\u00e9 des propri\u00e9taires enregistr\u00e9s respectifs. La simple mention d&rsquo;une marque ne permet pas de conclure qu&rsquo;elle n&rsquo;est pas prot\u00e9g\u00e9e par les droits d&rsquo;un tiers ! Le copyright des objets publi\u00e9s et cr\u00e9\u00e9s par l&rsquo;auteur lui-m\u00eame reste la propri\u00e9t\u00e9 exclusive de l&rsquo;auteur des pages. Toute reproduction ou utilisation de tels graphiques, documents sonores, s\u00e9quences vid\u00e9o et textes dans d&rsquo;autres publications \u00e9lectroniques ou imprim\u00e9es est interdite sans l&rsquo;autorisation expresse de l&rsquo;auteur.<\/p>\n\n<h3 class=\"wp-block-heading\">4. Abus des directives l\u00e9gales sur la vente de produits du tabac<\/h3>\n\n<p>Les personnes de moins de 18 ans ne sont pas autoris\u00e9es \u00e0 passer des commandes sur le site. En passant commande, le client confirme avoir au moins 18 ans et ne pas revendre de produits du tabac. Next Tr\u00f6ber AG se r\u00e9serve le droit de refuser d&rsquo;ex\u00e9cuter une commande si des irr\u00e9gularit\u00e9s ou un abus de notre fonction de commande sont suspect\u00e9s et n&rsquo;est pas responsable de l&rsquo;abus de ces dispositions.<\/p>\n\n<h3 class=\"wp-block-heading\">5. Efficacit\u00e9 juridique de cette clause de non-responsabilit\u00e9<\/h3>\n\n<p>Cette clause de non-responsabilit\u00e9 doit \u00eatre consid\u00e9r\u00e9e comme faisant partie de l&rsquo;offre Internet \u00e0 partir de laquelle il a \u00e9t\u00e9 fait r\u00e9f\u00e9rence \u00e0 cette page. Si des parties ou certaines formulations de ce texte ne devaient pas, plus ou pas enti\u00e8rement correspondre \u00e0 la situation juridique en vigueur, le contenu et la validit\u00e9 des autres parties du document n&rsquo;en seraient pas affect\u00e9s.<\/p>\n","protected":false},"excerpt":{"rendered":"<p>Limite d&rsquo;\u00e2ge 18+ Les personnes de moins de 18 ans ne sont pas autoris\u00e9es \u00e0 passer des commandes sur le site. Next Tr\u00f6ber AG se r\u00e9serve le droit de refuser d&rsquo;ex\u00e9cuter une commande si des irr\u00e9gularit\u00e9s ou un abus de notre fonction de commande sont suspect\u00e9s. 1. Objet du contrat Next Tr\u00f6ber AG, en tant [&hellip;]<\/p>\n","protected":false},"author":2,"featured_media":0,"parent":0,"menu_order":0,"comment_status":"closed","ping_status":"closed","template":"","meta":{"_acf_changed":false,"footnotes":""},"class_list":["post-180853","page","type-page","status-publish","hentry"],"acf":[],"yoast_head":"<!-- This site is optimized with the Yoast SEO plugin v26.4 - https:\/\/yoast.com\/wordpress\/plugins\/seo\/ -->\n<title>Conditions g\u00e9n\u00e9rales de vente (CGV) - Aroma King<\/title>\n<meta name=\"robots\" content=\"index, follow, max-snippet:-1, max-image-preview:large, max-video-preview:-1\" \/>\n<link rel=\"canonical\" href=\"https:\/\/www.myaromaking.ch\/fr\/conditions-generales-de-vente\/\" \/>\n<meta property=\"og:locale\" content=\"fr_FR\" \/>\n<meta property=\"og:type\" content=\"article\" \/>\n<meta property=\"og:title\" content=\"Conditions g\u00e9n\u00e9rales de vente (CGV) - Aroma King\" \/>\n<meta property=\"og:description\" content=\"Limite d&rsquo;\u00e2ge 18+ Les personnes de moins de 18 ans ne sont pas autoris\u00e9es \u00e0 passer des commandes sur le site. Next Tr\u00f6ber AG se r\u00e9serve le droit de refuser d&rsquo;ex\u00e9cuter une commande si des irr\u00e9gularit\u00e9s ou un abus de notre fonction de commande sont suspect\u00e9s. 1. Objet du contrat Next Tr\u00f6ber AG, en tant [&hellip;]\" \/>\n<meta property=\"og:url\" content=\"https:\/\/www.myaromaking.ch\/fr\/conditions-generales-de-vente\/\" \/>\n<meta property=\"og:site_name\" content=\"Aroma King\" \/>\n<meta property=\"article:modified_time\" content=\"2025-04-28T18:54:27+00:00\" \/>\n<meta name=\"twitter:card\" content=\"summary_large_image\" \/>\n<script type=\"application\/ld+json\" class=\"yoast-schema-graph\">{\"@context\":\"https:\/\/schema.org\",\"@graph\":[{\"@type\":\"WebPage\",\"@id\":\"https:\/\/www.myaromaking.ch\/fr\/conditions-generales-de-vente\/\",\"url\":\"https:\/\/www.myaromaking.ch\/fr\/conditions-generales-de-vente\/\",\"name\":\"Conditions g\u00e9n\u00e9rales de vente (CGV) - Aroma King\",\"isPartOf\":{\"@id\":\"https:\/\/www.myaromaking.ch\/fr\/#website\"},\"datePublished\":\"2024-08-02T14:29:12+00:00\",\"dateModified\":\"2025-04-28T18:54:27+00:00\",\"inLanguage\":\"fr-FR\",\"potentialAction\":[{\"@type\":\"ReadAction\",\"target\":[\"https:\/\/www.myaromaking.ch\/fr\/conditions-generales-de-vente\/\"]}]},{\"@type\":\"WebSite\",\"@id\":\"https:\/\/www.myaromaking.ch\/fr\/#website\",\"url\":\"https:\/\/www.myaromaking.ch\/fr\/\",\"name\":\"Aroma King\",\"description\":\"Die nachhaltige Alternative zu Wegwerf-Pods\",\"publisher\":{\"@id\":\"https:\/\/www.myaromaking.ch\/fr\/#organization\"},\"potentialAction\":[{\"@type\":\"SearchAction\",\"target\":{\"@type\":\"EntryPoint\",\"urlTemplate\":\"https:\/\/www.myaromaking.ch\/fr\/?s={search_term_string}\"},\"query-input\":{\"@type\":\"PropertyValueSpecification\",\"valueRequired\":true,\"valueName\":\"search_term_string\"}}],\"inLanguage\":\"fr-FR\"},{\"@type\":\"Organization\",\"@id\":\"https:\/\/www.myaromaking.ch\/fr\/#organization\",\"name\":\"Aroma King\",\"url\":\"https:\/\/www.myaromaking.ch\/fr\/\",\"logo\":{\"@type\":\"ImageObject\",\"inLanguage\":\"fr-FR\",\"@id\":\"https:\/\/www.myaromaking.ch\/fr\/#\/schema\/logo\/image\/\",\"url\":\"https:\/\/www.myaromaking.ch\/wp-content\/uploads\/\/aromaking-logo-symbol.svg\",\"contentUrl\":\"https:\/\/www.myaromaking.ch\/wp-content\/uploads\/\/aromaking-logo-symbol.svg\",\"width\":126,\"height\":220,\"caption\":\"Aroma King\"},\"image\":{\"@id\":\"https:\/\/www.myaromaking.ch\/fr\/#\/schema\/logo\/image\/\"}}]}<\/script>\n<!-- \/ Yoast SEO plugin. -->","yoast_head_json":{"title":"Conditions g\u00e9n\u00e9rales de vente (CGV) - Aroma King","robots":{"index":"index","follow":"follow","max-snippet":"max-snippet:-1","max-image-preview":"max-image-preview:large","max-video-preview":"max-video-preview:-1"},"canonical":"https:\/\/www.myaromaking.ch\/fr\/conditions-generales-de-vente\/","og_locale":"fr_FR","og_type":"article","og_title":"Conditions g\u00e9n\u00e9rales de vente (CGV) - Aroma King","og_description":"Limite d&rsquo;\u00e2ge 18+ Les personnes de moins de 18 ans ne sont pas autoris\u00e9es \u00e0 passer des commandes sur le site. Next Tr\u00f6ber AG se r\u00e9serve le droit de refuser d&rsquo;ex\u00e9cuter une commande si des irr\u00e9gularit\u00e9s ou un abus de notre fonction de commande sont suspect\u00e9s. 1. Objet du contrat Next Tr\u00f6ber AG, en tant [&hellip;]","og_url":"https:\/\/www.myaromaking.ch\/fr\/conditions-generales-de-vente\/","og_site_name":"Aroma King","article_modified_time":"2025-04-28T18:54:27+00:00","twitter_card":"summary_large_image","schema":{"@context":"https:\/\/schema.org","@graph":[{"@type":"WebPage","@id":"https:\/\/www.myaromaking.ch\/fr\/conditions-generales-de-vente\/","url":"https:\/\/www.myaromaking.ch\/fr\/conditions-generales-de-vente\/","name":"Conditions g\u00e9n\u00e9rales de vente (CGV) - Aroma King","isPartOf":{"@id":"https:\/\/www.myaromaking.ch\/fr\/#website"},"datePublished":"2024-08-02T14:29:12+00:00","dateModified":"2025-04-28T18:54:27+00:00","inLanguage":"fr-FR","potentialAction":[{"@type":"ReadAction","target":["https:\/\/www.myaromaking.ch\/fr\/conditions-generales-de-vente\/"]}]},{"@type":"WebSite","@id":"https:\/\/www.myaromaking.ch\/fr\/#website","url":"https:\/\/www.myaromaking.ch\/fr\/","name":"Aroma King","description":"Die nachhaltige Alternative zu Wegwerf-Pods","publisher":{"@id":"https:\/\/www.myaromaking.ch\/fr\/#organization"},"potentialAction":[{"@type":"SearchAction","target":{"@type":"EntryPoint","urlTemplate":"https:\/\/www.myaromaking.ch\/fr\/?s={search_term_string}"},"query-input":{"@type":"PropertyValueSpecification","valueRequired":true,"valueName":"search_term_string"}}],"inLanguage":"fr-FR"},{"@type":"Organization","@id":"https:\/\/www.myaromaking.ch\/fr\/#organization","name":"Aroma King","url":"https:\/\/www.myaromaking.ch\/fr\/","logo":{"@type":"ImageObject","inLanguage":"fr-FR","@id":"https:\/\/www.myaromaking.ch\/fr\/#\/schema\/logo\/image\/","url":"https:\/\/www.myaromaking.ch\/wp-content\/uploads\/\/aromaking-logo-symbol.svg","contentUrl":"https:\/\/www.myaromaking.ch\/wp-content\/uploads\/\/aromaking-logo-symbol.svg","width":126,"height":220,"caption":"Aroma King"},"image":{"@id":"https:\/\/www.myaromaking.ch\/fr\/#\/schema\/logo\/image\/"}}]}},"_links":{"self":[{"href":"https:\/\/www.myaromaking.ch\/fr\/wp-json\/wp\/v2\/pages\/180853","targetHints":{"allow":["GET"]}}],"collection":[{"href":"https:\/\/www.myaromaking.ch\/fr\/wp-json\/wp\/v2\/pages"}],"about":[{"href":"https:\/\/www.myaromaking.ch\/fr\/wp-json\/wp\/v2\/types\/page"}],"author":[{"embeddable":true,"href":"https:\/\/www.myaromaking.ch\/fr\/wp-json\/wp\/v2\/users\/2"}],"replies":[{"embeddable":true,"href":"https:\/\/www.myaromaking.ch\/fr\/wp-json\/wp\/v2\/comments?post=180853"}],"version-history":[{"count":0,"href":"https:\/\/www.myaromaking.ch\/fr\/wp-json\/wp\/v2\/pages\/180853\/revisions"}],"wp:attachment":[{"href":"https:\/\/www.myaromaking.ch\/fr\/wp-json\/wp\/v2\/media?parent=180853"}],"curies":[{"name":"wp","href":"https:\/\/api.w.org\/{rel}","templated":true}]}}