{"id":6947,"date":"2024-02-22T22:32:48","date_gmt":"2024-02-22T21:32:48","guid":{"rendered":"https:\/\/www.myaromaking.ch\/ueber-uns\/"},"modified":"2025-01-25T02:02:37","modified_gmt":"2025-01-25T01:02:37","slug":"qui-sommes-nous","status":"publish","type":"page","link":"https:\/\/www.myaromaking.ch\/fr\/qui-sommes-nous\/","title":{"rendered":"Qui sommes-nous ?"},"content":{"rendered":"\t\t<div data-elementor-type=\"wp-post\" data-elementor-id=\"6947\" class=\"elementor elementor-6947 elementor-6761\" data-elementor-post-type=\"page\">\n\t\t\t\t<div class=\"elementor-element elementor-element-13a7d55 e-con-full e-flex e-con e-parent\" data-id=\"13a7d55\" data-element_type=\"container\" data-settings=\"{&quot;background_background&quot;:&quot;classic&quot;}\">\n\t\t\t\t<\/div>\n\t\t<div class=\"elementor-element elementor-element-6d0d288 e-grid ak_about_philosophy e-con-boxed e-con e-parent\" data-id=\"6d0d288\" data-element_type=\"container\" data-settings=\"{&quot;background_background&quot;:&quot;classic&quot;}\">\n\t\t\t\t\t<div class=\"e-con-inner\">\n\t\t\t\t<div class=\"elementor-element elementor-element-4a595286 ak_headline-outline-combo elementor-widget elementor-widget-heading\" data-id=\"4a595286\" data-element_type=\"widget\" data-widget_type=\"heading.default\">\n\t\t\t\t\t<h2 class=\"elementor-heading-title elementor-size-default\"><span>Notre<\/span><br \/>\nPhilosophie<\/h2>\t\t\t\t<\/div>\n\t\t\t\t<div class=\"elementor-element elementor-element-7347678f elementor-widget__width-initial ak_about_philosophy_text elementor-widget elementor-widget-text-editor\" data-id=\"7347678f\" data-element_type=\"widget\" data-widget_type=\"text-editor.default\">\n\t\t\t\t\t\t\t\t\t<p>Aroma King, c&rsquo;est nous. Notre mission est de porter la vape \u00e0 un niveau sup\u00e9rieur. Nous accordons une telle importance aux ar\u00f4mes que notre nom suffit \u00e0 l&rsquo;exprimer.<\/p><p>Nos liquides diffusent plus de saveurs que tout ce que tu as pu tester jusqu&rsquo;\u00e0 pr\u00e9sent. De plus, ils proviennent \u00e0 100 % d&rsquo;Europe, sont absolument s\u00fbrs, exempts de goudron et de particules fines. Forts de nos 300 collaborateurs en Pologne, en R\u00e9publique tch\u00e8que et en Suisse, nous d\u00e9tenons la couronne du meilleur produit sur le march\u00e9 de la vape. Pour cela, nous optons pour des composants et un recyclage de qualit\u00e9, mais \u00e9galement pour une forte valeur ajout\u00e9e produite en Europe.<\/p><p>Celle-ci est actuellement de 85% environ, mais nous mettons tout en \u0153uvre pour atteindre les 90%.<\/p>\t\t\t\t\t\t\t\t<\/div>\n\t\t<div class=\"elementor-element elementor-element-23516670 ak_about_philosophy_icons e-flex e-con-boxed e-con e-child\" data-id=\"23516670\" data-element_type=\"container\">\n\t\t\t\t\t<div class=\"e-con-inner\">\n\t\t\t\t<div class=\"elementor-element elementor-element-69f3c1f5 elementor-view-default elementor-position-top elementor-mobile-position-top elementor-widget elementor-widget-icon-box\" data-id=\"69f3c1f5\" data-element_type=\"widget\" data-widget_type=\"icon-box.default\">\n\t\t\t\t\t\t\t<div class=\"elementor-icon-box-wrapper\">\n\n\t\t\t\t\t\t<div class=\"elementor-icon-box-icon\">\n\t\t\t\t<span  class=\"elementor-icon\">\n\t\t\t\t<svg xmlns=\"http:\/\/www.w3.org\/2000\/svg\" xml:space=\"preserve\" id=\"Ebene_1\" x=\"0px\" y=\"0px\" viewBox=\"0 0 76 51\">  <style>    .st0{fill:#bf9740}  <\/style>  <path d=\"M38 24.3c4.9 0 8.9-4 8.9-8.9s-4-8.9-8.9-8.9-8.9 4-8.9 8.9 4 8.9 8.9 8.9zm0-15.9c3.9 0 7 3.1 7 7s-3.1 7-7 7-7-3.1-7-7 3.1-7 7-7zM62.1 25.5c4.2 0 7.6-3.4 7.6-7.6 0-4.2-3.4-7.6-7.6-7.6-4.2 0-7.6 3.4-7.6 7.6 0 4.2 3.4 7.6 7.6 7.6zm0-13.3c3.2 0 5.7 2.6 5.7 5.7s-2.6 5.7-5.7 5.7c-3.2 0-5.7-2.6-5.7-5.7s2.5-5.7 5.7-5.7zM74.2 34.7l-10.3-6.1c-1.1-.7-2.5-.7-3.6 0l-9 5.3-11-6.5c-1.4-.8-3.2-.8-4.6 0l-10.9 6.4-9-5.3c-1.1-.7-2.5-.7-3.6 0L1.8 34.7C.7 35.3 0 36.5 0 37.8v9.3H20.3V51h35.6v-4H76v-9.3c0-1.2-.7-2.4-1.8-3zm-53.9 4.5v6H1.9v-7.4c0-.7.3-1.3.9-1.6l10.3-6.1c.5-.3 1.2-.3 1.7 0l8.1 4.8-.4.2c-1.4.9-2.2 2.5-2.2 4.1zm33.6 9.9H22.1v-9.9c0-1 .5-1.9 1.4-2.4L36.6 29c.8-.5 1.9-.5 2.7 0l13.2 7.7c.8.5 1.4 1.4 1.4 2.4v10zm20.2-3.9H55.7v-6c0-1.7-.9-3.2-2.3-4l-.3-.2 8.1-4.8c.5-.3 1.2-.3 1.7 0l10.3 6.1c.5.3.9.9.9 1.6v7.3zM13.9 25.5c4.2 0 7.6-3.4 7.6-7.6 0-4.2-3.4-7.6-7.6-7.6-4.2 0-7.6 3.4-7.6 7.6 0 4.2 3.4 7.6 7.6 7.6zm0-13.3c3.2 0 5.7 2.6 5.7 5.7s-2.6 5.7-5.7 5.7-5.7-2.6-5.7-5.7 2.5-5.7 5.7-5.7z\" class=\"st0\"><\/path><\/svg>\t\t\t\t<\/span>\n\t\t\t<\/div>\n\t\t\t\n\t\t\t\t\t\t<div class=\"elementor-icon-box-content\">\n\n\t\t\t\t\t\t\t\t\t<h3 class=\"elementor-icon-box-title\">\n\t\t\t\t\t\t<span  >\n\t\t\t\t\t\t\tPlus de 300\t\t\t\t\t\t<\/span>\n\t\t\t\t\t<\/h3>\n\t\t\t\t\n\t\t\t\t\t\t\t\t\t<p class=\"elementor-icon-box-description\">\n\t\t\t\t\t\tEmploy\u00e9s\t\t\t\t\t<\/p>\n\t\t\t\t\n\t\t\t<\/div>\n\t\t\t\n\t\t<\/div>\n\t\t\t\t\t\t<\/div>\n\t\t\t\t<div class=\"elementor-element elementor-element-7e8ca363 elementor-view-default elementor-position-top elementor-mobile-position-top elementor-widget elementor-widget-icon-box\" data-id=\"7e8ca363\" data-element_type=\"widget\" data-widget_type=\"icon-box.default\">\n\t\t\t\t\t\t\t<div class=\"elementor-icon-box-wrapper\">\n\n\t\t\t\t\t\t<div class=\"elementor-icon-box-icon\">\n\t\t\t\t<span  class=\"elementor-icon\">\n\t\t\t\t<svg xmlns=\"http:\/\/www.w3.org\/2000\/svg\" xml:space=\"preserve\" id=\"Ebene_1\" x=\"0px\" y=\"0px\" viewBox=\"0 0 76 51\">  <style>    .st3{fill:#bf9740}  <\/style>  <path fill=\"#fff\" d=\"M34 40.4c-1.8-1.1-2.9-3-2.9-5.1V15.7c0-2.1 1.1-4.1 2.9-5.1l4-2.3L25.3.8c-1.8-1.1-4-1.1-5.8 0L2.9 10.6c-1.8 1-2.9 3-2.9 5.1v19.6c0 2.1 1.1 4 2.9 5.1l16.6 9.8c.9.5 1.9.8 2.9.8s2-.3 2.9-.8L38 42.7l-4-2.3z\"><\/path>  <path fill=\"#d6133b\" d=\"M0 26.1v9.2c0 2.1 1.1 4 2.9 5.1l16.6 9.8c.9.5 1.9.8 2.9.8s2-.3 2.9-.8L38 42.7l-4-2.3c-1.8-1.1-2.9-3-2.9-5.1v-9.2H0z\"><\/path>  <path fill=\"#f70000\" d=\"M73 10.6 56.4.8c-1.8-1.1-4-1.1-5.8 0L37.9 8.3l4 2.3c1.8 1.1 2.9 3 2.9 5.1v19.6c0 2.1-1.1 4.1-2.9 5.1l-4 2.3 12.7 7.5c.9.5 1.9.8 2.9.8s2-.3 2.9-.8L73 40.4c1.8-1 2.9-3 2.9-5.1V15.7c0-2.1-1.1-4.1-2.9-5.1z\"><\/path>  <path d=\"M53.5 51c-1 0-2-.3-2.9-.8L34 40.4c-1.8-1.1-2.9-3-2.9-5.1V15.7c0-2.1 1.1-4.1 2.9-5.1L50.6.8c1.8-1.1 4-1.1 5.8 0L73 10.6c1.8 1.1 2.9 3 2.9 5.1v19.6c0 2.1-1.1 4.1-2.9 5.1l-16.6 9.8c-.9.5-1.9.8-2.9.8zm0-49.1c-.7 0-1.3.2-1.9.5L35 12.2c-1.2.7-2 2.1-2 3.5v19.6c0 1.4.8 2.8 2 3.5l16.6 9.8c1.2.7 2.7.7 3.9 0L72 38.8c1.2-.7 2-2 2-3.5V15.7c0-1.4-.8-2.8-2-3.5L55.4 2.4c-.6-.4-1.2-.5-1.9-.5z\" class=\"st3\"><\/path>  <path d=\"M22.4 51c-1 0-2-.3-2.9-.8L2.9 40.4c-1.8-1.1-2.9-3-2.9-5.1V15.7c0-2.1 1.1-4.1 2.9-5.1L19.5.8c1.8-1.1 4-1.1 5.8 0l16.6 9.8c1.8 1.1 2.9 3 2.9 5.1v19.6c0 2.1-1.1 4.1-2.9 5.1l-16.6 9.8c-.9.5-1.9.8-2.9.8zm0-49.1c-.7 0-1.3.2-1.9.5L3.8 12.2c-1.2.7-2 2.1-2 3.5v19.6c0 1.4.8 2.8 2 3.5l16.6 9.8c1.2.7 2.7.7 3.9 0l16.6-9.8c1.2-.7 2-2 2-3.5V15.7c0-1.4-.8-2.8-2-3.5L24.3 2.4c-.6-.4-1.2-.5-1.9-.5z\" class=\"st3\"><\/path>  <path fill=\"#fff\" fill-rule=\"evenodd\" d=\"M61.6 16h-5.9v6.5h-6.5v5.9h6.5V35h5.9v-6.5h6.5v-5.9h-6.5V16z\" clip-rule=\"evenodd\"><\/path><\/svg>\t\t\t\t<\/span>\n\t\t\t<\/div>\n\t\t\t\n\t\t\t\t\t\t<div class=\"elementor-icon-box-content\">\n\n\t\t\t\t\t\t\t\t\t<h3 class=\"elementor-icon-box-title\">\n\t\t\t\t\t\t<span  >\n\t\t\t\t\t\t\tCon\u00e7u en \t\t\t\t\t\t<\/span>\n\t\t\t\t\t<\/h3>\n\t\t\t\t\n\t\t\t\t\t\t\t\t\t<p class=\"elementor-icon-box-description\">\n\t\t\t\t\t\tPologne + Suisse\t\t\t\t\t<\/p>\n\t\t\t\t\n\t\t\t<\/div>\n\t\t\t\n\t\t<\/div>\n\t\t\t\t\t\t<\/div>\n\t\t\t\t<div class=\"elementor-element elementor-element-74b85bd8 elementor-view-default elementor-position-top elementor-mobile-position-top elementor-widget elementor-widget-icon-box\" data-id=\"74b85bd8\" data-element_type=\"widget\" data-widget_type=\"icon-box.default\">\n\t\t\t\t\t\t\t<div class=\"elementor-icon-box-wrapper\">\n\n\t\t\t\t\t\t<div class=\"elementor-icon-box-icon\">\n\t\t\t\t<span  class=\"elementor-icon\">\n\t\t\t\t<svg xmlns=\"http:\/\/www.w3.org\/2000\/svg\" xml:space=\"preserve\" id=\"Ebene_1\" x=\"0px\" y=\"0px\" viewBox=\"0 0 76 51\">  <style>    .st1{fill:#fff}.st4{fill:#e62837}.st5{fill:#bf9740}  <\/style>  <path fill=\"#f70000\" d=\"M73 10.6 56.4.8c-1.8-1.1-4-1.1-5.8 0L37.9 8.3l4 2.3c1.8 1.1 2.9 3 2.9 5.1v19.6c0 2.1-1.1 4.1-2.9 5.1l-4 2.3 12.7 7.5c.9.5 1.9.8 2.9.8s2-.3 2.9-.8L73 40.4c1.8-1 2.9-3 2.9-5.1V15.7c0-2.1-1.1-4.1-2.9-5.1z\"><\/path>  <path d=\"M62 4.1 56.4.8c-1.8-1.1-4-1.1-5.8 0l-.6.4v48.7l.6.4c.9.5 1.9.8 2.9.8s2-.3 2.9-.8L62 47V4.1z\" class=\"st1\"><\/path>  <path fill=\"#012291\" d=\"m3.8 38.8 10 5.9V6.3l-10 5.9c-1.2.7-2 2.1-2 3.5v19.6c0 1.4.8 2.8 2 3.5z\"><\/path>  <path d=\"m25.8 3.3-1.5-.9c-.6-.4-1.2-.5-1.9-.5s-1.3.2-1.9.5l-6.7 3.9v38.4l6.6 3.9c1.2.7 2.7.7 3.9 0l1.5-.9V3.3z\" class=\"st1\"><\/path>  <path fill=\"#038d44\" d=\"M41.9 40.4 38 42.6v.1l12 7.1V1.2l-12 7v.1l3.9 2.2c1.8 1.1 2.9 3 2.9 5.1v19.6c0 2.2-1.1 4.2-2.9 5.2z\"><\/path>  <path d=\"m62 46.9 11-6.5c.4-.2.7-.5 1-.7V11.3c-.3-.3-.6-.5-1-.7L62 4.1v42.8z\" class=\"st4\"><\/path>  <path d=\"M53.5 51c-1 0-2-.3-2.9-.8L34 40.4c-1.8-1.1-2.9-3-2.9-5.1V15.7c0-2.1 1.1-4.1 2.9-5.1L50.6.8c1.8-1.1 4-1.1 5.8 0L73 10.6c1.8 1.1 2.9 3 2.9 5.1v19.6c0 2.1-1.1 4.1-2.9 5.1l-16.6 9.8c-.9.5-1.9.8-2.9.8zm0-49.1c-.7 0-1.3.2-1.9.5L35 12.2c-1.2.7-2 2.1-2 3.5v19.6c0 1.4.8 2.8 2 3.5l16.6 9.8c1.2.7 2.7.7 3.9 0L72 38.8c1.2-.7 2-2 2-3.5V15.7c0-1.4-.8-2.8-2-3.5L55.4 2.4c-.6-.4-1.2-.5-1.9-.5z\" class=\"st5\"><\/path>  <path d=\"M22.4 51c-1 0-2-.3-2.9-.8L2.9 40.4c-1.8-1.1-2.9-3-2.9-5.1V15.7c0-2.1 1.1-4.1 2.9-5.1L19.5.8c1.8-1.1 4-1.1 5.8 0l16.6 9.8c1.8 1.1 2.9 3 2.9 5.1v19.6c0 2.1-1.1 4.1-2.9 5.1l-16.6 9.8c-.9.5-1.9.8-2.9.8zm0-49.1c-.7 0-1.3.2-1.9.5L3.8 12.2c-1.2.7-2 2.1-2 3.5v19.6c0 1.4.8 2.8 2 3.5l16.6 9.8c1.2.7 2.7.7 3.9 0l16.6-9.8c1.2-.7 2-2 2-3.5V15.7c0-1.4-.8-2.8-2-3.5L24.3 2.4c-.6-.4-1.2-.5-1.9-.5z\" class=\"st5\"><\/path>  <path d=\"M34 40.4c-1.8-1.1-2.9-3-2.9-5.1V15.7c0-2.1 1.1-4.1 2.9-5.1l2.1-1.2-10.3-6.1v44.4l10.3-6.1-2.1-1.2z\" class=\"st4\"><\/path><\/svg>\t\t\t\t<\/span>\n\t\t\t<\/div>\n\t\t\t\n\t\t\t\t\t\t<div class=\"elementor-icon-box-content\">\n\n\t\t\t\t\t\t\t\t\t<h3 class=\"elementor-icon-box-title\">\n\t\t\t\t\t\t<span  >\n\t\t\t\t\t\t\tE-Liquides de\t\t\t\t\t\t<\/span>\n\t\t\t\t\t<\/h3>\n\t\t\t\t\n\t\t\t\t\t\t\t\t\t<p class=\"elementor-icon-box-description\">\n\t\t\t\t\t\tFrance + Italie\t\t\t\t\t<\/p>\n\t\t\t\t\n\t\t\t<\/div>\n\t\t\t\n\t\t<\/div>\n\t\t\t\t\t\t<\/div>\n\t\t\t\t\t<\/div>\n\t\t\t\t<\/div>\n\t\t\t\t\t<\/div>\n\t\t\t\t<\/div>\n\t\t<div class=\"elementor-element elementor-element-444696e1 e-grid ak_about_philosophy e-con-boxed e-con e-parent\" data-id=\"444696e1\" data-element_type=\"container\" data-settings=\"{&quot;background_background&quot;:&quot;classic&quot;}\">\n\t\t\t\t\t<div class=\"e-con-inner\">\n\t\t\t\t<div class=\"elementor-element elementor-element-3ac22ac9 elementor-widget__width-initial ak_yellow-text-links elementor-widget elementor-widget-text-editor\" data-id=\"3ac22ac9\" data-element_type=\"widget\" data-widget_type=\"text-editor.default\">\n\t\t\t\t\t\t\t\t\t<p>Tu t&rsquo;es peut-\u00eatre d\u00e9j\u00e0 demand\u00e9 pour quelle raison nos campagnes Aroma King SMART mettent un primate en sc\u00e8ne. La raison en est qu&rsquo;il est le plus proche parent de notre esp\u00e8ce. Les primates nous incitent \u00e0 prot\u00e9ger notre plan\u00e8te, car ils symbolisent une vie en harmonie avec la nature. Et c&rsquo;est exactement ce que nous visons avec nos vapes r\u00e9utilisables Aroma King SMART. De plus, chaque ann\u00e9e, une partie de nos dons est revers\u00e9e \u00e0 des projets de reforestation en Europe et en Afrique.<\/p><p>Tu souhaites obtenir plus d&rsquo;informations ? Alors \u00e9cris-nous :<\/p><p>Tu es journaliste et tu souhaites nous contacter ? Notre service de presse r\u00e9pond volontiers \u00e0 tes questions : <br \/><a href=\"mailto:press@myaromaking.ch\" target=\"_blank\" rel=\"noopener\">press@myaromaking.ch<\/a><\/p>\t\t\t\t\t\t\t\t<\/div>\n\t\t<div class=\"elementor-element elementor-element-43162c3c e-flex e-con-boxed e-con e-child\" data-id=\"43162c3c\" data-element_type=\"container\" data-settings=\"{&quot;background_background&quot;:&quot;classic&quot;}\">\n\t\t\t\t\t<div class=\"e-con-inner\">\n\t\t\t\t\t<\/div>\n\t\t\t\t<\/div>\n\t\t\t\t\t<\/div>\n\t\t\t\t<\/div>\n\t\t<div class=\"elementor-element elementor-element-a03e78b e-con-full e-flex e-con e-parent\" data-id=\"a03e78b\" data-element_type=\"container\">\n\t\t\t\t<div class=\"elementor-element elementor-element-fdae893 elementor-widget elementor-widget-template\" data-id=\"fdae893\" data-element_type=\"widget\" data-widget_type=\"template.default\">\n\t\t\t\t<div class=\"elementor-widget-container\">\n\t\t\t\t\t\t\t<div class=\"elementor-template\">\n\t\t\t\t\t<div data-elementor-type=\"container\" data-elementor-id=\"11480\" class=\"elementor elementor-11480 elementor-11471\" data-elementor-post-type=\"elementor_library\">\n\t\t\t\t<div class=\"elementor-element elementor-element-66a895d3 ak_newsletter ak_goldbar-gradient e-grid e-con-boxed e-con e-parent\" data-id=\"66a895d3\" data-element_type=\"container\" data-settings=\"{&quot;background_background&quot;:&quot;classic&quot;}\">\n\t\t\t\t\t<div class=\"e-con-inner\">\n\t\t<div class=\"elementor-element elementor-element-7e3f2f72 e-con-full e-flex e-con e-child\" data-id=\"7e3f2f72\" data-element_type=\"container\">\n\t\t\t\t<div class=\"elementor-element elementor-element-2f765c3d ak_home_productrange-headline elementor-widget elementor-widget-heading\" data-id=\"2f765c3d\" data-element_type=\"widget\" data-widget_type=\"heading.default\">\n\t\t\t\t\t<h3 class=\"elementor-heading-title elementor-size-default\">S'inscrire aux news<\/h3>\t\t\t\t<\/div>\n\t\t\t\t<div class=\"elementor-element elementor-element-2ca5beda elementor-widget__width-initial elementor-widget elementor-widget-text-editor\" data-id=\"2ca5beda\" data-element_type=\"widget\" data-widget_type=\"text-editor.default\">\n\t\t\t\t\t\t\t\t\tNotre communaut\u00e9 est la premi\u00e8re \u00e0 \u00eatre inform\u00e9e des nouveaux produits, \u00e9v\u00e9nements ou&nbsp;autres actualit\u00e9s.\t\t\t\t\t\t\t\t<\/div>\n\t\t\t\t<\/div>\n\t\t\t\t<div class=\"elementor-element elementor-element-740f0997 elementor-button-align-stretch elementor-widget elementor-widget-form\" data-id=\"740f0997\" data-element_type=\"widget\" data-settings=\"{&quot;step_next_label&quot;:&quot;\\u00bb&quot;,&quot;step_previous_label&quot;:&quot;\\u00ab&quot;,&quot;step_type&quot;:&quot;number_text&quot;,&quot;step_icon_shape&quot;:&quot;circle&quot;}\" data-widget_type=\"form.default\">\n\t\t\t\t\t\t\t<form class=\"elementor-form\" method=\"post\" id=\"ak_newsletter\" name=\"Newsletter\" aria-label=\"Newsletter\">\n\t\t\t<input type=\"hidden\" name=\"post_id\" value=\"11480\"\/>\n\t\t\t<input type=\"hidden\" name=\"form_id\" value=\"740f0997\"\/>\n\t\t\t<input type=\"hidden\" name=\"referer_title\" value=\"Community - Aroma King\" \/>\n\n\t\t\t\t\t\t\t<input type=\"hidden\" name=\"queried_id\" value=\"10668\"\/>\n\t\t\t\n\t\t\t<div class=\"elementor-form-fields-wrapper elementor-labels-\">\n\t\t\t\t\t\t\t\t<div class=\"elementor-field-type-email elementor-field-group elementor-column elementor-field-group-email elementor-col-100 elementor-field-required\">\n\t\t\t\t\t\t\t\t\t\t\t\t<label for=\"form-field-email\" class=\"elementor-field-label elementor-screen-only\">\n\t\t\t\t\t\t\t\tEmail\t\t\t\t\t\t\t<\/label>\n\t\t\t\t\t\t\t\t\t\t\t\t\t\t<input size=\"1\" type=\"email\" name=\"form_fields[email]\" id=\"form-field-email\" class=\"elementor-field elementor-size-sm  elementor-field-textual\" placeholder=\"Ton adresse e-mail\" required=\"required\">\n\t\t\t\t\t\t\t\t\t\t\t<\/div>\n\t\t\t\t\t\t\t\t<div class=\"elementor-field-group elementor-column elementor-field-type-submit elementor-col-100 e-form__buttons\">\n\t\t\t\t\t<button class=\"elementor-button elementor-size-sm\" type=\"submit\">\n\t\t\t\t\t\t<span class=\"elementor-button-content-wrapper\">\n\t\t\t\t\t\t\t\t\t\t\t\t\t\t\t\t\t\t\t\t\t\t<span class=\"elementor-button-text\">S'inscrire \u00e0 la newsletter<\/span>\n\t\t\t\t\t\t\t\t\t\t\t\t\t<\/span>\n\t\t\t\t\t<\/button>\n\t\t\t\t<\/div>\n\t\t\t<\/div>\n\t\t<\/form>\n\t\t\t\t\t\t<\/div>\n\t\t\t\t\t<\/div>\n\t\t\t\t<\/div>\n\t\t\t\t<\/div>\n\t\t\t\t<\/div>\n\t\t\t\t\t\t<\/div>\n\t\t\t\t<\/div>\n\t\t\t\t<\/div>\n\t\t\t\t<\/div>\n\t\t","protected":false},"excerpt":{"rendered":"<p>Notre Philosophie Aroma King, c&rsquo;est nous. Notre mission est de porter la vape \u00e0 un niveau sup\u00e9rieur. Nous accordons une telle importance aux ar\u00f4mes que notre nom suffit \u00e0 l&rsquo;exprimer. Nos liquides diffusent plus de saveurs que tout ce que tu as pu tester jusqu&rsquo;\u00e0 pr\u00e9sent. De plus, ils proviennent \u00e0 100 % d&rsquo;Europe, sont [&hellip;]<\/p>\n","protected":false},"author":2,"featured_media":0,"parent":0,"menu_order":0,"comment_status":"closed","ping_status":"closed","template":"","meta":{"_acf_changed":false,"footnotes":""},"class_list":["post-6947","page","type-page","status-publish","hentry"],"acf":[],"yoast_head":"<!-- This site is optimized with the Yoast SEO plugin v26.4 - https:\/\/yoast.com\/wordpress\/plugins\/seo\/ -->\n<title>Qui sommes-nous ? - Aroma King<\/title>\n<meta name=\"robots\" content=\"index, follow, max-snippet:-1, max-image-preview:large, max-video-preview:-1\" \/>\n<link rel=\"canonical\" href=\"https:\/\/www.myaromaking.ch\/fr\/qui-sommes-nous\/\" \/>\n<meta property=\"og:locale\" content=\"fr_FR\" \/>\n<meta property=\"og:type\" content=\"article\" \/>\n<meta property=\"og:title\" content=\"Qui sommes-nous ? - Aroma King\" \/>\n<meta property=\"og:description\" content=\"Notre Philosophie Aroma King, c&rsquo;est nous. Notre mission est de porter la vape \u00e0 un niveau sup\u00e9rieur. Nous accordons une telle importance aux ar\u00f4mes que notre nom suffit \u00e0 l&rsquo;exprimer. Nos liquides diffusent plus de saveurs que tout ce que tu as pu tester jusqu&rsquo;\u00e0 pr\u00e9sent. De plus, ils proviennent \u00e0 100 % d&rsquo;Europe, sont [&hellip;]\" \/>\n<meta property=\"og:url\" content=\"https:\/\/www.myaromaking.ch\/fr\/qui-sommes-nous\/\" \/>\n<meta property=\"og:site_name\" content=\"Aroma King\" \/>\n<meta property=\"article:modified_time\" content=\"2025-01-25T01:02:37+00:00\" \/>\n<meta name=\"twitter:card\" content=\"summary_large_image\" \/>\n<script type=\"application\/ld+json\" class=\"yoast-schema-graph\">{\"@context\":\"https:\/\/schema.org\",\"@graph\":[{\"@type\":\"WebPage\",\"@id\":\"https:\/\/www.myaromaking.ch\/fr\/qui-sommes-nous\/\",\"url\":\"https:\/\/www.myaromaking.ch\/fr\/qui-sommes-nous\/\",\"name\":\"Qui sommes-nous ? - Aroma King\",\"isPartOf\":{\"@id\":\"https:\/\/www.myaromaking.ch\/fr\/#website\"},\"datePublished\":\"2024-02-22T21:32:48+00:00\",\"dateModified\":\"2025-01-25T01:02:37+00:00\",\"inLanguage\":\"fr-FR\",\"potentialAction\":[{\"@type\":\"ReadAction\",\"target\":[\"https:\/\/www.myaromaking.ch\/fr\/qui-sommes-nous\/\"]}]},{\"@type\":\"WebSite\",\"@id\":\"https:\/\/www.myaromaking.ch\/fr\/#website\",\"url\":\"https:\/\/www.myaromaking.ch\/fr\/\",\"name\":\"Aroma King\",\"description\":\"Die nachhaltige Alternative zu Wegwerf-Pods\",\"publisher\":{\"@id\":\"https:\/\/www.myaromaking.ch\/fr\/#organization\"},\"potentialAction\":[{\"@type\":\"SearchAction\",\"target\":{\"@type\":\"EntryPoint\",\"urlTemplate\":\"https:\/\/www.myaromaking.ch\/fr\/?s={search_term_string}\"},\"query-input\":{\"@type\":\"PropertyValueSpecification\",\"valueRequired\":true,\"valueName\":\"search_term_string\"}}],\"inLanguage\":\"fr-FR\"},{\"@type\":\"Organization\",\"@id\":\"https:\/\/www.myaromaking.ch\/fr\/#organization\",\"name\":\"Aroma King\",\"url\":\"https:\/\/www.myaromaking.ch\/fr\/\",\"logo\":{\"@type\":\"ImageObject\",\"inLanguage\":\"fr-FR\",\"@id\":\"https:\/\/www.myaromaking.ch\/fr\/#\/schema\/logo\/image\/\",\"url\":\"https:\/\/www.myaromaking.ch\/wp-content\/uploads\/\/aromaking-logo-symbol.svg\",\"contentUrl\":\"https:\/\/www.myaromaking.ch\/wp-content\/uploads\/\/aromaking-logo-symbol.svg\",\"width\":126,\"height\":220,\"caption\":\"Aroma King\"},\"image\":{\"@id\":\"https:\/\/www.myaromaking.ch\/fr\/#\/schema\/logo\/image\/\"}}]}<\/script>\n<!-- \/ Yoast SEO plugin. -->","yoast_head_json":{"title":"Qui sommes-nous ? - Aroma King","robots":{"index":"index","follow":"follow","max-snippet":"max-snippet:-1","max-image-preview":"max-image-preview:large","max-video-preview":"max-video-preview:-1"},"canonical":"https:\/\/www.myaromaking.ch\/fr\/qui-sommes-nous\/","og_locale":"fr_FR","og_type":"article","og_title":"Qui sommes-nous ? - Aroma King","og_description":"Notre Philosophie Aroma King, c&rsquo;est nous. Notre mission est de porter la vape \u00e0 un niveau sup\u00e9rieur. Nous accordons une telle importance aux ar\u00f4mes que notre nom suffit \u00e0 l&rsquo;exprimer. Nos liquides diffusent plus de saveurs que tout ce que tu as pu tester jusqu&rsquo;\u00e0 pr\u00e9sent. De plus, ils proviennent \u00e0 100 % d&rsquo;Europe, sont [&hellip;]","og_url":"https:\/\/www.myaromaking.ch\/fr\/qui-sommes-nous\/","og_site_name":"Aroma King","article_modified_time":"2025-01-25T01:02:37+00:00","twitter_card":"summary_large_image","schema":{"@context":"https:\/\/schema.org","@graph":[{"@type":"WebPage","@id":"https:\/\/www.myaromaking.ch\/fr\/qui-sommes-nous\/","url":"https:\/\/www.myaromaking.ch\/fr\/qui-sommes-nous\/","name":"Qui sommes-nous ? - Aroma King","isPartOf":{"@id":"https:\/\/www.myaromaking.ch\/fr\/#website"},"datePublished":"2024-02-22T21:32:48+00:00","dateModified":"2025-01-25T01:02:37+00:00","inLanguage":"fr-FR","potentialAction":[{"@type":"ReadAction","target":["https:\/\/www.myaromaking.ch\/fr\/qui-sommes-nous\/"]}]},{"@type":"WebSite","@id":"https:\/\/www.myaromaking.ch\/fr\/#website","url":"https:\/\/www.myaromaking.ch\/fr\/","name":"Aroma King","description":"Die nachhaltige Alternative zu Wegwerf-Pods","publisher":{"@id":"https:\/\/www.myaromaking.ch\/fr\/#organization"},"potentialAction":[{"@type":"SearchAction","target":{"@type":"EntryPoint","urlTemplate":"https:\/\/www.myaromaking.ch\/fr\/?s={search_term_string}"},"query-input":{"@type":"PropertyValueSpecification","valueRequired":true,"valueName":"search_term_string"}}],"inLanguage":"fr-FR"},{"@type":"Organization","@id":"https:\/\/www.myaromaking.ch\/fr\/#organization","name":"Aroma King","url":"https:\/\/www.myaromaking.ch\/fr\/","logo":{"@type":"ImageObject","inLanguage":"fr-FR","@id":"https:\/\/www.myaromaking.ch\/fr\/#\/schema\/logo\/image\/","url":"https:\/\/www.myaromaking.ch\/wp-content\/uploads\/\/aromaking-logo-symbol.svg","contentUrl":"https:\/\/www.myaromaking.ch\/wp-content\/uploads\/\/aromaking-logo-symbol.svg","width":126,"height":220,"caption":"Aroma King"},"image":{"@id":"https:\/\/www.myaromaking.ch\/fr\/#\/schema\/logo\/image\/"}}]}},"_links":{"self":[{"href":"https:\/\/www.myaromaking.ch\/fr\/wp-json\/wp\/v2\/pages\/6947","targetHints":{"allow":["GET"]}}],"collection":[{"href":"https:\/\/www.myaromaking.ch\/fr\/wp-json\/wp\/v2\/pages"}],"about":[{"href":"https:\/\/www.myaromaking.ch\/fr\/wp-json\/wp\/v2\/types\/page"}],"author":[{"embeddable":true,"href":"https:\/\/www.myaromaking.ch\/fr\/wp-json\/wp\/v2\/users\/2"}],"replies":[{"embeddable":true,"href":"https:\/\/www.myaromaking.ch\/fr\/wp-json\/wp\/v2\/comments?post=6947"}],"version-history":[{"count":0,"href":"https:\/\/www.myaromaking.ch\/fr\/wp-json\/wp\/v2\/pages\/6947\/revisions"}],"wp:attachment":[{"href":"https:\/\/www.myaromaking.ch\/fr\/wp-json\/wp\/v2\/media?parent=6947"}],"curies":[{"name":"wp","href":"https:\/\/api.w.org\/{rel}","templated":true}]}}