{"id":180632,"date":"2025-01-25T03:40:40","date_gmt":"2025-01-25T02:40:40","guid":{"rendered":"https:\/\/www.myaromaking.ch\/?post_type=product&#038;p=180632"},"modified":"2025-04-28T18:31:49","modified_gmt":"2025-04-28T17:31:49","slug":"aroma-king-bugatti-quattro-blue-sour-raspberry","status":"publish","type":"product","link":"https:\/\/www.myaromaking.ch\/fr\/shop\/produit\/aroma-king-bugatti-quattro-blue-sour-raspberry\/","title":{"rendered":"Aroma King Bugatti Quattro Blue Sour Raspberry"},"content":{"rendered":"<p>Le stylo vape Aroma King Bugatti Quattro Blue Razz Lemonade offre une saveur douce et bien m\u00fbre de Blue Sour Raspberry. En inhalant, tu d\u00e9couvres le go\u00fbt de Blue Sour Raspberry, tandis qu&rsquo;en expirant, tu ressens une agr\u00e9able fra\u00eecheur. Ce produit est id\u00e9al pour les vapoteurs qui appr\u00e9cient les ar\u00f4mes fruit\u00e9s et rafra\u00eechissants. Essaie-le ! Fabriqu\u00e9 en Europe. Aim\u00e9 par la Suisse.<\/p>\n","protected":false},"excerpt":{"rendered":"<p>Le stylo vape Aroma King Bugatti Quattro Blue Razz Lemonade offre une saveur douce et bien m\u00fbre de Blue Sour Raspberry. En inhalant, tu d\u00e9couvres le go\u00fbt de Blue Sour Raspberry, tandis qu&rsquo;en expirant, tu ressens une agr\u00e9able fra\u00eecheur. Ce produit est id\u00e9al pour les vapoteurs qui appr\u00e9cient les ar\u00f4mes fruit\u00e9s et rafra\u00eechissants. Essaie-le ! Fabriqu\u00e9 en Europe. Aim\u00e9 par la Suisse.<\/p>\n","protected":false},"featured_media":4070,"comment_status":"open","ping_status":"closed","template":"","meta":{"_acf_changed":false},"product_brand":[],"product_cat":[372],"product_tag":[],"class_list":{"0":"post-180632","1":"product","2":"type-product","3":"status-publish","4":"has-post-thumbnail","6":"product_cat-bugatti","8":"first","9":"instock","10":"taxable","11":"shipping-taxable","12":"purchasable","13":"product-type-simple"},"acf":[],"yoast_head":"<!-- This site is optimized with the Yoast SEO plugin v26.4 - https:\/\/yoast.com\/wordpress\/plugins\/seo\/ -->\n<title>Aroma King Bugatti Quattro Blue Sour Raspberry - Aroma King<\/title>\n<meta name=\"robots\" content=\"index, follow, max-snippet:-1, max-image-preview:large, max-video-preview:-1\" \/>\n<link rel=\"canonical\" href=\"https:\/\/www.myaromaking.ch\/fr\/shop\/produit\/aroma-king-bugatti-quattro-blue-sour-raspberry\/\" \/>\n<meta property=\"og:locale\" content=\"fr_FR\" \/>\n<meta property=\"og:type\" content=\"article\" \/>\n<meta property=\"og:title\" content=\"Aroma King Bugatti Quattro Blue Sour Raspberry - Aroma King\" \/>\n<meta property=\"og:description\" content=\"Le stylo vape Aroma King Bugatti Quattro Blue Razz Lemonade offre une saveur douce et bien m\u00fbre de Blue Sour Raspberry. En inhalant, tu d\u00e9couvres le go\u00fbt de Blue Sour Raspberry, tandis qu&#039;en expirant, tu ressens une agr\u00e9able fra\u00eecheur. Ce produit est id\u00e9al pour les vapoteurs qui appr\u00e9cient les ar\u00f4mes fruit\u00e9s et rafra\u00eechissants. Essaie-le ! Fabriqu\u00e9 en Europe. Aim\u00e9 par la Suisse.\" \/>\n<meta property=\"og:url\" content=\"https:\/\/www.myaromaking.ch\/fr\/shop\/produit\/aroma-king-bugatti-quattro-blue-sour-raspberry\/\" \/>\n<meta property=\"og:site_name\" content=\"Aroma King\" \/>\n<meta property=\"article:modified_time\" content=\"2025-04-28T17:31:49+00:00\" \/>\n<meta name=\"twitter:card\" content=\"summary_large_image\" \/>\n<script type=\"application\/ld+json\" class=\"yoast-schema-graph\">{\"@context\":\"https:\/\/schema.org\",\"@graph\":[{\"@type\":\"WebPage\",\"@id\":\"https:\/\/www.myaromaking.ch\/fr\/shop\/produit\/aroma-king-bugatti-quattro-blue-sour-raspberry\/\",\"url\":\"https:\/\/www.myaromaking.ch\/fr\/shop\/produit\/aroma-king-bugatti-quattro-blue-sour-raspberry\/\",\"name\":\"Aroma King Bugatti Quattro Blue Sour Raspberry - Aroma King\",\"isPartOf\":{\"@id\":\"https:\/\/www.myaromaking.ch\/fr\/#website\"},\"primaryImageOfPage\":{\"@id\":\"https:\/\/www.myaromaking.ch\/fr\/shop\/produit\/aroma-king-bugatti-quattro-blue-sour-raspberry\/#primaryimage\"},\"image\":{\"@id\":\"https:\/\/www.myaromaking.ch\/fr\/shop\/produit\/aroma-king-bugatti-quattro-blue-sour-raspberry\/#primaryimage\"},\"thumbnailUrl\":\"https:\/\/www.myaromaking.ch\/wp-content\/uploads\/\/ak-products_bugatti-quattro_blue-sour-raspberry.webp\",\"datePublished\":\"2025-01-25T02:40:40+00:00\",\"dateModified\":\"2025-04-28T17:31:49+00:00\",\"breadcrumb\":{\"@id\":\"https:\/\/www.myaromaking.ch\/fr\/shop\/produit\/aroma-king-bugatti-quattro-blue-sour-raspberry\/#breadcrumb\"},\"inLanguage\":\"fr-FR\",\"potentialAction\":[{\"@type\":\"ReadAction\",\"target\":[\"https:\/\/www.myaromaking.ch\/fr\/shop\/produit\/aroma-king-bugatti-quattro-blue-sour-raspberry\/\"]}]},{\"@type\":\"ImageObject\",\"inLanguage\":\"fr-FR\",\"@id\":\"https:\/\/www.myaromaking.ch\/fr\/shop\/produit\/aroma-king-bugatti-quattro-blue-sour-raspberry\/#primaryimage\",\"url\":\"https:\/\/www.myaromaking.ch\/wp-content\/uploads\/\/ak-products_bugatti-quattro_blue-sour-raspberry.webp\",\"contentUrl\":\"https:\/\/www.myaromaking.ch\/wp-content\/uploads\/\/ak-products_bugatti-quattro_blue-sour-raspberry.webp\",\"width\":581,\"height\":581},{\"@type\":\"BreadcrumbList\",\"@id\":\"https:\/\/www.myaromaking.ch\/fr\/shop\/produit\/aroma-king-bugatti-quattro-blue-sour-raspberry\/#breadcrumb\",\"itemListElement\":[{\"@type\":\"ListItem\",\"position\":1,\"name\":\"Shop\",\"item\":\"https:\/\/www.myaromaking.ch\/fr\/shop\/\"},{\"@type\":\"ListItem\",\"position\":2,\"name\":\"Bugatti\",\"item\":\"https:\/\/www.myaromaking.ch\/fr\/shop\/categorie\/bugatti\/\"},{\"@type\":\"ListItem\",\"position\":3,\"name\":\"Aroma King Bugatti Quattro Blue Sour Raspberry\"}]},{\"@type\":\"WebSite\",\"@id\":\"https:\/\/www.myaromaking.ch\/fr\/#website\",\"url\":\"https:\/\/www.myaromaking.ch\/fr\/\",\"name\":\"Aroma King\",\"description\":\"Die nachhaltige Alternative zu Wegwerf-Pods\",\"publisher\":{\"@id\":\"https:\/\/www.myaromaking.ch\/fr\/#organization\"},\"potentialAction\":[{\"@type\":\"SearchAction\",\"target\":{\"@type\":\"EntryPoint\",\"urlTemplate\":\"https:\/\/www.myaromaking.ch\/fr\/?s={search_term_string}\"},\"query-input\":{\"@type\":\"PropertyValueSpecification\",\"valueRequired\":true,\"valueName\":\"search_term_string\"}}],\"inLanguage\":\"fr-FR\"},{\"@type\":\"Organization\",\"@id\":\"https:\/\/www.myaromaking.ch\/fr\/#organization\",\"name\":\"Aroma King\",\"url\":\"https:\/\/www.myaromaking.ch\/fr\/\",\"logo\":{\"@type\":\"ImageObject\",\"inLanguage\":\"fr-FR\",\"@id\":\"https:\/\/www.myaromaking.ch\/fr\/#\/schema\/logo\/image\/\",\"url\":\"https:\/\/www.myaromaking.ch\/wp-content\/uploads\/\/aromaking-logo-symbol.svg\",\"contentUrl\":\"https:\/\/www.myaromaking.ch\/wp-content\/uploads\/\/aromaking-logo-symbol.svg\",\"width\":126,\"height\":220,\"caption\":\"Aroma King\"},\"image\":{\"@id\":\"https:\/\/www.myaromaking.ch\/fr\/#\/schema\/logo\/image\/\"}}]}<\/script>\n<!-- \/ Yoast SEO plugin. -->","yoast_head_json":{"title":"Aroma King Bugatti Quattro Blue Sour Raspberry - Aroma King","robots":{"index":"index","follow":"follow","max-snippet":"max-snippet:-1","max-image-preview":"max-image-preview:large","max-video-preview":"max-video-preview:-1"},"canonical":"https:\/\/www.myaromaking.ch\/fr\/shop\/produit\/aroma-king-bugatti-quattro-blue-sour-raspberry\/","og_locale":"fr_FR","og_type":"article","og_title":"Aroma King Bugatti Quattro Blue Sour Raspberry - Aroma King","og_description":"Le stylo vape Aroma King Bugatti Quattro Blue Razz Lemonade offre une saveur douce et bien m\u00fbre de Blue Sour Raspberry. En inhalant, tu d\u00e9couvres le go\u00fbt de Blue Sour Raspberry, tandis qu'en expirant, tu ressens une agr\u00e9able fra\u00eecheur. Ce produit est id\u00e9al pour les vapoteurs qui appr\u00e9cient les ar\u00f4mes fruit\u00e9s et rafra\u00eechissants. Essaie-le ! Fabriqu\u00e9 en Europe. Aim\u00e9 par la Suisse.","og_url":"https:\/\/www.myaromaking.ch\/fr\/shop\/produit\/aroma-king-bugatti-quattro-blue-sour-raspberry\/","og_site_name":"Aroma King","article_modified_time":"2025-04-28T17:31:49+00:00","twitter_card":"summary_large_image","schema":{"@context":"https:\/\/schema.org","@graph":[{"@type":"WebPage","@id":"https:\/\/www.myaromaking.ch\/fr\/shop\/produit\/aroma-king-bugatti-quattro-blue-sour-raspberry\/","url":"https:\/\/www.myaromaking.ch\/fr\/shop\/produit\/aroma-king-bugatti-quattro-blue-sour-raspberry\/","name":"Aroma King Bugatti Quattro Blue Sour Raspberry - Aroma King","isPartOf":{"@id":"https:\/\/www.myaromaking.ch\/fr\/#website"},"primaryImageOfPage":{"@id":"https:\/\/www.myaromaking.ch\/fr\/shop\/produit\/aroma-king-bugatti-quattro-blue-sour-raspberry\/#primaryimage"},"image":{"@id":"https:\/\/www.myaromaking.ch\/fr\/shop\/produit\/aroma-king-bugatti-quattro-blue-sour-raspberry\/#primaryimage"},"thumbnailUrl":"https:\/\/www.myaromaking.ch\/wp-content\/uploads\/\/ak-products_bugatti-quattro_blue-sour-raspberry.webp","datePublished":"2025-01-25T02:40:40+00:00","dateModified":"2025-04-28T17:31:49+00:00","breadcrumb":{"@id":"https:\/\/www.myaromaking.ch\/fr\/shop\/produit\/aroma-king-bugatti-quattro-blue-sour-raspberry\/#breadcrumb"},"inLanguage":"fr-FR","potentialAction":[{"@type":"ReadAction","target":["https:\/\/www.myaromaking.ch\/fr\/shop\/produit\/aroma-king-bugatti-quattro-blue-sour-raspberry\/"]}]},{"@type":"ImageObject","inLanguage":"fr-FR","@id":"https:\/\/www.myaromaking.ch\/fr\/shop\/produit\/aroma-king-bugatti-quattro-blue-sour-raspberry\/#primaryimage","url":"https:\/\/www.myaromaking.ch\/wp-content\/uploads\/\/ak-products_bugatti-quattro_blue-sour-raspberry.webp","contentUrl":"https:\/\/www.myaromaking.ch\/wp-content\/uploads\/\/ak-products_bugatti-quattro_blue-sour-raspberry.webp","width":581,"height":581},{"@type":"BreadcrumbList","@id":"https:\/\/www.myaromaking.ch\/fr\/shop\/produit\/aroma-king-bugatti-quattro-blue-sour-raspberry\/#breadcrumb","itemListElement":[{"@type":"ListItem","position":1,"name":"Shop","item":"https:\/\/www.myaromaking.ch\/fr\/shop\/"},{"@type":"ListItem","position":2,"name":"Bugatti","item":"https:\/\/www.myaromaking.ch\/fr\/shop\/categorie\/bugatti\/"},{"@type":"ListItem","position":3,"name":"Aroma King Bugatti Quattro Blue Sour Raspberry"}]},{"@type":"WebSite","@id":"https:\/\/www.myaromaking.ch\/fr\/#website","url":"https:\/\/www.myaromaking.ch\/fr\/","name":"Aroma King","description":"Die nachhaltige Alternative zu Wegwerf-Pods","publisher":{"@id":"https:\/\/www.myaromaking.ch\/fr\/#organization"},"potentialAction":[{"@type":"SearchAction","target":{"@type":"EntryPoint","urlTemplate":"https:\/\/www.myaromaking.ch\/fr\/?s={search_term_string}"},"query-input":{"@type":"PropertyValueSpecification","valueRequired":true,"valueName":"search_term_string"}}],"inLanguage":"fr-FR"},{"@type":"Organization","@id":"https:\/\/www.myaromaking.ch\/fr\/#organization","name":"Aroma King","url":"https:\/\/www.myaromaking.ch\/fr\/","logo":{"@type":"ImageObject","inLanguage":"fr-FR","@id":"https:\/\/www.myaromaking.ch\/fr\/#\/schema\/logo\/image\/","url":"https:\/\/www.myaromaking.ch\/wp-content\/uploads\/\/aromaking-logo-symbol.svg","contentUrl":"https:\/\/www.myaromaking.ch\/wp-content\/uploads\/\/aromaking-logo-symbol.svg","width":126,"height":220,"caption":"Aroma King"},"image":{"@id":"https:\/\/www.myaromaking.ch\/fr\/#\/schema\/logo\/image\/"}}]}},"_links":{"self":[{"href":"https:\/\/www.myaromaking.ch\/fr\/wp-json\/wp\/v2\/product\/180632","targetHints":{"allow":["GET"]}}],"collection":[{"href":"https:\/\/www.myaromaking.ch\/fr\/wp-json\/wp\/v2\/product"}],"about":[{"href":"https:\/\/www.myaromaking.ch\/fr\/wp-json\/wp\/v2\/types\/product"}],"replies":[{"embeddable":true,"href":"https:\/\/www.myaromaking.ch\/fr\/wp-json\/wp\/v2\/comments?post=180632"}],"wp:featuredmedia":[{"embeddable":true,"href":"https:\/\/www.myaromaking.ch\/fr\/wp-json\/wp\/v2\/media\/4070"}],"wp:attachment":[{"href":"https:\/\/www.myaromaking.ch\/fr\/wp-json\/wp\/v2\/media?parent=180632"}],"wp:term":[{"taxonomy":"product_brand","embeddable":true,"href":"https:\/\/www.myaromaking.ch\/fr\/wp-json\/wp\/v2\/product_brand?post=180632"},{"taxonomy":"product_cat","embeddable":true,"href":"https:\/\/www.myaromaking.ch\/fr\/wp-json\/wp\/v2\/product_cat?post=180632"},{"taxonomy":"product_tag","embeddable":true,"href":"https:\/\/www.myaromaking.ch\/fr\/wp-json\/wp\/v2\/product_tag?post=180632"}],"curies":[{"name":"wp","href":"https:\/\/api.w.org\/{rel}","templated":true}]}}