{"id":180657,"date":"2025-01-25T03:41:11","date_gmt":"2025-01-25T02:41:11","guid":{"rendered":"https:\/\/www.myaromaking.ch\/?post_type=product&#038;p=180657"},"modified":"2025-04-28T18:31:39","modified_gmt":"2025-04-28T17:31:39","slug":"aroma-king-liquid-10ml-strawberry-ice-20mg","status":"publish","type":"product","link":"https:\/\/www.myaromaking.ch\/fr\/shop\/produit\/aroma-king-liquid-10ml-strawberry-ice-20mg\/","title":{"rendered":"Aroma King Liquid 10ml Strawberry Ice 20mg"},"content":{"rendered":"<p>L\u2019Aroma King Liquid Strawberry Ice s\u00e9duit par sa qualit\u00e9 prim\u00e9e et son go\u00fbt de fraise frais avec un effet rafra\u00eechissant \u2013 un choix populaire aupr\u00e8s des consommateurs exigeants. Fabriqu\u00e9 en Europe et avec une teneur en nicotine de 20 mg\/ml, il r\u00e9pond aux normes de qualit\u00e9 les plus \u00e9lev\u00e9es et satisfait la demande pour des ar\u00f4mes intenses.<\/p>\n","protected":false},"excerpt":{"rendered":"<p>L\u2019Aroma King Liquid Strawberry Ice s\u00e9duit par sa qualit\u00e9 prim\u00e9e et son go\u00fbt de fraise frais avec un effet rafra\u00eechissant \u2013 un choix populaire aupr\u00e8s des consommateurs exigeants. Fabriqu\u00e9 en Europe et avec une teneur en nicotine de 20 mg\/ml, il r\u00e9pond aux normes de qualit\u00e9 les plus \u00e9lev\u00e9es et satisfait la demande pour des ar\u00f4mes intenses.<\/p>\n","protected":false},"featured_media":11406,"comment_status":"open","ping_status":"closed","template":"","meta":{"_acf_changed":false},"product_brand":[],"product_cat":[380],"product_tag":[],"class_list":{"0":"post-180657","1":"product","2":"type-product","3":"status-publish","4":"has-post-thumbnail","6":"product_cat-liquids","8":"first","9":"instock","10":"taxable","11":"shipping-taxable","12":"purchasable","13":"product-type-simple"},"acf":[],"yoast_head":"<!-- This site is optimized with the Yoast SEO plugin v26.4 - https:\/\/yoast.com\/wordpress\/plugins\/seo\/ -->\n<title>Aroma King Liquid 10ml Strawberry Ice 20mg - Aroma King<\/title>\n<meta name=\"robots\" content=\"index, follow, max-snippet:-1, max-image-preview:large, max-video-preview:-1\" \/>\n<link rel=\"canonical\" href=\"https:\/\/www.myaromaking.ch\/fr\/shop\/produit\/aroma-king-liquid-10ml-strawberry-ice-20mg\/\" \/>\n<meta property=\"og:locale\" content=\"fr_FR\" \/>\n<meta property=\"og:type\" content=\"article\" \/>\n<meta property=\"og:title\" content=\"Aroma King Liquid 10ml Strawberry Ice 20mg - Aroma King\" \/>\n<meta property=\"og:description\" content=\"L\u2019Aroma King Liquid Strawberry Ice s\u00e9duit par sa qualit\u00e9 prim\u00e9e et son go\u00fbt de fraise frais avec un effet rafra\u00eechissant \u2013 un choix populaire aupr\u00e8s des consommateurs exigeants. Fabriqu\u00e9 en Europe et avec une teneur en nicotine de 20 mg\/ml, il r\u00e9pond aux normes de qualit\u00e9 les plus \u00e9lev\u00e9es et satisfait la demande pour des ar\u00f4mes intenses.\" \/>\n<meta property=\"og:url\" content=\"https:\/\/www.myaromaking.ch\/fr\/shop\/produit\/aroma-king-liquid-10ml-strawberry-ice-20mg\/\" \/>\n<meta property=\"og:site_name\" content=\"Aroma King\" \/>\n<meta property=\"article:modified_time\" content=\"2025-04-28T17:31:39+00:00\" \/>\n<meta name=\"twitter:card\" content=\"summary_large_image\" \/>\n<script type=\"application\/ld+json\" class=\"yoast-schema-graph\">{\"@context\":\"https:\/\/schema.org\",\"@graph\":[{\"@type\":\"WebPage\",\"@id\":\"https:\/\/www.myaromaking.ch\/fr\/shop\/produit\/aroma-king-liquid-10ml-strawberry-ice-20mg\/\",\"url\":\"https:\/\/www.myaromaking.ch\/fr\/shop\/produit\/aroma-king-liquid-10ml-strawberry-ice-20mg\/\",\"name\":\"Aroma King Liquid 10ml Strawberry Ice 20mg - Aroma King\",\"isPartOf\":{\"@id\":\"https:\/\/www.myaromaking.ch\/fr\/#website\"},\"primaryImageOfPage\":{\"@id\":\"https:\/\/www.myaromaking.ch\/fr\/shop\/produit\/aroma-king-liquid-10ml-strawberry-ice-20mg\/#primaryimage\"},\"image\":{\"@id\":\"https:\/\/www.myaromaking.ch\/fr\/shop\/produit\/aroma-king-liquid-10ml-strawberry-ice-20mg\/#primaryimage\"},\"thumbnailUrl\":\"https:\/\/www.myaromaking.ch\/wp-content\/uploads\/ak-products_liquids_0170103.webp\",\"datePublished\":\"2025-01-25T02:41:11+00:00\",\"dateModified\":\"2025-04-28T17:31:39+00:00\",\"breadcrumb\":{\"@id\":\"https:\/\/www.myaromaking.ch\/fr\/shop\/produit\/aroma-king-liquid-10ml-strawberry-ice-20mg\/#breadcrumb\"},\"inLanguage\":\"fr-FR\",\"potentialAction\":[{\"@type\":\"ReadAction\",\"target\":[\"https:\/\/www.myaromaking.ch\/fr\/shop\/produit\/aroma-king-liquid-10ml-strawberry-ice-20mg\/\"]}]},{\"@type\":\"ImageObject\",\"inLanguage\":\"fr-FR\",\"@id\":\"https:\/\/www.myaromaking.ch\/fr\/shop\/produit\/aroma-king-liquid-10ml-strawberry-ice-20mg\/#primaryimage\",\"url\":\"https:\/\/www.myaromaking.ch\/wp-content\/uploads\/ak-products_liquids_0170103.webp\",\"contentUrl\":\"https:\/\/www.myaromaking.ch\/wp-content\/uploads\/ak-products_liquids_0170103.webp\",\"width\":600,\"height\":600},{\"@type\":\"BreadcrumbList\",\"@id\":\"https:\/\/www.myaromaking.ch\/fr\/shop\/produit\/aroma-king-liquid-10ml-strawberry-ice-20mg\/#breadcrumb\",\"itemListElement\":[{\"@type\":\"ListItem\",\"position\":1,\"name\":\"Shop\",\"item\":\"https:\/\/www.myaromaking.ch\/fr\/shop\/\"},{\"@type\":\"ListItem\",\"position\":2,\"name\":\"Liquids\",\"item\":\"https:\/\/www.myaromaking.ch\/fr\/shop\/categorie\/liquids\/\"},{\"@type\":\"ListItem\",\"position\":3,\"name\":\"Aroma King Liquid 10ml Strawberry Ice 20mg\"}]},{\"@type\":\"WebSite\",\"@id\":\"https:\/\/www.myaromaking.ch\/fr\/#website\",\"url\":\"https:\/\/www.myaromaking.ch\/fr\/\",\"name\":\"Aroma King\",\"description\":\"Die nachhaltige Alternative zu Wegwerf-Pods\",\"publisher\":{\"@id\":\"https:\/\/www.myaromaking.ch\/fr\/#organization\"},\"potentialAction\":[{\"@type\":\"SearchAction\",\"target\":{\"@type\":\"EntryPoint\",\"urlTemplate\":\"https:\/\/www.myaromaking.ch\/fr\/?s={search_term_string}\"},\"query-input\":{\"@type\":\"PropertyValueSpecification\",\"valueRequired\":true,\"valueName\":\"search_term_string\"}}],\"inLanguage\":\"fr-FR\"},{\"@type\":\"Organization\",\"@id\":\"https:\/\/www.myaromaking.ch\/fr\/#organization\",\"name\":\"Aroma King\",\"url\":\"https:\/\/www.myaromaking.ch\/fr\/\",\"logo\":{\"@type\":\"ImageObject\",\"inLanguage\":\"fr-FR\",\"@id\":\"https:\/\/www.myaromaking.ch\/fr\/#\/schema\/logo\/image\/\",\"url\":\"https:\/\/www.myaromaking.ch\/wp-content\/uploads\/\/aromaking-logo-symbol.svg\",\"contentUrl\":\"https:\/\/www.myaromaking.ch\/wp-content\/uploads\/\/aromaking-logo-symbol.svg\",\"width\":126,\"height\":220,\"caption\":\"Aroma King\"},\"image\":{\"@id\":\"https:\/\/www.myaromaking.ch\/fr\/#\/schema\/logo\/image\/\"}}]}<\/script>\n<!-- \/ Yoast SEO plugin. -->","yoast_head_json":{"title":"Aroma King Liquid 10ml Strawberry Ice 20mg - Aroma King","robots":{"index":"index","follow":"follow","max-snippet":"max-snippet:-1","max-image-preview":"max-image-preview:large","max-video-preview":"max-video-preview:-1"},"canonical":"https:\/\/www.myaromaking.ch\/fr\/shop\/produit\/aroma-king-liquid-10ml-strawberry-ice-20mg\/","og_locale":"fr_FR","og_type":"article","og_title":"Aroma King Liquid 10ml Strawberry Ice 20mg - Aroma King","og_description":"L\u2019Aroma King Liquid Strawberry Ice s\u00e9duit par sa qualit\u00e9 prim\u00e9e et son go\u00fbt de fraise frais avec un effet rafra\u00eechissant \u2013 un choix populaire aupr\u00e8s des consommateurs exigeants. Fabriqu\u00e9 en Europe et avec une teneur en nicotine de 20 mg\/ml, il r\u00e9pond aux normes de qualit\u00e9 les plus \u00e9lev\u00e9es et satisfait la demande pour des ar\u00f4mes intenses.","og_url":"https:\/\/www.myaromaking.ch\/fr\/shop\/produit\/aroma-king-liquid-10ml-strawberry-ice-20mg\/","og_site_name":"Aroma King","article_modified_time":"2025-04-28T17:31:39+00:00","twitter_card":"summary_large_image","schema":{"@context":"https:\/\/schema.org","@graph":[{"@type":"WebPage","@id":"https:\/\/www.myaromaking.ch\/fr\/shop\/produit\/aroma-king-liquid-10ml-strawberry-ice-20mg\/","url":"https:\/\/www.myaromaking.ch\/fr\/shop\/produit\/aroma-king-liquid-10ml-strawberry-ice-20mg\/","name":"Aroma King Liquid 10ml Strawberry Ice 20mg - Aroma King","isPartOf":{"@id":"https:\/\/www.myaromaking.ch\/fr\/#website"},"primaryImageOfPage":{"@id":"https:\/\/www.myaromaking.ch\/fr\/shop\/produit\/aroma-king-liquid-10ml-strawberry-ice-20mg\/#primaryimage"},"image":{"@id":"https:\/\/www.myaromaking.ch\/fr\/shop\/produit\/aroma-king-liquid-10ml-strawberry-ice-20mg\/#primaryimage"},"thumbnailUrl":"https:\/\/www.myaromaking.ch\/wp-content\/uploads\/ak-products_liquids_0170103.webp","datePublished":"2025-01-25T02:41:11+00:00","dateModified":"2025-04-28T17:31:39+00:00","breadcrumb":{"@id":"https:\/\/www.myaromaking.ch\/fr\/shop\/produit\/aroma-king-liquid-10ml-strawberry-ice-20mg\/#breadcrumb"},"inLanguage":"fr-FR","potentialAction":[{"@type":"ReadAction","target":["https:\/\/www.myaromaking.ch\/fr\/shop\/produit\/aroma-king-liquid-10ml-strawberry-ice-20mg\/"]}]},{"@type":"ImageObject","inLanguage":"fr-FR","@id":"https:\/\/www.myaromaking.ch\/fr\/shop\/produit\/aroma-king-liquid-10ml-strawberry-ice-20mg\/#primaryimage","url":"https:\/\/www.myaromaking.ch\/wp-content\/uploads\/ak-products_liquids_0170103.webp","contentUrl":"https:\/\/www.myaromaking.ch\/wp-content\/uploads\/ak-products_liquids_0170103.webp","width":600,"height":600},{"@type":"BreadcrumbList","@id":"https:\/\/www.myaromaking.ch\/fr\/shop\/produit\/aroma-king-liquid-10ml-strawberry-ice-20mg\/#breadcrumb","itemListElement":[{"@type":"ListItem","position":1,"name":"Shop","item":"https:\/\/www.myaromaking.ch\/fr\/shop\/"},{"@type":"ListItem","position":2,"name":"Liquids","item":"https:\/\/www.myaromaking.ch\/fr\/shop\/categorie\/liquids\/"},{"@type":"ListItem","position":3,"name":"Aroma King Liquid 10ml Strawberry Ice 20mg"}]},{"@type":"WebSite","@id":"https:\/\/www.myaromaking.ch\/fr\/#website","url":"https:\/\/www.myaromaking.ch\/fr\/","name":"Aroma King","description":"Die nachhaltige Alternative zu Wegwerf-Pods","publisher":{"@id":"https:\/\/www.myaromaking.ch\/fr\/#organization"},"potentialAction":[{"@type":"SearchAction","target":{"@type":"EntryPoint","urlTemplate":"https:\/\/www.myaromaking.ch\/fr\/?s={search_term_string}"},"query-input":{"@type":"PropertyValueSpecification","valueRequired":true,"valueName":"search_term_string"}}],"inLanguage":"fr-FR"},{"@type":"Organization","@id":"https:\/\/www.myaromaking.ch\/fr\/#organization","name":"Aroma King","url":"https:\/\/www.myaromaking.ch\/fr\/","logo":{"@type":"ImageObject","inLanguage":"fr-FR","@id":"https:\/\/www.myaromaking.ch\/fr\/#\/schema\/logo\/image\/","url":"https:\/\/www.myaromaking.ch\/wp-content\/uploads\/\/aromaking-logo-symbol.svg","contentUrl":"https:\/\/www.myaromaking.ch\/wp-content\/uploads\/\/aromaking-logo-symbol.svg","width":126,"height":220,"caption":"Aroma King"},"image":{"@id":"https:\/\/www.myaromaking.ch\/fr\/#\/schema\/logo\/image\/"}}]}},"_links":{"self":[{"href":"https:\/\/www.myaromaking.ch\/fr\/wp-json\/wp\/v2\/product\/180657","targetHints":{"allow":["GET"]}}],"collection":[{"href":"https:\/\/www.myaromaking.ch\/fr\/wp-json\/wp\/v2\/product"}],"about":[{"href":"https:\/\/www.myaromaking.ch\/fr\/wp-json\/wp\/v2\/types\/product"}],"replies":[{"embeddable":true,"href":"https:\/\/www.myaromaking.ch\/fr\/wp-json\/wp\/v2\/comments?post=180657"}],"wp:featuredmedia":[{"embeddable":true,"href":"https:\/\/www.myaromaking.ch\/fr\/wp-json\/wp\/v2\/media\/11406"}],"wp:attachment":[{"href":"https:\/\/www.myaromaking.ch\/fr\/wp-json\/wp\/v2\/media?parent=180657"}],"wp:term":[{"taxonomy":"product_brand","embeddable":true,"href":"https:\/\/www.myaromaking.ch\/fr\/wp-json\/wp\/v2\/product_brand?post=180657"},{"taxonomy":"product_cat","embeddable":true,"href":"https:\/\/www.myaromaking.ch\/fr\/wp-json\/wp\/v2\/product_cat?post=180657"},{"taxonomy":"product_tag","embeddable":true,"href":"https:\/\/www.myaromaking.ch\/fr\/wp-json\/wp\/v2\/product_tag?post=180657"}],"curies":[{"name":"wp","href":"https:\/\/api.w.org\/{rel}","templated":true}]}}