{"id":180675,"date":"2025-01-25T03:42:17","date_gmt":"2025-01-25T02:42:17","guid":{"rendered":"https:\/\/www.myaromaking.ch\/?post_type=product&#038;p=180675"},"modified":"2025-06-02T16:17:19","modified_gmt":"2025-06-02T15:17:19","slug":"aroma-king-cosmic-max-box-watermelon-ice-20mg","status":"publish","type":"product","link":"https:\/\/www.myaromaking.ch\/fr\/shop\/produit\/aroma-king-cosmic-max-box-watermelon-ice-20mg\/","title":{"rendered":"Aroma King Cosmic Max Box Watermelon Ice 20mg"},"content":{"rendered":"<p>La bo\u00eete Aroma King Cosmic Max red\u00e9finit l&rsquo;exp\u00e9rience de la vape et \u00e9tablit de nouvelles normes dans le secteur. En tant que premi\u00e8re vape au monde, un volume de remplissage de 2ml permet de sortir un nombre impressionnant de 999 bouff\u00e9es, ce qui assure une utilisation durable et satisfaisante. Le look transparent et m\u00e9tallique donne non seulement une touche moderne et cool au produit, mais souligne aussi la technologie innovante qui fait de cette vape le sommet de son segment. La bo\u00eete Aroma King Cosmic Max est une combinaison parfaite de style et de performance dans le monde de la vape. Fabriqu\u00e9 en Europe. Aim\u00e9 par la Suisse.<\/p>\n","protected":false},"excerpt":{"rendered":"<p>La bo\u00eete Aroma King Cosmic Max red\u00e9finit l&rsquo;exp\u00e9rience de la vape et \u00e9tablit de nouvelles normes dans le secteur. En tant que premi\u00e8re vape au monde, un volume de remplissage de 2ml permet de sortir un nombre impressionnant de 999 bouff\u00e9es, ce qui assure une utilisation durable et satisfaisante. Le look transparent et m\u00e9tallique donne non seulement une touche moderne et cool au produit, mais souligne aussi la technologie innovante qui fait de cette vape le sommet de son segment. La bo\u00eete Aroma King Cosmic Max est une combinaison parfaite de style et de performance dans le monde de la vape. Fabriqu\u00e9 en Europe. Aim\u00e9 par la Suisse.<\/p>\n","protected":false},"featured_media":7515,"comment_status":"open","ping_status":"closed","template":"","meta":{"_acf_changed":false},"product_brand":[],"product_cat":[375],"product_tag":[],"class_list":{"0":"post-180675","1":"product","2":"type-product","3":"status-publish","4":"has-post-thumbnail","6":"product_cat-cosmic-max","8":"first","9":"instock","10":"taxable","11":"shipping-taxable","12":"purchasable","13":"product-type-simple"},"acf":[],"yoast_head":"<!-- This site is optimized with the Yoast SEO plugin v26.4 - https:\/\/yoast.com\/wordpress\/plugins\/seo\/ -->\n<title>Aroma King Cosmic Max Box Watermelon Ice 20mg - Aroma King<\/title>\n<meta name=\"robots\" content=\"index, follow, max-snippet:-1, max-image-preview:large, max-video-preview:-1\" \/>\n<link rel=\"canonical\" href=\"https:\/\/www.myaromaking.ch\/fr\/shop\/produit\/aroma-king-cosmic-max-box-watermelon-ice-20mg\/\" \/>\n<meta property=\"og:locale\" content=\"fr_FR\" \/>\n<meta property=\"og:type\" content=\"article\" \/>\n<meta property=\"og:title\" content=\"Aroma King Cosmic Max Box Watermelon Ice 20mg - Aroma King\" \/>\n<meta property=\"og:description\" content=\"La bo\u00eete Aroma King Cosmic Max red\u00e9finit l&#039;exp\u00e9rience de la vape et \u00e9tablit de nouvelles normes dans le secteur. En tant que premi\u00e8re vape au monde, un volume de remplissage de 2ml permet de sortir un nombre impressionnant de 999 bouff\u00e9es, ce qui assure une utilisation durable et satisfaisante. Le look transparent et m\u00e9tallique donne non seulement une touche moderne et cool au produit, mais souligne aussi la technologie innovante qui fait de cette vape le sommet de son segment. La bo\u00eete Aroma King Cosmic Max est une combinaison parfaite de style et de performance dans le monde de la vape. Fabriqu\u00e9 en Europe. Aim\u00e9 par la Suisse.\" \/>\n<meta property=\"og:url\" content=\"https:\/\/www.myaromaking.ch\/fr\/shop\/produit\/aroma-king-cosmic-max-box-watermelon-ice-20mg\/\" \/>\n<meta property=\"og:site_name\" content=\"Aroma King\" \/>\n<meta property=\"article:modified_time\" content=\"2025-06-02T15:17:19+00:00\" \/>\n<meta name=\"twitter:card\" content=\"summary_large_image\" \/>\n<script type=\"application\/ld+json\" class=\"yoast-schema-graph\">{\"@context\":\"https:\/\/schema.org\",\"@graph\":[{\"@type\":\"WebPage\",\"@id\":\"https:\/\/www.myaromaking.ch\/fr\/shop\/produit\/aroma-king-cosmic-max-box-watermelon-ice-20mg\/\",\"url\":\"https:\/\/www.myaromaking.ch\/fr\/shop\/produit\/aroma-king-cosmic-max-box-watermelon-ice-20mg\/\",\"name\":\"Aroma King Cosmic Max Box Watermelon Ice 20mg - Aroma King\",\"isPartOf\":{\"@id\":\"https:\/\/www.myaromaking.ch\/fr\/#website\"},\"primaryImageOfPage\":{\"@id\":\"https:\/\/www.myaromaking.ch\/fr\/shop\/produit\/aroma-king-cosmic-max-box-watermelon-ice-20mg\/#primaryimage\"},\"image\":{\"@id\":\"https:\/\/www.myaromaking.ch\/fr\/shop\/produit\/aroma-king-cosmic-max-box-watermelon-ice-20mg\/#primaryimage\"},\"thumbnailUrl\":\"https:\/\/www.myaromaking.ch\/wp-content\/uploads\/ak-products_cosmic_watermelon-ice.webp\",\"datePublished\":\"2025-01-25T02:42:17+00:00\",\"dateModified\":\"2025-06-02T15:17:19+00:00\",\"breadcrumb\":{\"@id\":\"https:\/\/www.myaromaking.ch\/fr\/shop\/produit\/aroma-king-cosmic-max-box-watermelon-ice-20mg\/#breadcrumb\"},\"inLanguage\":\"fr-FR\",\"potentialAction\":[{\"@type\":\"ReadAction\",\"target\":[\"https:\/\/www.myaromaking.ch\/fr\/shop\/produit\/aroma-king-cosmic-max-box-watermelon-ice-20mg\/\"]}]},{\"@type\":\"ImageObject\",\"inLanguage\":\"fr-FR\",\"@id\":\"https:\/\/www.myaromaking.ch\/fr\/shop\/produit\/aroma-king-cosmic-max-box-watermelon-ice-20mg\/#primaryimage\",\"url\":\"https:\/\/www.myaromaking.ch\/wp-content\/uploads\/ak-products_cosmic_watermelon-ice.webp\",\"contentUrl\":\"https:\/\/www.myaromaking.ch\/wp-content\/uploads\/ak-products_cosmic_watermelon-ice.webp\",\"width\":583,\"height\":583},{\"@type\":\"BreadcrumbList\",\"@id\":\"https:\/\/www.myaromaking.ch\/fr\/shop\/produit\/aroma-king-cosmic-max-box-watermelon-ice-20mg\/#breadcrumb\",\"itemListElement\":[{\"@type\":\"ListItem\",\"position\":1,\"name\":\"Shop\",\"item\":\"https:\/\/www.myaromaking.ch\/fr\/shop\/\"},{\"@type\":\"ListItem\",\"position\":2,\"name\":\"Cosmic Max\",\"item\":\"https:\/\/www.myaromaking.ch\/fr\/shop\/categorie\/cosmic-max\/\"},{\"@type\":\"ListItem\",\"position\":3,\"name\":\"Aroma King Cosmic Max Box Watermelon Ice 20mg\"}]},{\"@type\":\"WebSite\",\"@id\":\"https:\/\/www.myaromaking.ch\/fr\/#website\",\"url\":\"https:\/\/www.myaromaking.ch\/fr\/\",\"name\":\"Aroma King\",\"description\":\"Die nachhaltige Alternative zu Wegwerf-Pods\",\"publisher\":{\"@id\":\"https:\/\/www.myaromaking.ch\/fr\/#organization\"},\"potentialAction\":[{\"@type\":\"SearchAction\",\"target\":{\"@type\":\"EntryPoint\",\"urlTemplate\":\"https:\/\/www.myaromaking.ch\/fr\/?s={search_term_string}\"},\"query-input\":{\"@type\":\"PropertyValueSpecification\",\"valueRequired\":true,\"valueName\":\"search_term_string\"}}],\"inLanguage\":\"fr-FR\"},{\"@type\":\"Organization\",\"@id\":\"https:\/\/www.myaromaking.ch\/fr\/#organization\",\"name\":\"Aroma King\",\"url\":\"https:\/\/www.myaromaking.ch\/fr\/\",\"logo\":{\"@type\":\"ImageObject\",\"inLanguage\":\"fr-FR\",\"@id\":\"https:\/\/www.myaromaking.ch\/fr\/#\/schema\/logo\/image\/\",\"url\":\"https:\/\/www.myaromaking.ch\/wp-content\/uploads\/\/aromaking-logo-symbol.svg\",\"contentUrl\":\"https:\/\/www.myaromaking.ch\/wp-content\/uploads\/\/aromaking-logo-symbol.svg\",\"width\":126,\"height\":220,\"caption\":\"Aroma King\"},\"image\":{\"@id\":\"https:\/\/www.myaromaking.ch\/fr\/#\/schema\/logo\/image\/\"}}]}<\/script>\n<!-- \/ Yoast SEO plugin. -->","yoast_head_json":{"title":"Aroma King Cosmic Max Box Watermelon Ice 20mg - Aroma King","robots":{"index":"index","follow":"follow","max-snippet":"max-snippet:-1","max-image-preview":"max-image-preview:large","max-video-preview":"max-video-preview:-1"},"canonical":"https:\/\/www.myaromaking.ch\/fr\/shop\/produit\/aroma-king-cosmic-max-box-watermelon-ice-20mg\/","og_locale":"fr_FR","og_type":"article","og_title":"Aroma King Cosmic Max Box Watermelon Ice 20mg - Aroma King","og_description":"La bo\u00eete Aroma King Cosmic Max red\u00e9finit l'exp\u00e9rience de la vape et \u00e9tablit de nouvelles normes dans le secteur. En tant que premi\u00e8re vape au monde, un volume de remplissage de 2ml permet de sortir un nombre impressionnant de 999 bouff\u00e9es, ce qui assure une utilisation durable et satisfaisante. Le look transparent et m\u00e9tallique donne non seulement une touche moderne et cool au produit, mais souligne aussi la technologie innovante qui fait de cette vape le sommet de son segment. La bo\u00eete Aroma King Cosmic Max est une combinaison parfaite de style et de performance dans le monde de la vape. Fabriqu\u00e9 en Europe. Aim\u00e9 par la Suisse.","og_url":"https:\/\/www.myaromaking.ch\/fr\/shop\/produit\/aroma-king-cosmic-max-box-watermelon-ice-20mg\/","og_site_name":"Aroma King","article_modified_time":"2025-06-02T15:17:19+00:00","twitter_card":"summary_large_image","schema":{"@context":"https:\/\/schema.org","@graph":[{"@type":"WebPage","@id":"https:\/\/www.myaromaking.ch\/fr\/shop\/produit\/aroma-king-cosmic-max-box-watermelon-ice-20mg\/","url":"https:\/\/www.myaromaking.ch\/fr\/shop\/produit\/aroma-king-cosmic-max-box-watermelon-ice-20mg\/","name":"Aroma King Cosmic Max Box Watermelon Ice 20mg - Aroma King","isPartOf":{"@id":"https:\/\/www.myaromaking.ch\/fr\/#website"},"primaryImageOfPage":{"@id":"https:\/\/www.myaromaking.ch\/fr\/shop\/produit\/aroma-king-cosmic-max-box-watermelon-ice-20mg\/#primaryimage"},"image":{"@id":"https:\/\/www.myaromaking.ch\/fr\/shop\/produit\/aroma-king-cosmic-max-box-watermelon-ice-20mg\/#primaryimage"},"thumbnailUrl":"https:\/\/www.myaromaking.ch\/wp-content\/uploads\/ak-products_cosmic_watermelon-ice.webp","datePublished":"2025-01-25T02:42:17+00:00","dateModified":"2025-06-02T15:17:19+00:00","breadcrumb":{"@id":"https:\/\/www.myaromaking.ch\/fr\/shop\/produit\/aroma-king-cosmic-max-box-watermelon-ice-20mg\/#breadcrumb"},"inLanguage":"fr-FR","potentialAction":[{"@type":"ReadAction","target":["https:\/\/www.myaromaking.ch\/fr\/shop\/produit\/aroma-king-cosmic-max-box-watermelon-ice-20mg\/"]}]},{"@type":"ImageObject","inLanguage":"fr-FR","@id":"https:\/\/www.myaromaking.ch\/fr\/shop\/produit\/aroma-king-cosmic-max-box-watermelon-ice-20mg\/#primaryimage","url":"https:\/\/www.myaromaking.ch\/wp-content\/uploads\/ak-products_cosmic_watermelon-ice.webp","contentUrl":"https:\/\/www.myaromaking.ch\/wp-content\/uploads\/ak-products_cosmic_watermelon-ice.webp","width":583,"height":583},{"@type":"BreadcrumbList","@id":"https:\/\/www.myaromaking.ch\/fr\/shop\/produit\/aroma-king-cosmic-max-box-watermelon-ice-20mg\/#breadcrumb","itemListElement":[{"@type":"ListItem","position":1,"name":"Shop","item":"https:\/\/www.myaromaking.ch\/fr\/shop\/"},{"@type":"ListItem","position":2,"name":"Cosmic Max","item":"https:\/\/www.myaromaking.ch\/fr\/shop\/categorie\/cosmic-max\/"},{"@type":"ListItem","position":3,"name":"Aroma King Cosmic Max Box Watermelon Ice 20mg"}]},{"@type":"WebSite","@id":"https:\/\/www.myaromaking.ch\/fr\/#website","url":"https:\/\/www.myaromaking.ch\/fr\/","name":"Aroma King","description":"Die nachhaltige Alternative zu Wegwerf-Pods","publisher":{"@id":"https:\/\/www.myaromaking.ch\/fr\/#organization"},"potentialAction":[{"@type":"SearchAction","target":{"@type":"EntryPoint","urlTemplate":"https:\/\/www.myaromaking.ch\/fr\/?s={search_term_string}"},"query-input":{"@type":"PropertyValueSpecification","valueRequired":true,"valueName":"search_term_string"}}],"inLanguage":"fr-FR"},{"@type":"Organization","@id":"https:\/\/www.myaromaking.ch\/fr\/#organization","name":"Aroma King","url":"https:\/\/www.myaromaking.ch\/fr\/","logo":{"@type":"ImageObject","inLanguage":"fr-FR","@id":"https:\/\/www.myaromaking.ch\/fr\/#\/schema\/logo\/image\/","url":"https:\/\/www.myaromaking.ch\/wp-content\/uploads\/\/aromaking-logo-symbol.svg","contentUrl":"https:\/\/www.myaromaking.ch\/wp-content\/uploads\/\/aromaking-logo-symbol.svg","width":126,"height":220,"caption":"Aroma King"},"image":{"@id":"https:\/\/www.myaromaking.ch\/fr\/#\/schema\/logo\/image\/"}}]}},"_links":{"self":[{"href":"https:\/\/www.myaromaking.ch\/fr\/wp-json\/wp\/v2\/product\/180675","targetHints":{"allow":["GET"]}}],"collection":[{"href":"https:\/\/www.myaromaking.ch\/fr\/wp-json\/wp\/v2\/product"}],"about":[{"href":"https:\/\/www.myaromaking.ch\/fr\/wp-json\/wp\/v2\/types\/product"}],"replies":[{"embeddable":true,"href":"https:\/\/www.myaromaking.ch\/fr\/wp-json\/wp\/v2\/comments?post=180675"}],"wp:featuredmedia":[{"embeddable":true,"href":"https:\/\/www.myaromaking.ch\/fr\/wp-json\/wp\/v2\/media\/7515"}],"wp:attachment":[{"href":"https:\/\/www.myaromaking.ch\/fr\/wp-json\/wp\/v2\/media?parent=180675"}],"wp:term":[{"taxonomy":"product_brand","embeddable":true,"href":"https:\/\/www.myaromaking.ch\/fr\/wp-json\/wp\/v2\/product_brand?post=180675"},{"taxonomy":"product_cat","embeddable":true,"href":"https:\/\/www.myaromaking.ch\/fr\/wp-json\/wp\/v2\/product_cat?post=180675"},{"taxonomy":"product_tag","embeddable":true,"href":"https:\/\/www.myaromaking.ch\/fr\/wp-json\/wp\/v2\/product_tag?post=180675"}],"curies":[{"name":"wp","href":"https:\/\/api.w.org\/{rel}","templated":true}]}}