{"id":180685,"date":"2025-01-25T03:42:05","date_gmt":"2025-01-25T02:42:05","guid":{"rendered":"https:\/\/www.myaromaking.ch\/?post_type=product&#038;p=180685"},"modified":"2026-03-01T20:26:25","modified_gmt":"2026-03-01T19:26:25","slug":"aroma-king-pipe-tobacco-20mg","status":"publish","type":"product","link":"https:\/\/www.myaromaking.ch\/fr\/shop\/produit\/aroma-king-pipe-tobacco-20mg\/","title":{"rendered":"Aroma King Pipe Tobacco 20mg"},"content":{"rendered":"<p>L&rsquo;Aroma King Pipe combine le look classique d&rsquo;une pipe \u00e0 tabac avec la technologie moderne de vapotage. Au lieu de br\u00fbler du tabac, elle utilise des e-liquides de haute qualit\u00e9 sans goudron. Super facile \u00e0 utiliser : Il suffit de d\u00e9baller et de commencer \u00e0 fumer. Parfait pour les amateurs de pipe et les vapoteurs, et vraiment un accroche-regard \u00e0 chaque f\u00eate. Avec 2 ml d&rsquo;e-liquide, tu obtiens jusqu&rsquo;\u00e0 700 bouff\u00e9es. Attrape l&rsquo;Aroma King Pipe et profite d&rsquo;une exp\u00e9rience de vaporisation de tabac tout en douceur !<\/p>\n","protected":false},"excerpt":{"rendered":"<p>Die Aroma King Pipe verbindet den klassischen Look einer Tabakpfeife mit moderner Vaping-Technik. Anstatt Tabak zu verbrennen, nutzt sie hochwertige, teerfreie E-Liquids. Super einfach zu benutzen \u201a\u00c4\u00ec einfach auspacken und lospaffen. Perfekt f\u00fcr Pfeifenliebhaber und Dampfer, und echt ein Hingucker auf jeder Party. Mit 2 ml E-Liquid bekommst Du bis zu 700 Z\u00fcge. Schnapp Dir die Aroma King Pipe und geniesse ein geschmeidiges Tabakdampferlebnis!<\/p>\n","protected":false},"featured_media":7463,"comment_status":"open","ping_status":"closed","template":"","meta":{"_acf_changed":false},"product_brand":[],"product_cat":[382],"product_tag":[],"class_list":{"0":"post-180685","1":"product","2":"type-product","3":"status-publish","4":"has-post-thumbnail","6":"product_cat-pipe","8":"first","9":"instock","10":"taxable","11":"shipping-taxable","12":"purchasable","13":"product-type-simple"},"acf":[],"yoast_head":"<!-- This site is optimized with the Yoast SEO plugin v26.4 - https:\/\/yoast.com\/wordpress\/plugins\/seo\/ -->\n<title>Aroma King Pipe Tobacco 20mg - Aroma King<\/title>\n<meta name=\"robots\" content=\"index, follow, max-snippet:-1, max-image-preview:large, max-video-preview:-1\" \/>\n<link rel=\"canonical\" href=\"https:\/\/www.myaromaking.ch\/fr\/shop\/produit\/aroma-king-pipe-tobacco-20mg\/\" \/>\n<meta property=\"og:locale\" content=\"fr_FR\" \/>\n<meta property=\"og:type\" content=\"article\" \/>\n<meta property=\"og:title\" content=\"Aroma King Pipe Tobacco 20mg - Aroma King\" \/>\n<meta property=\"og:description\" content=\"Die Aroma King Pipe verbindet den klassischen Look einer Tabakpfeife mit moderner Vaping-Technik. Anstatt Tabak zu verbrennen, nutzt sie hochwertige, teerfreie E-Liquids. Super einfach zu benutzen \u201a\u00c4\u00ec einfach auspacken und lospaffen. Perfekt f\u00fcr Pfeifenliebhaber und Dampfer, und echt ein Hingucker auf jeder Party. Mit 2 ml E-Liquid bekommst Du bis zu 700 Z\u00fcge. Schnapp Dir die Aroma King Pipe und geniesse ein geschmeidiges Tabakdampferlebnis!\" \/>\n<meta property=\"og:url\" content=\"https:\/\/www.myaromaking.ch\/fr\/shop\/produit\/aroma-king-pipe-tobacco-20mg\/\" \/>\n<meta property=\"og:site_name\" content=\"Aroma King\" \/>\n<meta property=\"article:modified_time\" content=\"2026-03-01T19:26:25+00:00\" \/>\n<meta name=\"twitter:card\" content=\"summary_large_image\" \/>\n<script type=\"application\/ld+json\" class=\"yoast-schema-graph\">{\"@context\":\"https:\/\/schema.org\",\"@graph\":[{\"@type\":\"WebPage\",\"@id\":\"https:\/\/www.myaromaking.ch\/fr\/shop\/produit\/aroma-king-pipe-tobacco-20mg\/\",\"url\":\"https:\/\/www.myaromaking.ch\/fr\/shop\/produit\/aroma-king-pipe-tobacco-20mg\/\",\"name\":\"Aroma King Pipe Tobacco 20mg - Aroma King\",\"isPartOf\":{\"@id\":\"https:\/\/www.myaromaking.ch\/fr\/#website\"},\"primaryImageOfPage\":{\"@id\":\"https:\/\/www.myaromaking.ch\/fr\/shop\/produit\/aroma-king-pipe-tobacco-20mg\/#primaryimage\"},\"image\":{\"@id\":\"https:\/\/www.myaromaking.ch\/fr\/shop\/produit\/aroma-king-pipe-tobacco-20mg\/#primaryimage\"},\"thumbnailUrl\":\"https:\/\/www.myaromaking.ch\/wp-content\/uploads\/ak-products_pipe_tobacco.webp\",\"datePublished\":\"2025-01-25T02:42:05+00:00\",\"dateModified\":\"2026-03-01T19:26:25+00:00\",\"breadcrumb\":{\"@id\":\"https:\/\/www.myaromaking.ch\/fr\/shop\/produit\/aroma-king-pipe-tobacco-20mg\/#breadcrumb\"},\"inLanguage\":\"fr-FR\",\"potentialAction\":[{\"@type\":\"ReadAction\",\"target\":[\"https:\/\/www.myaromaking.ch\/fr\/shop\/produit\/aroma-king-pipe-tobacco-20mg\/\"]}]},{\"@type\":\"ImageObject\",\"inLanguage\":\"fr-FR\",\"@id\":\"https:\/\/www.myaromaking.ch\/fr\/shop\/produit\/aroma-king-pipe-tobacco-20mg\/#primaryimage\",\"url\":\"https:\/\/www.myaromaking.ch\/wp-content\/uploads\/ak-products_pipe_tobacco.webp\",\"contentUrl\":\"https:\/\/www.myaromaking.ch\/wp-content\/uploads\/ak-products_pipe_tobacco.webp\",\"width\":589,\"height\":589},{\"@type\":\"BreadcrumbList\",\"@id\":\"https:\/\/www.myaromaking.ch\/fr\/shop\/produit\/aroma-king-pipe-tobacco-20mg\/#breadcrumb\",\"itemListElement\":[{\"@type\":\"ListItem\",\"position\":1,\"name\":\"Shop\",\"item\":\"https:\/\/www.myaromaking.ch\/fr\/shop\/\"},{\"@type\":\"ListItem\",\"position\":2,\"name\":\"Pipe\",\"item\":\"https:\/\/www.myaromaking.ch\/fr\/shop\/categorie\/pipe\/\"},{\"@type\":\"ListItem\",\"position\":3,\"name\":\"Aroma King Pipe Tobacco 20mg\"}]},{\"@type\":\"WebSite\",\"@id\":\"https:\/\/www.myaromaking.ch\/fr\/#website\",\"url\":\"https:\/\/www.myaromaking.ch\/fr\/\",\"name\":\"Aroma King\",\"description\":\"Die nachhaltige Alternative zu Wegwerf-Pods\",\"publisher\":{\"@id\":\"https:\/\/www.myaromaking.ch\/fr\/#organization\"},\"potentialAction\":[{\"@type\":\"SearchAction\",\"target\":{\"@type\":\"EntryPoint\",\"urlTemplate\":\"https:\/\/www.myaromaking.ch\/fr\/?s={search_term_string}\"},\"query-input\":{\"@type\":\"PropertyValueSpecification\",\"valueRequired\":true,\"valueName\":\"search_term_string\"}}],\"inLanguage\":\"fr-FR\"},{\"@type\":\"Organization\",\"@id\":\"https:\/\/www.myaromaking.ch\/fr\/#organization\",\"name\":\"Aroma King\",\"url\":\"https:\/\/www.myaromaking.ch\/fr\/\",\"logo\":{\"@type\":\"ImageObject\",\"inLanguage\":\"fr-FR\",\"@id\":\"https:\/\/www.myaromaking.ch\/fr\/#\/schema\/logo\/image\/\",\"url\":\"https:\/\/www.myaromaking.ch\/wp-content\/uploads\/\/aromaking-logo-symbol.svg\",\"contentUrl\":\"https:\/\/www.myaromaking.ch\/wp-content\/uploads\/\/aromaking-logo-symbol.svg\",\"width\":126,\"height\":220,\"caption\":\"Aroma King\"},\"image\":{\"@id\":\"https:\/\/www.myaromaking.ch\/fr\/#\/schema\/logo\/image\/\"}}]}<\/script>\n<!-- \/ Yoast SEO plugin. -->","yoast_head_json":{"title":"Aroma King Pipe Tobacco 20mg - Aroma King","robots":{"index":"index","follow":"follow","max-snippet":"max-snippet:-1","max-image-preview":"max-image-preview:large","max-video-preview":"max-video-preview:-1"},"canonical":"https:\/\/www.myaromaking.ch\/fr\/shop\/produit\/aroma-king-pipe-tobacco-20mg\/","og_locale":"fr_FR","og_type":"article","og_title":"Aroma King Pipe Tobacco 20mg - Aroma King","og_description":"Die Aroma King Pipe verbindet den klassischen Look einer Tabakpfeife mit moderner Vaping-Technik. Anstatt Tabak zu verbrennen, nutzt sie hochwertige, teerfreie E-Liquids. Super einfach zu benutzen \u201a\u00c4\u00ec einfach auspacken und lospaffen. Perfekt f\u00fcr Pfeifenliebhaber und Dampfer, und echt ein Hingucker auf jeder Party. Mit 2 ml E-Liquid bekommst Du bis zu 700 Z\u00fcge. Schnapp Dir die Aroma King Pipe und geniesse ein geschmeidiges Tabakdampferlebnis!","og_url":"https:\/\/www.myaromaking.ch\/fr\/shop\/produit\/aroma-king-pipe-tobacco-20mg\/","og_site_name":"Aroma King","article_modified_time":"2026-03-01T19:26:25+00:00","twitter_card":"summary_large_image","schema":{"@context":"https:\/\/schema.org","@graph":[{"@type":"WebPage","@id":"https:\/\/www.myaromaking.ch\/fr\/shop\/produit\/aroma-king-pipe-tobacco-20mg\/","url":"https:\/\/www.myaromaking.ch\/fr\/shop\/produit\/aroma-king-pipe-tobacco-20mg\/","name":"Aroma King Pipe Tobacco 20mg - Aroma King","isPartOf":{"@id":"https:\/\/www.myaromaking.ch\/fr\/#website"},"primaryImageOfPage":{"@id":"https:\/\/www.myaromaking.ch\/fr\/shop\/produit\/aroma-king-pipe-tobacco-20mg\/#primaryimage"},"image":{"@id":"https:\/\/www.myaromaking.ch\/fr\/shop\/produit\/aroma-king-pipe-tobacco-20mg\/#primaryimage"},"thumbnailUrl":"https:\/\/www.myaromaking.ch\/wp-content\/uploads\/ak-products_pipe_tobacco.webp","datePublished":"2025-01-25T02:42:05+00:00","dateModified":"2026-03-01T19:26:25+00:00","breadcrumb":{"@id":"https:\/\/www.myaromaking.ch\/fr\/shop\/produit\/aroma-king-pipe-tobacco-20mg\/#breadcrumb"},"inLanguage":"fr-FR","potentialAction":[{"@type":"ReadAction","target":["https:\/\/www.myaromaking.ch\/fr\/shop\/produit\/aroma-king-pipe-tobacco-20mg\/"]}]},{"@type":"ImageObject","inLanguage":"fr-FR","@id":"https:\/\/www.myaromaking.ch\/fr\/shop\/produit\/aroma-king-pipe-tobacco-20mg\/#primaryimage","url":"https:\/\/www.myaromaking.ch\/wp-content\/uploads\/ak-products_pipe_tobacco.webp","contentUrl":"https:\/\/www.myaromaking.ch\/wp-content\/uploads\/ak-products_pipe_tobacco.webp","width":589,"height":589},{"@type":"BreadcrumbList","@id":"https:\/\/www.myaromaking.ch\/fr\/shop\/produit\/aroma-king-pipe-tobacco-20mg\/#breadcrumb","itemListElement":[{"@type":"ListItem","position":1,"name":"Shop","item":"https:\/\/www.myaromaking.ch\/fr\/shop\/"},{"@type":"ListItem","position":2,"name":"Pipe","item":"https:\/\/www.myaromaking.ch\/fr\/shop\/categorie\/pipe\/"},{"@type":"ListItem","position":3,"name":"Aroma King Pipe Tobacco 20mg"}]},{"@type":"WebSite","@id":"https:\/\/www.myaromaking.ch\/fr\/#website","url":"https:\/\/www.myaromaking.ch\/fr\/","name":"Aroma King","description":"Die nachhaltige Alternative zu Wegwerf-Pods","publisher":{"@id":"https:\/\/www.myaromaking.ch\/fr\/#organization"},"potentialAction":[{"@type":"SearchAction","target":{"@type":"EntryPoint","urlTemplate":"https:\/\/www.myaromaking.ch\/fr\/?s={search_term_string}"},"query-input":{"@type":"PropertyValueSpecification","valueRequired":true,"valueName":"search_term_string"}}],"inLanguage":"fr-FR"},{"@type":"Organization","@id":"https:\/\/www.myaromaking.ch\/fr\/#organization","name":"Aroma King","url":"https:\/\/www.myaromaking.ch\/fr\/","logo":{"@type":"ImageObject","inLanguage":"fr-FR","@id":"https:\/\/www.myaromaking.ch\/fr\/#\/schema\/logo\/image\/","url":"https:\/\/www.myaromaking.ch\/wp-content\/uploads\/\/aromaking-logo-symbol.svg","contentUrl":"https:\/\/www.myaromaking.ch\/wp-content\/uploads\/\/aromaking-logo-symbol.svg","width":126,"height":220,"caption":"Aroma King"},"image":{"@id":"https:\/\/www.myaromaking.ch\/fr\/#\/schema\/logo\/image\/"}}]}},"_links":{"self":[{"href":"https:\/\/www.myaromaking.ch\/fr\/wp-json\/wp\/v2\/product\/180685","targetHints":{"allow":["GET"]}}],"collection":[{"href":"https:\/\/www.myaromaking.ch\/fr\/wp-json\/wp\/v2\/product"}],"about":[{"href":"https:\/\/www.myaromaking.ch\/fr\/wp-json\/wp\/v2\/types\/product"}],"replies":[{"embeddable":true,"href":"https:\/\/www.myaromaking.ch\/fr\/wp-json\/wp\/v2\/comments?post=180685"}],"wp:featuredmedia":[{"embeddable":true,"href":"https:\/\/www.myaromaking.ch\/fr\/wp-json\/wp\/v2\/media\/7463"}],"wp:attachment":[{"href":"https:\/\/www.myaromaking.ch\/fr\/wp-json\/wp\/v2\/media?parent=180685"}],"wp:term":[{"taxonomy":"product_brand","embeddable":true,"href":"https:\/\/www.myaromaking.ch\/fr\/wp-json\/wp\/v2\/product_brand?post=180685"},{"taxonomy":"product_cat","embeddable":true,"href":"https:\/\/www.myaromaking.ch\/fr\/wp-json\/wp\/v2\/product_cat?post=180685"},{"taxonomy":"product_tag","embeddable":true,"href":"https:\/\/www.myaromaking.ch\/fr\/wp-json\/wp\/v2\/product_tag?post=180685"}],"curies":[{"name":"wp","href":"https:\/\/api.w.org\/{rel}","templated":true}]}}