{"id":180686,"date":"2025-01-25T03:42:05","date_gmt":"2025-01-25T02:42:05","guid":{"rendered":"https:\/\/www.myaromaking.ch\/?post_type=product&#038;p=180686"},"modified":"2025-04-28T18:31:18","modified_gmt":"2025-04-28T17:31:18","slug":"aroma-king-pipe-pina-colada-20mg","status":"publish","type":"product","link":"https:\/\/www.myaromaking.ch\/fr\/shop\/produit\/aroma-king-pipe-pina-colada-20mg\/","title":{"rendered":"Aroma King Pipe Pina Colada 20mg"},"content":{"rendered":"<p>D\u00e9couvre le go\u00fbt exotique du cocktail Pina Colada avec la pipe \u00e9lectronique Aroma King Pipe. Cette \u00e9l\u00e9gante pipe \u00e9lectronique t&rsquo;offre jusqu&rsquo;\u00e0 700 bouff\u00e9es pleines d&rsquo;ar\u00f4mes de noix de coco et d&rsquo;ananas tropicaux. Avec un taux de nicotine de 20mg\/ml, elle offre une exp\u00e9rience de vapotage intense. La facilit\u00e9 d&rsquo;utilisation la rend id\u00e9ale pour une utilisation imm\u00e9diate il suffit de la d\u00e9baller et d&rsquo;en profiter. Parfait pour les soir\u00e9es d\u00e9contract\u00e9es ou les f\u00eates. Plonge dans l&rsquo;exp\u00e9rience ultime de la vapeur avec l&rsquo;Aroma King Pipe.<\/p>\n","protected":false},"excerpt":{"rendered":"<p>Erlebe den exotischen Geschmack des Pina Colada Cocktails mit der Aroma King Pipe E-Pfeife. Diese stylische E-Pfeife bietet Dir bis zu 700 Z\u00fcge voll tropischem Kokosnuss- und Ananas-Aroma. Mit einem Nikotingehalt von 20mg\/ml liefert sie ein intensives Dampferlebnis. Die einfache Handhabung macht sie ideal f\u00fcr den sofortigen Gebrauch \u201a\u00c4\u00ec einfach auspacken und geniessen. Perfekt f\u00fcr entspannte Abende oder Partys. Tauche ein in das ultimative Dampferlebnis mit der Aroma King Pipe.<\/p>\n","protected":false},"featured_media":7457,"comment_status":"open","ping_status":"closed","template":"","meta":{"_acf_changed":false},"product_brand":[],"product_cat":[382],"product_tag":[],"class_list":{"0":"post-180686","1":"product","2":"type-product","3":"status-publish","4":"has-post-thumbnail","6":"product_cat-pipe","8":"first","9":"instock","10":"taxable","11":"shipping-taxable","12":"purchasable","13":"product-type-simple"},"acf":[],"yoast_head":"<!-- This site is optimized with the Yoast SEO plugin v26.4 - https:\/\/yoast.com\/wordpress\/plugins\/seo\/ -->\n<title>Aroma King Pipe Pina Colada 20mg - Aroma King<\/title>\n<meta name=\"robots\" content=\"index, follow, max-snippet:-1, max-image-preview:large, max-video-preview:-1\" \/>\n<link rel=\"canonical\" href=\"https:\/\/www.myaromaking.ch\/fr\/shop\/produit\/aroma-king-pipe-pina-colada-20mg\/\" \/>\n<meta property=\"og:locale\" content=\"fr_FR\" \/>\n<meta property=\"og:type\" content=\"article\" \/>\n<meta property=\"og:title\" content=\"Aroma King Pipe Pina Colada 20mg - Aroma King\" \/>\n<meta property=\"og:description\" content=\"Erlebe den exotischen Geschmack des Pina Colada Cocktails mit der Aroma King Pipe E-Pfeife. Diese stylische E-Pfeife bietet Dir bis zu 700 Z\u00fcge voll tropischem Kokosnuss- und Ananas-Aroma. Mit einem Nikotingehalt von 20mg\/ml liefert sie ein intensives Dampferlebnis. Die einfache Handhabung macht sie ideal f\u00fcr den sofortigen Gebrauch \u201a\u00c4\u00ec einfach auspacken und geniessen. Perfekt f\u00fcr entspannte Abende oder Partys. Tauche ein in das ultimative Dampferlebnis mit der Aroma King Pipe.\" \/>\n<meta property=\"og:url\" content=\"https:\/\/www.myaromaking.ch\/fr\/shop\/produit\/aroma-king-pipe-pina-colada-20mg\/\" \/>\n<meta property=\"og:site_name\" content=\"Aroma King\" \/>\n<meta property=\"article:modified_time\" content=\"2025-04-28T17:31:18+00:00\" \/>\n<meta name=\"twitter:card\" content=\"summary_large_image\" \/>\n<script type=\"application\/ld+json\" class=\"yoast-schema-graph\">{\"@context\":\"https:\/\/schema.org\",\"@graph\":[{\"@type\":\"WebPage\",\"@id\":\"https:\/\/www.myaromaking.ch\/fr\/shop\/produit\/aroma-king-pipe-pina-colada-20mg\/\",\"url\":\"https:\/\/www.myaromaking.ch\/fr\/shop\/produit\/aroma-king-pipe-pina-colada-20mg\/\",\"name\":\"Aroma King Pipe Pina Colada 20mg - Aroma King\",\"isPartOf\":{\"@id\":\"https:\/\/www.myaromaking.ch\/fr\/#website\"},\"primaryImageOfPage\":{\"@id\":\"https:\/\/www.myaromaking.ch\/fr\/shop\/produit\/aroma-king-pipe-pina-colada-20mg\/#primaryimage\"},\"image\":{\"@id\":\"https:\/\/www.myaromaking.ch\/fr\/shop\/produit\/aroma-king-pipe-pina-colada-20mg\/#primaryimage\"},\"thumbnailUrl\":\"https:\/\/www.myaromaking.ch\/wp-content\/uploads\/ak-products_pipe_pina-colada.webp\",\"datePublished\":\"2025-01-25T02:42:05+00:00\",\"dateModified\":\"2025-04-28T17:31:18+00:00\",\"breadcrumb\":{\"@id\":\"https:\/\/www.myaromaking.ch\/fr\/shop\/produit\/aroma-king-pipe-pina-colada-20mg\/#breadcrumb\"},\"inLanguage\":\"fr-FR\",\"potentialAction\":[{\"@type\":\"ReadAction\",\"target\":[\"https:\/\/www.myaromaking.ch\/fr\/shop\/produit\/aroma-king-pipe-pina-colada-20mg\/\"]}]},{\"@type\":\"ImageObject\",\"inLanguage\":\"fr-FR\",\"@id\":\"https:\/\/www.myaromaking.ch\/fr\/shop\/produit\/aroma-king-pipe-pina-colada-20mg\/#primaryimage\",\"url\":\"https:\/\/www.myaromaking.ch\/wp-content\/uploads\/ak-products_pipe_pina-colada.webp\",\"contentUrl\":\"https:\/\/www.myaromaking.ch\/wp-content\/uploads\/ak-products_pipe_pina-colada.webp\",\"width\":588,\"height\":588},{\"@type\":\"BreadcrumbList\",\"@id\":\"https:\/\/www.myaromaking.ch\/fr\/shop\/produit\/aroma-king-pipe-pina-colada-20mg\/#breadcrumb\",\"itemListElement\":[{\"@type\":\"ListItem\",\"position\":1,\"name\":\"Shop\",\"item\":\"https:\/\/www.myaromaking.ch\/fr\/shop\/\"},{\"@type\":\"ListItem\",\"position\":2,\"name\":\"Pipe\",\"item\":\"https:\/\/www.myaromaking.ch\/fr\/shop\/categorie\/pipe\/\"},{\"@type\":\"ListItem\",\"position\":3,\"name\":\"Aroma King Pipe Pina Colada 20mg\"}]},{\"@type\":\"WebSite\",\"@id\":\"https:\/\/www.myaromaking.ch\/fr\/#website\",\"url\":\"https:\/\/www.myaromaking.ch\/fr\/\",\"name\":\"Aroma King\",\"description\":\"Die nachhaltige Alternative zu Wegwerf-Pods\",\"publisher\":{\"@id\":\"https:\/\/www.myaromaking.ch\/fr\/#organization\"},\"potentialAction\":[{\"@type\":\"SearchAction\",\"target\":{\"@type\":\"EntryPoint\",\"urlTemplate\":\"https:\/\/www.myaromaking.ch\/fr\/?s={search_term_string}\"},\"query-input\":{\"@type\":\"PropertyValueSpecification\",\"valueRequired\":true,\"valueName\":\"search_term_string\"}}],\"inLanguage\":\"fr-FR\"},{\"@type\":\"Organization\",\"@id\":\"https:\/\/www.myaromaking.ch\/fr\/#organization\",\"name\":\"Aroma King\",\"url\":\"https:\/\/www.myaromaking.ch\/fr\/\",\"logo\":{\"@type\":\"ImageObject\",\"inLanguage\":\"fr-FR\",\"@id\":\"https:\/\/www.myaromaking.ch\/fr\/#\/schema\/logo\/image\/\",\"url\":\"https:\/\/www.myaromaking.ch\/wp-content\/uploads\/\/aromaking-logo-symbol.svg\",\"contentUrl\":\"https:\/\/www.myaromaking.ch\/wp-content\/uploads\/\/aromaking-logo-symbol.svg\",\"width\":126,\"height\":220,\"caption\":\"Aroma King\"},\"image\":{\"@id\":\"https:\/\/www.myaromaking.ch\/fr\/#\/schema\/logo\/image\/\"}}]}<\/script>\n<!-- \/ Yoast SEO plugin. -->","yoast_head_json":{"title":"Aroma King Pipe Pina Colada 20mg - Aroma King","robots":{"index":"index","follow":"follow","max-snippet":"max-snippet:-1","max-image-preview":"max-image-preview:large","max-video-preview":"max-video-preview:-1"},"canonical":"https:\/\/www.myaromaking.ch\/fr\/shop\/produit\/aroma-king-pipe-pina-colada-20mg\/","og_locale":"fr_FR","og_type":"article","og_title":"Aroma King Pipe Pina Colada 20mg - Aroma King","og_description":"Erlebe den exotischen Geschmack des Pina Colada Cocktails mit der Aroma King Pipe E-Pfeife. Diese stylische E-Pfeife bietet Dir bis zu 700 Z\u00fcge voll tropischem Kokosnuss- und Ananas-Aroma. Mit einem Nikotingehalt von 20mg\/ml liefert sie ein intensives Dampferlebnis. Die einfache Handhabung macht sie ideal f\u00fcr den sofortigen Gebrauch \u201a\u00c4\u00ec einfach auspacken und geniessen. Perfekt f\u00fcr entspannte Abende oder Partys. Tauche ein in das ultimative Dampferlebnis mit der Aroma King Pipe.","og_url":"https:\/\/www.myaromaking.ch\/fr\/shop\/produit\/aroma-king-pipe-pina-colada-20mg\/","og_site_name":"Aroma King","article_modified_time":"2025-04-28T17:31:18+00:00","twitter_card":"summary_large_image","schema":{"@context":"https:\/\/schema.org","@graph":[{"@type":"WebPage","@id":"https:\/\/www.myaromaking.ch\/fr\/shop\/produit\/aroma-king-pipe-pina-colada-20mg\/","url":"https:\/\/www.myaromaking.ch\/fr\/shop\/produit\/aroma-king-pipe-pina-colada-20mg\/","name":"Aroma King Pipe Pina Colada 20mg - Aroma King","isPartOf":{"@id":"https:\/\/www.myaromaking.ch\/fr\/#website"},"primaryImageOfPage":{"@id":"https:\/\/www.myaromaking.ch\/fr\/shop\/produit\/aroma-king-pipe-pina-colada-20mg\/#primaryimage"},"image":{"@id":"https:\/\/www.myaromaking.ch\/fr\/shop\/produit\/aroma-king-pipe-pina-colada-20mg\/#primaryimage"},"thumbnailUrl":"https:\/\/www.myaromaking.ch\/wp-content\/uploads\/ak-products_pipe_pina-colada.webp","datePublished":"2025-01-25T02:42:05+00:00","dateModified":"2025-04-28T17:31:18+00:00","breadcrumb":{"@id":"https:\/\/www.myaromaking.ch\/fr\/shop\/produit\/aroma-king-pipe-pina-colada-20mg\/#breadcrumb"},"inLanguage":"fr-FR","potentialAction":[{"@type":"ReadAction","target":["https:\/\/www.myaromaking.ch\/fr\/shop\/produit\/aroma-king-pipe-pina-colada-20mg\/"]}]},{"@type":"ImageObject","inLanguage":"fr-FR","@id":"https:\/\/www.myaromaking.ch\/fr\/shop\/produit\/aroma-king-pipe-pina-colada-20mg\/#primaryimage","url":"https:\/\/www.myaromaking.ch\/wp-content\/uploads\/ak-products_pipe_pina-colada.webp","contentUrl":"https:\/\/www.myaromaking.ch\/wp-content\/uploads\/ak-products_pipe_pina-colada.webp","width":588,"height":588},{"@type":"BreadcrumbList","@id":"https:\/\/www.myaromaking.ch\/fr\/shop\/produit\/aroma-king-pipe-pina-colada-20mg\/#breadcrumb","itemListElement":[{"@type":"ListItem","position":1,"name":"Shop","item":"https:\/\/www.myaromaking.ch\/fr\/shop\/"},{"@type":"ListItem","position":2,"name":"Pipe","item":"https:\/\/www.myaromaking.ch\/fr\/shop\/categorie\/pipe\/"},{"@type":"ListItem","position":3,"name":"Aroma King Pipe Pina Colada 20mg"}]},{"@type":"WebSite","@id":"https:\/\/www.myaromaking.ch\/fr\/#website","url":"https:\/\/www.myaromaking.ch\/fr\/","name":"Aroma King","description":"Die nachhaltige Alternative zu Wegwerf-Pods","publisher":{"@id":"https:\/\/www.myaromaking.ch\/fr\/#organization"},"potentialAction":[{"@type":"SearchAction","target":{"@type":"EntryPoint","urlTemplate":"https:\/\/www.myaromaking.ch\/fr\/?s={search_term_string}"},"query-input":{"@type":"PropertyValueSpecification","valueRequired":true,"valueName":"search_term_string"}}],"inLanguage":"fr-FR"},{"@type":"Organization","@id":"https:\/\/www.myaromaking.ch\/fr\/#organization","name":"Aroma King","url":"https:\/\/www.myaromaking.ch\/fr\/","logo":{"@type":"ImageObject","inLanguage":"fr-FR","@id":"https:\/\/www.myaromaking.ch\/fr\/#\/schema\/logo\/image\/","url":"https:\/\/www.myaromaking.ch\/wp-content\/uploads\/\/aromaking-logo-symbol.svg","contentUrl":"https:\/\/www.myaromaking.ch\/wp-content\/uploads\/\/aromaking-logo-symbol.svg","width":126,"height":220,"caption":"Aroma King"},"image":{"@id":"https:\/\/www.myaromaking.ch\/fr\/#\/schema\/logo\/image\/"}}]}},"_links":{"self":[{"href":"https:\/\/www.myaromaking.ch\/fr\/wp-json\/wp\/v2\/product\/180686","targetHints":{"allow":["GET"]}}],"collection":[{"href":"https:\/\/www.myaromaking.ch\/fr\/wp-json\/wp\/v2\/product"}],"about":[{"href":"https:\/\/www.myaromaking.ch\/fr\/wp-json\/wp\/v2\/types\/product"}],"replies":[{"embeddable":true,"href":"https:\/\/www.myaromaking.ch\/fr\/wp-json\/wp\/v2\/comments?post=180686"}],"wp:featuredmedia":[{"embeddable":true,"href":"https:\/\/www.myaromaking.ch\/fr\/wp-json\/wp\/v2\/media\/7457"}],"wp:attachment":[{"href":"https:\/\/www.myaromaking.ch\/fr\/wp-json\/wp\/v2\/media?parent=180686"}],"wp:term":[{"taxonomy":"product_brand","embeddable":true,"href":"https:\/\/www.myaromaking.ch\/fr\/wp-json\/wp\/v2\/product_brand?post=180686"},{"taxonomy":"product_cat","embeddable":true,"href":"https:\/\/www.myaromaking.ch\/fr\/wp-json\/wp\/v2\/product_cat?post=180686"},{"taxonomy":"product_tag","embeddable":true,"href":"https:\/\/www.myaromaking.ch\/fr\/wp-json\/wp\/v2\/product_tag?post=180686"}],"curies":[{"name":"wp","href":"https:\/\/api.w.org\/{rel}","templated":true}]}}