{"id":180690,"date":"2025-01-25T03:42:02","date_gmt":"2025-01-25T02:42:02","guid":{"rendered":"https:\/\/www.myaromaking.ch\/?post_type=product&#038;p=180690"},"modified":"2025-04-28T18:31:19","modified_gmt":"2025-04-28T17:31:19","slug":"aroma-king-iuni-mango-peach-passionfruit-20mg","status":"publish","type":"product","link":"https:\/\/www.myaromaking.ch\/fr\/shop\/produit\/aroma-king-iuni-mango-peach-passionfruit-20mg\/","title":{"rendered":"Aroma King IUNI Mango Peach Passionfruit 20mg"},"content":{"rendered":"<p>D\u00e9couvre l&rsquo;ar\u00f4me de vape King IUNI Mango Peach Passionfruit avec nicotine, parfait pour les amateurs de vape suisses. Profite de la d\u00e9licieuse combinaison de mangue juteuse et de p\u00eache sucr\u00e9e et de fruit de la passion \u00e0 chaque bouff\u00e9e. Avec 20 mg de nicotine et une connexion USB-C, ce dispositif offre jusqu&rsquo;\u00e0 700 bouff\u00e9es. Le design compact et l\u00e9ger est id\u00e9al pour les d\u00e9placements. Fais l&rsquo;exp\u00e9rience d&rsquo;un ar\u00f4me intense et d&rsquo;un tirage parfait qui rendra tes sessions de vapotage encore plus agr\u00e9ables.<\/p>\n","protected":false},"excerpt":{"rendered":"<p>D\u00e9couvre l&rsquo;ar\u00f4me de vape King IUNI Mango Peach Passionfruit avec nicotine, parfait pour les amateurs de vape suisses. Profite de la d\u00e9licieuse combinaison de mangue juteuse et de p\u00eache sucr\u00e9e et de fruit de la passion \u00e0 chaque bouff\u00e9e. Avec 20 mg de nicotine et une connexion USB-C, ce dispositif offre jusqu&rsquo;\u00e0 700 bouff\u00e9es. Le design compact et l\u00e9ger est id\u00e9al pour les d\u00e9placements. Fais l&rsquo;exp\u00e9rience d&rsquo;un ar\u00f4me intense et d&rsquo;un tirage parfait qui rendra tes sessions de vapotage encore plus agr\u00e9ables.<\/p>\n","protected":false},"featured_media":10808,"comment_status":"open","ping_status":"closed","template":"","meta":{"_acf_changed":false},"product_brand":[],"product_cat":[377],"product_tag":[],"class_list":{"0":"post-180690","1":"product","2":"type-product","3":"status-publish","4":"has-post-thumbnail","6":"product_cat-iuni","8":"first","9":"outofstock","10":"taxable","11":"shipping-taxable","12":"purchasable","13":"product-type-simple"},"acf":[],"yoast_head":"<!-- This site is optimized with the Yoast SEO plugin v26.4 - https:\/\/yoast.com\/wordpress\/plugins\/seo\/ -->\n<title>Aroma King IUNI Mango Peach Passionfruit 20mg - Aroma King<\/title>\n<meta name=\"robots\" content=\"index, follow, max-snippet:-1, max-image-preview:large, max-video-preview:-1\" \/>\n<link rel=\"canonical\" href=\"https:\/\/www.myaromaking.ch\/fr\/shop\/produit\/aroma-king-iuni-mango-peach-passionfruit-20mg\/\" \/>\n<meta property=\"og:locale\" content=\"fr_FR\" \/>\n<meta property=\"og:type\" content=\"article\" \/>\n<meta property=\"og:title\" content=\"Aroma King IUNI Mango Peach Passionfruit 20mg - Aroma King\" \/>\n<meta property=\"og:description\" content=\"D\u00e9couvre l&#039;ar\u00f4me de vape King IUNI Mango Peach Passionfruit avec nicotine, parfait pour les amateurs de vape suisses. Profite de la d\u00e9licieuse combinaison de mangue juteuse et de p\u00eache sucr\u00e9e et de fruit de la passion \u00e0 chaque bouff\u00e9e. Avec 20 mg de nicotine et une connexion USB-C, ce dispositif offre jusqu&#039;\u00e0 700 bouff\u00e9es. Le design compact et l\u00e9ger est id\u00e9al pour les d\u00e9placements. Fais l&#039;exp\u00e9rience d&#039;un ar\u00f4me intense et d&#039;un tirage parfait qui rendra tes sessions de vapotage encore plus agr\u00e9ables.\" \/>\n<meta property=\"og:url\" content=\"https:\/\/www.myaromaking.ch\/fr\/shop\/produit\/aroma-king-iuni-mango-peach-passionfruit-20mg\/\" \/>\n<meta property=\"og:site_name\" content=\"Aroma King\" \/>\n<meta property=\"article:modified_time\" content=\"2025-04-28T17:31:19+00:00\" \/>\n<meta name=\"twitter:card\" content=\"summary_large_image\" \/>\n<script type=\"application\/ld+json\" class=\"yoast-schema-graph\">{\"@context\":\"https:\/\/schema.org\",\"@graph\":[{\"@type\":\"WebPage\",\"@id\":\"https:\/\/www.myaromaking.ch\/fr\/shop\/produit\/aroma-king-iuni-mango-peach-passionfruit-20mg\/\",\"url\":\"https:\/\/www.myaromaking.ch\/fr\/shop\/produit\/aroma-king-iuni-mango-peach-passionfruit-20mg\/\",\"name\":\"Aroma King IUNI Mango Peach Passionfruit 20mg - Aroma King\",\"isPartOf\":{\"@id\":\"https:\/\/www.myaromaking.ch\/fr\/#website\"},\"primaryImageOfPage\":{\"@id\":\"https:\/\/www.myaromaking.ch\/fr\/shop\/produit\/aroma-king-iuni-mango-peach-passionfruit-20mg\/#primaryimage\"},\"image\":{\"@id\":\"https:\/\/www.myaromaking.ch\/fr\/shop\/produit\/aroma-king-iuni-mango-peach-passionfruit-20mg\/#primaryimage\"},\"thumbnailUrl\":\"https:\/\/www.myaromaking.ch\/wp-content\/uploads\/ak-products_iuni_0171073-mango-peach-passionfruit.webp\",\"datePublished\":\"2025-01-25T02:42:02+00:00\",\"dateModified\":\"2025-04-28T17:31:19+00:00\",\"breadcrumb\":{\"@id\":\"https:\/\/www.myaromaking.ch\/fr\/shop\/produit\/aroma-king-iuni-mango-peach-passionfruit-20mg\/#breadcrumb\"},\"inLanguage\":\"fr-FR\",\"potentialAction\":[{\"@type\":\"ReadAction\",\"target\":[\"https:\/\/www.myaromaking.ch\/fr\/shop\/produit\/aroma-king-iuni-mango-peach-passionfruit-20mg\/\"]}]},{\"@type\":\"ImageObject\",\"inLanguage\":\"fr-FR\",\"@id\":\"https:\/\/www.myaromaking.ch\/fr\/shop\/produit\/aroma-king-iuni-mango-peach-passionfruit-20mg\/#primaryimage\",\"url\":\"https:\/\/www.myaromaking.ch\/wp-content\/uploads\/ak-products_iuni_0171073-mango-peach-passionfruit.webp\",\"contentUrl\":\"https:\/\/www.myaromaking.ch\/wp-content\/uploads\/ak-products_iuni_0171073-mango-peach-passionfruit.webp\",\"width\":587,\"height\":587},{\"@type\":\"BreadcrumbList\",\"@id\":\"https:\/\/www.myaromaking.ch\/fr\/shop\/produit\/aroma-king-iuni-mango-peach-passionfruit-20mg\/#breadcrumb\",\"itemListElement\":[{\"@type\":\"ListItem\",\"position\":1,\"name\":\"Shop\",\"item\":\"https:\/\/www.myaromaking.ch\/fr\/shop\/\"},{\"@type\":\"ListItem\",\"position\":2,\"name\":\"Iuni\",\"item\":\"https:\/\/www.myaromaking.ch\/fr\/shop\/categorie\/iuni\/\"},{\"@type\":\"ListItem\",\"position\":3,\"name\":\"Aroma King IUNI Mango Peach Passionfruit 20mg\"}]},{\"@type\":\"WebSite\",\"@id\":\"https:\/\/www.myaromaking.ch\/fr\/#website\",\"url\":\"https:\/\/www.myaromaking.ch\/fr\/\",\"name\":\"Aroma King\",\"description\":\"Die nachhaltige Alternative zu Wegwerf-Pods\",\"publisher\":{\"@id\":\"https:\/\/www.myaromaking.ch\/fr\/#organization\"},\"potentialAction\":[{\"@type\":\"SearchAction\",\"target\":{\"@type\":\"EntryPoint\",\"urlTemplate\":\"https:\/\/www.myaromaking.ch\/fr\/?s={search_term_string}\"},\"query-input\":{\"@type\":\"PropertyValueSpecification\",\"valueRequired\":true,\"valueName\":\"search_term_string\"}}],\"inLanguage\":\"fr-FR\"},{\"@type\":\"Organization\",\"@id\":\"https:\/\/www.myaromaking.ch\/fr\/#organization\",\"name\":\"Aroma King\",\"url\":\"https:\/\/www.myaromaking.ch\/fr\/\",\"logo\":{\"@type\":\"ImageObject\",\"inLanguage\":\"fr-FR\",\"@id\":\"https:\/\/www.myaromaking.ch\/fr\/#\/schema\/logo\/image\/\",\"url\":\"https:\/\/www.myaromaking.ch\/wp-content\/uploads\/\/aromaking-logo-symbol.svg\",\"contentUrl\":\"https:\/\/www.myaromaking.ch\/wp-content\/uploads\/\/aromaking-logo-symbol.svg\",\"width\":126,\"height\":220,\"caption\":\"Aroma King\"},\"image\":{\"@id\":\"https:\/\/www.myaromaking.ch\/fr\/#\/schema\/logo\/image\/\"}}]}<\/script>\n<!-- \/ Yoast SEO plugin. -->","yoast_head_json":{"title":"Aroma King IUNI Mango Peach Passionfruit 20mg - Aroma King","robots":{"index":"index","follow":"follow","max-snippet":"max-snippet:-1","max-image-preview":"max-image-preview:large","max-video-preview":"max-video-preview:-1"},"canonical":"https:\/\/www.myaromaking.ch\/fr\/shop\/produit\/aroma-king-iuni-mango-peach-passionfruit-20mg\/","og_locale":"fr_FR","og_type":"article","og_title":"Aroma King IUNI Mango Peach Passionfruit 20mg - Aroma King","og_description":"D\u00e9couvre l'ar\u00f4me de vape King IUNI Mango Peach Passionfruit avec nicotine, parfait pour les amateurs de vape suisses. Profite de la d\u00e9licieuse combinaison de mangue juteuse et de p\u00eache sucr\u00e9e et de fruit de la passion \u00e0 chaque bouff\u00e9e. Avec 20 mg de nicotine et une connexion USB-C, ce dispositif offre jusqu'\u00e0 700 bouff\u00e9es. Le design compact et l\u00e9ger est id\u00e9al pour les d\u00e9placements. Fais l'exp\u00e9rience d'un ar\u00f4me intense et d'un tirage parfait qui rendra tes sessions de vapotage encore plus agr\u00e9ables.","og_url":"https:\/\/www.myaromaking.ch\/fr\/shop\/produit\/aroma-king-iuni-mango-peach-passionfruit-20mg\/","og_site_name":"Aroma King","article_modified_time":"2025-04-28T17:31:19+00:00","twitter_card":"summary_large_image","schema":{"@context":"https:\/\/schema.org","@graph":[{"@type":"WebPage","@id":"https:\/\/www.myaromaking.ch\/fr\/shop\/produit\/aroma-king-iuni-mango-peach-passionfruit-20mg\/","url":"https:\/\/www.myaromaking.ch\/fr\/shop\/produit\/aroma-king-iuni-mango-peach-passionfruit-20mg\/","name":"Aroma King IUNI Mango Peach Passionfruit 20mg - Aroma King","isPartOf":{"@id":"https:\/\/www.myaromaking.ch\/fr\/#website"},"primaryImageOfPage":{"@id":"https:\/\/www.myaromaking.ch\/fr\/shop\/produit\/aroma-king-iuni-mango-peach-passionfruit-20mg\/#primaryimage"},"image":{"@id":"https:\/\/www.myaromaking.ch\/fr\/shop\/produit\/aroma-king-iuni-mango-peach-passionfruit-20mg\/#primaryimage"},"thumbnailUrl":"https:\/\/www.myaromaking.ch\/wp-content\/uploads\/ak-products_iuni_0171073-mango-peach-passionfruit.webp","datePublished":"2025-01-25T02:42:02+00:00","dateModified":"2025-04-28T17:31:19+00:00","breadcrumb":{"@id":"https:\/\/www.myaromaking.ch\/fr\/shop\/produit\/aroma-king-iuni-mango-peach-passionfruit-20mg\/#breadcrumb"},"inLanguage":"fr-FR","potentialAction":[{"@type":"ReadAction","target":["https:\/\/www.myaromaking.ch\/fr\/shop\/produit\/aroma-king-iuni-mango-peach-passionfruit-20mg\/"]}]},{"@type":"ImageObject","inLanguage":"fr-FR","@id":"https:\/\/www.myaromaking.ch\/fr\/shop\/produit\/aroma-king-iuni-mango-peach-passionfruit-20mg\/#primaryimage","url":"https:\/\/www.myaromaking.ch\/wp-content\/uploads\/ak-products_iuni_0171073-mango-peach-passionfruit.webp","contentUrl":"https:\/\/www.myaromaking.ch\/wp-content\/uploads\/ak-products_iuni_0171073-mango-peach-passionfruit.webp","width":587,"height":587},{"@type":"BreadcrumbList","@id":"https:\/\/www.myaromaking.ch\/fr\/shop\/produit\/aroma-king-iuni-mango-peach-passionfruit-20mg\/#breadcrumb","itemListElement":[{"@type":"ListItem","position":1,"name":"Shop","item":"https:\/\/www.myaromaking.ch\/fr\/shop\/"},{"@type":"ListItem","position":2,"name":"Iuni","item":"https:\/\/www.myaromaking.ch\/fr\/shop\/categorie\/iuni\/"},{"@type":"ListItem","position":3,"name":"Aroma King IUNI Mango Peach Passionfruit 20mg"}]},{"@type":"WebSite","@id":"https:\/\/www.myaromaking.ch\/fr\/#website","url":"https:\/\/www.myaromaking.ch\/fr\/","name":"Aroma King","description":"Die nachhaltige Alternative zu Wegwerf-Pods","publisher":{"@id":"https:\/\/www.myaromaking.ch\/fr\/#organization"},"potentialAction":[{"@type":"SearchAction","target":{"@type":"EntryPoint","urlTemplate":"https:\/\/www.myaromaking.ch\/fr\/?s={search_term_string}"},"query-input":{"@type":"PropertyValueSpecification","valueRequired":true,"valueName":"search_term_string"}}],"inLanguage":"fr-FR"},{"@type":"Organization","@id":"https:\/\/www.myaromaking.ch\/fr\/#organization","name":"Aroma King","url":"https:\/\/www.myaromaking.ch\/fr\/","logo":{"@type":"ImageObject","inLanguage":"fr-FR","@id":"https:\/\/www.myaromaking.ch\/fr\/#\/schema\/logo\/image\/","url":"https:\/\/www.myaromaking.ch\/wp-content\/uploads\/\/aromaking-logo-symbol.svg","contentUrl":"https:\/\/www.myaromaking.ch\/wp-content\/uploads\/\/aromaking-logo-symbol.svg","width":126,"height":220,"caption":"Aroma King"},"image":{"@id":"https:\/\/www.myaromaking.ch\/fr\/#\/schema\/logo\/image\/"}}]}},"_links":{"self":[{"href":"https:\/\/www.myaromaking.ch\/fr\/wp-json\/wp\/v2\/product\/180690","targetHints":{"allow":["GET"]}}],"collection":[{"href":"https:\/\/www.myaromaking.ch\/fr\/wp-json\/wp\/v2\/product"}],"about":[{"href":"https:\/\/www.myaromaking.ch\/fr\/wp-json\/wp\/v2\/types\/product"}],"replies":[{"embeddable":true,"href":"https:\/\/www.myaromaking.ch\/fr\/wp-json\/wp\/v2\/comments?post=180690"}],"wp:featuredmedia":[{"embeddable":true,"href":"https:\/\/www.myaromaking.ch\/fr\/wp-json\/wp\/v2\/media\/10808"}],"wp:attachment":[{"href":"https:\/\/www.myaromaking.ch\/fr\/wp-json\/wp\/v2\/media?parent=180690"}],"wp:term":[{"taxonomy":"product_brand","embeddable":true,"href":"https:\/\/www.myaromaking.ch\/fr\/wp-json\/wp\/v2\/product_brand?post=180690"},{"taxonomy":"product_cat","embeddable":true,"href":"https:\/\/www.myaromaking.ch\/fr\/wp-json\/wp\/v2\/product_cat?post=180690"},{"taxonomy":"product_tag","embeddable":true,"href":"https:\/\/www.myaromaking.ch\/fr\/wp-json\/wp\/v2\/product_tag?post=180690"}],"curies":[{"name":"wp","href":"https:\/\/api.w.org\/{rel}","templated":true}]}}