{"id":180700,"date":"2025-01-25T03:41:01","date_gmt":"2025-01-25T02:41:01","guid":{"rendered":"https:\/\/www.myaromaking.ch\/?post_type=product&#038;p=180700"},"modified":"2026-03-01T20:21:41","modified_gmt":"2026-03-01T19:21:41","slug":"aroma-king-smart-2-pods-kiwi-strawberry-20mg","status":"publish","type":"product","link":"https:\/\/www.myaromaking.ch\/fr\/shop\/produit\/aroma-king-smart-2-pods-kiwi-strawberry-20mg\/","title":{"rendered":"Aroma King SMART 2 Pods Kiwi Strawberry 20mg"},"content":{"rendered":"<p>D\u00e9couvre le go\u00fbt rafra\u00eechissant de l&rsquo;Aroma King Smart Kiwi Strawberry Ces pods de liquide sont parfaits pour ton exp\u00e9rience de vapotage. Avec l&rsquo;ar\u00f4me doux et juteux du kiwi m\u00fbr Strawberry, combin\u00e9 \u00e0 une note fra\u00eeche, ce liquide garantit un plaisir unique et rafra\u00eechissant. Les dosettes de liquide Aroma King Smart Kiwi Strawberry sont faciles \u00e0 utiliser et s&rsquo;adaptent parfaitement \u00e0 ton appareil de vape. Gr\u00e2ce aux ingr\u00e9dients de haute qualit\u00e9, tu profites d&rsquo;un d\u00e9veloppement de go\u00fbt r\u00e9gulier et intense \u00e0 chaque bouff\u00e9e. Que tu sois un vapoteur exp\u00e9riment\u00e9 ou un novice, ces Liquid Pods t&rsquo;offrent une exp\u00e9rience de vapotage incomparable. Offre-toi la fra\u00eecheur exotique de Kiwi Strawberry et laisse-toi envo\u00fbter par la brise rafra\u00eechissante ! Parfait pour une exp\u00e9rience de vapotage intense !<\/p>\n","protected":false},"excerpt":{"rendered":"<p>D\u00e9couvre le go\u00fbt rafra\u00eechissant de l&rsquo;Aroma King Smart Kiwi Strawberry Ces pods de liquide sont parfaits pour ton exp\u00e9rience de vapotage. Avec l&rsquo;ar\u00f4me doux et juteux du kiwi m\u00fbr Strawberry, combin\u00e9 \u00e0 une note fra\u00eeche, ce liquide garantit un plaisir unique et rafra\u00eechissant. Les dosettes de liquide Aroma King Smart Kiwi Strawberry sont faciles \u00e0 utiliser et s&rsquo;adaptent parfaitement \u00e0 ton appareil de vape. Gr\u00e2ce aux ingr\u00e9dients de haute qualit\u00e9, tu profites d&rsquo;un d\u00e9veloppement de go\u00fbt r\u00e9gulier et intense \u00e0 chaque bouff\u00e9e. Que tu sois un vapoteur exp\u00e9riment\u00e9 ou un novice, ces Liquid Pods t&rsquo;offrent une exp\u00e9rience de vapotage incomparable. Offre-toi la fra\u00eecheur exotique de Kiwi Strawberry et laisse-toi envo\u00fbter par la brise rafra\u00eechissante ! Parfait pour une exp\u00e9rience de vapotage intense !<\/p>\n","protected":false},"featured_media":7798,"comment_status":"open","ping_status":"closed","template":"","meta":{"_acf_changed":false},"product_brand":[],"product_cat":[383],"product_tag":[],"class_list":{"0":"post-180700","1":"product","2":"type-product","3":"status-publish","4":"has-post-thumbnail","6":"product_cat-smart-pods","8":"first","9":"instock","10":"taxable","11":"shipping-taxable","12":"purchasable","13":"product-type-simple"},"acf":[],"yoast_head":"<!-- This site is optimized with the Yoast SEO plugin v26.4 - https:\/\/yoast.com\/wordpress\/plugins\/seo\/ -->\n<title>Aroma King SMART 2 Pods Kiwi Strawberry 20mg - Aroma King<\/title>\n<meta name=\"robots\" content=\"index, follow, max-snippet:-1, max-image-preview:large, max-video-preview:-1\" \/>\n<link rel=\"canonical\" href=\"https:\/\/www.myaromaking.ch\/fr\/shop\/produit\/aroma-king-smart-2-pods-kiwi-strawberry-20mg\/\" \/>\n<meta property=\"og:locale\" content=\"fr_FR\" \/>\n<meta property=\"og:type\" content=\"article\" \/>\n<meta property=\"og:title\" content=\"Aroma King SMART 2 Pods Kiwi Strawberry 20mg - Aroma King\" \/>\n<meta property=\"og:description\" content=\"D\u00e9couvre le go\u00fbt rafra\u00eechissant de l&#039;Aroma King Smart Kiwi Strawberry Ces pods de liquide sont parfaits pour ton exp\u00e9rience de vapotage. Avec l&#039;ar\u00f4me doux et juteux du kiwi m\u00fbr Strawberry, combin\u00e9 \u00e0 une note fra\u00eeche, ce liquide garantit un plaisir unique et rafra\u00eechissant. Les dosettes de liquide Aroma King Smart Kiwi Strawberry sont faciles \u00e0 utiliser et s&#039;adaptent parfaitement \u00e0 ton appareil de vape. Gr\u00e2ce aux ingr\u00e9dients de haute qualit\u00e9, tu profites d&#039;un d\u00e9veloppement de go\u00fbt r\u00e9gulier et intense \u00e0 chaque bouff\u00e9e. Que tu sois un vapoteur exp\u00e9riment\u00e9 ou un novice, ces Liquid Pods t&#039;offrent une exp\u00e9rience de vapotage incomparable. Offre-toi la fra\u00eecheur exotique de Kiwi Strawberry et laisse-toi envo\u00fbter par la brise rafra\u00eechissante ! Parfait pour une exp\u00e9rience de vapotage intense !\" \/>\n<meta property=\"og:url\" content=\"https:\/\/www.myaromaking.ch\/fr\/shop\/produit\/aroma-king-smart-2-pods-kiwi-strawberry-20mg\/\" \/>\n<meta property=\"og:site_name\" content=\"Aroma King\" \/>\n<meta property=\"article:modified_time\" content=\"2026-03-01T19:21:41+00:00\" \/>\n<meta name=\"twitter:card\" content=\"summary_large_image\" \/>\n<script type=\"application\/ld+json\" class=\"yoast-schema-graph\">{\"@context\":\"https:\/\/schema.org\",\"@graph\":[{\"@type\":\"WebPage\",\"@id\":\"https:\/\/www.myaromaking.ch\/fr\/shop\/produit\/aroma-king-smart-2-pods-kiwi-strawberry-20mg\/\",\"url\":\"https:\/\/www.myaromaking.ch\/fr\/shop\/produit\/aroma-king-smart-2-pods-kiwi-strawberry-20mg\/\",\"name\":\"Aroma King SMART 2 Pods Kiwi Strawberry 20mg - Aroma King\",\"isPartOf\":{\"@id\":\"https:\/\/www.myaromaking.ch\/fr\/#website\"},\"primaryImageOfPage\":{\"@id\":\"https:\/\/www.myaromaking.ch\/fr\/shop\/produit\/aroma-king-smart-2-pods-kiwi-strawberry-20mg\/#primaryimage\"},\"image\":{\"@id\":\"https:\/\/www.myaromaking.ch\/fr\/shop\/produit\/aroma-king-smart-2-pods-kiwi-strawberry-20mg\/#primaryimage\"},\"thumbnailUrl\":\"https:\/\/www.myaromaking.ch\/wp-content\/uploads\/ak-products_smart-duo-pod_kiwi-strawberry.webp\",\"datePublished\":\"2025-01-25T02:41:01+00:00\",\"dateModified\":\"2026-03-01T19:21:41+00:00\",\"breadcrumb\":{\"@id\":\"https:\/\/www.myaromaking.ch\/fr\/shop\/produit\/aroma-king-smart-2-pods-kiwi-strawberry-20mg\/#breadcrumb\"},\"inLanguage\":\"fr-FR\",\"potentialAction\":[{\"@type\":\"ReadAction\",\"target\":[\"https:\/\/www.myaromaking.ch\/fr\/shop\/produit\/aroma-king-smart-2-pods-kiwi-strawberry-20mg\/\"]}]},{\"@type\":\"ImageObject\",\"inLanguage\":\"fr-FR\",\"@id\":\"https:\/\/www.myaromaking.ch\/fr\/shop\/produit\/aroma-king-smart-2-pods-kiwi-strawberry-20mg\/#primaryimage\",\"url\":\"https:\/\/www.myaromaking.ch\/wp-content\/uploads\/ak-products_smart-duo-pod_kiwi-strawberry.webp\",\"contentUrl\":\"https:\/\/www.myaromaking.ch\/wp-content\/uploads\/ak-products_smart-duo-pod_kiwi-strawberry.webp\",\"width\":660,\"height\":660},{\"@type\":\"BreadcrumbList\",\"@id\":\"https:\/\/www.myaromaking.ch\/fr\/shop\/produit\/aroma-king-smart-2-pods-kiwi-strawberry-20mg\/#breadcrumb\",\"itemListElement\":[{\"@type\":\"ListItem\",\"position\":1,\"name\":\"Shop\",\"item\":\"https:\/\/www.myaromaking.ch\/fr\/shop\/\"},{\"@type\":\"ListItem\",\"position\":2,\"name\":\"Smart &amp; Pods\",\"item\":\"https:\/\/www.myaromaking.ch\/fr\/shop\/categorie\/smart-pods\/\"},{\"@type\":\"ListItem\",\"position\":3,\"name\":\"Aroma King SMART 2 Pods Kiwi Strawberry 20mg\"}]},{\"@type\":\"WebSite\",\"@id\":\"https:\/\/www.myaromaking.ch\/fr\/#website\",\"url\":\"https:\/\/www.myaromaking.ch\/fr\/\",\"name\":\"Aroma King\",\"description\":\"Die nachhaltige Alternative zu Wegwerf-Pods\",\"publisher\":{\"@id\":\"https:\/\/www.myaromaking.ch\/fr\/#organization\"},\"potentialAction\":[{\"@type\":\"SearchAction\",\"target\":{\"@type\":\"EntryPoint\",\"urlTemplate\":\"https:\/\/www.myaromaking.ch\/fr\/?s={search_term_string}\"},\"query-input\":{\"@type\":\"PropertyValueSpecification\",\"valueRequired\":true,\"valueName\":\"search_term_string\"}}],\"inLanguage\":\"fr-FR\"},{\"@type\":\"Organization\",\"@id\":\"https:\/\/www.myaromaking.ch\/fr\/#organization\",\"name\":\"Aroma King\",\"url\":\"https:\/\/www.myaromaking.ch\/fr\/\",\"logo\":{\"@type\":\"ImageObject\",\"inLanguage\":\"fr-FR\",\"@id\":\"https:\/\/www.myaromaking.ch\/fr\/#\/schema\/logo\/image\/\",\"url\":\"https:\/\/www.myaromaking.ch\/wp-content\/uploads\/\/aromaking-logo-symbol.svg\",\"contentUrl\":\"https:\/\/www.myaromaking.ch\/wp-content\/uploads\/\/aromaking-logo-symbol.svg\",\"width\":126,\"height\":220,\"caption\":\"Aroma King\"},\"image\":{\"@id\":\"https:\/\/www.myaromaking.ch\/fr\/#\/schema\/logo\/image\/\"}}]}<\/script>\n<!-- \/ Yoast SEO plugin. -->","yoast_head_json":{"title":"Aroma King SMART 2 Pods Kiwi Strawberry 20mg - Aroma King","robots":{"index":"index","follow":"follow","max-snippet":"max-snippet:-1","max-image-preview":"max-image-preview:large","max-video-preview":"max-video-preview:-1"},"canonical":"https:\/\/www.myaromaking.ch\/fr\/shop\/produit\/aroma-king-smart-2-pods-kiwi-strawberry-20mg\/","og_locale":"fr_FR","og_type":"article","og_title":"Aroma King SMART 2 Pods Kiwi Strawberry 20mg - Aroma King","og_description":"D\u00e9couvre le go\u00fbt rafra\u00eechissant de l'Aroma King Smart Kiwi Strawberry Ces pods de liquide sont parfaits pour ton exp\u00e9rience de vapotage. Avec l'ar\u00f4me doux et juteux du kiwi m\u00fbr Strawberry, combin\u00e9 \u00e0 une note fra\u00eeche, ce liquide garantit un plaisir unique et rafra\u00eechissant. Les dosettes de liquide Aroma King Smart Kiwi Strawberry sont faciles \u00e0 utiliser et s'adaptent parfaitement \u00e0 ton appareil de vape. Gr\u00e2ce aux ingr\u00e9dients de haute qualit\u00e9, tu profites d'un d\u00e9veloppement de go\u00fbt r\u00e9gulier et intense \u00e0 chaque bouff\u00e9e. Que tu sois un vapoteur exp\u00e9riment\u00e9 ou un novice, ces Liquid Pods t'offrent une exp\u00e9rience de vapotage incomparable. Offre-toi la fra\u00eecheur exotique de Kiwi Strawberry et laisse-toi envo\u00fbter par la brise rafra\u00eechissante ! Parfait pour une exp\u00e9rience de vapotage intense !","og_url":"https:\/\/www.myaromaking.ch\/fr\/shop\/produit\/aroma-king-smart-2-pods-kiwi-strawberry-20mg\/","og_site_name":"Aroma King","article_modified_time":"2026-03-01T19:21:41+00:00","twitter_card":"summary_large_image","schema":{"@context":"https:\/\/schema.org","@graph":[{"@type":"WebPage","@id":"https:\/\/www.myaromaking.ch\/fr\/shop\/produit\/aroma-king-smart-2-pods-kiwi-strawberry-20mg\/","url":"https:\/\/www.myaromaking.ch\/fr\/shop\/produit\/aroma-king-smart-2-pods-kiwi-strawberry-20mg\/","name":"Aroma King SMART 2 Pods Kiwi Strawberry 20mg - Aroma King","isPartOf":{"@id":"https:\/\/www.myaromaking.ch\/fr\/#website"},"primaryImageOfPage":{"@id":"https:\/\/www.myaromaking.ch\/fr\/shop\/produit\/aroma-king-smart-2-pods-kiwi-strawberry-20mg\/#primaryimage"},"image":{"@id":"https:\/\/www.myaromaking.ch\/fr\/shop\/produit\/aroma-king-smart-2-pods-kiwi-strawberry-20mg\/#primaryimage"},"thumbnailUrl":"https:\/\/www.myaromaking.ch\/wp-content\/uploads\/ak-products_smart-duo-pod_kiwi-strawberry.webp","datePublished":"2025-01-25T02:41:01+00:00","dateModified":"2026-03-01T19:21:41+00:00","breadcrumb":{"@id":"https:\/\/www.myaromaking.ch\/fr\/shop\/produit\/aroma-king-smart-2-pods-kiwi-strawberry-20mg\/#breadcrumb"},"inLanguage":"fr-FR","potentialAction":[{"@type":"ReadAction","target":["https:\/\/www.myaromaking.ch\/fr\/shop\/produit\/aroma-king-smart-2-pods-kiwi-strawberry-20mg\/"]}]},{"@type":"ImageObject","inLanguage":"fr-FR","@id":"https:\/\/www.myaromaking.ch\/fr\/shop\/produit\/aroma-king-smart-2-pods-kiwi-strawberry-20mg\/#primaryimage","url":"https:\/\/www.myaromaking.ch\/wp-content\/uploads\/ak-products_smart-duo-pod_kiwi-strawberry.webp","contentUrl":"https:\/\/www.myaromaking.ch\/wp-content\/uploads\/ak-products_smart-duo-pod_kiwi-strawberry.webp","width":660,"height":660},{"@type":"BreadcrumbList","@id":"https:\/\/www.myaromaking.ch\/fr\/shop\/produit\/aroma-king-smart-2-pods-kiwi-strawberry-20mg\/#breadcrumb","itemListElement":[{"@type":"ListItem","position":1,"name":"Shop","item":"https:\/\/www.myaromaking.ch\/fr\/shop\/"},{"@type":"ListItem","position":2,"name":"Smart &amp; Pods","item":"https:\/\/www.myaromaking.ch\/fr\/shop\/categorie\/smart-pods\/"},{"@type":"ListItem","position":3,"name":"Aroma King SMART 2 Pods Kiwi Strawberry 20mg"}]},{"@type":"WebSite","@id":"https:\/\/www.myaromaking.ch\/fr\/#website","url":"https:\/\/www.myaromaking.ch\/fr\/","name":"Aroma King","description":"Die nachhaltige Alternative zu Wegwerf-Pods","publisher":{"@id":"https:\/\/www.myaromaking.ch\/fr\/#organization"},"potentialAction":[{"@type":"SearchAction","target":{"@type":"EntryPoint","urlTemplate":"https:\/\/www.myaromaking.ch\/fr\/?s={search_term_string}"},"query-input":{"@type":"PropertyValueSpecification","valueRequired":true,"valueName":"search_term_string"}}],"inLanguage":"fr-FR"},{"@type":"Organization","@id":"https:\/\/www.myaromaking.ch\/fr\/#organization","name":"Aroma King","url":"https:\/\/www.myaromaking.ch\/fr\/","logo":{"@type":"ImageObject","inLanguage":"fr-FR","@id":"https:\/\/www.myaromaking.ch\/fr\/#\/schema\/logo\/image\/","url":"https:\/\/www.myaromaking.ch\/wp-content\/uploads\/\/aromaking-logo-symbol.svg","contentUrl":"https:\/\/www.myaromaking.ch\/wp-content\/uploads\/\/aromaking-logo-symbol.svg","width":126,"height":220,"caption":"Aroma King"},"image":{"@id":"https:\/\/www.myaromaking.ch\/fr\/#\/schema\/logo\/image\/"}}]}},"_links":{"self":[{"href":"https:\/\/www.myaromaking.ch\/fr\/wp-json\/wp\/v2\/product\/180700","targetHints":{"allow":["GET"]}}],"collection":[{"href":"https:\/\/www.myaromaking.ch\/fr\/wp-json\/wp\/v2\/product"}],"about":[{"href":"https:\/\/www.myaromaking.ch\/fr\/wp-json\/wp\/v2\/types\/product"}],"replies":[{"embeddable":true,"href":"https:\/\/www.myaromaking.ch\/fr\/wp-json\/wp\/v2\/comments?post=180700"}],"wp:featuredmedia":[{"embeddable":true,"href":"https:\/\/www.myaromaking.ch\/fr\/wp-json\/wp\/v2\/media\/7798"}],"wp:attachment":[{"href":"https:\/\/www.myaromaking.ch\/fr\/wp-json\/wp\/v2\/media?parent=180700"}],"wp:term":[{"taxonomy":"product_brand","embeddable":true,"href":"https:\/\/www.myaromaking.ch\/fr\/wp-json\/wp\/v2\/product_brand?post=180700"},{"taxonomy":"product_cat","embeddable":true,"href":"https:\/\/www.myaromaking.ch\/fr\/wp-json\/wp\/v2\/product_cat?post=180700"},{"taxonomy":"product_tag","embeddable":true,"href":"https:\/\/www.myaromaking.ch\/fr\/wp-json\/wp\/v2\/product_tag?post=180700"}],"curies":[{"name":"wp","href":"https:\/\/api.w.org\/{rel}","templated":true}]}}