{"id":180703,"date":"2025-01-25T03:40:59","date_gmt":"2025-01-25T02:40:59","guid":{"rendered":"https:\/\/www.myaromaking.ch\/?post_type=product&#038;p=180703"},"modified":"2026-03-01T20:21:42","modified_gmt":"2026-03-01T19:21:42","slug":"aroma-king-smart-starter-pack-battery-3-pods-20mg","status":"publish","type":"product","link":"https:\/\/www.myaromaking.ch\/fr\/shop\/produit\/aroma-king-smart-starter-pack-battery-3-pods-20mg\/","title":{"rendered":"Aroma King SMART Starter Pack Battery + 3 Pods 20mg"},"content":{"rendered":"<p>Le pack de d\u00e9marrage Aroma King SMART t&rsquo;offre une entr\u00e9e durable et \u00e9cologique dans le monde de la vape. Ce pack de d\u00e9marrage \u00e9l\u00e9gant contient tout ce dont tu as besoin pour une exp\u00e9rience de vapotage de premi\u00e8re classe. Le pack de d\u00e9marrage Aroma King SMART est le choix id\u00e9al pour les vapoteurs soucieux de l&rsquo;environnement qui misent sur la diversit\u00e9 et la durabilit\u00e9. D\u00e9marre ton plaisir de la vapeur avec style et en respectant l&rsquo;environnement.<\/p>\n","protected":false},"excerpt":{"rendered":"<p>Le pack de d\u00e9marrage Aroma King SMART t&rsquo;offre une entr\u00e9e durable et \u00e9cologique dans le monde de la vape. Ce pack de d\u00e9marrage \u00e9l\u00e9gant contient tout ce dont tu as besoin pour une exp\u00e9rience de vapotage de premi\u00e8re classe. Le pack de d\u00e9marrage Aroma King SMART est le choix id\u00e9al pour les vapoteurs soucieux de l&rsquo;environnement qui misent sur la diversit\u00e9 et la durabilit\u00e9. D\u00e9marre ton plaisir de la vapeur avec style et en respectant l&rsquo;environnement.<\/p>\n","protected":false},"featured_media":7816,"comment_status":"open","ping_status":"closed","template":"","meta":{"_acf_changed":false},"product_brand":[],"product_cat":[383],"product_tag":[],"class_list":{"0":"post-180703","1":"product","2":"type-product","3":"status-publish","4":"has-post-thumbnail","6":"product_cat-smart-pods","8":"first","9":"instock","10":"taxable","11":"shipping-taxable","12":"purchasable","13":"product-type-simple"},"acf":[],"yoast_head":"<!-- This site is optimized with the Yoast SEO plugin v26.4 - https:\/\/yoast.com\/wordpress\/plugins\/seo\/ -->\n<title>Aroma King SMART Starter Pack Battery + 3 Pods 20mg - Aroma King<\/title>\n<meta name=\"robots\" content=\"index, follow, max-snippet:-1, max-image-preview:large, max-video-preview:-1\" \/>\n<link rel=\"canonical\" href=\"https:\/\/www.myaromaking.ch\/fr\/shop\/produit\/aroma-king-smart-starter-pack-battery-3-pods-20mg\/\" \/>\n<meta property=\"og:locale\" content=\"fr_FR\" \/>\n<meta property=\"og:type\" content=\"article\" \/>\n<meta property=\"og:title\" content=\"Aroma King SMART Starter Pack Battery + 3 Pods 20mg - Aroma King\" \/>\n<meta property=\"og:description\" content=\"Le pack de d\u00e9marrage Aroma King SMART t&#039;offre une entr\u00e9e durable et \u00e9cologique dans le monde de la vape. Ce pack de d\u00e9marrage \u00e9l\u00e9gant contient tout ce dont tu as besoin pour une exp\u00e9rience de vapotage de premi\u00e8re classe. Le pack de d\u00e9marrage Aroma King SMART est le choix id\u00e9al pour les vapoteurs soucieux de l&#039;environnement qui misent sur la diversit\u00e9 et la durabilit\u00e9. D\u00e9marre ton plaisir de la vapeur avec style et en respectant l&#039;environnement.\" \/>\n<meta property=\"og:url\" content=\"https:\/\/www.myaromaking.ch\/fr\/shop\/produit\/aroma-king-smart-starter-pack-battery-3-pods-20mg\/\" \/>\n<meta property=\"og:site_name\" content=\"Aroma King\" \/>\n<meta property=\"article:modified_time\" content=\"2026-03-01T19:21:42+00:00\" \/>\n<meta name=\"twitter:card\" content=\"summary_large_image\" \/>\n<script type=\"application\/ld+json\" class=\"yoast-schema-graph\">{\"@context\":\"https:\/\/schema.org\",\"@graph\":[{\"@type\":\"WebPage\",\"@id\":\"https:\/\/www.myaromaking.ch\/fr\/shop\/produit\/aroma-king-smart-starter-pack-battery-3-pods-20mg\/\",\"url\":\"https:\/\/www.myaromaking.ch\/fr\/shop\/produit\/aroma-king-smart-starter-pack-battery-3-pods-20mg\/\",\"name\":\"Aroma King SMART Starter Pack Battery + 3 Pods 20mg - Aroma King\",\"isPartOf\":{\"@id\":\"https:\/\/www.myaromaking.ch\/fr\/#website\"},\"primaryImageOfPage\":{\"@id\":\"https:\/\/www.myaromaking.ch\/fr\/shop\/produit\/aroma-king-smart-starter-pack-battery-3-pods-20mg\/#primaryimage\"},\"image\":{\"@id\":\"https:\/\/www.myaromaking.ch\/fr\/shop\/produit\/aroma-king-smart-starter-pack-battery-3-pods-20mg\/#primaryimage\"},\"thumbnailUrl\":\"https:\/\/www.myaromaking.ch\/wp-content\/uploads\/ak-products_smart-duo-pod_starter-pack.webp\",\"datePublished\":\"2025-01-25T02:40:59+00:00\",\"dateModified\":\"2026-03-01T19:21:42+00:00\",\"breadcrumb\":{\"@id\":\"https:\/\/www.myaromaking.ch\/fr\/shop\/produit\/aroma-king-smart-starter-pack-battery-3-pods-20mg\/#breadcrumb\"},\"inLanguage\":\"fr-FR\",\"potentialAction\":[{\"@type\":\"ReadAction\",\"target\":[\"https:\/\/www.myaromaking.ch\/fr\/shop\/produit\/aroma-king-smart-starter-pack-battery-3-pods-20mg\/\"]}]},{\"@type\":\"ImageObject\",\"inLanguage\":\"fr-FR\",\"@id\":\"https:\/\/www.myaromaking.ch\/fr\/shop\/produit\/aroma-king-smart-starter-pack-battery-3-pods-20mg\/#primaryimage\",\"url\":\"https:\/\/www.myaromaking.ch\/wp-content\/uploads\/ak-products_smart-duo-pod_starter-pack.webp\",\"contentUrl\":\"https:\/\/www.myaromaking.ch\/wp-content\/uploads\/ak-products_smart-duo-pod_starter-pack.webp\",\"width\":660,\"height\":660},{\"@type\":\"BreadcrumbList\",\"@id\":\"https:\/\/www.myaromaking.ch\/fr\/shop\/produit\/aroma-king-smart-starter-pack-battery-3-pods-20mg\/#breadcrumb\",\"itemListElement\":[{\"@type\":\"ListItem\",\"position\":1,\"name\":\"Shop\",\"item\":\"https:\/\/www.myaromaking.ch\/fr\/shop\/\"},{\"@type\":\"ListItem\",\"position\":2,\"name\":\"Smart &amp; Pods\",\"item\":\"https:\/\/www.myaromaking.ch\/fr\/shop\/categorie\/smart-pods\/\"},{\"@type\":\"ListItem\",\"position\":3,\"name\":\"Aroma King SMART Starter Pack Battery + 3 Pods 20mg\"}]},{\"@type\":\"WebSite\",\"@id\":\"https:\/\/www.myaromaking.ch\/fr\/#website\",\"url\":\"https:\/\/www.myaromaking.ch\/fr\/\",\"name\":\"Aroma King\",\"description\":\"Die nachhaltige Alternative zu Wegwerf-Pods\",\"publisher\":{\"@id\":\"https:\/\/www.myaromaking.ch\/fr\/#organization\"},\"potentialAction\":[{\"@type\":\"SearchAction\",\"target\":{\"@type\":\"EntryPoint\",\"urlTemplate\":\"https:\/\/www.myaromaking.ch\/fr\/?s={search_term_string}\"},\"query-input\":{\"@type\":\"PropertyValueSpecification\",\"valueRequired\":true,\"valueName\":\"search_term_string\"}}],\"inLanguage\":\"fr-FR\"},{\"@type\":\"Organization\",\"@id\":\"https:\/\/www.myaromaking.ch\/fr\/#organization\",\"name\":\"Aroma King\",\"url\":\"https:\/\/www.myaromaking.ch\/fr\/\",\"logo\":{\"@type\":\"ImageObject\",\"inLanguage\":\"fr-FR\",\"@id\":\"https:\/\/www.myaromaking.ch\/fr\/#\/schema\/logo\/image\/\",\"url\":\"https:\/\/www.myaromaking.ch\/wp-content\/uploads\/\/aromaking-logo-symbol.svg\",\"contentUrl\":\"https:\/\/www.myaromaking.ch\/wp-content\/uploads\/\/aromaking-logo-symbol.svg\",\"width\":126,\"height\":220,\"caption\":\"Aroma King\"},\"image\":{\"@id\":\"https:\/\/www.myaromaking.ch\/fr\/#\/schema\/logo\/image\/\"}}]}<\/script>\n<!-- \/ Yoast SEO plugin. -->","yoast_head_json":{"title":"Aroma King SMART Starter Pack Battery + 3 Pods 20mg - Aroma King","robots":{"index":"index","follow":"follow","max-snippet":"max-snippet:-1","max-image-preview":"max-image-preview:large","max-video-preview":"max-video-preview:-1"},"canonical":"https:\/\/www.myaromaking.ch\/fr\/shop\/produit\/aroma-king-smart-starter-pack-battery-3-pods-20mg\/","og_locale":"fr_FR","og_type":"article","og_title":"Aroma King SMART Starter Pack Battery + 3 Pods 20mg - Aroma King","og_description":"Le pack de d\u00e9marrage Aroma King SMART t'offre une entr\u00e9e durable et \u00e9cologique dans le monde de la vape. Ce pack de d\u00e9marrage \u00e9l\u00e9gant contient tout ce dont tu as besoin pour une exp\u00e9rience de vapotage de premi\u00e8re classe. Le pack de d\u00e9marrage Aroma King SMART est le choix id\u00e9al pour les vapoteurs soucieux de l'environnement qui misent sur la diversit\u00e9 et la durabilit\u00e9. D\u00e9marre ton plaisir de la vapeur avec style et en respectant l'environnement.","og_url":"https:\/\/www.myaromaking.ch\/fr\/shop\/produit\/aroma-king-smart-starter-pack-battery-3-pods-20mg\/","og_site_name":"Aroma King","article_modified_time":"2026-03-01T19:21:42+00:00","twitter_card":"summary_large_image","schema":{"@context":"https:\/\/schema.org","@graph":[{"@type":"WebPage","@id":"https:\/\/www.myaromaking.ch\/fr\/shop\/produit\/aroma-king-smart-starter-pack-battery-3-pods-20mg\/","url":"https:\/\/www.myaromaking.ch\/fr\/shop\/produit\/aroma-king-smart-starter-pack-battery-3-pods-20mg\/","name":"Aroma King SMART Starter Pack Battery + 3 Pods 20mg - Aroma King","isPartOf":{"@id":"https:\/\/www.myaromaking.ch\/fr\/#website"},"primaryImageOfPage":{"@id":"https:\/\/www.myaromaking.ch\/fr\/shop\/produit\/aroma-king-smart-starter-pack-battery-3-pods-20mg\/#primaryimage"},"image":{"@id":"https:\/\/www.myaromaking.ch\/fr\/shop\/produit\/aroma-king-smart-starter-pack-battery-3-pods-20mg\/#primaryimage"},"thumbnailUrl":"https:\/\/www.myaromaking.ch\/wp-content\/uploads\/ak-products_smart-duo-pod_starter-pack.webp","datePublished":"2025-01-25T02:40:59+00:00","dateModified":"2026-03-01T19:21:42+00:00","breadcrumb":{"@id":"https:\/\/www.myaromaking.ch\/fr\/shop\/produit\/aroma-king-smart-starter-pack-battery-3-pods-20mg\/#breadcrumb"},"inLanguage":"fr-FR","potentialAction":[{"@type":"ReadAction","target":["https:\/\/www.myaromaking.ch\/fr\/shop\/produit\/aroma-king-smart-starter-pack-battery-3-pods-20mg\/"]}]},{"@type":"ImageObject","inLanguage":"fr-FR","@id":"https:\/\/www.myaromaking.ch\/fr\/shop\/produit\/aroma-king-smart-starter-pack-battery-3-pods-20mg\/#primaryimage","url":"https:\/\/www.myaromaking.ch\/wp-content\/uploads\/ak-products_smart-duo-pod_starter-pack.webp","contentUrl":"https:\/\/www.myaromaking.ch\/wp-content\/uploads\/ak-products_smart-duo-pod_starter-pack.webp","width":660,"height":660},{"@type":"BreadcrumbList","@id":"https:\/\/www.myaromaking.ch\/fr\/shop\/produit\/aroma-king-smart-starter-pack-battery-3-pods-20mg\/#breadcrumb","itemListElement":[{"@type":"ListItem","position":1,"name":"Shop","item":"https:\/\/www.myaromaking.ch\/fr\/shop\/"},{"@type":"ListItem","position":2,"name":"Smart &amp; Pods","item":"https:\/\/www.myaromaking.ch\/fr\/shop\/categorie\/smart-pods\/"},{"@type":"ListItem","position":3,"name":"Aroma King SMART Starter Pack Battery + 3 Pods 20mg"}]},{"@type":"WebSite","@id":"https:\/\/www.myaromaking.ch\/fr\/#website","url":"https:\/\/www.myaromaking.ch\/fr\/","name":"Aroma King","description":"Die nachhaltige Alternative zu Wegwerf-Pods","publisher":{"@id":"https:\/\/www.myaromaking.ch\/fr\/#organization"},"potentialAction":[{"@type":"SearchAction","target":{"@type":"EntryPoint","urlTemplate":"https:\/\/www.myaromaking.ch\/fr\/?s={search_term_string}"},"query-input":{"@type":"PropertyValueSpecification","valueRequired":true,"valueName":"search_term_string"}}],"inLanguage":"fr-FR"},{"@type":"Organization","@id":"https:\/\/www.myaromaking.ch\/fr\/#organization","name":"Aroma King","url":"https:\/\/www.myaromaking.ch\/fr\/","logo":{"@type":"ImageObject","inLanguage":"fr-FR","@id":"https:\/\/www.myaromaking.ch\/fr\/#\/schema\/logo\/image\/","url":"https:\/\/www.myaromaking.ch\/wp-content\/uploads\/\/aromaking-logo-symbol.svg","contentUrl":"https:\/\/www.myaromaking.ch\/wp-content\/uploads\/\/aromaking-logo-symbol.svg","width":126,"height":220,"caption":"Aroma King"},"image":{"@id":"https:\/\/www.myaromaking.ch\/fr\/#\/schema\/logo\/image\/"}}]}},"_links":{"self":[{"href":"https:\/\/www.myaromaking.ch\/fr\/wp-json\/wp\/v2\/product\/180703","targetHints":{"allow":["GET"]}}],"collection":[{"href":"https:\/\/www.myaromaking.ch\/fr\/wp-json\/wp\/v2\/product"}],"about":[{"href":"https:\/\/www.myaromaking.ch\/fr\/wp-json\/wp\/v2\/types\/product"}],"replies":[{"embeddable":true,"href":"https:\/\/www.myaromaking.ch\/fr\/wp-json\/wp\/v2\/comments?post=180703"}],"wp:featuredmedia":[{"embeddable":true,"href":"https:\/\/www.myaromaking.ch\/fr\/wp-json\/wp\/v2\/media\/7816"}],"wp:attachment":[{"href":"https:\/\/www.myaromaking.ch\/fr\/wp-json\/wp\/v2\/media?parent=180703"}],"wp:term":[{"taxonomy":"product_brand","embeddable":true,"href":"https:\/\/www.myaromaking.ch\/fr\/wp-json\/wp\/v2\/product_brand?post=180703"},{"taxonomy":"product_cat","embeddable":true,"href":"https:\/\/www.myaromaking.ch\/fr\/wp-json\/wp\/v2\/product_cat?post=180703"},{"taxonomy":"product_tag","embeddable":true,"href":"https:\/\/www.myaromaking.ch\/fr\/wp-json\/wp\/v2\/product_tag?post=180703"}],"curies":[{"name":"wp","href":"https:\/\/api.w.org\/{rel}","templated":true}]}}