{"id":180704,"date":"2025-01-25T03:40:53","date_gmt":"2025-01-25T02:40:53","guid":{"rendered":"https:\/\/www.myaromaking.ch\/?post_type=product&#038;p=180704"},"modified":"2025-11-18T21:59:13","modified_gmt":"2025-11-18T20:59:13","slug":"aroma-king-smart-2-pods-blueberry-ice-20mg","status":"publish","type":"product","link":"https:\/\/www.myaromaking.ch\/fr\/shop\/produit\/aroma-king-smart-2-pods-blueberry-ice-20mg\/","title":{"rendered":"Aroma King SMART 2 Pods Blueberry Ice 20mg"},"content":{"rendered":"<p>Aroma King SMART est la r\u00e9ponse \u00e0 une mani\u00e8re de vaper consciente de l&rsquo;environnement et orient\u00e9e vers l&rsquo;avenir. Avec tes caract\u00e9ristiques exceptionnelles, tu poses des jalons en mati\u00e8re de plaisir durable et de facilit\u00e9 d&rsquo;utilisation. De plus, ta batterie rechargeable Aroma King SMART est compatible avec les pods d&rsquo;Elfbar. Avec l&rsquo;Aroma King SMART, tu ne profites pas seulement d&rsquo;une exp\u00e9rience de vapotage exceptionnelle, mais tu le fais aussi de mani\u00e8re \u00e9cologique. Fais le pas vers le vapotage durable et d\u00e9couvre l&rsquo;avenir du plaisir avec l&rsquo;Aroma King SMART. Aroma King SMART minimise l&rsquo;impact sur l&rsquo;environnement gr\u00e2ce \u00e0 des batteries rechargeables, r\u00e9duit les d\u00e9chets gr\u00e2ce \u00e0 des pods innovants (1400 pods par pack duo, 700 pods par pod individuel) et prot\u00e8ge des particules fines pour un plaisir de la vapeur sans souci pour la sant\u00e9.<\/p>\n","protected":false},"excerpt":{"rendered":"<p>Aroma King SMART est la r\u00e9ponse \u00e0 une mani\u00e8re de vaper consciente de l&rsquo;environnement et orient\u00e9e vers l&rsquo;avenir. Avec tes caract\u00e9ristiques exceptionnelles, tu poses des jalons en mati\u00e8re de plaisir durable et de facilit\u00e9 d&rsquo;utilisation. De plus, ta batterie rechargeable Aroma King SMART est compatible avec les pods d&rsquo;Elfbar. Avec l&rsquo;Aroma King SMART, tu ne profites pas seulement d&rsquo;une exp\u00e9rience de vapotage exceptionnelle, mais tu le fais aussi de mani\u00e8re \u00e9cologique. Fais le pas vers le vapotage durable et d\u00e9couvre l&rsquo;avenir du plaisir avec l&rsquo;Aroma King SMART. Aroma King SMART minimise l&rsquo;impact sur l&rsquo;environnement gr\u00e2ce \u00e0 des batteries rechargeables, r\u00e9duit les d\u00e9chets gr\u00e2ce \u00e0 des pods innovants (1400 pods par pack duo, 700 pods par pod individuel) et prot\u00e8ge des particules fines pour un plaisir de la vapeur sans souci pour la sant\u00e9.<\/p>\n","protected":false},"featured_media":7774,"comment_status":"open","ping_status":"closed","template":"","meta":{"_acf_changed":false},"product_brand":[],"product_cat":[383],"product_tag":[],"class_list":{"0":"post-180704","1":"product","2":"type-product","3":"status-publish","4":"has-post-thumbnail","6":"product_cat-smart-pods","8":"first","9":"instock","10":"taxable","11":"shipping-taxable","12":"purchasable","13":"product-type-simple"},"acf":[],"yoast_head":"<!-- This site is optimized with the Yoast SEO plugin v26.4 - https:\/\/yoast.com\/wordpress\/plugins\/seo\/ -->\n<title>Aroma King SMART 2 Pods Blueberry Ice 20mg - Aroma King<\/title>\n<meta name=\"robots\" content=\"index, follow, max-snippet:-1, max-image-preview:large, max-video-preview:-1\" \/>\n<link rel=\"canonical\" href=\"https:\/\/www.myaromaking.ch\/fr\/shop\/produit\/aroma-king-smart-2-pods-blueberry-ice-20mg\/\" \/>\n<meta property=\"og:locale\" content=\"fr_FR\" \/>\n<meta property=\"og:type\" content=\"article\" \/>\n<meta property=\"og:title\" content=\"Aroma King SMART 2 Pods Blueberry Ice 20mg - Aroma King\" \/>\n<meta property=\"og:description\" content=\"Aroma King SMART est la r\u00e9ponse \u00e0 une mani\u00e8re de vaper consciente de l&#039;environnement et orient\u00e9e vers l&#039;avenir. Avec tes caract\u00e9ristiques exceptionnelles, tu poses des jalons en mati\u00e8re de plaisir durable et de facilit\u00e9 d&#039;utilisation. De plus, ta batterie rechargeable Aroma King SMART est compatible avec les pods d&#039;Elfbar. Avec l&#039;Aroma King SMART, tu ne profites pas seulement d&#039;une exp\u00e9rience de vapotage exceptionnelle, mais tu le fais aussi de mani\u00e8re \u00e9cologique. Fais le pas vers le vapotage durable et d\u00e9couvre l&#039;avenir du plaisir avec l&#039;Aroma King SMART. Aroma King SMART minimise l&#039;impact sur l&#039;environnement gr\u00e2ce \u00e0 des batteries rechargeables, r\u00e9duit les d\u00e9chets gr\u00e2ce \u00e0 des pods innovants (1400 pods par pack duo, 700 pods par pod individuel) et prot\u00e8ge des particules fines pour un plaisir de la vapeur sans souci pour la sant\u00e9.\" \/>\n<meta property=\"og:url\" content=\"https:\/\/www.myaromaking.ch\/fr\/shop\/produit\/aroma-king-smart-2-pods-blueberry-ice-20mg\/\" \/>\n<meta property=\"og:site_name\" content=\"Aroma King\" \/>\n<meta property=\"article:modified_time\" content=\"2025-11-18T20:59:13+00:00\" \/>\n<meta name=\"twitter:card\" content=\"summary_large_image\" \/>\n<script type=\"application\/ld+json\" class=\"yoast-schema-graph\">{\"@context\":\"https:\/\/schema.org\",\"@graph\":[{\"@type\":\"WebPage\",\"@id\":\"https:\/\/www.myaromaking.ch\/fr\/shop\/produit\/aroma-king-smart-2-pods-blueberry-ice-20mg\/\",\"url\":\"https:\/\/www.myaromaking.ch\/fr\/shop\/produit\/aroma-king-smart-2-pods-blueberry-ice-20mg\/\",\"name\":\"Aroma King SMART 2 Pods Blueberry Ice 20mg - Aroma King\",\"isPartOf\":{\"@id\":\"https:\/\/www.myaromaking.ch\/fr\/#website\"},\"primaryImageOfPage\":{\"@id\":\"https:\/\/www.myaromaking.ch\/fr\/shop\/produit\/aroma-king-smart-2-pods-blueberry-ice-20mg\/#primaryimage\"},\"image\":{\"@id\":\"https:\/\/www.myaromaking.ch\/fr\/shop\/produit\/aroma-king-smart-2-pods-blueberry-ice-20mg\/#primaryimage\"},\"thumbnailUrl\":\"https:\/\/www.myaromaking.ch\/wp-content\/uploads\/ak-products_smart-duo-pod_blueberry-ice-1.webp\",\"datePublished\":\"2025-01-25T02:40:53+00:00\",\"dateModified\":\"2025-11-18T20:59:13+00:00\",\"breadcrumb\":{\"@id\":\"https:\/\/www.myaromaking.ch\/fr\/shop\/produit\/aroma-king-smart-2-pods-blueberry-ice-20mg\/#breadcrumb\"},\"inLanguage\":\"fr-FR\",\"potentialAction\":[{\"@type\":\"ReadAction\",\"target\":[\"https:\/\/www.myaromaking.ch\/fr\/shop\/produit\/aroma-king-smart-2-pods-blueberry-ice-20mg\/\"]}]},{\"@type\":\"ImageObject\",\"inLanguage\":\"fr-FR\",\"@id\":\"https:\/\/www.myaromaking.ch\/fr\/shop\/produit\/aroma-king-smart-2-pods-blueberry-ice-20mg\/#primaryimage\",\"url\":\"https:\/\/www.myaromaking.ch\/wp-content\/uploads\/ak-products_smart-duo-pod_blueberry-ice-1.webp\",\"contentUrl\":\"https:\/\/www.myaromaking.ch\/wp-content\/uploads\/ak-products_smart-duo-pod_blueberry-ice-1.webp\",\"width\":660,\"height\":660},{\"@type\":\"BreadcrumbList\",\"@id\":\"https:\/\/www.myaromaking.ch\/fr\/shop\/produit\/aroma-king-smart-2-pods-blueberry-ice-20mg\/#breadcrumb\",\"itemListElement\":[{\"@type\":\"ListItem\",\"position\":1,\"name\":\"Shop\",\"item\":\"https:\/\/www.myaromaking.ch\/fr\/shop\/\"},{\"@type\":\"ListItem\",\"position\":2,\"name\":\"Smart &amp; Pods\",\"item\":\"https:\/\/www.myaromaking.ch\/fr\/shop\/categorie\/smart-pods\/\"},{\"@type\":\"ListItem\",\"position\":3,\"name\":\"Aroma King SMART 2 Pods Blueberry Ice 20mg\"}]},{\"@type\":\"WebSite\",\"@id\":\"https:\/\/www.myaromaking.ch\/fr\/#website\",\"url\":\"https:\/\/www.myaromaking.ch\/fr\/\",\"name\":\"Aroma King\",\"description\":\"Die nachhaltige Alternative zu Wegwerf-Pods\",\"publisher\":{\"@id\":\"https:\/\/www.myaromaking.ch\/fr\/#organization\"},\"potentialAction\":[{\"@type\":\"SearchAction\",\"target\":{\"@type\":\"EntryPoint\",\"urlTemplate\":\"https:\/\/www.myaromaking.ch\/fr\/?s={search_term_string}\"},\"query-input\":{\"@type\":\"PropertyValueSpecification\",\"valueRequired\":true,\"valueName\":\"search_term_string\"}}],\"inLanguage\":\"fr-FR\"},{\"@type\":\"Organization\",\"@id\":\"https:\/\/www.myaromaking.ch\/fr\/#organization\",\"name\":\"Aroma King\",\"url\":\"https:\/\/www.myaromaking.ch\/fr\/\",\"logo\":{\"@type\":\"ImageObject\",\"inLanguage\":\"fr-FR\",\"@id\":\"https:\/\/www.myaromaking.ch\/fr\/#\/schema\/logo\/image\/\",\"url\":\"https:\/\/www.myaromaking.ch\/wp-content\/uploads\/\/aromaking-logo-symbol.svg\",\"contentUrl\":\"https:\/\/www.myaromaking.ch\/wp-content\/uploads\/\/aromaking-logo-symbol.svg\",\"width\":126,\"height\":220,\"caption\":\"Aroma King\"},\"image\":{\"@id\":\"https:\/\/www.myaromaking.ch\/fr\/#\/schema\/logo\/image\/\"}}]}<\/script>\n<!-- \/ Yoast SEO plugin. -->","yoast_head_json":{"title":"Aroma King SMART 2 Pods Blueberry Ice 20mg - Aroma King","robots":{"index":"index","follow":"follow","max-snippet":"max-snippet:-1","max-image-preview":"max-image-preview:large","max-video-preview":"max-video-preview:-1"},"canonical":"https:\/\/www.myaromaking.ch\/fr\/shop\/produit\/aroma-king-smart-2-pods-blueberry-ice-20mg\/","og_locale":"fr_FR","og_type":"article","og_title":"Aroma King SMART 2 Pods Blueberry Ice 20mg - Aroma King","og_description":"Aroma King SMART est la r\u00e9ponse \u00e0 une mani\u00e8re de vaper consciente de l'environnement et orient\u00e9e vers l'avenir. Avec tes caract\u00e9ristiques exceptionnelles, tu poses des jalons en mati\u00e8re de plaisir durable et de facilit\u00e9 d'utilisation. De plus, ta batterie rechargeable Aroma King SMART est compatible avec les pods d'Elfbar. Avec l'Aroma King SMART, tu ne profites pas seulement d'une exp\u00e9rience de vapotage exceptionnelle, mais tu le fais aussi de mani\u00e8re \u00e9cologique. Fais le pas vers le vapotage durable et d\u00e9couvre l'avenir du plaisir avec l'Aroma King SMART. Aroma King SMART minimise l'impact sur l'environnement gr\u00e2ce \u00e0 des batteries rechargeables, r\u00e9duit les d\u00e9chets gr\u00e2ce \u00e0 des pods innovants (1400 pods par pack duo, 700 pods par pod individuel) et prot\u00e8ge des particules fines pour un plaisir de la vapeur sans souci pour la sant\u00e9.","og_url":"https:\/\/www.myaromaking.ch\/fr\/shop\/produit\/aroma-king-smart-2-pods-blueberry-ice-20mg\/","og_site_name":"Aroma King","article_modified_time":"2025-11-18T20:59:13+00:00","twitter_card":"summary_large_image","schema":{"@context":"https:\/\/schema.org","@graph":[{"@type":"WebPage","@id":"https:\/\/www.myaromaking.ch\/fr\/shop\/produit\/aroma-king-smart-2-pods-blueberry-ice-20mg\/","url":"https:\/\/www.myaromaking.ch\/fr\/shop\/produit\/aroma-king-smart-2-pods-blueberry-ice-20mg\/","name":"Aroma King SMART 2 Pods Blueberry Ice 20mg - Aroma King","isPartOf":{"@id":"https:\/\/www.myaromaking.ch\/fr\/#website"},"primaryImageOfPage":{"@id":"https:\/\/www.myaromaking.ch\/fr\/shop\/produit\/aroma-king-smart-2-pods-blueberry-ice-20mg\/#primaryimage"},"image":{"@id":"https:\/\/www.myaromaking.ch\/fr\/shop\/produit\/aroma-king-smart-2-pods-blueberry-ice-20mg\/#primaryimage"},"thumbnailUrl":"https:\/\/www.myaromaking.ch\/wp-content\/uploads\/ak-products_smart-duo-pod_blueberry-ice-1.webp","datePublished":"2025-01-25T02:40:53+00:00","dateModified":"2025-11-18T20:59:13+00:00","breadcrumb":{"@id":"https:\/\/www.myaromaking.ch\/fr\/shop\/produit\/aroma-king-smart-2-pods-blueberry-ice-20mg\/#breadcrumb"},"inLanguage":"fr-FR","potentialAction":[{"@type":"ReadAction","target":["https:\/\/www.myaromaking.ch\/fr\/shop\/produit\/aroma-king-smart-2-pods-blueberry-ice-20mg\/"]}]},{"@type":"ImageObject","inLanguage":"fr-FR","@id":"https:\/\/www.myaromaking.ch\/fr\/shop\/produit\/aroma-king-smart-2-pods-blueberry-ice-20mg\/#primaryimage","url":"https:\/\/www.myaromaking.ch\/wp-content\/uploads\/ak-products_smart-duo-pod_blueberry-ice-1.webp","contentUrl":"https:\/\/www.myaromaking.ch\/wp-content\/uploads\/ak-products_smart-duo-pod_blueberry-ice-1.webp","width":660,"height":660},{"@type":"BreadcrumbList","@id":"https:\/\/www.myaromaking.ch\/fr\/shop\/produit\/aroma-king-smart-2-pods-blueberry-ice-20mg\/#breadcrumb","itemListElement":[{"@type":"ListItem","position":1,"name":"Shop","item":"https:\/\/www.myaromaking.ch\/fr\/shop\/"},{"@type":"ListItem","position":2,"name":"Smart &amp; Pods","item":"https:\/\/www.myaromaking.ch\/fr\/shop\/categorie\/smart-pods\/"},{"@type":"ListItem","position":3,"name":"Aroma King SMART 2 Pods Blueberry Ice 20mg"}]},{"@type":"WebSite","@id":"https:\/\/www.myaromaking.ch\/fr\/#website","url":"https:\/\/www.myaromaking.ch\/fr\/","name":"Aroma King","description":"Die nachhaltige Alternative zu Wegwerf-Pods","publisher":{"@id":"https:\/\/www.myaromaking.ch\/fr\/#organization"},"potentialAction":[{"@type":"SearchAction","target":{"@type":"EntryPoint","urlTemplate":"https:\/\/www.myaromaking.ch\/fr\/?s={search_term_string}"},"query-input":{"@type":"PropertyValueSpecification","valueRequired":true,"valueName":"search_term_string"}}],"inLanguage":"fr-FR"},{"@type":"Organization","@id":"https:\/\/www.myaromaking.ch\/fr\/#organization","name":"Aroma King","url":"https:\/\/www.myaromaking.ch\/fr\/","logo":{"@type":"ImageObject","inLanguage":"fr-FR","@id":"https:\/\/www.myaromaking.ch\/fr\/#\/schema\/logo\/image\/","url":"https:\/\/www.myaromaking.ch\/wp-content\/uploads\/\/aromaking-logo-symbol.svg","contentUrl":"https:\/\/www.myaromaking.ch\/wp-content\/uploads\/\/aromaking-logo-symbol.svg","width":126,"height":220,"caption":"Aroma King"},"image":{"@id":"https:\/\/www.myaromaking.ch\/fr\/#\/schema\/logo\/image\/"}}]}},"_links":{"self":[{"href":"https:\/\/www.myaromaking.ch\/fr\/wp-json\/wp\/v2\/product\/180704","targetHints":{"allow":["GET"]}}],"collection":[{"href":"https:\/\/www.myaromaking.ch\/fr\/wp-json\/wp\/v2\/product"}],"about":[{"href":"https:\/\/www.myaromaking.ch\/fr\/wp-json\/wp\/v2\/types\/product"}],"replies":[{"embeddable":true,"href":"https:\/\/www.myaromaking.ch\/fr\/wp-json\/wp\/v2\/comments?post=180704"}],"wp:featuredmedia":[{"embeddable":true,"href":"https:\/\/www.myaromaking.ch\/fr\/wp-json\/wp\/v2\/media\/7774"}],"wp:attachment":[{"href":"https:\/\/www.myaromaking.ch\/fr\/wp-json\/wp\/v2\/media?parent=180704"}],"wp:term":[{"taxonomy":"product_brand","embeddable":true,"href":"https:\/\/www.myaromaking.ch\/fr\/wp-json\/wp\/v2\/product_brand?post=180704"},{"taxonomy":"product_cat","embeddable":true,"href":"https:\/\/www.myaromaking.ch\/fr\/wp-json\/wp\/v2\/product_cat?post=180704"},{"taxonomy":"product_tag","embeddable":true,"href":"https:\/\/www.myaromaking.ch\/fr\/wp-json\/wp\/v2\/product_tag?post=180704"}],"curies":[{"name":"wp","href":"https:\/\/api.w.org\/{rel}","templated":true}]}}