{"id":180705,"date":"2025-01-25T03:40:36","date_gmt":"2025-01-25T02:40:36","guid":{"rendered":"https:\/\/www.myaromaking.ch\/?post_type=product&#038;p=180705"},"modified":"2025-04-28T18:31:51","modified_gmt":"2025-04-28T17:31:51","slug":"aroma-king-bugatti-spaceship-mini-mango-ice-20mg","status":"publish","type":"product","link":"https:\/\/www.myaromaking.ch\/fr\/shop\/produit\/aroma-king-bugatti-spaceship-mini-mango-ice-20mg\/","title":{"rendered":"Aroma King Bugatti Spaceship Mini Mango Ice 20mg"},"content":{"rendered":"<p>Pr\u00eat pour une exp\u00e9rience de vape g\u00e9niale ? Alors prends l&rsquo;Aroma King Bugatti Spaceship Mini dans la saveur mangue ! Ce petit paquet de puissance se pr\u00e9sente dans un look m\u00e9tallique cool et futuriste et te fournit jusqu&rsquo;\u00e0 800 bouff\u00e9es intenses. Gr\u00e2ce \u00e0 la collaboration avec Bugatti, tu d\u00e9couvres ici le luxe pur et la technologie innovante. Parfait pour ceux qui ne se contentent pas de vaper, mais qui veulent en profiter.<\/p>\n","protected":false},"excerpt":{"rendered":"<p>Bereit f\u00fcr ein geniales Vape-Erlebnis? Dann schnapp Dir das Aroma King Bugatti Spaceship Mini in der Geschmackssorte Mango! Dieses kleine Kraftpaket kommt in einer coolen, futuristischen Metalloptik daher und liefert Dir bis zu 800 intensive Z\u00fcge. Dank der Zusammenarbeit mit Bugatti erlebst Du hier puren Luxus und innovative Technologie. Perfekt f\u00fcr alle, die nicht nur dampfen, sondern geniessen wollen.<\/p>\n","protected":false},"featured_media":7588,"comment_status":"open","ping_status":"closed","template":"","meta":{"_acf_changed":false},"product_brand":[],"product_cat":[372],"product_tag":[],"class_list":{"0":"post-180705","1":"product","2":"type-product","3":"status-publish","4":"has-post-thumbnail","6":"product_cat-bugatti","8":"first","9":"instock","10":"taxable","11":"shipping-taxable","12":"purchasable","13":"product-type-simple"},"acf":[],"yoast_head":"<!-- This site is optimized with the Yoast SEO plugin v26.4 - https:\/\/yoast.com\/wordpress\/plugins\/seo\/ -->\n<title>Aroma King Bugatti Spaceship Mini Mango Ice 20mg - Aroma King<\/title>\n<meta name=\"robots\" content=\"index, follow, max-snippet:-1, max-image-preview:large, max-video-preview:-1\" \/>\n<link rel=\"canonical\" href=\"https:\/\/www.myaromaking.ch\/fr\/shop\/produit\/aroma-king-bugatti-spaceship-mini-mango-ice-20mg\/\" \/>\n<meta property=\"og:locale\" content=\"fr_FR\" \/>\n<meta property=\"og:type\" content=\"article\" \/>\n<meta property=\"og:title\" content=\"Aroma King Bugatti Spaceship Mini Mango Ice 20mg - Aroma King\" \/>\n<meta property=\"og:description\" content=\"Bereit f\u00fcr ein geniales Vape-Erlebnis? Dann schnapp Dir das Aroma King Bugatti Spaceship Mini in der Geschmackssorte Mango! Dieses kleine Kraftpaket kommt in einer coolen, futuristischen Metalloptik daher und liefert Dir bis zu 800 intensive Z\u00fcge. Dank der Zusammenarbeit mit Bugatti erlebst Du hier puren Luxus und innovative Technologie. Perfekt f\u00fcr alle, die nicht nur dampfen, sondern geniessen wollen.\" \/>\n<meta property=\"og:url\" content=\"https:\/\/www.myaromaking.ch\/fr\/shop\/produit\/aroma-king-bugatti-spaceship-mini-mango-ice-20mg\/\" \/>\n<meta property=\"og:site_name\" content=\"Aroma King\" \/>\n<meta property=\"article:modified_time\" content=\"2025-04-28T17:31:51+00:00\" \/>\n<meta name=\"twitter:card\" content=\"summary_large_image\" \/>\n<script type=\"application\/ld+json\" class=\"yoast-schema-graph\">{\"@context\":\"https:\/\/schema.org\",\"@graph\":[{\"@type\":\"WebPage\",\"@id\":\"https:\/\/www.myaromaking.ch\/fr\/shop\/produit\/aroma-king-bugatti-spaceship-mini-mango-ice-20mg\/\",\"url\":\"https:\/\/www.myaromaking.ch\/fr\/shop\/produit\/aroma-king-bugatti-spaceship-mini-mango-ice-20mg\/\",\"name\":\"Aroma King Bugatti Spaceship Mini Mango Ice 20mg - Aroma King\",\"isPartOf\":{\"@id\":\"https:\/\/www.myaromaking.ch\/fr\/#website\"},\"primaryImageOfPage\":{\"@id\":\"https:\/\/www.myaromaking.ch\/fr\/shop\/produit\/aroma-king-bugatti-spaceship-mini-mango-ice-20mg\/#primaryimage\"},\"image\":{\"@id\":\"https:\/\/www.myaromaking.ch\/fr\/shop\/produit\/aroma-king-bugatti-spaceship-mini-mango-ice-20mg\/#primaryimage\"},\"thumbnailUrl\":\"https:\/\/www.myaromaking.ch\/wp-content\/uploads\/ak-products_bugatti-spaceship-mini_mango-ice.webp\",\"datePublished\":\"2025-01-25T02:40:36+00:00\",\"dateModified\":\"2025-04-28T17:31:51+00:00\",\"breadcrumb\":{\"@id\":\"https:\/\/www.myaromaking.ch\/fr\/shop\/produit\/aroma-king-bugatti-spaceship-mini-mango-ice-20mg\/#breadcrumb\"},\"inLanguage\":\"fr-FR\",\"potentialAction\":[{\"@type\":\"ReadAction\",\"target\":[\"https:\/\/www.myaromaking.ch\/fr\/shop\/produit\/aroma-king-bugatti-spaceship-mini-mango-ice-20mg\/\"]}]},{\"@type\":\"ImageObject\",\"inLanguage\":\"fr-FR\",\"@id\":\"https:\/\/www.myaromaking.ch\/fr\/shop\/produit\/aroma-king-bugatti-spaceship-mini-mango-ice-20mg\/#primaryimage\",\"url\":\"https:\/\/www.myaromaking.ch\/wp-content\/uploads\/ak-products_bugatti-spaceship-mini_mango-ice.webp\",\"contentUrl\":\"https:\/\/www.myaromaking.ch\/wp-content\/uploads\/ak-products_bugatti-spaceship-mini_mango-ice.webp\",\"width\":590,\"height\":590},{\"@type\":\"BreadcrumbList\",\"@id\":\"https:\/\/www.myaromaking.ch\/fr\/shop\/produit\/aroma-king-bugatti-spaceship-mini-mango-ice-20mg\/#breadcrumb\",\"itemListElement\":[{\"@type\":\"ListItem\",\"position\":1,\"name\":\"Shop\",\"item\":\"https:\/\/www.myaromaking.ch\/fr\/shop\/\"},{\"@type\":\"ListItem\",\"position\":2,\"name\":\"Bugatti\",\"item\":\"https:\/\/www.myaromaking.ch\/fr\/shop\/categorie\/bugatti\/\"},{\"@type\":\"ListItem\",\"position\":3,\"name\":\"Aroma King Bugatti Spaceship Mini Mango Ice 20mg\"}]},{\"@type\":\"WebSite\",\"@id\":\"https:\/\/www.myaromaking.ch\/fr\/#website\",\"url\":\"https:\/\/www.myaromaking.ch\/fr\/\",\"name\":\"Aroma King\",\"description\":\"Die nachhaltige Alternative zu Wegwerf-Pods\",\"publisher\":{\"@id\":\"https:\/\/www.myaromaking.ch\/fr\/#organization\"},\"potentialAction\":[{\"@type\":\"SearchAction\",\"target\":{\"@type\":\"EntryPoint\",\"urlTemplate\":\"https:\/\/www.myaromaking.ch\/fr\/?s={search_term_string}\"},\"query-input\":{\"@type\":\"PropertyValueSpecification\",\"valueRequired\":true,\"valueName\":\"search_term_string\"}}],\"inLanguage\":\"fr-FR\"},{\"@type\":\"Organization\",\"@id\":\"https:\/\/www.myaromaking.ch\/fr\/#organization\",\"name\":\"Aroma King\",\"url\":\"https:\/\/www.myaromaking.ch\/fr\/\",\"logo\":{\"@type\":\"ImageObject\",\"inLanguage\":\"fr-FR\",\"@id\":\"https:\/\/www.myaromaking.ch\/fr\/#\/schema\/logo\/image\/\",\"url\":\"https:\/\/www.myaromaking.ch\/wp-content\/uploads\/\/aromaking-logo-symbol.svg\",\"contentUrl\":\"https:\/\/www.myaromaking.ch\/wp-content\/uploads\/\/aromaking-logo-symbol.svg\",\"width\":126,\"height\":220,\"caption\":\"Aroma King\"},\"image\":{\"@id\":\"https:\/\/www.myaromaking.ch\/fr\/#\/schema\/logo\/image\/\"}}]}<\/script>\n<!-- \/ Yoast SEO plugin. -->","yoast_head_json":{"title":"Aroma King Bugatti Spaceship Mini Mango Ice 20mg - Aroma King","robots":{"index":"index","follow":"follow","max-snippet":"max-snippet:-1","max-image-preview":"max-image-preview:large","max-video-preview":"max-video-preview:-1"},"canonical":"https:\/\/www.myaromaking.ch\/fr\/shop\/produit\/aroma-king-bugatti-spaceship-mini-mango-ice-20mg\/","og_locale":"fr_FR","og_type":"article","og_title":"Aroma King Bugatti Spaceship Mini Mango Ice 20mg - Aroma King","og_description":"Bereit f\u00fcr ein geniales Vape-Erlebnis? Dann schnapp Dir das Aroma King Bugatti Spaceship Mini in der Geschmackssorte Mango! Dieses kleine Kraftpaket kommt in einer coolen, futuristischen Metalloptik daher und liefert Dir bis zu 800 intensive Z\u00fcge. Dank der Zusammenarbeit mit Bugatti erlebst Du hier puren Luxus und innovative Technologie. Perfekt f\u00fcr alle, die nicht nur dampfen, sondern geniessen wollen.","og_url":"https:\/\/www.myaromaking.ch\/fr\/shop\/produit\/aroma-king-bugatti-spaceship-mini-mango-ice-20mg\/","og_site_name":"Aroma King","article_modified_time":"2025-04-28T17:31:51+00:00","twitter_card":"summary_large_image","schema":{"@context":"https:\/\/schema.org","@graph":[{"@type":"WebPage","@id":"https:\/\/www.myaromaking.ch\/fr\/shop\/produit\/aroma-king-bugatti-spaceship-mini-mango-ice-20mg\/","url":"https:\/\/www.myaromaking.ch\/fr\/shop\/produit\/aroma-king-bugatti-spaceship-mini-mango-ice-20mg\/","name":"Aroma King Bugatti Spaceship Mini Mango Ice 20mg - Aroma King","isPartOf":{"@id":"https:\/\/www.myaromaking.ch\/fr\/#website"},"primaryImageOfPage":{"@id":"https:\/\/www.myaromaking.ch\/fr\/shop\/produit\/aroma-king-bugatti-spaceship-mini-mango-ice-20mg\/#primaryimage"},"image":{"@id":"https:\/\/www.myaromaking.ch\/fr\/shop\/produit\/aroma-king-bugatti-spaceship-mini-mango-ice-20mg\/#primaryimage"},"thumbnailUrl":"https:\/\/www.myaromaking.ch\/wp-content\/uploads\/ak-products_bugatti-spaceship-mini_mango-ice.webp","datePublished":"2025-01-25T02:40:36+00:00","dateModified":"2025-04-28T17:31:51+00:00","breadcrumb":{"@id":"https:\/\/www.myaromaking.ch\/fr\/shop\/produit\/aroma-king-bugatti-spaceship-mini-mango-ice-20mg\/#breadcrumb"},"inLanguage":"fr-FR","potentialAction":[{"@type":"ReadAction","target":["https:\/\/www.myaromaking.ch\/fr\/shop\/produit\/aroma-king-bugatti-spaceship-mini-mango-ice-20mg\/"]}]},{"@type":"ImageObject","inLanguage":"fr-FR","@id":"https:\/\/www.myaromaking.ch\/fr\/shop\/produit\/aroma-king-bugatti-spaceship-mini-mango-ice-20mg\/#primaryimage","url":"https:\/\/www.myaromaking.ch\/wp-content\/uploads\/ak-products_bugatti-spaceship-mini_mango-ice.webp","contentUrl":"https:\/\/www.myaromaking.ch\/wp-content\/uploads\/ak-products_bugatti-spaceship-mini_mango-ice.webp","width":590,"height":590},{"@type":"BreadcrumbList","@id":"https:\/\/www.myaromaking.ch\/fr\/shop\/produit\/aroma-king-bugatti-spaceship-mini-mango-ice-20mg\/#breadcrumb","itemListElement":[{"@type":"ListItem","position":1,"name":"Shop","item":"https:\/\/www.myaromaking.ch\/fr\/shop\/"},{"@type":"ListItem","position":2,"name":"Bugatti","item":"https:\/\/www.myaromaking.ch\/fr\/shop\/categorie\/bugatti\/"},{"@type":"ListItem","position":3,"name":"Aroma King Bugatti Spaceship Mini Mango Ice 20mg"}]},{"@type":"WebSite","@id":"https:\/\/www.myaromaking.ch\/fr\/#website","url":"https:\/\/www.myaromaking.ch\/fr\/","name":"Aroma King","description":"Die nachhaltige Alternative zu Wegwerf-Pods","publisher":{"@id":"https:\/\/www.myaromaking.ch\/fr\/#organization"},"potentialAction":[{"@type":"SearchAction","target":{"@type":"EntryPoint","urlTemplate":"https:\/\/www.myaromaking.ch\/fr\/?s={search_term_string}"},"query-input":{"@type":"PropertyValueSpecification","valueRequired":true,"valueName":"search_term_string"}}],"inLanguage":"fr-FR"},{"@type":"Organization","@id":"https:\/\/www.myaromaking.ch\/fr\/#organization","name":"Aroma King","url":"https:\/\/www.myaromaking.ch\/fr\/","logo":{"@type":"ImageObject","inLanguage":"fr-FR","@id":"https:\/\/www.myaromaking.ch\/fr\/#\/schema\/logo\/image\/","url":"https:\/\/www.myaromaking.ch\/wp-content\/uploads\/\/aromaking-logo-symbol.svg","contentUrl":"https:\/\/www.myaromaking.ch\/wp-content\/uploads\/\/aromaking-logo-symbol.svg","width":126,"height":220,"caption":"Aroma King"},"image":{"@id":"https:\/\/www.myaromaking.ch\/fr\/#\/schema\/logo\/image\/"}}]}},"_links":{"self":[{"href":"https:\/\/www.myaromaking.ch\/fr\/wp-json\/wp\/v2\/product\/180705","targetHints":{"allow":["GET"]}}],"collection":[{"href":"https:\/\/www.myaromaking.ch\/fr\/wp-json\/wp\/v2\/product"}],"about":[{"href":"https:\/\/www.myaromaking.ch\/fr\/wp-json\/wp\/v2\/types\/product"}],"replies":[{"embeddable":true,"href":"https:\/\/www.myaromaking.ch\/fr\/wp-json\/wp\/v2\/comments?post=180705"}],"wp:featuredmedia":[{"embeddable":true,"href":"https:\/\/www.myaromaking.ch\/fr\/wp-json\/wp\/v2\/media\/7588"}],"wp:attachment":[{"href":"https:\/\/www.myaromaking.ch\/fr\/wp-json\/wp\/v2\/media?parent=180705"}],"wp:term":[{"taxonomy":"product_brand","embeddable":true,"href":"https:\/\/www.myaromaking.ch\/fr\/wp-json\/wp\/v2\/product_brand?post=180705"},{"taxonomy":"product_cat","embeddable":true,"href":"https:\/\/www.myaromaking.ch\/fr\/wp-json\/wp\/v2\/product_cat?post=180705"},{"taxonomy":"product_tag","embeddable":true,"href":"https:\/\/www.myaromaking.ch\/fr\/wp-json\/wp\/v2\/product_tag?post=180705"}],"curies":[{"name":"wp","href":"https:\/\/api.w.org\/{rel}","templated":true}]}}