{"id":180756,"date":"2025-01-25T03:41:31","date_gmt":"2025-01-25T02:41:31","guid":{"rendered":"https:\/\/www.myaromaking.ch\/?post_type=product&#038;p=180756"},"modified":"2025-07-10T13:23:23","modified_gmt":"2025-07-10T12:23:23","slug":"aroma-king-click-pro-7000-set-watermelon-ice","status":"publish","type":"product","link":"https:\/\/www.myaromaking.ch\/fr\/shop\/produit\/aroma-king-click-pro-7000-set-watermelon-ice\/","title":{"rendered":"Aroma King Click Pro 7000 SET Watermelon Ice"},"content":{"rendered":"<p>Aroma King CLICK PRO 7000 SET Watermelon Ice \u2013 Durable et Performante<br \/>\nLa CLICK PRO 7000 offre une exp\u00e9rience de vapotage optimale avec un impact environnemental minimal :<\/p>\n<p>7000 bouff\u00e9es gr\u00e2ce \u00e0 12 ml de liquide (2 ml dans le pod + 10 ml dans la bouteille).<br \/>\nBatterie rechargeable : Plus de 500 recharges via USB-C.<br \/>\n\u00c9cran LCD : Suivez facilement le niveau de charge de la batterie.<br \/>\nDouble Mesh Coil : Saveurs intenses et vapeur dense.<br \/>\nDurable et polyvalente : R\u00e9duction des d\u00e9chets gr\u00e2ce \u00e0 ses composants r\u00e9utilisables.<\/p>\n","protected":false},"excerpt":{"rendered":"<p>Aroma King CLICK PRO 7000 SET Watermelon Ice \u2013 Durable et Performante<br \/>\nLa CLICK PRO 7000 offre une exp\u00e9rience de vapotage optimale avec un impact environnemental minimal :<\/p>\n<p>7000 bouff\u00e9es gr\u00e2ce \u00e0 12 ml de liquide (2 ml dans le pod + 10 ml dans la bouteille).<br \/>\nBatterie rechargeable : Plus de 500 recharges via USB-C.<br \/>\n\u00c9cran LCD : Suivez facilement le niveau de charge de la batterie.<br \/>\nDouble Mesh Coil : Saveurs intenses et vapeur dense.<br \/>\nDurable et polyvalente : R\u00e9duction des d\u00e9chets gr\u00e2ce \u00e0 ses composants r\u00e9utilisables.<\/p>\n","protected":false},"featured_media":11397,"comment_status":"open","ping_status":"closed","template":"","meta":{"_acf_changed":false},"product_brand":[],"product_cat":[374],"product_tag":[],"class_list":{"0":"post-180756","1":"product","2":"type-product","3":"status-publish","4":"has-post-thumbnail","6":"product_cat-click-pro","8":"first","9":"outofstock","10":"taxable","11":"shipping-taxable","12":"purchasable","13":"product-type-simple"},"acf":[],"yoast_head":"<!-- This site is optimized with the Yoast SEO plugin v26.4 - https:\/\/yoast.com\/wordpress\/plugins\/seo\/ -->\n<title>Aroma King Click Pro 7000 SET Watermelon Ice - Aroma King<\/title>\n<meta name=\"robots\" content=\"index, follow, max-snippet:-1, max-image-preview:large, max-video-preview:-1\" \/>\n<link rel=\"canonical\" href=\"https:\/\/www.myaromaking.ch\/fr\/shop\/produit\/aroma-king-click-pro-7000-set-watermelon-ice\/\" \/>\n<meta property=\"og:locale\" content=\"fr_FR\" \/>\n<meta property=\"og:type\" content=\"article\" \/>\n<meta property=\"og:title\" content=\"Aroma King Click Pro 7000 SET Watermelon Ice - Aroma King\" \/>\n<meta property=\"og:description\" content=\"Aroma King CLICK PRO 7000 SET Watermelon Ice \u2013 Durable et Performante La CLICK PRO 7000 offre une exp\u00e9rience de vapotage optimale avec un impact environnemental minimal : 7000 bouff\u00e9es gr\u00e2ce \u00e0 12 ml de liquide (2 ml dans le pod + 10 ml dans la bouteille). Batterie rechargeable : Plus de 500 recharges via USB-C. \u00c9cran LCD : Suivez facilement le niveau de charge de la batterie. Double Mesh Coil : Saveurs intenses et vapeur dense. Durable et polyvalente : R\u00e9duction des d\u00e9chets gr\u00e2ce \u00e0 ses composants r\u00e9utilisables.\" \/>\n<meta property=\"og:url\" content=\"https:\/\/www.myaromaking.ch\/fr\/shop\/produit\/aroma-king-click-pro-7000-set-watermelon-ice\/\" \/>\n<meta property=\"og:site_name\" content=\"Aroma King\" \/>\n<meta property=\"article:modified_time\" content=\"2025-07-10T12:23:23+00:00\" \/>\n<meta name=\"twitter:card\" content=\"summary_large_image\" \/>\n<script type=\"application\/ld+json\" class=\"yoast-schema-graph\">{\"@context\":\"https:\/\/schema.org\",\"@graph\":[{\"@type\":\"WebPage\",\"@id\":\"https:\/\/www.myaromaking.ch\/fr\/shop\/produit\/aroma-king-click-pro-7000-set-watermelon-ice\/\",\"url\":\"https:\/\/www.myaromaking.ch\/fr\/shop\/produit\/aroma-king-click-pro-7000-set-watermelon-ice\/\",\"name\":\"Aroma King Click Pro 7000 SET Watermelon Ice - Aroma King\",\"isPartOf\":{\"@id\":\"https:\/\/www.myaromaking.ch\/fr\/#website\"},\"primaryImageOfPage\":{\"@id\":\"https:\/\/www.myaromaking.ch\/fr\/shop\/produit\/aroma-king-click-pro-7000-set-watermelon-ice\/#primaryimage\"},\"image\":{\"@id\":\"https:\/\/www.myaromaking.ch\/fr\/shop\/produit\/aroma-king-click-pro-7000-set-watermelon-ice\/#primaryimage\"},\"thumbnailUrl\":\"https:\/\/www.myaromaking.ch\/wp-content\/uploads\/ak-products_clickpro_0170320.webp\",\"datePublished\":\"2025-01-25T02:41:31+00:00\",\"dateModified\":\"2025-07-10T12:23:23+00:00\",\"breadcrumb\":{\"@id\":\"https:\/\/www.myaromaking.ch\/fr\/shop\/produit\/aroma-king-click-pro-7000-set-watermelon-ice\/#breadcrumb\"},\"inLanguage\":\"fr-FR\",\"potentialAction\":[{\"@type\":\"ReadAction\",\"target\":[\"https:\/\/www.myaromaking.ch\/fr\/shop\/produit\/aroma-king-click-pro-7000-set-watermelon-ice\/\"]}]},{\"@type\":\"ImageObject\",\"inLanguage\":\"fr-FR\",\"@id\":\"https:\/\/www.myaromaking.ch\/fr\/shop\/produit\/aroma-king-click-pro-7000-set-watermelon-ice\/#primaryimage\",\"url\":\"https:\/\/www.myaromaking.ch\/wp-content\/uploads\/ak-products_clickpro_0170320.webp\",\"contentUrl\":\"https:\/\/www.myaromaking.ch\/wp-content\/uploads\/ak-products_clickpro_0170320.webp\",\"width\":800,\"height\":800},{\"@type\":\"BreadcrumbList\",\"@id\":\"https:\/\/www.myaromaking.ch\/fr\/shop\/produit\/aroma-king-click-pro-7000-set-watermelon-ice\/#breadcrumb\",\"itemListElement\":[{\"@type\":\"ListItem\",\"position\":1,\"name\":\"Shop\",\"item\":\"https:\/\/www.myaromaking.ch\/fr\/shop\/\"},{\"@type\":\"ListItem\",\"position\":2,\"name\":\"Click Pro\",\"item\":\"https:\/\/www.myaromaking.ch\/fr\/shop\/categorie\/click-pro\/\"},{\"@type\":\"ListItem\",\"position\":3,\"name\":\"Aroma King Click Pro 7000 SET Watermelon Ice\"}]},{\"@type\":\"WebSite\",\"@id\":\"https:\/\/www.myaromaking.ch\/fr\/#website\",\"url\":\"https:\/\/www.myaromaking.ch\/fr\/\",\"name\":\"Aroma King\",\"description\":\"Die nachhaltige Alternative zu Wegwerf-Pods\",\"publisher\":{\"@id\":\"https:\/\/www.myaromaking.ch\/fr\/#organization\"},\"potentialAction\":[{\"@type\":\"SearchAction\",\"target\":{\"@type\":\"EntryPoint\",\"urlTemplate\":\"https:\/\/www.myaromaking.ch\/fr\/?s={search_term_string}\"},\"query-input\":{\"@type\":\"PropertyValueSpecification\",\"valueRequired\":true,\"valueName\":\"search_term_string\"}}],\"inLanguage\":\"fr-FR\"},{\"@type\":\"Organization\",\"@id\":\"https:\/\/www.myaromaking.ch\/fr\/#organization\",\"name\":\"Aroma King\",\"url\":\"https:\/\/www.myaromaking.ch\/fr\/\",\"logo\":{\"@type\":\"ImageObject\",\"inLanguage\":\"fr-FR\",\"@id\":\"https:\/\/www.myaromaking.ch\/fr\/#\/schema\/logo\/image\/\",\"url\":\"https:\/\/www.myaromaking.ch\/wp-content\/uploads\/\/aromaking-logo-symbol.svg\",\"contentUrl\":\"https:\/\/www.myaromaking.ch\/wp-content\/uploads\/\/aromaking-logo-symbol.svg\",\"width\":126,\"height\":220,\"caption\":\"Aroma King\"},\"image\":{\"@id\":\"https:\/\/www.myaromaking.ch\/fr\/#\/schema\/logo\/image\/\"}}]}<\/script>\n<!-- \/ Yoast SEO plugin. -->","yoast_head_json":{"title":"Aroma King Click Pro 7000 SET Watermelon Ice - Aroma King","robots":{"index":"index","follow":"follow","max-snippet":"max-snippet:-1","max-image-preview":"max-image-preview:large","max-video-preview":"max-video-preview:-1"},"canonical":"https:\/\/www.myaromaking.ch\/fr\/shop\/produit\/aroma-king-click-pro-7000-set-watermelon-ice\/","og_locale":"fr_FR","og_type":"article","og_title":"Aroma King Click Pro 7000 SET Watermelon Ice - Aroma King","og_description":"Aroma King CLICK PRO 7000 SET Watermelon Ice \u2013 Durable et Performante La CLICK PRO 7000 offre une exp\u00e9rience de vapotage optimale avec un impact environnemental minimal : 7000 bouff\u00e9es gr\u00e2ce \u00e0 12 ml de liquide (2 ml dans le pod + 10 ml dans la bouteille). Batterie rechargeable : Plus de 500 recharges via USB-C. \u00c9cran LCD : Suivez facilement le niveau de charge de la batterie. Double Mesh Coil : Saveurs intenses et vapeur dense. Durable et polyvalente : R\u00e9duction des d\u00e9chets gr\u00e2ce \u00e0 ses composants r\u00e9utilisables.","og_url":"https:\/\/www.myaromaking.ch\/fr\/shop\/produit\/aroma-king-click-pro-7000-set-watermelon-ice\/","og_site_name":"Aroma King","article_modified_time":"2025-07-10T12:23:23+00:00","twitter_card":"summary_large_image","schema":{"@context":"https:\/\/schema.org","@graph":[{"@type":"WebPage","@id":"https:\/\/www.myaromaking.ch\/fr\/shop\/produit\/aroma-king-click-pro-7000-set-watermelon-ice\/","url":"https:\/\/www.myaromaking.ch\/fr\/shop\/produit\/aroma-king-click-pro-7000-set-watermelon-ice\/","name":"Aroma King Click Pro 7000 SET Watermelon Ice - Aroma King","isPartOf":{"@id":"https:\/\/www.myaromaking.ch\/fr\/#website"},"primaryImageOfPage":{"@id":"https:\/\/www.myaromaking.ch\/fr\/shop\/produit\/aroma-king-click-pro-7000-set-watermelon-ice\/#primaryimage"},"image":{"@id":"https:\/\/www.myaromaking.ch\/fr\/shop\/produit\/aroma-king-click-pro-7000-set-watermelon-ice\/#primaryimage"},"thumbnailUrl":"https:\/\/www.myaromaking.ch\/wp-content\/uploads\/ak-products_clickpro_0170320.webp","datePublished":"2025-01-25T02:41:31+00:00","dateModified":"2025-07-10T12:23:23+00:00","breadcrumb":{"@id":"https:\/\/www.myaromaking.ch\/fr\/shop\/produit\/aroma-king-click-pro-7000-set-watermelon-ice\/#breadcrumb"},"inLanguage":"fr-FR","potentialAction":[{"@type":"ReadAction","target":["https:\/\/www.myaromaking.ch\/fr\/shop\/produit\/aroma-king-click-pro-7000-set-watermelon-ice\/"]}]},{"@type":"ImageObject","inLanguage":"fr-FR","@id":"https:\/\/www.myaromaking.ch\/fr\/shop\/produit\/aroma-king-click-pro-7000-set-watermelon-ice\/#primaryimage","url":"https:\/\/www.myaromaking.ch\/wp-content\/uploads\/ak-products_clickpro_0170320.webp","contentUrl":"https:\/\/www.myaromaking.ch\/wp-content\/uploads\/ak-products_clickpro_0170320.webp","width":800,"height":800},{"@type":"BreadcrumbList","@id":"https:\/\/www.myaromaking.ch\/fr\/shop\/produit\/aroma-king-click-pro-7000-set-watermelon-ice\/#breadcrumb","itemListElement":[{"@type":"ListItem","position":1,"name":"Shop","item":"https:\/\/www.myaromaking.ch\/fr\/shop\/"},{"@type":"ListItem","position":2,"name":"Click Pro","item":"https:\/\/www.myaromaking.ch\/fr\/shop\/categorie\/click-pro\/"},{"@type":"ListItem","position":3,"name":"Aroma King Click Pro 7000 SET Watermelon Ice"}]},{"@type":"WebSite","@id":"https:\/\/www.myaromaking.ch\/fr\/#website","url":"https:\/\/www.myaromaking.ch\/fr\/","name":"Aroma King","description":"Die nachhaltige Alternative zu Wegwerf-Pods","publisher":{"@id":"https:\/\/www.myaromaking.ch\/fr\/#organization"},"potentialAction":[{"@type":"SearchAction","target":{"@type":"EntryPoint","urlTemplate":"https:\/\/www.myaromaking.ch\/fr\/?s={search_term_string}"},"query-input":{"@type":"PropertyValueSpecification","valueRequired":true,"valueName":"search_term_string"}}],"inLanguage":"fr-FR"},{"@type":"Organization","@id":"https:\/\/www.myaromaking.ch\/fr\/#organization","name":"Aroma King","url":"https:\/\/www.myaromaking.ch\/fr\/","logo":{"@type":"ImageObject","inLanguage":"fr-FR","@id":"https:\/\/www.myaromaking.ch\/fr\/#\/schema\/logo\/image\/","url":"https:\/\/www.myaromaking.ch\/wp-content\/uploads\/\/aromaking-logo-symbol.svg","contentUrl":"https:\/\/www.myaromaking.ch\/wp-content\/uploads\/\/aromaking-logo-symbol.svg","width":126,"height":220,"caption":"Aroma King"},"image":{"@id":"https:\/\/www.myaromaking.ch\/fr\/#\/schema\/logo\/image\/"}}]}},"_links":{"self":[{"href":"https:\/\/www.myaromaking.ch\/fr\/wp-json\/wp\/v2\/product\/180756","targetHints":{"allow":["GET"]}}],"collection":[{"href":"https:\/\/www.myaromaking.ch\/fr\/wp-json\/wp\/v2\/product"}],"about":[{"href":"https:\/\/www.myaromaking.ch\/fr\/wp-json\/wp\/v2\/types\/product"}],"replies":[{"embeddable":true,"href":"https:\/\/www.myaromaking.ch\/fr\/wp-json\/wp\/v2\/comments?post=180756"}],"wp:featuredmedia":[{"embeddable":true,"href":"https:\/\/www.myaromaking.ch\/fr\/wp-json\/wp\/v2\/media\/11397"}],"wp:attachment":[{"href":"https:\/\/www.myaromaking.ch\/fr\/wp-json\/wp\/v2\/media?parent=180756"}],"wp:term":[{"taxonomy":"product_brand","embeddable":true,"href":"https:\/\/www.myaromaking.ch\/fr\/wp-json\/wp\/v2\/product_brand?post=180756"},{"taxonomy":"product_cat","embeddable":true,"href":"https:\/\/www.myaromaking.ch\/fr\/wp-json\/wp\/v2\/product_cat?post=180756"},{"taxonomy":"product_tag","embeddable":true,"href":"https:\/\/www.myaromaking.ch\/fr\/wp-json\/wp\/v2\/product_tag?post=180756"}],"curies":[{"name":"wp","href":"https:\/\/api.w.org\/{rel}","templated":true}]}}