{"id":181001,"date":"2025-06-05T18:56:32","date_gmt":"2025-06-05T17:56:32","guid":{"rendered":"https:\/\/www.myaromaking.ch\/shop\/produkt\/aroma-king-vice-2x-refillable-pod-0-6-ohm\/"},"modified":"2025-06-16T16:52:02","modified_gmt":"2025-06-16T15:52:02","slug":"aroma-king-vice-2x-refillable-pod-0-6-ohm","status":"publish","type":"product","link":"https:\/\/www.myaromaking.ch\/fr\/shop\/produit\/aroma-king-vice-2x-refillable-pod-0-6-ohm\/","title":{"rendered":"Aroma King VICE 2\u00d7 refillable Pod 0.6 Ohm"},"content":{"rendered":"<p>Les Aroma King VICE 2\u00d7 refillable Pod 0.6 Ohm ont \u00e9t\u00e9 sp\u00e9cialement con\u00e7us pour les appareils des s\u00e9ries VICE et VICE AI, offrant une qualit\u00e9 sup\u00e9rieure et une utilisation facile pour une exp\u00e9rience de vapotage exceptionnelle<\/p>\n","protected":false},"excerpt":{"rendered":"<p>Les Aroma King VICE 2\u00d7 refillable Pod 0.6 Ohm ont \u00e9t\u00e9 sp\u00e9cialement con\u00e7us pour les appareils des s\u00e9ries VICE et VICE AI, offrant une qualit\u00e9 sup\u00e9rieure et une utilisation facile pour une exp\u00e9rience de vapotage exceptionnelle<\/p>\n","protected":false},"featured_media":180964,"comment_status":"open","ping_status":"closed","template":"","meta":{"_acf_changed":false},"product_brand":[],"product_cat":[777],"product_tag":[],"class_list":{"0":"post-181001","1":"product","2":"type-product","3":"status-publish","4":"has-post-thumbnail","6":"product_cat-vice","8":"first","9":"instock","10":"taxable","11":"shipping-taxable","12":"purchasable","13":"product-type-simple"},"acf":[],"yoast_head":"<!-- This site is optimized with the Yoast SEO plugin v26.4 - https:\/\/yoast.com\/wordpress\/plugins\/seo\/ -->\n<title>Aroma King VICE 2\u00d7 refillable Pod 0.6 Ohm - Aroma King<\/title>\n<meta name=\"robots\" content=\"index, follow, max-snippet:-1, max-image-preview:large, max-video-preview:-1\" \/>\n<link rel=\"canonical\" href=\"https:\/\/www.myaromaking.ch\/fr\/shop\/produit\/aroma-king-vice-2x-refillable-pod-0-6-ohm\/\" \/>\n<meta property=\"og:locale\" content=\"fr_FR\" \/>\n<meta property=\"og:type\" content=\"article\" \/>\n<meta property=\"og:title\" content=\"Aroma King VICE 2\u00d7 refillable Pod 0.6 Ohm - Aroma King\" \/>\n<meta property=\"og:description\" content=\"Les Aroma King VICE 2\u00d7 refillable Pod 0.6 Ohm ont \u00e9t\u00e9 sp\u00e9cialement con\u00e7us pour les appareils des s\u00e9ries VICE et VICE AI, offrant une qualit\u00e9 sup\u00e9rieure et une utilisation facile pour une exp\u00e9rience de vapotage exceptionnelle\" \/>\n<meta property=\"og:url\" content=\"https:\/\/www.myaromaking.ch\/fr\/shop\/produit\/aroma-king-vice-2x-refillable-pod-0-6-ohm\/\" \/>\n<meta property=\"og:site_name\" content=\"Aroma King\" \/>\n<meta property=\"article:modified_time\" content=\"2025-06-16T15:52:02+00:00\" \/>\n<meta property=\"og:image\" content=\"https:\/\/www.myaromaking.ch\/wp-content\/uploads\/ak-products_vice_0170130.webp\" \/>\n\t<meta property=\"og:image:width\" content=\"600\" \/>\n\t<meta property=\"og:image:height\" content=\"600\" \/>\n\t<meta property=\"og:image:type\" content=\"image\/webp\" \/>\n<meta name=\"twitter:card\" content=\"summary_large_image\" \/>\n<script type=\"application\/ld+json\" class=\"yoast-schema-graph\">{\"@context\":\"https:\/\/schema.org\",\"@graph\":[{\"@type\":\"WebPage\",\"@id\":\"https:\/\/www.myaromaking.ch\/fr\/shop\/produit\/aroma-king-vice-2x-refillable-pod-0-6-ohm\/\",\"url\":\"https:\/\/www.myaromaking.ch\/fr\/shop\/produit\/aroma-king-vice-2x-refillable-pod-0-6-ohm\/\",\"name\":\"Aroma King VICE 2\u00d7 refillable Pod 0.6 Ohm - Aroma King\",\"isPartOf\":{\"@id\":\"https:\/\/www.myaromaking.ch\/fr\/#website\"},\"primaryImageOfPage\":{\"@id\":\"https:\/\/www.myaromaking.ch\/fr\/shop\/produit\/aroma-king-vice-2x-refillable-pod-0-6-ohm\/#primaryimage\"},\"image\":{\"@id\":\"https:\/\/www.myaromaking.ch\/fr\/shop\/produit\/aroma-king-vice-2x-refillable-pod-0-6-ohm\/#primaryimage\"},\"thumbnailUrl\":\"https:\/\/www.myaromaking.ch\/wp-content\/uploads\/ak-products_vice_0170130.webp\",\"datePublished\":\"2025-06-05T17:56:32+00:00\",\"dateModified\":\"2025-06-16T15:52:02+00:00\",\"breadcrumb\":{\"@id\":\"https:\/\/www.myaromaking.ch\/fr\/shop\/produit\/aroma-king-vice-2x-refillable-pod-0-6-ohm\/#breadcrumb\"},\"inLanguage\":\"fr-FR\",\"potentialAction\":[{\"@type\":\"ReadAction\",\"target\":[\"https:\/\/www.myaromaking.ch\/fr\/shop\/produit\/aroma-king-vice-2x-refillable-pod-0-6-ohm\/\"]}]},{\"@type\":\"ImageObject\",\"inLanguage\":\"fr-FR\",\"@id\":\"https:\/\/www.myaromaking.ch\/fr\/shop\/produit\/aroma-king-vice-2x-refillable-pod-0-6-ohm\/#primaryimage\",\"url\":\"https:\/\/www.myaromaking.ch\/wp-content\/uploads\/ak-products_vice_0170130.webp\",\"contentUrl\":\"https:\/\/www.myaromaking.ch\/wp-content\/uploads\/ak-products_vice_0170130.webp\",\"width\":600,\"height\":600},{\"@type\":\"BreadcrumbList\",\"@id\":\"https:\/\/www.myaromaking.ch\/fr\/shop\/produit\/aroma-king-vice-2x-refillable-pod-0-6-ohm\/#breadcrumb\",\"itemListElement\":[{\"@type\":\"ListItem\",\"position\":1,\"name\":\"Shop\",\"item\":\"https:\/\/www.myaromaking.ch\/fr\/shop\/\"},{\"@type\":\"ListItem\",\"position\":2,\"name\":\"Vice\",\"item\":\"https:\/\/www.myaromaking.ch\/fr\/shop\/categorie\/vice\/\"},{\"@type\":\"ListItem\",\"position\":3,\"name\":\"Aroma King VICE 2\u00d7 refillable Pod 0.6 Ohm\"}]},{\"@type\":\"WebSite\",\"@id\":\"https:\/\/www.myaromaking.ch\/fr\/#website\",\"url\":\"https:\/\/www.myaromaking.ch\/fr\/\",\"name\":\"Aroma King\",\"description\":\"Die nachhaltige Alternative zu Wegwerf-Pods\",\"publisher\":{\"@id\":\"https:\/\/www.myaromaking.ch\/fr\/#organization\"},\"potentialAction\":[{\"@type\":\"SearchAction\",\"target\":{\"@type\":\"EntryPoint\",\"urlTemplate\":\"https:\/\/www.myaromaking.ch\/fr\/?s={search_term_string}\"},\"query-input\":{\"@type\":\"PropertyValueSpecification\",\"valueRequired\":true,\"valueName\":\"search_term_string\"}}],\"inLanguage\":\"fr-FR\"},{\"@type\":\"Organization\",\"@id\":\"https:\/\/www.myaromaking.ch\/fr\/#organization\",\"name\":\"Aroma King\",\"url\":\"https:\/\/www.myaromaking.ch\/fr\/\",\"logo\":{\"@type\":\"ImageObject\",\"inLanguage\":\"fr-FR\",\"@id\":\"https:\/\/www.myaromaking.ch\/fr\/#\/schema\/logo\/image\/\",\"url\":\"https:\/\/www.myaromaking.ch\/wp-content\/uploads\/\/aromaking-logo-symbol.svg\",\"contentUrl\":\"https:\/\/www.myaromaking.ch\/wp-content\/uploads\/\/aromaking-logo-symbol.svg\",\"width\":126,\"height\":220,\"caption\":\"Aroma King\"},\"image\":{\"@id\":\"https:\/\/www.myaromaking.ch\/fr\/#\/schema\/logo\/image\/\"}}]}<\/script>\n<!-- \/ Yoast SEO plugin. -->","yoast_head_json":{"title":"Aroma King VICE 2\u00d7 refillable Pod 0.6 Ohm - Aroma King","robots":{"index":"index","follow":"follow","max-snippet":"max-snippet:-1","max-image-preview":"max-image-preview:large","max-video-preview":"max-video-preview:-1"},"canonical":"https:\/\/www.myaromaking.ch\/fr\/shop\/produit\/aroma-king-vice-2x-refillable-pod-0-6-ohm\/","og_locale":"fr_FR","og_type":"article","og_title":"Aroma King VICE 2\u00d7 refillable Pod 0.6 Ohm - Aroma King","og_description":"Les Aroma King VICE 2\u00d7 refillable Pod 0.6 Ohm ont \u00e9t\u00e9 sp\u00e9cialement con\u00e7us pour les appareils des s\u00e9ries VICE et VICE AI, offrant une qualit\u00e9 sup\u00e9rieure et une utilisation facile pour une exp\u00e9rience de vapotage exceptionnelle","og_url":"https:\/\/www.myaromaking.ch\/fr\/shop\/produit\/aroma-king-vice-2x-refillable-pod-0-6-ohm\/","og_site_name":"Aroma King","article_modified_time":"2025-06-16T15:52:02+00:00","og_image":[{"width":600,"height":600,"url":"https:\/\/www.myaromaking.ch\/wp-content\/uploads\/ak-products_vice_0170130.webp","type":"image\/webp"}],"twitter_card":"summary_large_image","schema":{"@context":"https:\/\/schema.org","@graph":[{"@type":"WebPage","@id":"https:\/\/www.myaromaking.ch\/fr\/shop\/produit\/aroma-king-vice-2x-refillable-pod-0-6-ohm\/","url":"https:\/\/www.myaromaking.ch\/fr\/shop\/produit\/aroma-king-vice-2x-refillable-pod-0-6-ohm\/","name":"Aroma King VICE 2\u00d7 refillable Pod 0.6 Ohm - Aroma King","isPartOf":{"@id":"https:\/\/www.myaromaking.ch\/fr\/#website"},"primaryImageOfPage":{"@id":"https:\/\/www.myaromaking.ch\/fr\/shop\/produit\/aroma-king-vice-2x-refillable-pod-0-6-ohm\/#primaryimage"},"image":{"@id":"https:\/\/www.myaromaking.ch\/fr\/shop\/produit\/aroma-king-vice-2x-refillable-pod-0-6-ohm\/#primaryimage"},"thumbnailUrl":"https:\/\/www.myaromaking.ch\/wp-content\/uploads\/ak-products_vice_0170130.webp","datePublished":"2025-06-05T17:56:32+00:00","dateModified":"2025-06-16T15:52:02+00:00","breadcrumb":{"@id":"https:\/\/www.myaromaking.ch\/fr\/shop\/produit\/aroma-king-vice-2x-refillable-pod-0-6-ohm\/#breadcrumb"},"inLanguage":"fr-FR","potentialAction":[{"@type":"ReadAction","target":["https:\/\/www.myaromaking.ch\/fr\/shop\/produit\/aroma-king-vice-2x-refillable-pod-0-6-ohm\/"]}]},{"@type":"ImageObject","inLanguage":"fr-FR","@id":"https:\/\/www.myaromaking.ch\/fr\/shop\/produit\/aroma-king-vice-2x-refillable-pod-0-6-ohm\/#primaryimage","url":"https:\/\/www.myaromaking.ch\/wp-content\/uploads\/ak-products_vice_0170130.webp","contentUrl":"https:\/\/www.myaromaking.ch\/wp-content\/uploads\/ak-products_vice_0170130.webp","width":600,"height":600},{"@type":"BreadcrumbList","@id":"https:\/\/www.myaromaking.ch\/fr\/shop\/produit\/aroma-king-vice-2x-refillable-pod-0-6-ohm\/#breadcrumb","itemListElement":[{"@type":"ListItem","position":1,"name":"Shop","item":"https:\/\/www.myaromaking.ch\/fr\/shop\/"},{"@type":"ListItem","position":2,"name":"Vice","item":"https:\/\/www.myaromaking.ch\/fr\/shop\/categorie\/vice\/"},{"@type":"ListItem","position":3,"name":"Aroma King VICE 2\u00d7 refillable Pod 0.6 Ohm"}]},{"@type":"WebSite","@id":"https:\/\/www.myaromaking.ch\/fr\/#website","url":"https:\/\/www.myaromaking.ch\/fr\/","name":"Aroma King","description":"Die nachhaltige Alternative zu Wegwerf-Pods","publisher":{"@id":"https:\/\/www.myaromaking.ch\/fr\/#organization"},"potentialAction":[{"@type":"SearchAction","target":{"@type":"EntryPoint","urlTemplate":"https:\/\/www.myaromaking.ch\/fr\/?s={search_term_string}"},"query-input":{"@type":"PropertyValueSpecification","valueRequired":true,"valueName":"search_term_string"}}],"inLanguage":"fr-FR"},{"@type":"Organization","@id":"https:\/\/www.myaromaking.ch\/fr\/#organization","name":"Aroma King","url":"https:\/\/www.myaromaking.ch\/fr\/","logo":{"@type":"ImageObject","inLanguage":"fr-FR","@id":"https:\/\/www.myaromaking.ch\/fr\/#\/schema\/logo\/image\/","url":"https:\/\/www.myaromaking.ch\/wp-content\/uploads\/\/aromaking-logo-symbol.svg","contentUrl":"https:\/\/www.myaromaking.ch\/wp-content\/uploads\/\/aromaking-logo-symbol.svg","width":126,"height":220,"caption":"Aroma King"},"image":{"@id":"https:\/\/www.myaromaking.ch\/fr\/#\/schema\/logo\/image\/"}}]}},"_links":{"self":[{"href":"https:\/\/www.myaromaking.ch\/fr\/wp-json\/wp\/v2\/product\/181001","targetHints":{"allow":["GET"]}}],"collection":[{"href":"https:\/\/www.myaromaking.ch\/fr\/wp-json\/wp\/v2\/product"}],"about":[{"href":"https:\/\/www.myaromaking.ch\/fr\/wp-json\/wp\/v2\/types\/product"}],"replies":[{"embeddable":true,"href":"https:\/\/www.myaromaking.ch\/fr\/wp-json\/wp\/v2\/comments?post=181001"}],"wp:featuredmedia":[{"embeddable":true,"href":"https:\/\/www.myaromaking.ch\/fr\/wp-json\/wp\/v2\/media\/180964"}],"wp:attachment":[{"href":"https:\/\/www.myaromaking.ch\/fr\/wp-json\/wp\/v2\/media?parent=181001"}],"wp:term":[{"taxonomy":"product_brand","embeddable":true,"href":"https:\/\/www.myaromaking.ch\/fr\/wp-json\/wp\/v2\/product_brand?post=181001"},{"taxonomy":"product_cat","embeddable":true,"href":"https:\/\/www.myaromaking.ch\/fr\/wp-json\/wp\/v2\/product_cat?post=181001"},{"taxonomy":"product_tag","embeddable":true,"href":"https:\/\/www.myaromaking.ch\/fr\/wp-json\/wp\/v2\/product_tag?post=181001"}],"curies":[{"name":"wp","href":"https:\/\/api.w.org\/{rel}","templated":true}]}}