{"id":180763,"date":"2025-01-25T03:40:59","date_gmt":"2025-01-25T02:40:59","guid":{"rendered":"https:\/\/www.myaromaking.ch\/?post_type=product&#038;p=180763"},"modified":"2026-01-22T19:46:42","modified_gmt":"2026-01-22T18:46:42","slug":"aroma-king-smart-starter-pack-battery-3-pods-20mg","status":"publish","type":"product","link":"https:\/\/www.myaromaking.ch\/it\/shop\/prodotto\/aroma-king-smart-starter-pack-battery-3-pods-20mg\/","title":{"rendered":"Aroma King SMART Starter Pack Battery + 3 Pods 20mg"},"content":{"rendered":"<p>L&#8217;Aroma King SMART Starter Pack ti offre un&#8217;introduzione sostenibile ed ecologica al mondo del vaping. Questo elegante starter pack contiene tutto il necessario per un&#8217;esperienza di vaping di prima classe. L&#8217;Aroma King SMART Starter Pack \u00e8 la scelta ideale per i vapers attenti all&#8217;ambiente che danno priorit\u00e0 alla variet\u00e0 e alla sostenibilit\u00e0. Inizia la tua esperienza di vaping con stile e nel rispetto dell&#8217;ambiente.<\/p>\n","protected":false},"excerpt":{"rendered":"<p>L&#8217;Aroma King SMART Starter Pack ti offre un&#8217;introduzione sostenibile ed ecologica al mondo del vaping. Questo elegante starter pack contiene tutto il necessario per un&#8217;esperienza di vaping di prima classe. L&#8217;Aroma King SMART Starter Pack \u00e8 la scelta ideale per i vapers attenti all&#8217;ambiente che danno priorit\u00e0 alla variet\u00e0 e alla sostenibilit\u00e0. Inizia la tua esperienza di vaping con stile e nel rispetto dell&#8217;ambiente.<\/p>\n","protected":false},"featured_media":7816,"comment_status":"open","ping_status":"closed","template":"","meta":{"_acf_changed":false},"product_brand":[],"product_cat":[384],"product_tag":[],"class_list":{"0":"post-180763","1":"product","2":"type-product","3":"status-publish","4":"has-post-thumbnail","6":"product_cat-smart-pods","8":"first","9":"instock","10":"taxable","11":"shipping-taxable","12":"purchasable","13":"product-type-simple"},"acf":[],"yoast_head":"<!-- This site is optimized with the Yoast SEO plugin v26.4 - https:\/\/yoast.com\/wordpress\/plugins\/seo\/ -->\n<title>Aroma King SMART Starter Pack Battery + 3 Pods 20mg - Aroma King<\/title>\n<meta name=\"robots\" content=\"index, follow, max-snippet:-1, max-image-preview:large, max-video-preview:-1\" \/>\n<link rel=\"canonical\" href=\"https:\/\/www.myaromaking.ch\/it\/shop\/prodotto\/aroma-king-smart-starter-pack-battery-3-pods-20mg\/\" \/>\n<meta property=\"og:locale\" content=\"it_IT\" \/>\n<meta property=\"og:type\" content=\"article\" \/>\n<meta property=\"og:title\" content=\"Aroma King SMART Starter Pack Battery + 3 Pods 20mg - Aroma King\" \/>\n<meta property=\"og:description\" content=\"L&#039;Aroma King SMART Starter Pack ti offre un&#039;introduzione sostenibile ed ecologica al mondo del vaping. Questo elegante starter pack contiene tutto il necessario per un&#039;esperienza di vaping di prima classe. L&#039;Aroma King SMART Starter Pack \u00e8 la scelta ideale per i vapers attenti all&#039;ambiente che danno priorit\u00e0 alla variet\u00e0 e alla sostenibilit\u00e0. Inizia la tua esperienza di vaping con stile e nel rispetto dell&#039;ambiente.\" \/>\n<meta property=\"og:url\" content=\"https:\/\/www.myaromaking.ch\/it\/shop\/prodotto\/aroma-king-smart-starter-pack-battery-3-pods-20mg\/\" \/>\n<meta property=\"og:site_name\" content=\"Aroma King\" \/>\n<meta property=\"article:modified_time\" content=\"2026-01-22T18:46:42+00:00\" \/>\n<meta name=\"twitter:card\" content=\"summary_large_image\" \/>\n<script type=\"application\/ld+json\" class=\"yoast-schema-graph\">{\"@context\":\"https:\/\/schema.org\",\"@graph\":[{\"@type\":\"WebPage\",\"@id\":\"https:\/\/www.myaromaking.ch\/it\/shop\/prodotto\/aroma-king-smart-starter-pack-battery-3-pods-20mg\/\",\"url\":\"https:\/\/www.myaromaking.ch\/it\/shop\/prodotto\/aroma-king-smart-starter-pack-battery-3-pods-20mg\/\",\"name\":\"Aroma King SMART Starter Pack Battery + 3 Pods 20mg - Aroma King\",\"isPartOf\":{\"@id\":\"https:\/\/www.myaromaking.ch\/it\/#website\"},\"primaryImageOfPage\":{\"@id\":\"https:\/\/www.myaromaking.ch\/it\/shop\/prodotto\/aroma-king-smart-starter-pack-battery-3-pods-20mg\/#primaryimage\"},\"image\":{\"@id\":\"https:\/\/www.myaromaking.ch\/it\/shop\/prodotto\/aroma-king-smart-starter-pack-battery-3-pods-20mg\/#primaryimage\"},\"thumbnailUrl\":\"https:\/\/www.myaromaking.ch\/wp-content\/uploads\/ak-products_smart-duo-pod_starter-pack.webp\",\"datePublished\":\"2025-01-25T02:40:59+00:00\",\"dateModified\":\"2026-01-22T18:46:42+00:00\",\"breadcrumb\":{\"@id\":\"https:\/\/www.myaromaking.ch\/it\/shop\/prodotto\/aroma-king-smart-starter-pack-battery-3-pods-20mg\/#breadcrumb\"},\"inLanguage\":\"it-IT\",\"potentialAction\":[{\"@type\":\"ReadAction\",\"target\":[\"https:\/\/www.myaromaking.ch\/it\/shop\/prodotto\/aroma-king-smart-starter-pack-battery-3-pods-20mg\/\"]}]},{\"@type\":\"ImageObject\",\"inLanguage\":\"it-IT\",\"@id\":\"https:\/\/www.myaromaking.ch\/it\/shop\/prodotto\/aroma-king-smart-starter-pack-battery-3-pods-20mg\/#primaryimage\",\"url\":\"https:\/\/www.myaromaking.ch\/wp-content\/uploads\/ak-products_smart-duo-pod_starter-pack.webp\",\"contentUrl\":\"https:\/\/www.myaromaking.ch\/wp-content\/uploads\/ak-products_smart-duo-pod_starter-pack.webp\",\"width\":660,\"height\":660},{\"@type\":\"BreadcrumbList\",\"@id\":\"https:\/\/www.myaromaking.ch\/it\/shop\/prodotto\/aroma-king-smart-starter-pack-battery-3-pods-20mg\/#breadcrumb\",\"itemListElement\":[{\"@type\":\"ListItem\",\"position\":1,\"name\":\"Shop\",\"item\":\"https:\/\/www.myaromaking.ch\/it\/shop\/\"},{\"@type\":\"ListItem\",\"position\":2,\"name\":\"Smart &amp; Pods\",\"item\":\"https:\/\/www.myaromaking.ch\/it\/shop\/categoria\/smart-pods\/\"},{\"@type\":\"ListItem\",\"position\":3,\"name\":\"Aroma King SMART Starter Pack Battery + 3 Pods 20mg\"}]},{\"@type\":\"WebSite\",\"@id\":\"https:\/\/www.myaromaking.ch\/it\/#website\",\"url\":\"https:\/\/www.myaromaking.ch\/it\/\",\"name\":\"Aroma King\",\"description\":\"Die nachhaltige Alternative zu Wegwerf-Pods\",\"publisher\":{\"@id\":\"https:\/\/www.myaromaking.ch\/it\/#organization\"},\"potentialAction\":[{\"@type\":\"SearchAction\",\"target\":{\"@type\":\"EntryPoint\",\"urlTemplate\":\"https:\/\/www.myaromaking.ch\/it\/?s={search_term_string}\"},\"query-input\":{\"@type\":\"PropertyValueSpecification\",\"valueRequired\":true,\"valueName\":\"search_term_string\"}}],\"inLanguage\":\"it-IT\"},{\"@type\":\"Organization\",\"@id\":\"https:\/\/www.myaromaking.ch\/it\/#organization\",\"name\":\"Aroma King\",\"url\":\"https:\/\/www.myaromaking.ch\/it\/\",\"logo\":{\"@type\":\"ImageObject\",\"inLanguage\":\"it-IT\",\"@id\":\"https:\/\/www.myaromaking.ch\/it\/#\/schema\/logo\/image\/\",\"url\":\"https:\/\/www.myaromaking.ch\/wp-content\/uploads\/\/aromaking-logo-symbol.svg\",\"contentUrl\":\"https:\/\/www.myaromaking.ch\/wp-content\/uploads\/\/aromaking-logo-symbol.svg\",\"width\":126,\"height\":220,\"caption\":\"Aroma King\"},\"image\":{\"@id\":\"https:\/\/www.myaromaking.ch\/it\/#\/schema\/logo\/image\/\"}}]}<\/script>\n<!-- \/ Yoast SEO plugin. -->","yoast_head_json":{"title":"Aroma King SMART Starter Pack Battery + 3 Pods 20mg - Aroma King","robots":{"index":"index","follow":"follow","max-snippet":"max-snippet:-1","max-image-preview":"max-image-preview:large","max-video-preview":"max-video-preview:-1"},"canonical":"https:\/\/www.myaromaking.ch\/it\/shop\/prodotto\/aroma-king-smart-starter-pack-battery-3-pods-20mg\/","og_locale":"it_IT","og_type":"article","og_title":"Aroma King SMART Starter Pack Battery + 3 Pods 20mg - Aroma King","og_description":"L'Aroma King SMART Starter Pack ti offre un'introduzione sostenibile ed ecologica al mondo del vaping. Questo elegante starter pack contiene tutto il necessario per un'esperienza di vaping di prima classe. L'Aroma King SMART Starter Pack \u00e8 la scelta ideale per i vapers attenti all'ambiente che danno priorit\u00e0 alla variet\u00e0 e alla sostenibilit\u00e0. Inizia la tua esperienza di vaping con stile e nel rispetto dell'ambiente.","og_url":"https:\/\/www.myaromaking.ch\/it\/shop\/prodotto\/aroma-king-smart-starter-pack-battery-3-pods-20mg\/","og_site_name":"Aroma King","article_modified_time":"2026-01-22T18:46:42+00:00","twitter_card":"summary_large_image","schema":{"@context":"https:\/\/schema.org","@graph":[{"@type":"WebPage","@id":"https:\/\/www.myaromaking.ch\/it\/shop\/prodotto\/aroma-king-smart-starter-pack-battery-3-pods-20mg\/","url":"https:\/\/www.myaromaking.ch\/it\/shop\/prodotto\/aroma-king-smart-starter-pack-battery-3-pods-20mg\/","name":"Aroma King SMART Starter Pack Battery + 3 Pods 20mg - Aroma King","isPartOf":{"@id":"https:\/\/www.myaromaking.ch\/it\/#website"},"primaryImageOfPage":{"@id":"https:\/\/www.myaromaking.ch\/it\/shop\/prodotto\/aroma-king-smart-starter-pack-battery-3-pods-20mg\/#primaryimage"},"image":{"@id":"https:\/\/www.myaromaking.ch\/it\/shop\/prodotto\/aroma-king-smart-starter-pack-battery-3-pods-20mg\/#primaryimage"},"thumbnailUrl":"https:\/\/www.myaromaking.ch\/wp-content\/uploads\/ak-products_smart-duo-pod_starter-pack.webp","datePublished":"2025-01-25T02:40:59+00:00","dateModified":"2026-01-22T18:46:42+00:00","breadcrumb":{"@id":"https:\/\/www.myaromaking.ch\/it\/shop\/prodotto\/aroma-king-smart-starter-pack-battery-3-pods-20mg\/#breadcrumb"},"inLanguage":"it-IT","potentialAction":[{"@type":"ReadAction","target":["https:\/\/www.myaromaking.ch\/it\/shop\/prodotto\/aroma-king-smart-starter-pack-battery-3-pods-20mg\/"]}]},{"@type":"ImageObject","inLanguage":"it-IT","@id":"https:\/\/www.myaromaking.ch\/it\/shop\/prodotto\/aroma-king-smart-starter-pack-battery-3-pods-20mg\/#primaryimage","url":"https:\/\/www.myaromaking.ch\/wp-content\/uploads\/ak-products_smart-duo-pod_starter-pack.webp","contentUrl":"https:\/\/www.myaromaking.ch\/wp-content\/uploads\/ak-products_smart-duo-pod_starter-pack.webp","width":660,"height":660},{"@type":"BreadcrumbList","@id":"https:\/\/www.myaromaking.ch\/it\/shop\/prodotto\/aroma-king-smart-starter-pack-battery-3-pods-20mg\/#breadcrumb","itemListElement":[{"@type":"ListItem","position":1,"name":"Shop","item":"https:\/\/www.myaromaking.ch\/it\/shop\/"},{"@type":"ListItem","position":2,"name":"Smart &amp; Pods","item":"https:\/\/www.myaromaking.ch\/it\/shop\/categoria\/smart-pods\/"},{"@type":"ListItem","position":3,"name":"Aroma King SMART Starter Pack Battery + 3 Pods 20mg"}]},{"@type":"WebSite","@id":"https:\/\/www.myaromaking.ch\/it\/#website","url":"https:\/\/www.myaromaking.ch\/it\/","name":"Aroma King","description":"Die nachhaltige Alternative zu Wegwerf-Pods","publisher":{"@id":"https:\/\/www.myaromaking.ch\/it\/#organization"},"potentialAction":[{"@type":"SearchAction","target":{"@type":"EntryPoint","urlTemplate":"https:\/\/www.myaromaking.ch\/it\/?s={search_term_string}"},"query-input":{"@type":"PropertyValueSpecification","valueRequired":true,"valueName":"search_term_string"}}],"inLanguage":"it-IT"},{"@type":"Organization","@id":"https:\/\/www.myaromaking.ch\/it\/#organization","name":"Aroma King","url":"https:\/\/www.myaromaking.ch\/it\/","logo":{"@type":"ImageObject","inLanguage":"it-IT","@id":"https:\/\/www.myaromaking.ch\/it\/#\/schema\/logo\/image\/","url":"https:\/\/www.myaromaking.ch\/wp-content\/uploads\/\/aromaking-logo-symbol.svg","contentUrl":"https:\/\/www.myaromaking.ch\/wp-content\/uploads\/\/aromaking-logo-symbol.svg","width":126,"height":220,"caption":"Aroma King"},"image":{"@id":"https:\/\/www.myaromaking.ch\/it\/#\/schema\/logo\/image\/"}}]}},"_links":{"self":[{"href":"https:\/\/www.myaromaking.ch\/it\/wp-json\/wp\/v2\/product\/180763","targetHints":{"allow":["GET"]}}],"collection":[{"href":"https:\/\/www.myaromaking.ch\/it\/wp-json\/wp\/v2\/product"}],"about":[{"href":"https:\/\/www.myaromaking.ch\/it\/wp-json\/wp\/v2\/types\/product"}],"replies":[{"embeddable":true,"href":"https:\/\/www.myaromaking.ch\/it\/wp-json\/wp\/v2\/comments?post=180763"}],"wp:featuredmedia":[{"embeddable":true,"href":"https:\/\/www.myaromaking.ch\/it\/wp-json\/wp\/v2\/media\/7816"}],"wp:attachment":[{"href":"https:\/\/www.myaromaking.ch\/it\/wp-json\/wp\/v2\/media?parent=180763"}],"wp:term":[{"taxonomy":"product_brand","embeddable":true,"href":"https:\/\/www.myaromaking.ch\/it\/wp-json\/wp\/v2\/product_brand?post=180763"},{"taxonomy":"product_cat","embeddable":true,"href":"https:\/\/www.myaromaking.ch\/it\/wp-json\/wp\/v2\/product_cat?post=180763"},{"taxonomy":"product_tag","embeddable":true,"href":"https:\/\/www.myaromaking.ch\/it\/wp-json\/wp\/v2\/product_tag?post=180763"}],"curies":[{"name":"wp","href":"https:\/\/api.w.org\/{rel}","templated":true}]}}