{"id":181008,"date":"2025-06-05T18:56:32","date_gmt":"2025-06-05T17:56:32","guid":{"rendered":"https:\/\/www.myaromaking.ch\/shop\/produkt\/aroma-king-vice-2x-refillable-pod-0-8-ohm\/"},"modified":"2025-06-05T18:56:32","modified_gmt":"2025-06-05T17:56:32","slug":"aroma-king-vice-2x-refillable-pod-0-8-ohm","status":"publish","type":"product","link":"https:\/\/www.myaromaking.ch\/it\/shop\/prodotto\/aroma-king-vice-2x-refillable-pod-0-8-ohm\/","title":{"rendered":"Aroma King VICE 2\u00d7 refillable Pod 0.8 Ohm"},"content":{"rendered":"<p>Le capsule ricaricabili Aroma King VICE 2\u00d7 da 0,8 ohm sono state sviluppate appositamente per i dispositivi delle serie VICE e VICE AI e offrono la massima qualit\u00e0 e facilit\u00e0 d&#8217;uso per un&#8217;esperienza di svapo di prima classe.<\/p>\n","protected":false},"excerpt":{"rendered":"<p>Le capsule ricaricabili Aroma King VICE 2\u00d7 da 0,8 ohm sono state sviluppate appositamente per i dispositivi delle serie VICE e VICE AI e offrono la massima qualit\u00e0 e facilit\u00e0 d&#8217;uso per un&#8217;esperienza di svapo di prima classe.<\/p>\n","protected":false},"featured_media":180967,"comment_status":"open","ping_status":"closed","template":"","meta":{"_acf_changed":false},"product_brand":[],"product_cat":[778],"product_tag":[],"class_list":{"0":"post-181008","1":"product","2":"type-product","3":"status-publish","4":"has-post-thumbnail","6":"product_cat-vice","8":"first","9":"instock","10":"taxable","11":"shipping-taxable","12":"purchasable","13":"product-type-simple"},"acf":[],"yoast_head":"<!-- This site is optimized with the Yoast SEO plugin v26.4 - https:\/\/yoast.com\/wordpress\/plugins\/seo\/ -->\n<title>Aroma King VICE 2\u00d7 refillable Pod 0.8 Ohm - Aroma King<\/title>\n<meta name=\"robots\" content=\"index, follow, max-snippet:-1, max-image-preview:large, max-video-preview:-1\" \/>\n<link rel=\"canonical\" href=\"https:\/\/www.myaromaking.ch\/it\/shop\/prodotto\/aroma-king-vice-2x-refillable-pod-0-8-ohm\/\" \/>\n<meta property=\"og:locale\" content=\"it_IT\" \/>\n<meta property=\"og:type\" content=\"article\" \/>\n<meta property=\"og:title\" content=\"Aroma King VICE 2\u00d7 refillable Pod 0.8 Ohm - Aroma King\" \/>\n<meta property=\"og:description\" content=\"Le capsule ricaricabili Aroma King VICE 2\u00d7 da 0,8 ohm sono state sviluppate appositamente per i dispositivi delle serie VICE e VICE AI e offrono la massima qualit\u00e0 e facilit\u00e0 d&#039;uso per un&#039;esperienza di svapo di prima classe.\" \/>\n<meta property=\"og:url\" content=\"https:\/\/www.myaromaking.ch\/it\/shop\/prodotto\/aroma-king-vice-2x-refillable-pod-0-8-ohm\/\" \/>\n<meta property=\"og:site_name\" content=\"Aroma King\" \/>\n<meta property=\"og:image\" content=\"https:\/\/www.myaromaking.ch\/wp-content\/uploads\/ak-products_vice_0170131.webp\" \/>\n\t<meta property=\"og:image:width\" content=\"600\" \/>\n\t<meta property=\"og:image:height\" content=\"600\" \/>\n\t<meta property=\"og:image:type\" content=\"image\/webp\" \/>\n<meta name=\"twitter:card\" content=\"summary_large_image\" \/>\n<script type=\"application\/ld+json\" class=\"yoast-schema-graph\">{\"@context\":\"https:\/\/schema.org\",\"@graph\":[{\"@type\":\"WebPage\",\"@id\":\"https:\/\/www.myaromaking.ch\/it\/shop\/prodotto\/aroma-king-vice-2x-refillable-pod-0-8-ohm\/\",\"url\":\"https:\/\/www.myaromaking.ch\/it\/shop\/prodotto\/aroma-king-vice-2x-refillable-pod-0-8-ohm\/\",\"name\":\"Aroma King VICE 2\u00d7 refillable Pod 0.8 Ohm - Aroma King\",\"isPartOf\":{\"@id\":\"https:\/\/www.myaromaking.ch\/it\/#website\"},\"primaryImageOfPage\":{\"@id\":\"https:\/\/www.myaromaking.ch\/it\/shop\/prodotto\/aroma-king-vice-2x-refillable-pod-0-8-ohm\/#primaryimage\"},\"image\":{\"@id\":\"https:\/\/www.myaromaking.ch\/it\/shop\/prodotto\/aroma-king-vice-2x-refillable-pod-0-8-ohm\/#primaryimage\"},\"thumbnailUrl\":\"https:\/\/www.myaromaking.ch\/wp-content\/uploads\/ak-products_vice_0170131.webp\",\"datePublished\":\"2025-06-05T17:56:32+00:00\",\"breadcrumb\":{\"@id\":\"https:\/\/www.myaromaking.ch\/it\/shop\/prodotto\/aroma-king-vice-2x-refillable-pod-0-8-ohm\/#breadcrumb\"},\"inLanguage\":\"it-IT\",\"potentialAction\":[{\"@type\":\"ReadAction\",\"target\":[\"https:\/\/www.myaromaking.ch\/it\/shop\/prodotto\/aroma-king-vice-2x-refillable-pod-0-8-ohm\/\"]}]},{\"@type\":\"ImageObject\",\"inLanguage\":\"it-IT\",\"@id\":\"https:\/\/www.myaromaking.ch\/it\/shop\/prodotto\/aroma-king-vice-2x-refillable-pod-0-8-ohm\/#primaryimage\",\"url\":\"https:\/\/www.myaromaking.ch\/wp-content\/uploads\/ak-products_vice_0170131.webp\",\"contentUrl\":\"https:\/\/www.myaromaking.ch\/wp-content\/uploads\/ak-products_vice_0170131.webp\",\"width\":600,\"height\":600},{\"@type\":\"BreadcrumbList\",\"@id\":\"https:\/\/www.myaromaking.ch\/it\/shop\/prodotto\/aroma-king-vice-2x-refillable-pod-0-8-ohm\/#breadcrumb\",\"itemListElement\":[{\"@type\":\"ListItem\",\"position\":1,\"name\":\"Shop\",\"item\":\"https:\/\/www.myaromaking.ch\/it\/shop\/\"},{\"@type\":\"ListItem\",\"position\":2,\"name\":\"Aroma King VICE 2\u00d7 refillable Pod 0.8 Ohm\"}]},{\"@type\":\"WebSite\",\"@id\":\"https:\/\/www.myaromaking.ch\/it\/#website\",\"url\":\"https:\/\/www.myaromaking.ch\/it\/\",\"name\":\"Aroma King\",\"description\":\"Die nachhaltige Alternative zu Wegwerf-Pods\",\"publisher\":{\"@id\":\"https:\/\/www.myaromaking.ch\/it\/#organization\"},\"potentialAction\":[{\"@type\":\"SearchAction\",\"target\":{\"@type\":\"EntryPoint\",\"urlTemplate\":\"https:\/\/www.myaromaking.ch\/it\/?s={search_term_string}\"},\"query-input\":{\"@type\":\"PropertyValueSpecification\",\"valueRequired\":true,\"valueName\":\"search_term_string\"}}],\"inLanguage\":\"it-IT\"},{\"@type\":\"Organization\",\"@id\":\"https:\/\/www.myaromaking.ch\/it\/#organization\",\"name\":\"Aroma King\",\"url\":\"https:\/\/www.myaromaking.ch\/it\/\",\"logo\":{\"@type\":\"ImageObject\",\"inLanguage\":\"it-IT\",\"@id\":\"https:\/\/www.myaromaking.ch\/it\/#\/schema\/logo\/image\/\",\"url\":\"https:\/\/www.myaromaking.ch\/wp-content\/uploads\/\/aromaking-logo-symbol.svg\",\"contentUrl\":\"https:\/\/www.myaromaking.ch\/wp-content\/uploads\/\/aromaking-logo-symbol.svg\",\"width\":126,\"height\":220,\"caption\":\"Aroma King\"},\"image\":{\"@id\":\"https:\/\/www.myaromaking.ch\/it\/#\/schema\/logo\/image\/\"}}]}<\/script>\n<!-- \/ Yoast SEO plugin. -->","yoast_head_json":{"title":"Aroma King VICE 2\u00d7 refillable Pod 0.8 Ohm - Aroma King","robots":{"index":"index","follow":"follow","max-snippet":"max-snippet:-1","max-image-preview":"max-image-preview:large","max-video-preview":"max-video-preview:-1"},"canonical":"https:\/\/www.myaromaking.ch\/it\/shop\/prodotto\/aroma-king-vice-2x-refillable-pod-0-8-ohm\/","og_locale":"it_IT","og_type":"article","og_title":"Aroma King VICE 2\u00d7 refillable Pod 0.8 Ohm - Aroma King","og_description":"Le capsule ricaricabili Aroma King VICE 2\u00d7 da 0,8 ohm sono state sviluppate appositamente per i dispositivi delle serie VICE e VICE AI e offrono la massima qualit\u00e0 e facilit\u00e0 d'uso per un'esperienza di svapo di prima classe.","og_url":"https:\/\/www.myaromaking.ch\/it\/shop\/prodotto\/aroma-king-vice-2x-refillable-pod-0-8-ohm\/","og_site_name":"Aroma King","og_image":[{"width":600,"height":600,"url":"https:\/\/www.myaromaking.ch\/wp-content\/uploads\/ak-products_vice_0170131.webp","type":"image\/webp"}],"twitter_card":"summary_large_image","schema":{"@context":"https:\/\/schema.org","@graph":[{"@type":"WebPage","@id":"https:\/\/www.myaromaking.ch\/it\/shop\/prodotto\/aroma-king-vice-2x-refillable-pod-0-8-ohm\/","url":"https:\/\/www.myaromaking.ch\/it\/shop\/prodotto\/aroma-king-vice-2x-refillable-pod-0-8-ohm\/","name":"Aroma King VICE 2\u00d7 refillable Pod 0.8 Ohm - Aroma King","isPartOf":{"@id":"https:\/\/www.myaromaking.ch\/it\/#website"},"primaryImageOfPage":{"@id":"https:\/\/www.myaromaking.ch\/it\/shop\/prodotto\/aroma-king-vice-2x-refillable-pod-0-8-ohm\/#primaryimage"},"image":{"@id":"https:\/\/www.myaromaking.ch\/it\/shop\/prodotto\/aroma-king-vice-2x-refillable-pod-0-8-ohm\/#primaryimage"},"thumbnailUrl":"https:\/\/www.myaromaking.ch\/wp-content\/uploads\/ak-products_vice_0170131.webp","datePublished":"2025-06-05T17:56:32+00:00","breadcrumb":{"@id":"https:\/\/www.myaromaking.ch\/it\/shop\/prodotto\/aroma-king-vice-2x-refillable-pod-0-8-ohm\/#breadcrumb"},"inLanguage":"it-IT","potentialAction":[{"@type":"ReadAction","target":["https:\/\/www.myaromaking.ch\/it\/shop\/prodotto\/aroma-king-vice-2x-refillable-pod-0-8-ohm\/"]}]},{"@type":"ImageObject","inLanguage":"it-IT","@id":"https:\/\/www.myaromaking.ch\/it\/shop\/prodotto\/aroma-king-vice-2x-refillable-pod-0-8-ohm\/#primaryimage","url":"https:\/\/www.myaromaking.ch\/wp-content\/uploads\/ak-products_vice_0170131.webp","contentUrl":"https:\/\/www.myaromaking.ch\/wp-content\/uploads\/ak-products_vice_0170131.webp","width":600,"height":600},{"@type":"BreadcrumbList","@id":"https:\/\/www.myaromaking.ch\/it\/shop\/prodotto\/aroma-king-vice-2x-refillable-pod-0-8-ohm\/#breadcrumb","itemListElement":[{"@type":"ListItem","position":1,"name":"Shop","item":"https:\/\/www.myaromaking.ch\/it\/shop\/"},{"@type":"ListItem","position":2,"name":"Aroma King VICE 2\u00d7 refillable Pod 0.8 Ohm"}]},{"@type":"WebSite","@id":"https:\/\/www.myaromaking.ch\/it\/#website","url":"https:\/\/www.myaromaking.ch\/it\/","name":"Aroma King","description":"Die nachhaltige Alternative zu Wegwerf-Pods","publisher":{"@id":"https:\/\/www.myaromaking.ch\/it\/#organization"},"potentialAction":[{"@type":"SearchAction","target":{"@type":"EntryPoint","urlTemplate":"https:\/\/www.myaromaking.ch\/it\/?s={search_term_string}"},"query-input":{"@type":"PropertyValueSpecification","valueRequired":true,"valueName":"search_term_string"}}],"inLanguage":"it-IT"},{"@type":"Organization","@id":"https:\/\/www.myaromaking.ch\/it\/#organization","name":"Aroma King","url":"https:\/\/www.myaromaking.ch\/it\/","logo":{"@type":"ImageObject","inLanguage":"it-IT","@id":"https:\/\/www.myaromaking.ch\/it\/#\/schema\/logo\/image\/","url":"https:\/\/www.myaromaking.ch\/wp-content\/uploads\/\/aromaking-logo-symbol.svg","contentUrl":"https:\/\/www.myaromaking.ch\/wp-content\/uploads\/\/aromaking-logo-symbol.svg","width":126,"height":220,"caption":"Aroma King"},"image":{"@id":"https:\/\/www.myaromaking.ch\/it\/#\/schema\/logo\/image\/"}}]}},"_links":{"self":[{"href":"https:\/\/www.myaromaking.ch\/it\/wp-json\/wp\/v2\/product\/181008","targetHints":{"allow":["GET"]}}],"collection":[{"href":"https:\/\/www.myaromaking.ch\/it\/wp-json\/wp\/v2\/product"}],"about":[{"href":"https:\/\/www.myaromaking.ch\/it\/wp-json\/wp\/v2\/types\/product"}],"replies":[{"embeddable":true,"href":"https:\/\/www.myaromaking.ch\/it\/wp-json\/wp\/v2\/comments?post=181008"}],"wp:featuredmedia":[{"embeddable":true,"href":"https:\/\/www.myaromaking.ch\/it\/wp-json\/wp\/v2\/media\/180967"}],"wp:attachment":[{"href":"https:\/\/www.myaromaking.ch\/it\/wp-json\/wp\/v2\/media?parent=181008"}],"wp:term":[{"taxonomy":"product_brand","embeddable":true,"href":"https:\/\/www.myaromaking.ch\/it\/wp-json\/wp\/v2\/product_brand?post=181008"},{"taxonomy":"product_cat","embeddable":true,"href":"https:\/\/www.myaromaking.ch\/it\/wp-json\/wp\/v2\/product_cat?post=181008"},{"taxonomy":"product_tag","embeddable":true,"href":"https:\/\/www.myaromaking.ch\/it\/wp-json\/wp\/v2\/product_tag?post=181008"}],"curies":[{"name":"wp","href":"https:\/\/api.w.org\/{rel}","templated":true}]}}